{"id":48,"date":"2024-01-29T22:54:42","date_gmt":"2024-01-29T21:54:42","guid":{"rendered":"https:\/\/wi.pb.edu.pl\/p\/?page_id=48"},"modified":"2024-09-16T13:52:53","modified_gmt":"2024-09-16T11:52:53","slug":"katedra-systemow-informacyjnych-i-sieci-komputerowych","status":"publish","type":"page","link":"https:\/\/wi.pb.edu.pl\/p\/katedra-systemow-informacyjnych-i-sieci-komputerowych\/","title":{"rendered":"Katedra System\u00f3w Informacyjnych i Sieci Komputerowych"},"content":{"rendered":"<p><a title=\"dr in\u017c. Eugenia Bus\u0142owska\" href=\"https:\/\/wi.pb.edu.pl\/p\/eugenia-buslowska\/\">dr in\u017c. Eugenia Bus\u0142owska<\/a><\/p>\n<p><a title=\"dr in\u017c. Andrzej Chmielewski\" href=\"https:\/\/wi.pb.edu.pl\/p\/andrzej-chmielewski\/\">dr in\u017c. Andrzej Chmielewski<\/a><\/p>\n<p><a title=\"mgr in\u017c. Mateusz Choroma\u0144ski\" href=\"https:\/\/wi.pb.edu.pl\/p\/mateusz-choromanski\/\">mgr in\u017c. Mateusz Choroma\u0144ski<\/a><\/p>\n<p><a title=\"dr hab. in\u017c. Jacek Grekow\" href=\"https:\/\/wi.pb.edu.pl\/p\/jacek-grekow\/\">dr hab. in\u017c. Jacek Grekow<\/a><\/p>\n<p><a title=\"dr in\u017c. Tomasz Grze\u015b\" href=\"https:\/\/wi.pb.edu.pl\/p\/tomasz-grzes\/\">dr in\u017c. Tomasz Grze\u015b<\/a><\/p>\n<p><a title=\"dr hab. Piotr Ho\u0144ko\" href=\"https:\/\/wi.pb.edu.pl\/p\/piotr-honko\/\">dr hab. Piotr Ho\u0144ko<\/a><\/p>\n<p><a title=\"mgr in\u017c. Dariusz Jankowski\" href=\"https:\/\/wi.pb.edu.pl\/p\/dariusz-jankowski\/\">mgr in\u017c. Dariusz Jankowski<\/a><\/p>\n<p><a title=\"mgr in\u017c. Izabela Justyna Kartowicz-Stolarska\" href=\"https:\/\/wi.pb.edu.pl\/p\/izabela-justyna-kartowicz-stolarska\/\">mgr in\u017c. Izabela Justyna Kartowicz-Stolarska<\/a><\/p>\n<p><a title=\"mgr in\u017c. Marek Kopczewski\" href=\"https:\/\/wi.pb.edu.pl\/p\/marek-kopczewski\/\">mgr in\u017c. Marek Kopczewski<\/a><\/p>\n<p><a title=\"dr in\u017c. Maciej Kopczy\u0144ski\" href=\"https:\/\/wi.pb.edu.pl\/p\/maciej-kopczynski\/\">dr in\u017c. Maciej Kopczy\u0144ski<\/a><\/p>\n<p><a title=\"dr in\u017c. Urszula Ku\u017celewska\" href=\"https:\/\/wi.pb.edu.pl\/p\/urszula-kuzelewska\/\">dr in\u017c. Urszula Ku\u017celewska<\/a><\/p>\n<p><a title=\"dr hab. in\u017c. Ireneusz Mrozek\" href=\"https:\/\/wi.pb.edu.pl\/p\/ireneusz-mrozek\/\">dr hab. in\u017c. Ireneusz Mrozek<\/a><\/p>\n<p><a title=\"prof. dr hab. Jaros\u0142aw Stepaniuk\" href=\"https:\/\/wi.pb.edu.pl\/p\/jaroslaw-stepaniuk\/\">prof. dr hab. Jaros\u0142aw Stepaniuk<\/a><\/p>\n","protected":false},"excerpt":{"rendered":"<p>dr in\u017c. Eugenia Bus\u0142owska dr in\u017c. Andrzej Chmielewski mgr in\u017c. Mateusz Choroma\u0144ski dr hab. in\u017c.<a class=\"read-more\" href=\"https:\/\/wi.pb.edu.pl\/p\/katedra-systemow-informacyjnych-i-sieci-komputerowych\/\" title=\"Poka\u017c artyku\u0142 Katedra System\u00f3w Informacyjnych i Sieci Komputerowych\">wi\u0119cej<\/a><\/p>\n","protected":false},"author":2,"featured_media":0,"parent":0,"menu_order":5,"comment_status":"closed","ping_status":"closed","template":"","meta":{"inline_featured_image":false,"ngg_post_thumbnail":0,"footnotes":""},"class_list":["post-48","page","type-page","status-publish","hentry"],"acf":[],"yoast_head":"<!-- This site is optimized with the Yoast SEO plugin v26.4 - https:\/\/yoast.com\/wordpress\/plugins\/seo\/ -->\n<title>Katedra System\u00f3w Informacyjnych i Sieci Komputerowych - Strony pracownik\u00f3w Wydzia\u0142u Informatyki Politechniki Bia\u0142ostockiej<\/title>\n<meta name=\"robots\" content=\"index, follow, max-snippet:-1, max-image-preview:large, max-video-preview:-1\" \/>\n<link rel=\"canonical\" href=\"https:\/\/wi.pb.edu.pl\/p\/katedra-systemow-informacyjnych-i-sieci-komputerowych\/\" \/>\n<meta property=\"og:locale\" content=\"pl_PL\" \/>\n<meta property=\"og:type\" content=\"article\" \/>\n<meta property=\"og:title\" content=\"Katedra System\u00f3w Informacyjnych i Sieci Komputerowych - Strony pracownik\u00f3w Wydzia\u0142u Informatyki Politechniki Bia\u0142ostockiej\" \/>\n<meta property=\"og:description\" content=\"dr in\u017c. Eugenia Bus\u0142owska dr in\u017c. Andrzej Chmielewski mgr in\u017c. Mateusz Choroma\u0144ski dr hab. in\u017c.wi\u0119cej\" \/>\n<meta property=\"og:url\" content=\"https:\/\/wi.pb.edu.pl\/p\/katedra-systemow-informacyjnych-i-sieci-komputerowych\/\" \/>\n<meta property=\"og:site_name\" content=\"Strony pracownik\u00f3w Wydzia\u0142u Informatyki Politechniki Bia\u0142ostockiej\" \/>\n<meta property=\"article:modified_time\" content=\"2024-09-16T11:52:53+00:00\" \/>\n<meta name=\"twitter:card\" content=\"summary_large_image\" \/>\n<meta name=\"twitter:label1\" content=\"Szacowany czas czytania\" \/>\n\t<meta name=\"twitter:data1\" content=\"1 minuta\" \/>\n<script type=\"application\/ld+json\" class=\"yoast-schema-graph\">{\"@context\":\"https:\/\/schema.org\",\"@graph\":[{\"@type\":\"WebPage\",\"@id\":\"https:\/\/wi.pb.edu.pl\/p\/katedra-systemow-informacyjnych-i-sieci-komputerowych\/\",\"url\":\"https:\/\/wi.pb.edu.pl\/p\/katedra-systemow-informacyjnych-i-sieci-komputerowych\/\",\"name\":\"Katedra System\u00f3w Informacyjnych i Sieci Komputerowych - Strony pracownik\u00f3w Wydzia\u0142u Informatyki Politechniki Bia\u0142ostockiej\",\"isPartOf\":{\"@id\":\"https:\/\/wi.pb.edu.pl\/p\/#website\"},\"datePublished\":\"2024-01-29T21:54:42+00:00\",\"dateModified\":\"2024-09-16T11:52:53+00:00\",\"breadcrumb\":{\"@id\":\"https:\/\/wi.pb.edu.pl\/p\/katedra-systemow-informacyjnych-i-sieci-komputerowych\/#breadcrumb\"},\"inLanguage\":\"pl-PL\",\"potentialAction\":[{\"@type\":\"ReadAction\",\"target\":[\"https:\/\/wi.pb.edu.pl\/p\/katedra-systemow-informacyjnych-i-sieci-komputerowych\/\"]}]},{\"@type\":\"BreadcrumbList\",\"@id\":\"https:\/\/wi.pb.edu.pl\/p\/katedra-systemow-informacyjnych-i-sieci-komputerowych\/#breadcrumb\",\"itemListElement\":[{\"@type\":\"ListItem\",\"position\":1,\"name\":\"Strona g\u0142\u00f3wna\",\"item\":\"https:\/\/wi.pb.edu.pl\/p\/\"},{\"@type\":\"ListItem\",\"position\":2,\"name\":\"Katedra System\u00f3w Informacyjnych i Sieci Komputerowych\"}]},{\"@type\":\"WebSite\",\"@id\":\"https:\/\/wi.pb.edu.pl\/p\/#website\",\"url\":\"https:\/\/wi.pb.edu.pl\/p\/\",\"name\":\"Strony pracownik\u00f3w Wydzia\u0142u Informatyki Politechniki Bia\u0142ostockiej\",\"description\":\"\",\"potentialAction\":[{\"@type\":\"SearchAction\",\"target\":{\"@type\":\"EntryPoint\",\"urlTemplate\":\"https:\/\/wi.pb.edu.pl\/p\/?s={search_term_string}\"},\"query-input\":{\"@type\":\"PropertyValueSpecification\",\"valueRequired\":true,\"valueName\":\"search_term_string\"}}],\"inLanguage\":\"pl-PL\"}]}<\/script>\n<!-- \/ Yoast SEO plugin. -->","yoast_head_json":{"title":"Katedra System\u00f3w Informacyjnych i Sieci Komputerowych - Strony pracownik\u00f3w Wydzia\u0142u Informatyki Politechniki Bia\u0142ostockiej","robots":{"index":"index","follow":"follow","max-snippet":"max-snippet:-1","max-image-preview":"max-image-preview:large","max-video-preview":"max-video-preview:-1"},"canonical":"https:\/\/wi.pb.edu.pl\/p\/katedra-systemow-informacyjnych-i-sieci-komputerowych\/","og_locale":"pl_PL","og_type":"article","og_title":"Katedra System\u00f3w Informacyjnych i Sieci Komputerowych - Strony pracownik\u00f3w Wydzia\u0142u Informatyki Politechniki Bia\u0142ostockiej","og_description":"dr in\u017c. Eugenia Bus\u0142owska dr in\u017c. Andrzej Chmielewski mgr in\u017c. Mateusz Choroma\u0144ski dr hab. in\u017c.wi\u0119cej","og_url":"https:\/\/wi.pb.edu.pl\/p\/katedra-systemow-informacyjnych-i-sieci-komputerowych\/","og_site_name":"Strony pracownik\u00f3w Wydzia\u0142u Informatyki Politechniki Bia\u0142ostockiej","article_modified_time":"2024-09-16T11:52:53+00:00","twitter_card":"summary_large_image","twitter_misc":{"Szacowany czas czytania":"1 minuta"},"schema":{"@context":"https:\/\/schema.org","@graph":[{"@type":"WebPage","@id":"https:\/\/wi.pb.edu.pl\/p\/katedra-systemow-informacyjnych-i-sieci-komputerowych\/","url":"https:\/\/wi.pb.edu.pl\/p\/katedra-systemow-informacyjnych-i-sieci-komputerowych\/","name":"Katedra System\u00f3w Informacyjnych i Sieci Komputerowych - Strony pracownik\u00f3w Wydzia\u0142u Informatyki Politechniki Bia\u0142ostockiej","isPartOf":{"@id":"https:\/\/wi.pb.edu.pl\/p\/#website"},"datePublished":"2024-01-29T21:54:42+00:00","dateModified":"2024-09-16T11:52:53+00:00","breadcrumb":{"@id":"https:\/\/wi.pb.edu.pl\/p\/katedra-systemow-informacyjnych-i-sieci-komputerowych\/#breadcrumb"},"inLanguage":"pl-PL","potentialAction":[{"@type":"ReadAction","target":["https:\/\/wi.pb.edu.pl\/p\/katedra-systemow-informacyjnych-i-sieci-komputerowych\/"]}]},{"@type":"BreadcrumbList","@id":"https:\/\/wi.pb.edu.pl\/p\/katedra-systemow-informacyjnych-i-sieci-komputerowych\/#breadcrumb","itemListElement":[{"@type":"ListItem","position":1,"name":"Strona g\u0142\u00f3wna","item":"https:\/\/wi.pb.edu.pl\/p\/"},{"@type":"ListItem","position":2,"name":"Katedra System\u00f3w Informacyjnych i Sieci Komputerowych"}]},{"@type":"WebSite","@id":"https:\/\/wi.pb.edu.pl\/p\/#website","url":"https:\/\/wi.pb.edu.pl\/p\/","name":"Strony pracownik\u00f3w Wydzia\u0142u Informatyki Politechniki Bia\u0142ostockiej","description":"","potentialAction":[{"@type":"SearchAction","target":{"@type":"EntryPoint","urlTemplate":"https:\/\/wi.pb.edu.pl\/p\/?s={search_term_string}"},"query-input":{"@type":"PropertyValueSpecification","valueRequired":true,"valueName":"search_term_string"}}],"inLanguage":"pl-PL"}]}},"_links":{"self":[{"href":"https:\/\/wi.pb.edu.pl\/p\/wp-json\/wp\/v2\/pages\/48","targetHints":{"allow":["GET"]}}],"collection":[{"href":"https:\/\/wi.pb.edu.pl\/p\/wp-json\/wp\/v2\/pages"}],"about":[{"href":"https:\/\/wi.pb.edu.pl\/p\/wp-json\/wp\/v2\/types\/page"}],"author":[{"embeddable":true,"href":"https:\/\/wi.pb.edu.pl\/p\/wp-json\/wp\/v2\/users\/2"}],"replies":[{"embeddable":true,"href":"https:\/\/wi.pb.edu.pl\/p\/wp-json\/wp\/v2\/comments?post=48"}],"version-history":[{"count":9,"href":"https:\/\/wi.pb.edu.pl\/p\/wp-json\/wp\/v2\/pages\/48\/revisions"}],"predecessor-version":[{"id":1853,"href":"https:\/\/wi.pb.edu.pl\/p\/wp-json\/wp\/v2\/pages\/48\/revisions\/1853"}],"wp:attachment":[{"href":"https:\/\/wi.pb.edu.pl\/p\/wp-json\/wp\/v2\/media?parent=48"}],"curies":[{"name":"wp","href":"https:\/\/api.w.org\/{rel}","templated":true}]}}