{"id":484,"date":"2024-07-18T12:27:23","date_gmt":"2024-07-18T10:27:23","guid":{"rendered":"https:\/\/wi.pb.edu.pl\/p\/?page_id=484"},"modified":"2024-07-18T12:27:23","modified_gmt":"2024-07-18T10:27:23","slug":"curriculum-vitae","status":"publish","type":"page","link":"https:\/\/wi.pb.edu.pl\/p\/marek-kretowski\/curriculum-vitae\/","title":{"rendered":"Curriculum Vitae"},"content":{"rendered":"<h3 align=\"center\">Marek Kretowski &#8211; Curriculum Vitae<\/h3>\n<h4 align=\"center\"><small>Faculty of Computer Science, Bialystok University of Technology<br \/>\nWiejska 45a, 15-351 Bialystok,&nbsp;<\/small><small>Poland<\/small><\/h4>\n<div align=\"center\">\n<table border=\"0\" width=\"635\">\n<tbody>\n<tr>\n<td valign=\"top\" height=\"1\"><small><b>Academic degrees<\/b><\/small><\/td>\n<td width=\"554\" height=\"1\">&nbsp;<\/td>\n<\/tr>\n<tr>\n<td valign=\"top\" height=\"21\"><small>1996<\/small><\/td>\n<td width=\"554\" height=\"21\"><small>MSc with honors in Computer Science, Institute of Computer Science, Bialystok Technical University, Poland (supervisor: J. Stepaniuk)<br \/>\nThesis entitled:&nbsp;<em>Knowledge extraction from databases using tolerance rough sets method<\/em><\/small><\/td>\n<\/tr>\n<tr>\n<td valign=\"top\" height=\"21\"><small>2002<\/small><\/td>\n<td width=\"554\" height=\"21\"><small>PhD with honors, University of Rennes I, France and Bialystok Technical University, Poland (supervisors: J.-L. Coatrieux and L. Bobrowski)<br \/>\nThesis entitled:<em>&nbsp;Tissue modeling and classification in biomedical imaging<\/em><\/small><\/td>\n<\/tr>\n<tr>\n<td valign=\"top\" height=\"21\"><small>2009<\/small><\/td>\n<td width=\"554\" height=\"21\"><small>DSc &#8211; Habilitation in Technical Sciences (Computer Science) (pol.&nbsp;<em>doktor habilitowany nauk technicznych w zakresie informatyki<\/em>), Institute of Computer Science, Polish Academy of Science, Warsaw, Poland<\/small><\/td>\n<\/tr>\n<tr>\n<td valign=\"top\" height=\"21\"><small>2021<\/small><\/td>\n<td width=\"554\" height=\"21\"><small>Professorship in Engineering and Technology (pol.&nbsp;<em>profesor nauk in\u017cynieryjno-technicznych<\/em>) approved by the President of Poland<\/small><\/td>\n<\/tr>\n<tr>\n<td valign=\"top\" height=\"1\"><small><b>Research experience<\/b><\/small><\/td>\n<td width=\"554\" height=\"1\">&nbsp;<\/td>\n<\/tr>\n<tr>\n<td valign=\"top\"><small>1996 &#8211; 2003<\/small>&nbsp;<\/td>\n<td width=\"554\"><small>Faculty of Computer Science, Bialystok Technical University<br \/>\n<i>Teaching and Research Assistant<br \/>\n<\/i><\/small><small><em>DaVinci<\/em>&nbsp;project (directed by L. Bobrowski and suported by a grant from Polish State Committee for Scientific Research): induction of multivariate decision trees and extraction of decision rules from datasets.<\/small><\/td>\n<\/tr>\n<tr>\n<td valign=\"top\" height=\"34\"><small>1999 &#8211; 2002<\/small><\/td>\n<td width=\"554\" height=\"34\"><small>Laboratoire Traitement du Signal et de l&#8217;Image (LTSI), INSERM,&nbsp;<\/small><span style=\"font-size: small\">Universit\u00e9 de Rennes 1, France<br \/>\nTissue modeling (<em>liver<\/em>) for biomedical imaging&nbsp; (<em>computed tomography<\/em>) and image classification based on texture features.<\/span><\/td>\n<\/tr>\n<tr>\n<td valign=\"top\"><small>2003 &#8211; 2010<\/small><\/td>\n<td valign=\"top\" width=\"554\"><small>Faculty of Computer Science, Bialystok Technical University. &nbsp;<br \/>\n<i>Assistant Professor<\/i>&nbsp;(pol.&nbsp;<em>adiunkt<\/em>)<\/small><\/td>\n<\/tr>\n<tr>\n<td valign=\"top\"><small>2010 &#8211; 2021<\/small><\/td>\n<td valign=\"top\" width=\"554\"><small>Faculty of Computer Science, Bialystok University of Technology. &nbsp;<br \/>\n<i>Associate Professor<\/i>&nbsp;(pol.&nbsp;<i>profesor nadzwyczajny, profesor uczelni<\/i>)<br \/>\n<\/small><\/td>\n<\/tr>\n<tr>\n<td valign=\"top\"><small>2021 &#8211; present<\/small><\/td>\n<td valign=\"top\" width=\"554\"><small>Faculty of Computer Science, Bialystok University of Technology. &nbsp;<br \/>\n<i>Professor<\/i>&nbsp;(pol.&nbsp;<i>profesor<\/i>)<br \/>\n<\/small><\/td>\n<\/tr>\n<tr>\n<td valign=\"top\"><small><b>Research interests<\/b><\/small><\/td>\n<td width=\"554\"><small>&#8211; Knowledge discovery and data mining (e.g. evolutionary induction of decision trees from datasets)<\/small><br \/>\n<small>&#8211; Biomedical applications of computer science (e.g. computational modeling for image understanding, image analysis, bioinformatics)<\/small><br \/>\n<small>&#8211; Parallel processing (e.g. GPGPU)<\/small><\/td>\n<\/tr>\n<tr>\n<td valign=\"top\" height=\"26\"><small><b>Teaching experience<\/b><\/small><\/td>\n<td width=\"554\" height=\"26\">&nbsp;<\/td>\n<\/tr>\n<tr>\n<td valign=\"top\" height=\"33\"><small>1994 &#8211; 1996<\/small><\/td>\n<td valign=\"top\" width=\"554\" height=\"33\"><small>Faculty of Computer Science, Bialystok Technical University<br \/>\n<i>Candidate Teaching Assistant<\/i>: Assisted in teaching course:&nbsp; Algorithms and Data Structures<\/small><\/td>\n<\/tr>\n<tr>\n<td valign=\"top\"><small>1996 &#8211; 2003<br \/>\n<\/small><\/td>\n<td valign=\"top\" width=\"554\"><small>Faculty of Computer Science, Bialystok Technical University<br \/>\n<i>Teaching and Research Assistant:<\/i>&nbsp;Assisted in teaching several courses including: Algorithms and Data Structures, Databases, Applied Multivariate Analysis, Software Engineering, &#8230;<\/small><\/td>\n<\/tr>\n<tr>\n<td valign=\"top\"><small>2003 &#8211; 2010<br \/>\n<\/small><\/td>\n<td valign=\"top\" width=\"554\"><small>Faculty of Computer Science, Bialystok Technical University<br \/>\n<i>Assistant Professor<\/i>&nbsp;(pol.&nbsp;<em>adiunkt<\/em>)<i>:<\/i>&nbsp;<\/small><small>Lectures on Software Engineering (I and II), Introduction to Biomedical Informatics<\/small><\/td>\n<\/tr>\n<tr>\n<td valign=\"top\"><small>2004 &#8211; 2009<\/small><\/td>\n<td valign=\"top\" width=\"554\"><small>Institute of Computer Science, Vocational State Higher School in Biala Podlaska.<br \/>\n<i>Lecturer<\/i>&nbsp;(pol.&nbsp;<em>st.<\/em>&nbsp;<em>wyk\u0142adowca<\/em>)<\/small><\/td>\n<\/tr>\n<tr>\n<td valign=\"top\"><small>2009 &#8211; 2017<\/small><\/td>\n<td valign=\"top\" width=\"554\"><small>Institute of Computer Science, State Higher School in Biala Podlaska.<br \/>\n<i>Associate Professor<\/i>&nbsp;(pol.&nbsp;<em>profesor nadzwyczajny<\/em>)<\/small><\/td>\n<\/tr>\n<tr>\n<td valign=\"top\"><small>2010 &#8211; 2021<br \/>\n<\/small><\/td>\n<td valign=\"top\" width=\"554\"><small>Faculty of Computer Science, Bialystok University of Technology<br \/>\n<i>Associate Professor<\/i>&nbsp;(pol.&nbsp;<i>profesor nadzwyczajny, profesor uczelni<\/i>): Lectures on Software Engineering, Advanced Software Engineering, Introduction to Biomedical Informatics<br \/>\n<\/small><\/td>\n<\/tr>\n<tr>\n<td valign=\"top\"><small>2021 &#8211; present<br \/>\n<\/small><\/td>\n<td valign=\"top\" width=\"554\"><small>Faculty of Computer Science, Bialystok University of Technology<br \/>\n<i>Professor<\/i>&nbsp;(pol.&nbsp;<i>profesor<\/i>): Lectures on Software Engineering, Advanced Software Engineering<br \/>\n<\/small><\/td>\n<\/tr>\n<tr>\n<td valign=\"top\" height=\"11\"><small><b>Honors<\/b><\/small><\/td>\n<td width=\"554\" height=\"11\">&nbsp;<\/td>\n<\/tr>\n<tr>\n<td valign=\"top\" height=\"34\"><small>1992-1996<\/small><\/td>\n<td width=\"554\" height=\"34\"><small>Awards of the President of Bialystok Technical University for very good achievements during MSc studies<\/small><\/td>\n<\/tr>\n<tr>\n<td valign=\"top\" height=\"1\"><small>1996<\/small><\/td>\n<td width=\"554\" height=\"1\"><small>Gold Award in the&nbsp;<i>Primus inter Pares<\/i>&nbsp;contest organized by the Polish Society of Students, Bialystok Branch.<\/small><\/td>\n<\/tr>\n<tr>\n<td valign=\"top\" height=\"1\"><small>2000-2002<\/small><\/td>\n<td width=\"554\" height=\"1\"><small>Scholarship of the French Government<\/small><\/td>\n<\/tr>\n<tr>\n<td valign=\"top\"><small>2003-05, 2007-19<\/small><\/td>\n<td valign=\"top\" width=\"554\"><small>Awards of the President of Bialystok University of Technology (12 x II degree or III degree)<\/small><\/td>\n<\/tr>\n<tr>\n<td valign=\"top\" height=\"26\"><small><b>Personal<\/b><\/small><\/td>\n<td valign=\"top\" width=\"554\" height=\"26\"><small>Born October 17, 1972, Bialystok, Poland<br \/>\nMarried to&nbsp;<a href=\"http:\/\/aragorn.pb.bialystok.pl\/~gkret\">Ma\u0142gorzata<\/a>, two children<\/small><\/td>\n<\/tr>\n<tr>\n<td valign=\"top\" height=\"1\"><small><b>Languages<\/b><\/small><\/td>\n<td valign=\"top\" width=\"554\" height=\"1\"><small>English, French, Russian<\/small><\/td>\n<\/tr>\n<\/tbody>\n<\/table>\n<\/div>\n","protected":false},"excerpt":{"rendered":"<p>Marek Kretowski &#8211; Curriculum Vitae Faculty of Computer Science, Bialystok University of Technology Wiejska 45a,<a class=\"read-more\" href=\"https:\/\/wi.pb.edu.pl\/p\/marek-kretowski\/curriculum-vitae\/\" title=\"Poka\u017c artyku\u0142 Curriculum Vitae\">wi\u0119cej<\/a><\/p>\n","protected":false},"author":14,"featured_media":0,"parent":468,"menu_order":0,"comment_status":"closed","ping_status":"closed","template":"","meta":{"inline_featured_image":false,"ngg_post_thumbnail":0,"footnotes":""},"class_list":["post-484","page","type-page","status-publish","hentry"],"acf":[],"yoast_head":"<!-- This site is optimized with the Yoast SEO plugin v26.4 - https:\/\/yoast.com\/wordpress\/plugins\/seo\/ -->\n<title>Curriculum Vitae - Strony pracownik\u00f3w Wydzia\u0142u Informatyki Politechniki Bia\u0142ostockiej<\/title>\n<meta name=\"robots\" content=\"index, follow, max-snippet:-1, max-image-preview:large, max-video-preview:-1\" \/>\n<link rel=\"canonical\" href=\"https:\/\/wi.pb.edu.pl\/p\/marek-kretowski\/curriculum-vitae\/\" \/>\n<meta property=\"og:locale\" content=\"pl_PL\" \/>\n<meta property=\"og:type\" content=\"article\" \/>\n<meta property=\"og:title\" content=\"Curriculum Vitae - Strony pracownik\u00f3w Wydzia\u0142u Informatyki Politechniki Bia\u0142ostockiej\" \/>\n<meta property=\"og:description\" content=\"Marek Kretowski &#8211; Curriculum Vitae Faculty of Computer Science, Bialystok University of Technology Wiejska 45a,wi\u0119cej\" \/>\n<meta property=\"og:url\" content=\"https:\/\/wi.pb.edu.pl\/p\/marek-kretowski\/curriculum-vitae\/\" \/>\n<meta property=\"og:site_name\" content=\"Strony pracownik\u00f3w Wydzia\u0142u Informatyki Politechniki Bia\u0142ostockiej\" \/>\n<meta name=\"twitter:card\" content=\"summary_large_image\" \/>\n<meta name=\"twitter:label1\" content=\"Szacowany czas czytania\" \/>\n\t<meta name=\"twitter:data1\" content=\"4 minuty\" \/>\n<script type=\"application\/ld+json\" class=\"yoast-schema-graph\">{\"@context\":\"https:\/\/schema.org\",\"@graph\":[{\"@type\":\"WebPage\",\"@id\":\"https:\/\/wi.pb.edu.pl\/p\/marek-kretowski\/curriculum-vitae\/\",\"url\":\"https:\/\/wi.pb.edu.pl\/p\/marek-kretowski\/curriculum-vitae\/\",\"name\":\"Curriculum Vitae - Strony pracownik\u00f3w Wydzia\u0142u Informatyki Politechniki Bia\u0142ostockiej\",\"isPartOf\":{\"@id\":\"https:\/\/wi.pb.edu.pl\/p\/#website\"},\"datePublished\":\"2024-07-18T10:27:23+00:00\",\"breadcrumb\":{\"@id\":\"https:\/\/wi.pb.edu.pl\/p\/marek-kretowski\/curriculum-vitae\/#breadcrumb\"},\"inLanguage\":\"pl-PL\",\"potentialAction\":[{\"@type\":\"ReadAction\",\"target\":[\"https:\/\/wi.pb.edu.pl\/p\/marek-kretowski\/curriculum-vitae\/\"]}]},{\"@type\":\"BreadcrumbList\",\"@id\":\"https:\/\/wi.pb.edu.pl\/p\/marek-kretowski\/curriculum-vitae\/#breadcrumb\",\"itemListElement\":[{\"@type\":\"ListItem\",\"position\":1,\"name\":\"Strona g\u0142\u00f3wna\",\"item\":\"https:\/\/wi.pb.edu.pl\/p\/\"},{\"@type\":\"ListItem\",\"position\":2,\"name\":\"prof. dr hab. in\u017c. Marek Kr\u0119towski\",\"item\":\"https:\/\/wi.pb.edu.pl\/p\/marek-kretowski\/\"},{\"@type\":\"ListItem\",\"position\":3,\"name\":\"Curriculum Vitae\"}]},{\"@type\":\"WebSite\",\"@id\":\"https:\/\/wi.pb.edu.pl\/p\/#website\",\"url\":\"https:\/\/wi.pb.edu.pl\/p\/\",\"name\":\"Strony pracownik\u00f3w Wydzia\u0142u Informatyki Politechniki Bia\u0142ostockiej\",\"description\":\"\",\"potentialAction\":[{\"@type\":\"SearchAction\",\"target\":{\"@type\":\"EntryPoint\",\"urlTemplate\":\"https:\/\/wi.pb.edu.pl\/p\/?s={search_term_string}\"},\"query-input\":{\"@type\":\"PropertyValueSpecification\",\"valueRequired\":true,\"valueName\":\"search_term_string\"}}],\"inLanguage\":\"pl-PL\"}]}<\/script>\n<!-- \/ Yoast SEO plugin. -->","yoast_head_json":{"title":"Curriculum Vitae - Strony pracownik\u00f3w Wydzia\u0142u Informatyki Politechniki Bia\u0142ostockiej","robots":{"index":"index","follow":"follow","max-snippet":"max-snippet:-1","max-image-preview":"max-image-preview:large","max-video-preview":"max-video-preview:-1"},"canonical":"https:\/\/wi.pb.edu.pl\/p\/marek-kretowski\/curriculum-vitae\/","og_locale":"pl_PL","og_type":"article","og_title":"Curriculum Vitae - Strony pracownik\u00f3w Wydzia\u0142u Informatyki Politechniki Bia\u0142ostockiej","og_description":"Marek Kretowski &#8211; Curriculum Vitae Faculty of Computer Science, Bialystok University of Technology Wiejska 45a,wi\u0119cej","og_url":"https:\/\/wi.pb.edu.pl\/p\/marek-kretowski\/curriculum-vitae\/","og_site_name":"Strony pracownik\u00f3w Wydzia\u0142u Informatyki Politechniki Bia\u0142ostockiej","twitter_card":"summary_large_image","twitter_misc":{"Szacowany czas czytania":"4 minuty"},"schema":{"@context":"https:\/\/schema.org","@graph":[{"@type":"WebPage","@id":"https:\/\/wi.pb.edu.pl\/p\/marek-kretowski\/curriculum-vitae\/","url":"https:\/\/wi.pb.edu.pl\/p\/marek-kretowski\/curriculum-vitae\/","name":"Curriculum Vitae - Strony pracownik\u00f3w Wydzia\u0142u Informatyki Politechniki Bia\u0142ostockiej","isPartOf":{"@id":"https:\/\/wi.pb.edu.pl\/p\/#website"},"datePublished":"2024-07-18T10:27:23+00:00","breadcrumb":{"@id":"https:\/\/wi.pb.edu.pl\/p\/marek-kretowski\/curriculum-vitae\/#breadcrumb"},"inLanguage":"pl-PL","potentialAction":[{"@type":"ReadAction","target":["https:\/\/wi.pb.edu.pl\/p\/marek-kretowski\/curriculum-vitae\/"]}]},{"@type":"BreadcrumbList","@id":"https:\/\/wi.pb.edu.pl\/p\/marek-kretowski\/curriculum-vitae\/#breadcrumb","itemListElement":[{"@type":"ListItem","position":1,"name":"Strona g\u0142\u00f3wna","item":"https:\/\/wi.pb.edu.pl\/p\/"},{"@type":"ListItem","position":2,"name":"prof. dr hab. in\u017c. Marek Kr\u0119towski","item":"https:\/\/wi.pb.edu.pl\/p\/marek-kretowski\/"},{"@type":"ListItem","position":3,"name":"Curriculum Vitae"}]},{"@type":"WebSite","@id":"https:\/\/wi.pb.edu.pl\/p\/#website","url":"https:\/\/wi.pb.edu.pl\/p\/","name":"Strony pracownik\u00f3w Wydzia\u0142u Informatyki Politechniki Bia\u0142ostockiej","description":"","potentialAction":[{"@type":"SearchAction","target":{"@type":"EntryPoint","urlTemplate":"https:\/\/wi.pb.edu.pl\/p\/?s={search_term_string}"},"query-input":{"@type":"PropertyValueSpecification","valueRequired":true,"valueName":"search_term_string"}}],"inLanguage":"pl-PL"}]}},"_links":{"self":[{"href":"https:\/\/wi.pb.edu.pl\/p\/wp-json\/wp\/v2\/pages\/484","targetHints":{"allow":["GET"]}}],"collection":[{"href":"https:\/\/wi.pb.edu.pl\/p\/wp-json\/wp\/v2\/pages"}],"about":[{"href":"https:\/\/wi.pb.edu.pl\/p\/wp-json\/wp\/v2\/types\/page"}],"author":[{"embeddable":true,"href":"https:\/\/wi.pb.edu.pl\/p\/wp-json\/wp\/v2\/users\/14"}],"replies":[{"embeddable":true,"href":"https:\/\/wi.pb.edu.pl\/p\/wp-json\/wp\/v2\/comments?post=484"}],"version-history":[{"count":1,"href":"https:\/\/wi.pb.edu.pl\/p\/wp-json\/wp\/v2\/pages\/484\/revisions"}],"predecessor-version":[{"id":485,"href":"https:\/\/wi.pb.edu.pl\/p\/wp-json\/wp\/v2\/pages\/484\/revisions\/485"}],"up":[{"embeddable":true,"href":"https:\/\/wi.pb.edu.pl\/p\/wp-json\/wp\/v2\/pages\/468"}],"wp:attachment":[{"href":"https:\/\/wi.pb.edu.pl\/p\/wp-json\/wp\/v2\/media?parent=484"}],"curies":[{"name":"wp","href":"https:\/\/api.w.org\/{rel}","templated":true}]}}