{"id":590,"date":"2024-07-18T12:40:54","date_gmt":"2024-07-18T10:40:54","guid":{"rendered":"https:\/\/wi.pb.edu.pl\/p\/?page_id=590"},"modified":"2024-09-17T10:18:51","modified_gmt":"2024-09-17T08:18:51","slug":"dydaktyka","status":"publish","type":"page","link":"https:\/\/wi.pb.edu.pl\/p\/marek-kretowski\/dydaktyka\/","title":{"rendered":"Dydaktyka"},"content":{"rendered":"<p>Rok akademicki 2022\/2023:<br \/>\nSemestr zimowy:<\/p>\n<ul>\n<li><a title=\"In\u017cynieria oprogramowania II\" href=\"https:\/\/wi.pb.edu.pl\/p\/marek-kretowski\/dydaktyka\/inzynieria-oprogramowania-ii\/\">Zaawansowana in\u017cynieria oprogramowania&nbsp;(<em>studia stacjonarne, II stopie\u0144 &#8211; magisterskie<\/em>)&nbsp;<\/a><\/li>\n<\/ul>\n<p>Semestr letni:<\/p>\n<ul>\n<li><a title=\"In\u017cynieria oprogramowania\" href=\"https:\/\/wi.pb.edu.pl\/p\/marek-kretowski\/dydaktyka\/inzynieria-oprogramowania\/\">In\u017cynieria oprogramowania&nbsp;(<em>studia stacjonarne, I stopie\u0144 &#8211; in\u017cynierskie<\/em>)<\/a><\/li>\n<li><a title=\"In\u017cynieria oprogramowania i analiza biznesowa\" href=\"https:\/\/wi.pb.edu.pl\/p\/marek-kretowski\/dydaktyka\/inzynieria-oprogramowania-i-analiza-biznesowa\/\">In\u017cynieria oprogramowania i analiza biznesowa&nbsp;(<em>studia<\/em><em>&nbsp;podyplomowe, Informatyka &#8211; Technologie ICT i Programowanie<\/em>)<\/a><\/li>\n<\/ul>\n<p>&nbsp;<\/p>\n<p>W poprzednich latach (m. in.):<\/p>\n<ul>\n<li><a title=\"In\u017cynieria oprogramowania\" href=\"https:\/\/wi.pb.edu.pl\/p\/marek-kretowski\/dydaktyka\/inzynieria-oprogramowania-p\/\">In\u017cynieria oprogramowania&nbsp;(<em>studia<\/em><em>&nbsp;podyplomowe, Informatyka<\/em>)<\/a><\/li>\n<li><a title=\"Wst\u0119p do informatyki biomedycznej\" href=\"https:\/\/wi.pb.edu.pl\/p\/marek-kretowski\/dydaktyka\/wstep-do-informatyki-biomedycznej\/\">Wst\u0119p do informatyki biomedycznej&nbsp;(<em>studia stacjonarne, II stopie\u0144 &#8211; magisterskie<\/em>)<\/a><\/li>\n<li><a title=\"Seminarium dyplomowe\" href=\"https:\/\/wi.pb.edu.pl\/p\/marek-kretowski\/dydaktyka\/seminarium-dyplomowe\/\">Seminarium dyplomowe&nbsp;(<em>studia stacjonarne, magisterskie<\/em>)<\/a><\/li>\n<li><a title=\"Metody Wielowymiarowej Analizy Danych \u2013 laboratorium\" href=\"https:\/\/wi.pb.edu.pl\/p\/marek-kretowski\/dydaktyka\/metody-wielowymiarowej-analizy-danych-laboratorium\/\">Metody wielowymiarowej analizy danych&nbsp;(<em>studia magisterskie<\/em>)<\/a><\/li>\n<li><a title=\"In\u017cynieria oprogramowania\" href=\"https:\/\/wi.pb.edu.pl\/p\/marek-kretowski\/dydaktyka\/inzynieria-oprogramowania-z\/\">In\u017cynieria oprogramowania&nbsp;(<em>studia niestacjonarne, in\u017cynierskie<\/em>)<\/a><\/li>\n<li><a title=\"In\u017cynieria oprogramowania\" href=\"https:\/\/wi.pb.edu.pl\/p\/marek-kretowski\/dydaktyka\/inzynieria-oprogramowania-10\/\">In\u017cynieria oprogramowania&nbsp;(<em>studia niestacjonarne<\/em>;&nbsp;<em>wersja 10 zjazd\u00f3w<\/em>)<\/a><\/li>\n<li><a title=\"Wst\u0119p do informatyki biomedycznej\" href=\"https:\/\/wi.pb.edu.pl\/p\/marek-kretowski\/dydaktyka\/wstep-do-informatyki-biomedycznej-z\/\">Wst\u0119p do informatyki biomedycznej&nbsp;(<em>studia niestacjonarne, magisterskie uzupe\u0142niaj\u0105ce<\/em>) &nbsp;&nbsp;<\/a><\/li>\n<li><a title=\"Zaawansowana in\u017cynieria oprogramowania\" href=\"https:\/\/wi.pb.edu.pl\/p\/marek-kretowski\/dydaktyka\/zaawansowana-inzynieria-oprogramowania_z\/\">Zaawansowana in\u017cynieria oprogramowania&nbsp;(<em>studia niestacjonarne, magisterskie uzupe\u0142niaj\u0105ce<\/em>)<\/a><\/li>\n<li><a title=\"In\u017cynieria oprogramowania\" href=\"https:\/\/wi.pb.edu.pl\/p\/marek-kretowski\/dydaktyka\/inzynieria-oprogramowania-p-ti\/\">In\u017cynieria oprogramowania&nbsp;(<em>studia podyplomowe, Technologie Internetowe<\/em>)&nbsp;<\/a><\/li>\n<\/ul>\n<p>&nbsp;<\/p>\n","protected":false},"excerpt":{"rendered":"<p>Rok akademicki 2022\/2023: Semestr zimowy: Zaawansowana in\u017cynieria oprogramowania&nbsp;(studia stacjonarne, II stopie\u0144 &#8211; magisterskie)&nbsp; Semestr letni:<a class=\"read-more\" href=\"https:\/\/wi.pb.edu.pl\/p\/marek-kretowski\/dydaktyka\/\" title=\"Poka\u017c artyku\u0142 Dydaktyka\">wi\u0119cej<\/a><\/p>\n","protected":false},"author":14,"featured_media":0,"parent":468,"menu_order":0,"comment_status":"closed","ping_status":"closed","template":"","meta":{"inline_featured_image":false,"ngg_post_thumbnail":0,"footnotes":""},"class_list":["post-590","page","type-page","status-publish","hentry"],"acf":[],"yoast_head":"<!-- This site is optimized with the Yoast SEO plugin v26.4 - https:\/\/yoast.com\/wordpress\/plugins\/seo\/ -->\n<title>Dydaktyka - Strony pracownik\u00f3w Wydzia\u0142u Informatyki Politechniki Bia\u0142ostockiej<\/title>\n<meta name=\"robots\" content=\"index, follow, max-snippet:-1, max-image-preview:large, max-video-preview:-1\" \/>\n<link rel=\"canonical\" href=\"https:\/\/wi.pb.edu.pl\/p\/marek-kretowski\/dydaktyka\/\" \/>\n<meta property=\"og:locale\" content=\"pl_PL\" \/>\n<meta property=\"og:type\" content=\"article\" \/>\n<meta property=\"og:title\" content=\"Dydaktyka - Strony pracownik\u00f3w Wydzia\u0142u Informatyki Politechniki Bia\u0142ostockiej\" \/>\n<meta property=\"og:description\" content=\"Rok akademicki 2022\/2023: Semestr zimowy: Zaawansowana in\u017cynieria oprogramowania&nbsp;(studia stacjonarne, II stopie\u0144 &#8211; magisterskie)&nbsp; Semestr letni:wi\u0119cej\" \/>\n<meta property=\"og:url\" content=\"https:\/\/wi.pb.edu.pl\/p\/marek-kretowski\/dydaktyka\/\" \/>\n<meta property=\"og:site_name\" content=\"Strony pracownik\u00f3w Wydzia\u0142u Informatyki Politechniki Bia\u0142ostockiej\" \/>\n<meta property=\"article:modified_time\" content=\"2024-09-17T08:18:51+00:00\" \/>\n<meta name=\"twitter:card\" content=\"summary_large_image\" \/>\n<meta name=\"twitter:label1\" content=\"Szacowany czas czytania\" \/>\n\t<meta name=\"twitter:data1\" content=\"1 minuta\" \/>\n<script type=\"application\/ld+json\" class=\"yoast-schema-graph\">{\"@context\":\"https:\/\/schema.org\",\"@graph\":[{\"@type\":\"WebPage\",\"@id\":\"https:\/\/wi.pb.edu.pl\/p\/marek-kretowski\/dydaktyka\/\",\"url\":\"https:\/\/wi.pb.edu.pl\/p\/marek-kretowski\/dydaktyka\/\",\"name\":\"Dydaktyka - Strony pracownik\u00f3w Wydzia\u0142u Informatyki Politechniki Bia\u0142ostockiej\",\"isPartOf\":{\"@id\":\"https:\/\/wi.pb.edu.pl\/p\/#website\"},\"datePublished\":\"2024-07-18T10:40:54+00:00\",\"dateModified\":\"2024-09-17T08:18:51+00:00\",\"breadcrumb\":{\"@id\":\"https:\/\/wi.pb.edu.pl\/p\/marek-kretowski\/dydaktyka\/#breadcrumb\"},\"inLanguage\":\"pl-PL\",\"potentialAction\":[{\"@type\":\"ReadAction\",\"target\":[\"https:\/\/wi.pb.edu.pl\/p\/marek-kretowski\/dydaktyka\/\"]}]},{\"@type\":\"BreadcrumbList\",\"@id\":\"https:\/\/wi.pb.edu.pl\/p\/marek-kretowski\/dydaktyka\/#breadcrumb\",\"itemListElement\":[{\"@type\":\"ListItem\",\"position\":1,\"name\":\"Strona g\u0142\u00f3wna\",\"item\":\"https:\/\/wi.pb.edu.pl\/p\/\"},{\"@type\":\"ListItem\",\"position\":2,\"name\":\"prof. dr hab. in\u017c. Marek Kr\u0119towski\",\"item\":\"https:\/\/wi.pb.edu.pl\/p\/marek-kretowski\/\"},{\"@type\":\"ListItem\",\"position\":3,\"name\":\"Dydaktyka\"}]},{\"@type\":\"WebSite\",\"@id\":\"https:\/\/wi.pb.edu.pl\/p\/#website\",\"url\":\"https:\/\/wi.pb.edu.pl\/p\/\",\"name\":\"Strony pracownik\u00f3w Wydzia\u0142u Informatyki Politechniki Bia\u0142ostockiej\",\"description\":\"\",\"potentialAction\":[{\"@type\":\"SearchAction\",\"target\":{\"@type\":\"EntryPoint\",\"urlTemplate\":\"https:\/\/wi.pb.edu.pl\/p\/?s={search_term_string}\"},\"query-input\":{\"@type\":\"PropertyValueSpecification\",\"valueRequired\":true,\"valueName\":\"search_term_string\"}}],\"inLanguage\":\"pl-PL\"}]}<\/script>\n<!-- \/ Yoast SEO plugin. -->","yoast_head_json":{"title":"Dydaktyka - Strony pracownik\u00f3w Wydzia\u0142u Informatyki Politechniki Bia\u0142ostockiej","robots":{"index":"index","follow":"follow","max-snippet":"max-snippet:-1","max-image-preview":"max-image-preview:large","max-video-preview":"max-video-preview:-1"},"canonical":"https:\/\/wi.pb.edu.pl\/p\/marek-kretowski\/dydaktyka\/","og_locale":"pl_PL","og_type":"article","og_title":"Dydaktyka - Strony pracownik\u00f3w Wydzia\u0142u Informatyki Politechniki Bia\u0142ostockiej","og_description":"Rok akademicki 2022\/2023: Semestr zimowy: Zaawansowana in\u017cynieria oprogramowania&nbsp;(studia stacjonarne, II stopie\u0144 &#8211; magisterskie)&nbsp; Semestr letni:wi\u0119cej","og_url":"https:\/\/wi.pb.edu.pl\/p\/marek-kretowski\/dydaktyka\/","og_site_name":"Strony pracownik\u00f3w Wydzia\u0142u Informatyki Politechniki Bia\u0142ostockiej","article_modified_time":"2024-09-17T08:18:51+00:00","twitter_card":"summary_large_image","twitter_misc":{"Szacowany czas czytania":"1 minuta"},"schema":{"@context":"https:\/\/schema.org","@graph":[{"@type":"WebPage","@id":"https:\/\/wi.pb.edu.pl\/p\/marek-kretowski\/dydaktyka\/","url":"https:\/\/wi.pb.edu.pl\/p\/marek-kretowski\/dydaktyka\/","name":"Dydaktyka - Strony pracownik\u00f3w Wydzia\u0142u Informatyki Politechniki Bia\u0142ostockiej","isPartOf":{"@id":"https:\/\/wi.pb.edu.pl\/p\/#website"},"datePublished":"2024-07-18T10:40:54+00:00","dateModified":"2024-09-17T08:18:51+00:00","breadcrumb":{"@id":"https:\/\/wi.pb.edu.pl\/p\/marek-kretowski\/dydaktyka\/#breadcrumb"},"inLanguage":"pl-PL","potentialAction":[{"@type":"ReadAction","target":["https:\/\/wi.pb.edu.pl\/p\/marek-kretowski\/dydaktyka\/"]}]},{"@type":"BreadcrumbList","@id":"https:\/\/wi.pb.edu.pl\/p\/marek-kretowski\/dydaktyka\/#breadcrumb","itemListElement":[{"@type":"ListItem","position":1,"name":"Strona g\u0142\u00f3wna","item":"https:\/\/wi.pb.edu.pl\/p\/"},{"@type":"ListItem","position":2,"name":"prof. dr hab. in\u017c. Marek Kr\u0119towski","item":"https:\/\/wi.pb.edu.pl\/p\/marek-kretowski\/"},{"@type":"ListItem","position":3,"name":"Dydaktyka"}]},{"@type":"WebSite","@id":"https:\/\/wi.pb.edu.pl\/p\/#website","url":"https:\/\/wi.pb.edu.pl\/p\/","name":"Strony pracownik\u00f3w Wydzia\u0142u Informatyki Politechniki Bia\u0142ostockiej","description":"","potentialAction":[{"@type":"SearchAction","target":{"@type":"EntryPoint","urlTemplate":"https:\/\/wi.pb.edu.pl\/p\/?s={search_term_string}"},"query-input":{"@type":"PropertyValueSpecification","valueRequired":true,"valueName":"search_term_string"}}],"inLanguage":"pl-PL"}]}},"_links":{"self":[{"href":"https:\/\/wi.pb.edu.pl\/p\/wp-json\/wp\/v2\/pages\/590","targetHints":{"allow":["GET"]}}],"collection":[{"href":"https:\/\/wi.pb.edu.pl\/p\/wp-json\/wp\/v2\/pages"}],"about":[{"href":"https:\/\/wi.pb.edu.pl\/p\/wp-json\/wp\/v2\/types\/page"}],"author":[{"embeddable":true,"href":"https:\/\/wi.pb.edu.pl\/p\/wp-json\/wp\/v2\/users\/14"}],"replies":[{"embeddable":true,"href":"https:\/\/wi.pb.edu.pl\/p\/wp-json\/wp\/v2\/comments?post=590"}],"version-history":[{"count":15,"href":"https:\/\/wi.pb.edu.pl\/p\/wp-json\/wp\/v2\/pages\/590\/revisions"}],"predecessor-version":[{"id":1868,"href":"https:\/\/wi.pb.edu.pl\/p\/wp-json\/wp\/v2\/pages\/590\/revisions\/1868"}],"up":[{"embeddable":true,"href":"https:\/\/wi.pb.edu.pl\/p\/wp-json\/wp\/v2\/pages\/468"}],"wp:attachment":[{"href":"https:\/\/wi.pb.edu.pl\/p\/wp-json\/wp\/v2\/media?parent=590"}],"curies":[{"name":"wp","href":"https:\/\/api.w.org\/{rel}","templated":true}]}}