{"id":63,"date":"2024-07-16T09:24:07","date_gmt":"2024-07-16T07:24:07","guid":{"rendered":"https:\/\/wi.pb.edu.pl\/p\/?page_id=63"},"modified":"2024-09-17T10:08:12","modified_gmt":"2024-09-17T08:08:12","slug":"agnieszka-druzdzel","status":"publish","type":"page","link":"https:\/\/wi.pb.edu.pl\/p\/agnieszka-druzdzel\/","title":{"rendered":"dr hab. in\u017c. Agnieszka Dru\u017cd\u017cel"},"content":{"rendered":"<p><img loading=\"lazy\" decoding=\"async\" class=\"size-thumbnail wp-image-66 alignleft\" src=\"https:\/\/wi.pb.edu.pl\/p\/wp-content\/uploads\/sites\/3\/2024\/07\/picture-onisko-150x150.png\" alt=\"\" width=\"150\" height=\"150\"><\/p>\n<p><a href=\"https:\/\/wi.pb.edu.pl\/\">Faculty of Computer Science<\/a> <a href=\"https:\/\/pb.edu.pl\/\">Bia\u0142ystok University of Technology<\/a> &amp; <a href=\"https:\/\/www.upmc.com\/locations\/hospitals\/magee\">Magee Womens Hospital<\/a> <a href=\"https:\/\/www.pitt.edu\/\">University of Pittsburgh<\/a><\/p>\n<h4 style=\"clear: both\">Education:&nbsp;<\/h4>\n<ul>\n<li><span class=\"GramE\">D.Sc.<\/span>, 2017,&nbsp;<a href=\"http:\/\/www.ibib.waw.pl\/\">Institute of Biocybernetics and Biomedical Engineering, Polish Academy of Science<\/a>, Warsaw, Poland<\/li>\n<li><span class=\"GramE\">Ph.D.<\/span>, 2003,&nbsp;<a href=\"http:\/\/www.ibib.waw.pl\/\">Institute of Biocybernetics and Biomedical Engineering, Polish Academy of Science<\/a>, Warsaw, Poland<\/li>\n<li><span class=\"GramE\">M.S.<\/span>, 1996,&nbsp;<a href=\"http:\/\/www.wi.pb.edu.pl\/\">Faculty of Computer Science<\/a>,&nbsp;<a href=\"https:\/\/pb.edu.pl\/\"><span class=\"SpellE\">Bia\u0142ystok<\/span>&nbsp;University of Technology<\/a>,&nbsp;<span class=\"SpellE\">Bia\u0142ystok<\/span>, Poland<\/li>\n<\/ul>\n<h4>Research interests:<\/h4>\n<p>Bayesian networks, medical diagnosis, decision-analytic techniques in medical decision making<\/p>\n<p><a title=\"Publikacje\" href=\"https:\/\/wi.pb.edu.pl\/p\/agnieszka-druzdzel\/publikacje\/\">My vitae &amp; publications<\/a><\/p>\n<h4>Mailing address:<\/h4>\n<p>Faculty of Computer Science<br \/>\nBia\u0142ystok&nbsp;University of Technology<br \/>\nWiejska&nbsp;45A, 15-351&nbsp;Bia\u0142ystok<\/p>\n<h4>Electronic addresses:<\/h4>\n<p><i class=\"fal fa-envelope\"><\/i> <a href=\"#\" rel=\"nofollow\"  onclick=\"this.href='mailto:' + 'a.onisko' + '@' + 'pb.edu.pl'\">a.onisko [at] pb.edu.pl<\/a>\n<p><i class=\"fal fa-phone\"><\/i> +48-85-746-9086<\/p>\n<p>fax: +48-85-746-9057<\/p>\n","protected":false},"excerpt":{"rendered":"<p>Faculty of Computer Science Bia\u0142ystok University of Technology &amp; Magee Womens Hospital University of Pittsburgh<a class=\"read-more\" href=\"https:\/\/wi.pb.edu.pl\/p\/agnieszka-druzdzel\/\" title=\"Poka\u017c artyku\u0142 dr hab. in\u017c. Agnieszka Dru\u017cd\u017cel\">wi\u0119cej<\/a><\/p>\n","protected":false},"author":14,"featured_media":0,"parent":0,"menu_order":0,"comment_status":"closed","ping_status":"closed","template":"","meta":{"inline_featured_image":false,"ngg_post_thumbnail":0,"footnotes":""},"class_list":["post-63","page","type-page","status-publish","hentry"],"acf":[],"yoast_head":"<!-- This site is optimized with the Yoast SEO plugin v26.4 - https:\/\/yoast.com\/wordpress\/plugins\/seo\/ -->\n<title>dr hab. in\u017c. Agnieszka Dru\u017cd\u017cel - Strony pracownik\u00f3w Wydzia\u0142u Informatyki Politechniki Bia\u0142ostockiej<\/title>\n<meta name=\"robots\" content=\"index, follow, max-snippet:-1, max-image-preview:large, max-video-preview:-1\" \/>\n<link rel=\"canonical\" href=\"https:\/\/wi.pb.edu.pl\/p\/agnieszka-druzdzel\/\" \/>\n<meta property=\"og:locale\" content=\"pl_PL\" \/>\n<meta property=\"og:type\" content=\"article\" \/>\n<meta property=\"og:title\" content=\"dr hab. in\u017c. Agnieszka Dru\u017cd\u017cel - Strony pracownik\u00f3w Wydzia\u0142u Informatyki Politechniki Bia\u0142ostockiej\" \/>\n<meta property=\"og:description\" content=\"Faculty of Computer Science Bia\u0142ystok University of Technology &amp; Magee Womens Hospital University of Pittsburghwi\u0119cej\" \/>\n<meta property=\"og:url\" content=\"https:\/\/wi.pb.edu.pl\/p\/agnieszka-druzdzel\/\" \/>\n<meta property=\"og:site_name\" content=\"Strony pracownik\u00f3w Wydzia\u0142u Informatyki Politechniki Bia\u0142ostockiej\" \/>\n<meta property=\"article:modified_time\" content=\"2024-09-17T08:08:12+00:00\" \/>\n<meta property=\"og:image\" content=\"https:\/\/wi.pb.edu.pl\/p\/wp-content\/uploads\/sites\/3\/2024\/07\/picture-onisko-150x150.png\" \/>\n<meta name=\"twitter:card\" content=\"summary_large_image\" \/>\n<meta name=\"twitter:label1\" content=\"Szacowany czas czytania\" \/>\n\t<meta name=\"twitter:data1\" content=\"1 minuta\" \/>\n<script type=\"application\/ld+json\" class=\"yoast-schema-graph\">{\"@context\":\"https:\/\/schema.org\",\"@graph\":[{\"@type\":\"WebPage\",\"@id\":\"https:\/\/wi.pb.edu.pl\/p\/agnieszka-druzdzel\/\",\"url\":\"https:\/\/wi.pb.edu.pl\/p\/agnieszka-druzdzel\/\",\"name\":\"dr hab. in\u017c. Agnieszka Dru\u017cd\u017cel - Strony pracownik\u00f3w Wydzia\u0142u Informatyki Politechniki Bia\u0142ostockiej\",\"isPartOf\":{\"@id\":\"https:\/\/wi.pb.edu.pl\/p\/#website\"},\"primaryImageOfPage\":{\"@id\":\"https:\/\/wi.pb.edu.pl\/p\/agnieszka-druzdzel\/#primaryimage\"},\"image\":{\"@id\":\"https:\/\/wi.pb.edu.pl\/p\/agnieszka-druzdzel\/#primaryimage\"},\"thumbnailUrl\":\"https:\/\/wi.pb.edu.pl\/p\/wp-content\/uploads\/sites\/3\/2024\/07\/picture-onisko-150x150.png\",\"datePublished\":\"2024-07-16T07:24:07+00:00\",\"dateModified\":\"2024-09-17T08:08:12+00:00\",\"breadcrumb\":{\"@id\":\"https:\/\/wi.pb.edu.pl\/p\/agnieszka-druzdzel\/#breadcrumb\"},\"inLanguage\":\"pl-PL\",\"potentialAction\":[{\"@type\":\"ReadAction\",\"target\":[\"https:\/\/wi.pb.edu.pl\/p\/agnieszka-druzdzel\/\"]}]},{\"@type\":\"ImageObject\",\"inLanguage\":\"pl-PL\",\"@id\":\"https:\/\/wi.pb.edu.pl\/p\/agnieszka-druzdzel\/#primaryimage\",\"url\":\"https:\/\/wi.pb.edu.pl\/p\/wp-content\/uploads\/sites\/3\/2024\/07\/picture-onisko-e1721113913906.png\",\"contentUrl\":\"https:\/\/wi.pb.edu.pl\/p\/wp-content\/uploads\/sites\/3\/2024\/07\/picture-onisko-e1721113913906.png\",\"width\":150,\"height\":150},{\"@type\":\"BreadcrumbList\",\"@id\":\"https:\/\/wi.pb.edu.pl\/p\/agnieszka-druzdzel\/#breadcrumb\",\"itemListElement\":[{\"@type\":\"ListItem\",\"position\":1,\"name\":\"Strona g\u0142\u00f3wna\",\"item\":\"https:\/\/wi.pb.edu.pl\/p\/\"},{\"@type\":\"ListItem\",\"position\":2,\"name\":\"dr hab. in\u017c. Agnieszka Dru\u017cd\u017cel\"}]},{\"@type\":\"WebSite\",\"@id\":\"https:\/\/wi.pb.edu.pl\/p\/#website\",\"url\":\"https:\/\/wi.pb.edu.pl\/p\/\",\"name\":\"Strony pracownik\u00f3w Wydzia\u0142u Informatyki Politechniki Bia\u0142ostockiej\",\"description\":\"\",\"potentialAction\":[{\"@type\":\"SearchAction\",\"target\":{\"@type\":\"EntryPoint\",\"urlTemplate\":\"https:\/\/wi.pb.edu.pl\/p\/?s={search_term_string}\"},\"query-input\":{\"@type\":\"PropertyValueSpecification\",\"valueRequired\":true,\"valueName\":\"search_term_string\"}}],\"inLanguage\":\"pl-PL\"}]}<\/script>\n<!-- \/ Yoast SEO plugin. -->","yoast_head_json":{"title":"dr hab. in\u017c. Agnieszka Dru\u017cd\u017cel - Strony pracownik\u00f3w Wydzia\u0142u Informatyki Politechniki Bia\u0142ostockiej","robots":{"index":"index","follow":"follow","max-snippet":"max-snippet:-1","max-image-preview":"max-image-preview:large","max-video-preview":"max-video-preview:-1"},"canonical":"https:\/\/wi.pb.edu.pl\/p\/agnieszka-druzdzel\/","og_locale":"pl_PL","og_type":"article","og_title":"dr hab. in\u017c. Agnieszka Dru\u017cd\u017cel - Strony pracownik\u00f3w Wydzia\u0142u Informatyki Politechniki Bia\u0142ostockiej","og_description":"Faculty of Computer Science Bia\u0142ystok University of Technology &amp; Magee Womens Hospital University of Pittsburghwi\u0119cej","og_url":"https:\/\/wi.pb.edu.pl\/p\/agnieszka-druzdzel\/","og_site_name":"Strony pracownik\u00f3w Wydzia\u0142u Informatyki Politechniki Bia\u0142ostockiej","article_modified_time":"2024-09-17T08:08:12+00:00","og_image":[{"url":"https:\/\/wi.pb.edu.pl\/p\/wp-content\/uploads\/sites\/3\/2024\/07\/picture-onisko-150x150.png","type":"","width":"","height":""}],"twitter_card":"summary_large_image","twitter_misc":{"Szacowany czas czytania":"1 minuta"},"schema":{"@context":"https:\/\/schema.org","@graph":[{"@type":"WebPage","@id":"https:\/\/wi.pb.edu.pl\/p\/agnieszka-druzdzel\/","url":"https:\/\/wi.pb.edu.pl\/p\/agnieszka-druzdzel\/","name":"dr hab. in\u017c. Agnieszka Dru\u017cd\u017cel - Strony pracownik\u00f3w Wydzia\u0142u Informatyki Politechniki Bia\u0142ostockiej","isPartOf":{"@id":"https:\/\/wi.pb.edu.pl\/p\/#website"},"primaryImageOfPage":{"@id":"https:\/\/wi.pb.edu.pl\/p\/agnieszka-druzdzel\/#primaryimage"},"image":{"@id":"https:\/\/wi.pb.edu.pl\/p\/agnieszka-druzdzel\/#primaryimage"},"thumbnailUrl":"https:\/\/wi.pb.edu.pl\/p\/wp-content\/uploads\/sites\/3\/2024\/07\/picture-onisko-150x150.png","datePublished":"2024-07-16T07:24:07+00:00","dateModified":"2024-09-17T08:08:12+00:00","breadcrumb":{"@id":"https:\/\/wi.pb.edu.pl\/p\/agnieszka-druzdzel\/#breadcrumb"},"inLanguage":"pl-PL","potentialAction":[{"@type":"ReadAction","target":["https:\/\/wi.pb.edu.pl\/p\/agnieszka-druzdzel\/"]}]},{"@type":"ImageObject","inLanguage":"pl-PL","@id":"https:\/\/wi.pb.edu.pl\/p\/agnieszka-druzdzel\/#primaryimage","url":"https:\/\/wi.pb.edu.pl\/p\/wp-content\/uploads\/sites\/3\/2024\/07\/picture-onisko-e1721113913906.png","contentUrl":"https:\/\/wi.pb.edu.pl\/p\/wp-content\/uploads\/sites\/3\/2024\/07\/picture-onisko-e1721113913906.png","width":150,"height":150},{"@type":"BreadcrumbList","@id":"https:\/\/wi.pb.edu.pl\/p\/agnieszka-druzdzel\/#breadcrumb","itemListElement":[{"@type":"ListItem","position":1,"name":"Strona g\u0142\u00f3wna","item":"https:\/\/wi.pb.edu.pl\/p\/"},{"@type":"ListItem","position":2,"name":"dr hab. in\u017c. Agnieszka Dru\u017cd\u017cel"}]},{"@type":"WebSite","@id":"https:\/\/wi.pb.edu.pl\/p\/#website","url":"https:\/\/wi.pb.edu.pl\/p\/","name":"Strony pracownik\u00f3w Wydzia\u0142u Informatyki Politechniki Bia\u0142ostockiej","description":"","potentialAction":[{"@type":"SearchAction","target":{"@type":"EntryPoint","urlTemplate":"https:\/\/wi.pb.edu.pl\/p\/?s={search_term_string}"},"query-input":{"@type":"PropertyValueSpecification","valueRequired":true,"valueName":"search_term_string"}}],"inLanguage":"pl-PL"}]}},"_links":{"self":[{"href":"https:\/\/wi.pb.edu.pl\/p\/wp-json\/wp\/v2\/pages\/63","targetHints":{"allow":["GET"]}}],"collection":[{"href":"https:\/\/wi.pb.edu.pl\/p\/wp-json\/wp\/v2\/pages"}],"about":[{"href":"https:\/\/wi.pb.edu.pl\/p\/wp-json\/wp\/v2\/types\/page"}],"author":[{"embeddable":true,"href":"https:\/\/wi.pb.edu.pl\/p\/wp-json\/wp\/v2\/users\/14"}],"replies":[{"embeddable":true,"href":"https:\/\/wi.pb.edu.pl\/p\/wp-json\/wp\/v2\/comments?post=63"}],"version-history":[{"count":11,"href":"https:\/\/wi.pb.edu.pl\/p\/wp-json\/wp\/v2\/pages\/63\/revisions"}],"predecessor-version":[{"id":1863,"href":"https:\/\/wi.pb.edu.pl\/p\/wp-json\/wp\/v2\/pages\/63\/revisions\/1863"}],"wp:attachment":[{"href":"https:\/\/wi.pb.edu.pl\/p\/wp-json\/wp\/v2\/media?parent=63"}],"curies":[{"name":"wp","href":"https:\/\/api.w.org\/{rel}","templated":true}]}}