{"id":704,"date":"2024-07-19T10:36:54","date_gmt":"2024-07-19T08:36:54","guid":{"rendered":"https:\/\/wi.pb.edu.pl\/p\/?page_id=704"},"modified":"2024-07-19T11:06:09","modified_gmt":"2024-07-19T09:06:09","slug":"inzynieria-oprogramowania","status":"publish","type":"page","link":"https:\/\/wi.pb.edu.pl\/p\/marek-kretowski\/dydaktyka\/inzynieria-oprogramowania\/","title":{"rendered":"In\u017cynieria oprogramowania"},"content":{"rendered":"<p align=\"center\"><small>(studia dzienne)<\/small><\/p>\n<hr>\n<p><a title=\"In\u017cynieria oprogramowania \u2013 wyk\u0142ad\" href=\"https:\/\/wi.pb.edu.pl\/p\/katedra-oprogramowania\/prof-dr-hab-inz-marek-kretowski\/dydaktyka\/inzynieria-oprogramowania\/inzynieria-oprogramowania-wyklad\/\">Wyk\u0142ady<\/a>:<small>&nbsp;(15 x 90minut)<\/small><br \/>\nCelem wyk\u0142adu jest przedstawienie ca\u0142ego procesu zwi\u0105zanego z tworzeniem i wykorzystywaniem system\u00f3w informatycznych. Powinien u\u015bwiadomi\u0107 s\u0142uchaczom, \u017ce programowanie jest tylko elementem sk\u0142adowym tego procesu oraz, \u017ce na powodzenie przedsi\u0119wzi\u0119cia maj\u0105 wp\u0142yw wszystkie fazy cyklu \u017cycia oprogramowania. W sk\u0142ad wyk\u0142adu wchodzi r\u00f3wnie\u017c mini-kurs pokazuj\u0105cy wykorzystanie Unified Modeling Language (UML) w modelowaniu i projektowaniu system\u00f3w.<\/p>\n<p><a title=\"In\u017cynieria oprogramowania \u2013 pracownia specjalistyczna\" href=\"https:\/\/wi.pb.edu.pl\/p\/katedra-oprogramowania\/prof-dr-hab-inz-marek-kretowski\/dydaktyka\/inzynieria-oprogramowania\/inzynieria-oprogramowania-pracownia-specjalistyczna\/\">Pracownia specjalistyczna:<\/a><small>&nbsp;(15 x 90minut)<\/small><u><br \/>\n<\/u>Celem zaj\u0119\u0107 jest praktyczne zapoznanie si\u0119 z modelowaniem i projektowaniem w UML-u przy wykorzystaniu narz\u0119dzia CASE. W pierwszej cz\u0119\u015bci zaj\u0119\u0107 rysowane s\u0105 diagramy UML na podstawie zadanych scenariuszy, natomiast w drugiej cz\u0119\u015bci zdobyte umiej\u0119tno\u015bci s\u0105 weryfikowane podczas tworzeniu (wst\u0119pnego) projektu wybranego systemu informatycznego. Praca odbywa si\u0119 indywidualnie (I cz\u0119\u015b\u0107) oraz&nbsp; w grupach 3 osobowych (II cz\u0119\u015b\u0107).<\/p>\n<p><a title=\"\u0179r\u00f3d\u0142a wiedzy\" href=\"https:\/\/wi.pb.edu.pl\/p\/katedra-oprogramowania\/prof-dr-hab-inz-marek-kretowski\/dydaktyka\/zrodla-wiedzy\/\">\u0179r\u00f3d\u0142a wiedzy (literatura, internet)<\/a><\/p>\n<hr>\n<p>&nbsp;<\/p>\n","protected":false},"excerpt":{"rendered":"<p>(studia dzienne) Wyk\u0142ady:&nbsp;(15 x 90minut) Celem wyk\u0142adu jest przedstawienie ca\u0142ego procesu zwi\u0105zanego z tworzeniem i<a class=\"read-more\" href=\"https:\/\/wi.pb.edu.pl\/p\/marek-kretowski\/dydaktyka\/inzynieria-oprogramowania\/\" title=\"Poka\u017c artyku\u0142 In\u017cynieria oprogramowania\">wi\u0119cej<\/a><\/p>\n","protected":false},"author":14,"featured_media":0,"parent":590,"menu_order":0,"comment_status":"closed","ping_status":"closed","template":"","meta":{"inline_featured_image":false,"ngg_post_thumbnail":0,"footnotes":""},"class_list":["post-704","page","type-page","status-publish","hentry"],"acf":[],"yoast_head":"<!-- This site is optimized with the Yoast SEO plugin v26.4 - https:\/\/yoast.com\/wordpress\/plugins\/seo\/ -->\n<title>In\u017cynieria oprogramowania - Strony pracownik\u00f3w Wydzia\u0142u Informatyki Politechniki Bia\u0142ostockiej<\/title>\n<meta name=\"robots\" content=\"index, follow, max-snippet:-1, max-image-preview:large, max-video-preview:-1\" \/>\n<link rel=\"canonical\" href=\"https:\/\/wi.pb.edu.pl\/p\/marek-kretowski\/dydaktyka\/inzynieria-oprogramowania\/\" \/>\n<meta property=\"og:locale\" content=\"pl_PL\" \/>\n<meta property=\"og:type\" content=\"article\" \/>\n<meta property=\"og:title\" content=\"In\u017cynieria oprogramowania - Strony pracownik\u00f3w Wydzia\u0142u Informatyki Politechniki Bia\u0142ostockiej\" \/>\n<meta property=\"og:description\" content=\"(studia dzienne) Wyk\u0142ady:&nbsp;(15 x 90minut) Celem wyk\u0142adu jest przedstawienie ca\u0142ego procesu zwi\u0105zanego z tworzeniem iwi\u0119cej\" \/>\n<meta property=\"og:url\" content=\"https:\/\/wi.pb.edu.pl\/p\/marek-kretowski\/dydaktyka\/inzynieria-oprogramowania\/\" \/>\n<meta property=\"og:site_name\" content=\"Strony pracownik\u00f3w Wydzia\u0142u Informatyki Politechniki Bia\u0142ostockiej\" \/>\n<meta property=\"article:modified_time\" content=\"2024-07-19T09:06:09+00:00\" \/>\n<meta name=\"twitter:card\" content=\"summary_large_image\" \/>\n<meta name=\"twitter:label1\" content=\"Szacowany czas czytania\" \/>\n\t<meta name=\"twitter:data1\" content=\"1 minuta\" \/>\n<script type=\"application\/ld+json\" class=\"yoast-schema-graph\">{\"@context\":\"https:\/\/schema.org\",\"@graph\":[{\"@type\":\"WebPage\",\"@id\":\"https:\/\/wi.pb.edu.pl\/p\/marek-kretowski\/dydaktyka\/inzynieria-oprogramowania\/\",\"url\":\"https:\/\/wi.pb.edu.pl\/p\/marek-kretowski\/dydaktyka\/inzynieria-oprogramowania\/\",\"name\":\"In\u017cynieria oprogramowania - Strony pracownik\u00f3w Wydzia\u0142u Informatyki Politechniki Bia\u0142ostockiej\",\"isPartOf\":{\"@id\":\"https:\/\/wi.pb.edu.pl\/p\/#website\"},\"datePublished\":\"2024-07-19T08:36:54+00:00\",\"dateModified\":\"2024-07-19T09:06:09+00:00\",\"breadcrumb\":{\"@id\":\"https:\/\/wi.pb.edu.pl\/p\/marek-kretowski\/dydaktyka\/inzynieria-oprogramowania\/#breadcrumb\"},\"inLanguage\":\"pl-PL\",\"potentialAction\":[{\"@type\":\"ReadAction\",\"target\":[\"https:\/\/wi.pb.edu.pl\/p\/marek-kretowski\/dydaktyka\/inzynieria-oprogramowania\/\"]}]},{\"@type\":\"BreadcrumbList\",\"@id\":\"https:\/\/wi.pb.edu.pl\/p\/marek-kretowski\/dydaktyka\/inzynieria-oprogramowania\/#breadcrumb\",\"itemListElement\":[{\"@type\":\"ListItem\",\"position\":1,\"name\":\"Strona g\u0142\u00f3wna\",\"item\":\"https:\/\/wi.pb.edu.pl\/p\/\"},{\"@type\":\"ListItem\",\"position\":2,\"name\":\"prof. dr hab. in\u017c. Marek Kr\u0119towski\",\"item\":\"https:\/\/wi.pb.edu.pl\/p\/marek-kretowski\/\"},{\"@type\":\"ListItem\",\"position\":3,\"name\":\"Dydaktyka\",\"item\":\"https:\/\/wi.pb.edu.pl\/p\/marek-kretowski\/dydaktyka\/\"},{\"@type\":\"ListItem\",\"position\":4,\"name\":\"In\u017cynieria oprogramowania\"}]},{\"@type\":\"WebSite\",\"@id\":\"https:\/\/wi.pb.edu.pl\/p\/#website\",\"url\":\"https:\/\/wi.pb.edu.pl\/p\/\",\"name\":\"Strony pracownik\u00f3w Wydzia\u0142u Informatyki Politechniki Bia\u0142ostockiej\",\"description\":\"\",\"potentialAction\":[{\"@type\":\"SearchAction\",\"target\":{\"@type\":\"EntryPoint\",\"urlTemplate\":\"https:\/\/wi.pb.edu.pl\/p\/?s={search_term_string}\"},\"query-input\":{\"@type\":\"PropertyValueSpecification\",\"valueRequired\":true,\"valueName\":\"search_term_string\"}}],\"inLanguage\":\"pl-PL\"}]}<\/script>\n<!-- \/ Yoast SEO plugin. -->","yoast_head_json":{"title":"In\u017cynieria oprogramowania - Strony pracownik\u00f3w Wydzia\u0142u Informatyki Politechniki Bia\u0142ostockiej","robots":{"index":"index","follow":"follow","max-snippet":"max-snippet:-1","max-image-preview":"max-image-preview:large","max-video-preview":"max-video-preview:-1"},"canonical":"https:\/\/wi.pb.edu.pl\/p\/marek-kretowski\/dydaktyka\/inzynieria-oprogramowania\/","og_locale":"pl_PL","og_type":"article","og_title":"In\u017cynieria oprogramowania - Strony pracownik\u00f3w Wydzia\u0142u Informatyki Politechniki Bia\u0142ostockiej","og_description":"(studia dzienne) Wyk\u0142ady:&nbsp;(15 x 90minut) Celem wyk\u0142adu jest przedstawienie ca\u0142ego procesu zwi\u0105zanego z tworzeniem iwi\u0119cej","og_url":"https:\/\/wi.pb.edu.pl\/p\/marek-kretowski\/dydaktyka\/inzynieria-oprogramowania\/","og_site_name":"Strony pracownik\u00f3w Wydzia\u0142u Informatyki Politechniki Bia\u0142ostockiej","article_modified_time":"2024-07-19T09:06:09+00:00","twitter_card":"summary_large_image","twitter_misc":{"Szacowany czas czytania":"1 minuta"},"schema":{"@context":"https:\/\/schema.org","@graph":[{"@type":"WebPage","@id":"https:\/\/wi.pb.edu.pl\/p\/marek-kretowski\/dydaktyka\/inzynieria-oprogramowania\/","url":"https:\/\/wi.pb.edu.pl\/p\/marek-kretowski\/dydaktyka\/inzynieria-oprogramowania\/","name":"In\u017cynieria oprogramowania - Strony pracownik\u00f3w Wydzia\u0142u Informatyki Politechniki Bia\u0142ostockiej","isPartOf":{"@id":"https:\/\/wi.pb.edu.pl\/p\/#website"},"datePublished":"2024-07-19T08:36:54+00:00","dateModified":"2024-07-19T09:06:09+00:00","breadcrumb":{"@id":"https:\/\/wi.pb.edu.pl\/p\/marek-kretowski\/dydaktyka\/inzynieria-oprogramowania\/#breadcrumb"},"inLanguage":"pl-PL","potentialAction":[{"@type":"ReadAction","target":["https:\/\/wi.pb.edu.pl\/p\/marek-kretowski\/dydaktyka\/inzynieria-oprogramowania\/"]}]},{"@type":"BreadcrumbList","@id":"https:\/\/wi.pb.edu.pl\/p\/marek-kretowski\/dydaktyka\/inzynieria-oprogramowania\/#breadcrumb","itemListElement":[{"@type":"ListItem","position":1,"name":"Strona g\u0142\u00f3wna","item":"https:\/\/wi.pb.edu.pl\/p\/"},{"@type":"ListItem","position":2,"name":"prof. dr hab. in\u017c. Marek Kr\u0119towski","item":"https:\/\/wi.pb.edu.pl\/p\/marek-kretowski\/"},{"@type":"ListItem","position":3,"name":"Dydaktyka","item":"https:\/\/wi.pb.edu.pl\/p\/marek-kretowski\/dydaktyka\/"},{"@type":"ListItem","position":4,"name":"In\u017cynieria oprogramowania"}]},{"@type":"WebSite","@id":"https:\/\/wi.pb.edu.pl\/p\/#website","url":"https:\/\/wi.pb.edu.pl\/p\/","name":"Strony pracownik\u00f3w Wydzia\u0142u Informatyki Politechniki Bia\u0142ostockiej","description":"","potentialAction":[{"@type":"SearchAction","target":{"@type":"EntryPoint","urlTemplate":"https:\/\/wi.pb.edu.pl\/p\/?s={search_term_string}"},"query-input":{"@type":"PropertyValueSpecification","valueRequired":true,"valueName":"search_term_string"}}],"inLanguage":"pl-PL"}]}},"_links":{"self":[{"href":"https:\/\/wi.pb.edu.pl\/p\/wp-json\/wp\/v2\/pages\/704","targetHints":{"allow":["GET"]}}],"collection":[{"href":"https:\/\/wi.pb.edu.pl\/p\/wp-json\/wp\/v2\/pages"}],"about":[{"href":"https:\/\/wi.pb.edu.pl\/p\/wp-json\/wp\/v2\/types\/page"}],"author":[{"embeddable":true,"href":"https:\/\/wi.pb.edu.pl\/p\/wp-json\/wp\/v2\/users\/14"}],"replies":[{"embeddable":true,"href":"https:\/\/wi.pb.edu.pl\/p\/wp-json\/wp\/v2\/comments?post=704"}],"version-history":[{"count":2,"href":"https:\/\/wi.pb.edu.pl\/p\/wp-json\/wp\/v2\/pages\/704\/revisions"}],"predecessor-version":[{"id":736,"href":"https:\/\/wi.pb.edu.pl\/p\/wp-json\/wp\/v2\/pages\/704\/revisions\/736"}],"up":[{"embeddable":true,"href":"https:\/\/wi.pb.edu.pl\/p\/wp-json\/wp\/v2\/pages\/590"}],"wp:attachment":[{"href":"https:\/\/wi.pb.edu.pl\/p\/wp-json\/wp\/v2\/media?parent=704"}],"curies":[{"name":"wp","href":"https:\/\/api.w.org\/{rel}","templated":true}]}}