{"id":707,"date":"2024-07-19T10:43:26","date_gmt":"2024-07-19T08:43:26","guid":{"rendered":"https:\/\/wi.pb.edu.pl\/p\/?page_id=707"},"modified":"2024-07-25T11:44:22","modified_gmt":"2024-07-25T09:44:22","slug":"inzynieria-oprogramowania-wyklad","status":"publish","type":"page","link":"https:\/\/wi.pb.edu.pl\/p\/marek-kretowski\/dydaktyka\/inzynieria-oprogramowania\/inzynieria-oprogramowania-wyklad\/","title":{"rendered":"In\u017cynieria oprogramowania &#8211; wyk\u0142ad"},"content":{"rendered":"<p>Celem wyk\u0142adu jest przedstawienie ca\u0142ego procesu zwi\u0105zanego z tworzeniem i wykorzystywaniem system\u00f3w informatycznych. Powinien u\u015bwiadomi\u0107 s\u0142uchaczom, \u017ce programowanie jest tylko elementem sk\u0142adowym tego procesu oraz, \u017ce na powodzenie przedsi\u0119wzi\u0119cia maj\u0105 wp\u0142yw wszystkie fazy cyklu \u017cycia oprogramowania. W sk\u0142ad wyk\u0142adu wchodzi r\u00f3wnie\u017c mini-kurs prezentuj\u0105cy mo\u017ciwo\u015bci wykorzystania Unified Modeling Language (UML) w modelowaniu i projektowaniu system\u00f3w oprogramowania.<\/p>\n<div class=\"table-responsive\">\n<table class=\"table table-bordered\">\n<tbody>\n<tr>\n<td align=\"center\" width=\"8%\" height=\"15\">\n<p align=\"center\"><strong>Nr<\/strong><\/p>\n<\/td>\n<td align=\"center\" width=\"92%\" height=\"15\"><strong>Temat wyk\u0142adu<\/strong><\/td>\n<\/tr>\n<tr>\n<td align=\"center\" width=\"8%\" height=\"15\">1<\/td>\n<td align=\"center\" width=\"92%\" height=\"15\">\n<p align=\"left\">Przedmiot i cele in\u017cynierii oprogramowania, przyczyny powstania IO, metodyka a metodologia, narz\u0119dzia CASE<\/p>\n<\/td>\n<\/tr>\n<tr>\n<td align=\"center\" width=\"8%\" height=\"15\">2<\/td>\n<td align=\"center\" width=\"92%\" height=\"15\">\n<p align=\"left\">Wprowadzenie do UML, diagramy przypadk\u00f3w u\u017cycia systemu, diagramy czynno\u015bci (<a href=\"https:\/\/wi.pb.edu.pl\/p\/wp-content\/uploads\/sites\/3\/2024\/07\/io_02_d.pdf\">pdf<\/a>)<\/p>\n<\/td>\n<\/tr>\n<tr>\n<td align=\"center\" width=\"8%\" height=\"15\">3<\/td>\n<td align=\"center\" width=\"92%\" height=\"15\">\n<p align=\"left\">UML: Diagramy klas i obiekt\u00f3w, pakiety (<a href=\"https:\/\/wi.pb.edu.pl\/p\/wp-content\/uploads\/sites\/3\/2024\/07\/io_03_d.pdf\">pdf<\/a>)<\/p>\n<\/td>\n<\/tr>\n<tr>\n<td align=\"center\" width=\"8%\" height=\"15\">4<\/td>\n<td align=\"center\" width=\"92%\" height=\"15\">\n<p align=\"left\">UML: Diagramy interakcji i stan\u00f3w (<a href=\"https:\/\/wi.pb.edu.pl\/p\/wp-content\/uploads\/sites\/3\/2024\/07\/io_04_d.pdf\">pdf<\/a>)<\/p>\n<\/td>\n<\/tr>\n<tr>\n<td align=\"center\" width=\"8%\" height=\"15\">5<\/td>\n<td align=\"center\" width=\"92%\" height=\"15\">\n<p align=\"left\">UML: Diagramy fizyczne: komponent\u00f3w i wdro\u017cenia&nbsp; (<a href=\"https:\/\/wi.pb.edu.pl\/p\/wp-content\/uploads\/sites\/3\/2024\/07\/io_05_d.pdf\">pdf<\/a>)<\/p>\n<\/td>\n<\/tr>\n<tr>\n<td align=\"center\" width=\"8%\" height=\"15\">6<\/td>\n<td align=\"center\" width=\"92%\" height=\"15\">\n<p align=\"left\">Cykl \u017cycia oprogramowania (modele: wodospadowy, spiralny, COTS, &#8230;)<\/p>\n<\/td>\n<\/tr>\n<tr>\n<td align=\"center\" width=\"8%\" height=\"30\">7<\/td>\n<td align=\"center\" width=\"92%\" height=\"30\">\n<p align=\"left\">In\u017cynieria wymaga\u0144 dla system\u00f3w informatycznych<br \/>\n(metody zbierania informacji, wymagania funkcjonalne i niefunkcjonalne)<\/p>\n<\/td>\n<\/tr>\n<tr>\n<td align=\"center\" width=\"8%\" height=\"15\">8<\/td>\n<td align=\"left\" width=\"92%\" height=\"15\">Modelowanie i projektowanie system\u00f3w<\/td>\n<\/tr>\n<tr>\n<td align=\"center\" width=\"8%\" height=\"15\">9<\/td>\n<td align=\"left\" width=\"92%\" height=\"15\">Implementacja systemu<\/td>\n<\/tr>\n<tr>\n<td align=\"center\" width=\"8%\" height=\"15\">10<\/td>\n<td align=\"left\" width=\"92%\" height=\"15\">Testowanie, weryfikacja i walidacja oprogramowania (testy dynamiczne i statyczne)<\/td>\n<\/tr>\n<tr>\n<td align=\"center\" width=\"8%\" height=\"15\">11<\/td>\n<td align=\"left\" width=\"92%\" height=\"15\">Zapewnienie jako\u015bci oprogramowania i metryki oprogramowania (<a href=\"https:\/\/wi.pb.edu.pl\/p\/wp-content\/uploads\/sites\/3\/2024\/07\/io_11_d.pdf\">pdf<\/a>)<\/td>\n<\/tr>\n<tr>\n<td align=\"center\" width=\"8%\" height=\"15\">12<\/td>\n<td align=\"left\" width=\"92%\" height=\"15\">Dokumentowanie, instalacja, wdra\u017canie oraz konserwacja oprogramowania<\/td>\n<\/tr>\n<tr>\n<td align=\"center\" width=\"8%\" height=\"15\">13<\/td>\n<td align=\"left\" width=\"92%\" height=\"15\">Wiarygodno\u015b\u0107 system\u00f3w informatycznych<\/td>\n<\/tr>\n<tr>\n<td align=\"center\" width=\"8%\" height=\"17\">14<\/td>\n<td align=\"left\" width=\"92%\" height=\"17\">Zarz\u0105dzanie projektami programistycznymi<\/td>\n<\/tr>\n<tr>\n<td align=\"center\" width=\"8%\" height=\"17\">15<\/td>\n<td align=\"left\" width=\"92%\" height=\"17\">Zarz\u0105dzanie ryzykiem w projektach<\/td>\n<\/tr>\n<\/tbody>\n<\/table>\n<p>&nbsp;<\/p>\n<\/div>\n<p><em>Egzamin:<br \/>\n<\/em>B\u0119dzie sk\u0142ada\u0142 si\u0119 z dw\u00f3ch typ\u00f3w zada\u0144: praktycznych (50% oceny) i teoretycznych (50% oceny). W cz\u0119\u015bci praktycznej (2-3 zadania) b\u0119dzie si\u0119 trzeba wykaza\u0107 umiej\u0119tno\u015bci\u0105 tworzenia diagram\u00f3w (UML) na podstawie zadanego scenariusza. W cz\u0119\u015bci teoretyczej nale\u017cy odpowiedzie\u0107 na 3-4 pytania (Uwaga: niekt\u00f3re mog\u0105 wymaga\u0107 pomy\u015blenia!). Obie cz\u0119\u015bci s\u0105 pisemne i nie wolno korzysta\u0107 z \u017cadnych notatek. Aby otrzyma\u0107 ocen\u0119 bdb nale\u017cy zdoby\u0107 90% punkt\u00f3w; na ocen\u0119 dst nale\u017cy uzyska\u0107 50% punkt\u00f3w.<\/p>\n","protected":false},"excerpt":{"rendered":"<p>Celem wyk\u0142adu jest przedstawienie ca\u0142ego procesu zwi\u0105zanego z tworzeniem i wykorzystywaniem system\u00f3w informatycznych. Powinien u\u015bwiadomi\u0107<a class=\"read-more\" href=\"https:\/\/wi.pb.edu.pl\/p\/marek-kretowski\/dydaktyka\/inzynieria-oprogramowania\/inzynieria-oprogramowania-wyklad\/\" title=\"Poka\u017c artyku\u0142 In\u017cynieria oprogramowania &#8211; wyk\u0142ad\">wi\u0119cej<\/a><\/p>\n","protected":false},"author":14,"featured_media":0,"parent":704,"menu_order":0,"comment_status":"closed","ping_status":"closed","template":"","meta":{"inline_featured_image":false,"ngg_post_thumbnail":0,"footnotes":""},"class_list":["post-707","page","type-page","status-publish","hentry"],"acf":[],"yoast_head":"<!-- This site is optimized with the Yoast SEO plugin v26.4 - https:\/\/yoast.com\/wordpress\/plugins\/seo\/ -->\n<title>In\u017cynieria oprogramowania - wyk\u0142ad - Strony pracownik\u00f3w Wydzia\u0142u Informatyki Politechniki Bia\u0142ostockiej<\/title>\n<meta name=\"robots\" content=\"index, follow, max-snippet:-1, max-image-preview:large, max-video-preview:-1\" \/>\n<link rel=\"canonical\" href=\"https:\/\/wi.pb.edu.pl\/p\/marek-kretowski\/dydaktyka\/inzynieria-oprogramowania\/inzynieria-oprogramowania-wyklad\/\" \/>\n<meta property=\"og:locale\" content=\"pl_PL\" \/>\n<meta property=\"og:type\" content=\"article\" \/>\n<meta property=\"og:title\" content=\"In\u017cynieria oprogramowania - wyk\u0142ad - Strony pracownik\u00f3w Wydzia\u0142u Informatyki Politechniki Bia\u0142ostockiej\" \/>\n<meta property=\"og:description\" content=\"Celem wyk\u0142adu jest przedstawienie ca\u0142ego procesu zwi\u0105zanego z tworzeniem i wykorzystywaniem system\u00f3w informatycznych. Powinien u\u015bwiadomi\u0107wi\u0119cej\" \/>\n<meta property=\"og:url\" content=\"https:\/\/wi.pb.edu.pl\/p\/marek-kretowski\/dydaktyka\/inzynieria-oprogramowania\/inzynieria-oprogramowania-wyklad\/\" \/>\n<meta property=\"og:site_name\" content=\"Strony pracownik\u00f3w Wydzia\u0142u Informatyki Politechniki Bia\u0142ostockiej\" \/>\n<meta property=\"article:modified_time\" content=\"2024-07-25T09:44:22+00:00\" \/>\n<meta name=\"twitter:card\" content=\"summary_large_image\" \/>\n<meta name=\"twitter:label1\" content=\"Szacowany czas czytania\" \/>\n\t<meta name=\"twitter:data1\" content=\"2 minuty\" \/>\n<script type=\"application\/ld+json\" class=\"yoast-schema-graph\">{\"@context\":\"https:\/\/schema.org\",\"@graph\":[{\"@type\":\"WebPage\",\"@id\":\"https:\/\/wi.pb.edu.pl\/p\/marek-kretowski\/dydaktyka\/inzynieria-oprogramowania\/inzynieria-oprogramowania-wyklad\/\",\"url\":\"https:\/\/wi.pb.edu.pl\/p\/marek-kretowski\/dydaktyka\/inzynieria-oprogramowania\/inzynieria-oprogramowania-wyklad\/\",\"name\":\"In\u017cynieria oprogramowania - wyk\u0142ad - Strony pracownik\u00f3w Wydzia\u0142u Informatyki Politechniki Bia\u0142ostockiej\",\"isPartOf\":{\"@id\":\"https:\/\/wi.pb.edu.pl\/p\/#website\"},\"datePublished\":\"2024-07-19T08:43:26+00:00\",\"dateModified\":\"2024-07-25T09:44:22+00:00\",\"breadcrumb\":{\"@id\":\"https:\/\/wi.pb.edu.pl\/p\/marek-kretowski\/dydaktyka\/inzynieria-oprogramowania\/inzynieria-oprogramowania-wyklad\/#breadcrumb\"},\"inLanguage\":\"pl-PL\",\"potentialAction\":[{\"@type\":\"ReadAction\",\"target\":[\"https:\/\/wi.pb.edu.pl\/p\/marek-kretowski\/dydaktyka\/inzynieria-oprogramowania\/inzynieria-oprogramowania-wyklad\/\"]}]},{\"@type\":\"BreadcrumbList\",\"@id\":\"https:\/\/wi.pb.edu.pl\/p\/marek-kretowski\/dydaktyka\/inzynieria-oprogramowania\/inzynieria-oprogramowania-wyklad\/#breadcrumb\",\"itemListElement\":[{\"@type\":\"ListItem\",\"position\":1,\"name\":\"Strona g\u0142\u00f3wna\",\"item\":\"https:\/\/wi.pb.edu.pl\/p\/\"},{\"@type\":\"ListItem\",\"position\":2,\"name\":\"prof. dr hab. in\u017c. Marek Kr\u0119towski\",\"item\":\"https:\/\/wi.pb.edu.pl\/p\/marek-kretowski\/\"},{\"@type\":\"ListItem\",\"position\":3,\"name\":\"Dydaktyka\",\"item\":\"https:\/\/wi.pb.edu.pl\/p\/marek-kretowski\/dydaktyka\/\"},{\"@type\":\"ListItem\",\"position\":4,\"name\":\"In\u017cynieria oprogramowania\",\"item\":\"https:\/\/wi.pb.edu.pl\/p\/marek-kretowski\/dydaktyka\/inzynieria-oprogramowania\/\"},{\"@type\":\"ListItem\",\"position\":5,\"name\":\"In\u017cynieria oprogramowania &#8211; wyk\u0142ad\"}]},{\"@type\":\"WebSite\",\"@id\":\"https:\/\/wi.pb.edu.pl\/p\/#website\",\"url\":\"https:\/\/wi.pb.edu.pl\/p\/\",\"name\":\"Strony pracownik\u00f3w Wydzia\u0142u Informatyki Politechniki Bia\u0142ostockiej\",\"description\":\"\",\"potentialAction\":[{\"@type\":\"SearchAction\",\"target\":{\"@type\":\"EntryPoint\",\"urlTemplate\":\"https:\/\/wi.pb.edu.pl\/p\/?s={search_term_string}\"},\"query-input\":{\"@type\":\"PropertyValueSpecification\",\"valueRequired\":true,\"valueName\":\"search_term_string\"}}],\"inLanguage\":\"pl-PL\"}]}<\/script>\n<!-- \/ Yoast SEO plugin. -->","yoast_head_json":{"title":"In\u017cynieria oprogramowania - wyk\u0142ad - Strony pracownik\u00f3w Wydzia\u0142u Informatyki Politechniki Bia\u0142ostockiej","robots":{"index":"index","follow":"follow","max-snippet":"max-snippet:-1","max-image-preview":"max-image-preview:large","max-video-preview":"max-video-preview:-1"},"canonical":"https:\/\/wi.pb.edu.pl\/p\/marek-kretowski\/dydaktyka\/inzynieria-oprogramowania\/inzynieria-oprogramowania-wyklad\/","og_locale":"pl_PL","og_type":"article","og_title":"In\u017cynieria oprogramowania - wyk\u0142ad - Strony pracownik\u00f3w Wydzia\u0142u Informatyki Politechniki Bia\u0142ostockiej","og_description":"Celem wyk\u0142adu jest przedstawienie ca\u0142ego procesu zwi\u0105zanego z tworzeniem i wykorzystywaniem system\u00f3w informatycznych. Powinien u\u015bwiadomi\u0107wi\u0119cej","og_url":"https:\/\/wi.pb.edu.pl\/p\/marek-kretowski\/dydaktyka\/inzynieria-oprogramowania\/inzynieria-oprogramowania-wyklad\/","og_site_name":"Strony pracownik\u00f3w Wydzia\u0142u Informatyki Politechniki Bia\u0142ostockiej","article_modified_time":"2024-07-25T09:44:22+00:00","twitter_card":"summary_large_image","twitter_misc":{"Szacowany czas czytania":"2 minuty"},"schema":{"@context":"https:\/\/schema.org","@graph":[{"@type":"WebPage","@id":"https:\/\/wi.pb.edu.pl\/p\/marek-kretowski\/dydaktyka\/inzynieria-oprogramowania\/inzynieria-oprogramowania-wyklad\/","url":"https:\/\/wi.pb.edu.pl\/p\/marek-kretowski\/dydaktyka\/inzynieria-oprogramowania\/inzynieria-oprogramowania-wyklad\/","name":"In\u017cynieria oprogramowania - wyk\u0142ad - Strony pracownik\u00f3w Wydzia\u0142u Informatyki Politechniki Bia\u0142ostockiej","isPartOf":{"@id":"https:\/\/wi.pb.edu.pl\/p\/#website"},"datePublished":"2024-07-19T08:43:26+00:00","dateModified":"2024-07-25T09:44:22+00:00","breadcrumb":{"@id":"https:\/\/wi.pb.edu.pl\/p\/marek-kretowski\/dydaktyka\/inzynieria-oprogramowania\/inzynieria-oprogramowania-wyklad\/#breadcrumb"},"inLanguage":"pl-PL","potentialAction":[{"@type":"ReadAction","target":["https:\/\/wi.pb.edu.pl\/p\/marek-kretowski\/dydaktyka\/inzynieria-oprogramowania\/inzynieria-oprogramowania-wyklad\/"]}]},{"@type":"BreadcrumbList","@id":"https:\/\/wi.pb.edu.pl\/p\/marek-kretowski\/dydaktyka\/inzynieria-oprogramowania\/inzynieria-oprogramowania-wyklad\/#breadcrumb","itemListElement":[{"@type":"ListItem","position":1,"name":"Strona g\u0142\u00f3wna","item":"https:\/\/wi.pb.edu.pl\/p\/"},{"@type":"ListItem","position":2,"name":"prof. dr hab. in\u017c. Marek Kr\u0119towski","item":"https:\/\/wi.pb.edu.pl\/p\/marek-kretowski\/"},{"@type":"ListItem","position":3,"name":"Dydaktyka","item":"https:\/\/wi.pb.edu.pl\/p\/marek-kretowski\/dydaktyka\/"},{"@type":"ListItem","position":4,"name":"In\u017cynieria oprogramowania","item":"https:\/\/wi.pb.edu.pl\/p\/marek-kretowski\/dydaktyka\/inzynieria-oprogramowania\/"},{"@type":"ListItem","position":5,"name":"In\u017cynieria oprogramowania &#8211; wyk\u0142ad"}]},{"@type":"WebSite","@id":"https:\/\/wi.pb.edu.pl\/p\/#website","url":"https:\/\/wi.pb.edu.pl\/p\/","name":"Strony pracownik\u00f3w Wydzia\u0142u Informatyki Politechniki Bia\u0142ostockiej","description":"","potentialAction":[{"@type":"SearchAction","target":{"@type":"EntryPoint","urlTemplate":"https:\/\/wi.pb.edu.pl\/p\/?s={search_term_string}"},"query-input":{"@type":"PropertyValueSpecification","valueRequired":true,"valueName":"search_term_string"}}],"inLanguage":"pl-PL"}]}},"_links":{"self":[{"href":"https:\/\/wi.pb.edu.pl\/p\/wp-json\/wp\/v2\/pages\/707","targetHints":{"allow":["GET"]}}],"collection":[{"href":"https:\/\/wi.pb.edu.pl\/p\/wp-json\/wp\/v2\/pages"}],"about":[{"href":"https:\/\/wi.pb.edu.pl\/p\/wp-json\/wp\/v2\/types\/page"}],"author":[{"embeddable":true,"href":"https:\/\/wi.pb.edu.pl\/p\/wp-json\/wp\/v2\/users\/14"}],"replies":[{"embeddable":true,"href":"https:\/\/wi.pb.edu.pl\/p\/wp-json\/wp\/v2\/comments?post=707"}],"version-history":[{"count":4,"href":"https:\/\/wi.pb.edu.pl\/p\/wp-json\/wp\/v2\/pages\/707\/revisions"}],"predecessor-version":[{"id":1525,"href":"https:\/\/wi.pb.edu.pl\/p\/wp-json\/wp\/v2\/pages\/707\/revisions\/1525"}],"up":[{"embeddable":true,"href":"https:\/\/wi.pb.edu.pl\/p\/wp-json\/wp\/v2\/pages\/704"}],"wp:attachment":[{"href":"https:\/\/wi.pb.edu.pl\/p\/wp-json\/wp\/v2\/media?parent=707"}],"curies":[{"name":"wp","href":"https:\/\/api.w.org\/{rel}","templated":true}]}}