{"id":715,"date":"2024-07-19T10:47:50","date_gmt":"2024-07-19T08:47:50","guid":{"rendered":"https:\/\/wi.pb.edu.pl\/p\/?page_id=715"},"modified":"2024-07-25T11:43:03","modified_gmt":"2024-07-25T09:43:03","slug":"inzynieria-oprogramowania-pracownia-specjalistyczna","status":"publish","type":"page","link":"https:\/\/wi.pb.edu.pl\/p\/marek-kretowski\/dydaktyka\/inzynieria-oprogramowania\/inzynieria-oprogramowania-pracownia-specjalistyczna\/","title":{"rendered":"In\u017cynieria oprogramowania &#8211; pracownia specjalistyczna"},"content":{"rendered":"<p>Celem zaj\u0119\u0107 jest praktyczne zapoznanie si\u0119 z modelowaniem i projektowaniem w UML-u przy wykorzystaniu narz\u0119dzia CASE. W pierwszej cz\u0119\u015bci zaj\u0119\u0107 rysowane s\u0105 diagramy UML na podstawie zadanych scenariuszy, natomiast w drugiej cz\u0119\u015bci zdobyte umiej\u0119tno\u015bci s\u0105 weryfikowane podczas tworzeniu (wst\u0119pnego) projektu wybranego systemu informatycznego. Praca odbywa si\u0119 indywidualnie (I cz\u0119\u015b\u0107) oraz&nbsp; w grupach 3 osobowych (II cz\u0119\u015b\u0107).<\/p>\n<div class=\"table-responsive\">\n<table class=\"table table-bordered\">\n<tbody>\n<tr style=\"height: 32px\">\n<td style=\"height: 32px\" align=\"center\">\n<p align=\"center\"><strong>Nr<\/strong><\/p>\n<\/td>\n<td style=\"height: 32px\" align=\"center\"><strong>Temat zaj\u0119\u0107<\/strong><\/td>\n<td style=\"height: 32px\" align=\"center\" nowrap=\"nowrap\"><strong>Uwagi<\/strong><\/td>\n<\/tr>\n<tr style=\"height: 53px\">\n<td style=\"height: 53px\" align=\"center\">1<\/td>\n<td style=\"height: 53px\" align=\"center\">\n<p align=\"left\">Przedstawienie wymaga\u0144 i sposobu prowadzenia zaj\u0119\u0107, utworzenie zespo\u0142\u00f3w, pokaz dzia\u0142ania program\u00f3w Rational Rose i Visual Paradigm for UML<\/p>\n<\/td>\n<td style=\"height: 53px\" align=\"center\" nowrap=\"nowrap\">&nbsp;<\/td>\n<\/tr>\n<tr style=\"height: 32px\">\n<td style=\"height: 32px\" align=\"center\">2<\/td>\n<td style=\"height: 32px\" align=\"center\">\n<p align=\"left\"><a title=\"Pracownia specjalistyczna \u2013 wprawki UML\" href=\"https:\/\/wi.pb.edu.pl\/p\/katedra-oprogramowania\/prof-dr-hab-inz-marek-kretowski\/dydaktyka\/pracownia-specjalistyczna-wprawki-uml\/\">Wprawki&nbsp;<\/a>&#8211; diagram przypadk\u00f3w u\u017cycia, opisywanie przypadk\u00f3w u\u017cycia<\/p>\n<\/td>\n<td style=\"height: 32px\" align=\"center\" nowrap=\"nowrap\">&nbsp;<\/td>\n<\/tr>\n<tr style=\"height: 32px\">\n<td style=\"height: 32px\" align=\"center\">3<\/td>\n<td style=\"height: 32px\" align=\"center\">\n<p align=\"left\"><a title=\"Pracownia specjalistyczna \u2013 wprawki UML\" href=\"https:\/\/wi.pb.edu.pl\/p\/katedra-oprogramowania\/prof-dr-hab-inz-marek-kretowski\/dydaktyka\/pracownia-specjalistyczna-wprawki-uml\/\">Wprawki&nbsp;<\/a>&#8211; diagram klas, pakiety<\/p>\n<\/td>\n<td style=\"height: 32px\" align=\"center\" nowrap=\"nowrap\">SP (d. przyp.u\u017c.- 2 pkt.)<\/td>\n<\/tr>\n<tr style=\"height: 32px\">\n<td style=\"height: 32px\" align=\"center\">4<\/td>\n<td style=\"height: 32px\" align=\"center\">\n<p align=\"left\"><a title=\"Pracownia specjalistyczna \u2013 wprawki UML\" href=\"https:\/\/wi.pb.edu.pl\/p\/katedra-oprogramowania\/prof-dr-hab-inz-marek-kretowski\/dydaktyka\/pracownia-specjalistyczna-wprawki-uml\/\">Wprawki&nbsp;<\/a>&#8211; diagram czynno\u015bci<\/p>\n<\/td>\n<td style=\"height: 32px\" align=\"center\" nowrap=\"nowrap\">SP (d. klas &#8211; 3 pkt.)<\/td>\n<\/tr>\n<tr style=\"height: 32px\">\n<td style=\"height: 32px\" align=\"center\">5<\/td>\n<td style=\"height: 32px\" align=\"center\">\n<p align=\"left\"><a title=\"Pracownia specjalistyczna \u2013 wprawki UML\" href=\"https:\/\/wi.pb.edu.pl\/p\/katedra-oprogramowania\/prof-dr-hab-inz-marek-kretowski\/dydaktyka\/pracownia-specjalistyczna-wprawki-uml\/\">Wprawki&nbsp;<\/a>&#8211; diagram stan\u00f3w<\/p>\n<\/td>\n<td style=\"height: 32px\" align=\"center\" nowrap=\"nowrap\">SP (d. czyn. &#8211; 2.5 pkt.)<\/td>\n<\/tr>\n<tr style=\"height: 32px\">\n<td style=\"height: 32px\" align=\"center\">6<\/td>\n<td style=\"height: 32px\" align=\"center\">\n<p align=\"left\"><a title=\"Pracownia specjalistyczna \u2013 wprawki UML\" href=\"https:\/\/wi.pb.edu.pl\/p\/katedra-oprogramowania\/prof-dr-hab-inz-marek-kretowski\/dydaktyka\/pracownia-specjalistyczna-wprawki-uml\/\">Wprawki&nbsp;<\/a>&#8211; diagramy interakcji (przebiegu)<\/p>\n<\/td>\n<td style=\"height: 32px\" align=\"center\" nowrap=\"nowrap\">SP (d. st. &#8211; 2.5 pkt.)<\/td>\n<\/tr>\n<tr style=\"height: 32px\">\n<td style=\"height: 32px\" align=\"center\">7<\/td>\n<td style=\"height: 32px\" align=\"center\">\n<p align=\"left\"><a title=\"Pracownia specjalistyczna \u2013 wprawki UML\" href=\"https:\/\/wi.pb.edu.pl\/p\/katedra-oprogramowania\/prof-dr-hab-inz-marek-kretowski\/dydaktyka\/pracownia-specjalistyczna-wprawki-uml\/\">Wprawki&nbsp;<\/a>&#8211; diagramy fizyczne (komponent\u00f3w i wdro\u017cenia)<\/p>\n<\/td>\n<td style=\"height: 32px\" align=\"center\" nowrap=\"nowrap\">SP (d. int. &#8211; 2.5 pkt.)<\/td>\n<\/tr>\n<tr style=\"height: 32px\">\n<td style=\"height: 32px\" align=\"center\">8<\/td>\n<td style=\"height: 32px\" align=\"center\">\n<p align=\"left\">Uzgadnianie tematyki zadania grupowego, okre\u015blanie cel\u00f3w i zakresu projektowanego systemu oraz korzy\u015bci z jego wdro\u017cenia<\/p>\n<\/td>\n<td style=\"height: 32px\" align=\"center\" nowrap=\"nowrap\">SP (d. fiz. &#8211; 2.5 pkt.)<\/td>\n<\/tr>\n<tr style=\"height: 32px\">\n<td style=\"height: 32px\" align=\"center\">9<\/td>\n<td style=\"height: 32px\" align=\"center\">\n<p align=\"left\">Tworzenie i opisywanie diagram\u00f3w przypadk\u00f3w u\u017cycia, projektowanie interefjsu u\u017cytkownika<\/p>\n<\/td>\n<td style=\"height: 32px\" align=\"center\" nowrap=\"nowrap\">TC (p. 2, 5.4)<\/td>\n<\/tr>\n<tr style=\"height: 53px\">\n<td style=\"height: 53px\" align=\"center\">10<\/td>\n<td style=\"height: 53px\" align=\"center\">\n<p align=\"left\">Tworzenie diagramu klas, identyfikowanie atrybut\u00f3w i metod, opracowywanie realizacji przypadk\u00f3w u\u017cycia, d. interakcji &#8211; poziom poj\u0119ciowy<\/p>\n<\/td>\n<td style=\"height: 53px\" align=\"center\" nowrap=\"nowrap\">TC (p. 4.1)<\/td>\n<\/tr>\n<tr style=\"height: 32px\">\n<td style=\"height: 32px\" align=\"center\">11<\/td>\n<td style=\"height: 32px\" align=\"center\">\n<p align=\"left\">Opracowywanie realizacji przypadk\u00f3w u\u017cycia, tworzenie diagram\u00f3w przebiegu &#8211; poziom implementacyjny, czynno\u015bci<\/p>\n<\/td>\n<td style=\"height: 32px\" align=\"center\" nowrap=\"nowrap\">TC (p. 5.1, 5.2)<\/td>\n<\/tr>\n<tr style=\"height: 32px\">\n<td style=\"height: 32px\" align=\"center\">12<\/td>\n<td style=\"height: 32px\" align=\"center\">\n<p align=\"left\">Przygotowywanie diagram\u00f3w zmiany stanu<\/p>\n<\/td>\n<td style=\"height: 32px\" align=\"center\" nowrap=\"nowrap\">TC (p. 4.2, 4.3)<\/td>\n<\/tr>\n<tr style=\"height: 53px\">\n<td style=\"height: 53px\" align=\"center\">13<\/td>\n<td style=\"height: 53px\" align=\"center\">\n<p align=\"left\">Specyfikowanie wymaga\u0144 niefunkcjonalnych i propozycji technologii informatycznych, przygotowanie proponowanego planu pracy i analiza ryzyka projektu<\/p>\n<\/td>\n<td style=\"height: 53px\" align=\"center\" nowrap=\"nowrap\">TC (p. 5.3)<\/td>\n<\/tr>\n<tr style=\"height: 32px\">\n<td style=\"height: 32px\" align=\"center\">14<\/td>\n<td style=\"height: 32px\" align=\"center\">\n<p align=\"left\">Prezentacja projektu, przedstawienie podzia\u0142u pracy i przekazanie sprawozdania projektowego do oceny<\/p>\n<\/td>\n<td style=\"height: 32px\" align=\"center\" nowrap=\"nowrap\">TK<\/td>\n<\/tr>\n<tr style=\"height: 32px\">\n<td style=\"height: 32px\" align=\"center\">15<\/td>\n<td style=\"height: 32px\" align=\"center\">\n<p align=\"left\">Ewentualna weryfikacja zadeklarowanego podzia\u0142u pracy, om\u00f3wienie oceny punktowej, wpisy ocen<\/p>\n<\/td>\n<td style=\"height: 32px\" align=\"center\" nowrap=\"nowrap\">&nbsp;<\/td>\n<\/tr>\n<\/tbody>\n<\/table>\n<p>&nbsp;<\/p>\n<\/div>\n<p><em>Spos\u00f3b zaliczenia pracowni specjalistycznej:<\/em><br \/>\n&nbsp;&nbsp;&nbsp; Ocena ko\u0144cowa jest wyliczana na podstawie:<br \/>\n&nbsp;&nbsp;&nbsp; &#8211; kr\u00f3tkich sprawdzian\u00f3w (SP) (od 0 do 15 punkt\u00f3w), zdobycie 50% punt\u00f3w ze sprawdzian\u00f3w jest warunkiem koniecznym zaliczenia,<br \/>\n&nbsp;&nbsp;&nbsp; &#8211; zdobyczy punktowej za rozwi\u0105zanie projektowe (od 0 do 15 punkt\u00f3w),<br \/>\n&nbsp;&nbsp;&nbsp; &#8211; terminowo\u015bci pracy:<br \/>\n&nbsp;&nbsp;&nbsp;&nbsp;&nbsp;&nbsp;&nbsp; &#8211; terminy cz\u0105stkowe (TC): ka\u017cdy tydzie\u0144 op\u00f3\u017anienia to strata 0.5 punkta,<br \/>\n&nbsp;&nbsp;&nbsp;&nbsp;&nbsp;&nbsp;&nbsp; &#8211; termin ko\u0144cowy (TK): ka\u017cdy tydzie\u0144 op\u00f3\u017anienia strata 2.5 punkta),<br \/>\n&nbsp;&nbsp;&nbsp; &#8211; podzia\u0142u pracy w ramach zespo\u0142u,<br \/>\n&nbsp;&nbsp;&nbsp; &#8211; obrony projektu.<\/p>\n<p>&nbsp;&nbsp;&nbsp; Przeliczenie punkt\u00f3w na oceny jest nast\u0119puj\u0105ce:<\/p>\n<p>&nbsp;<\/p>\n<div class=\"table-responsive\">\n<table class=\"table table-bordered\">\n<tbody>\n<tr>\n<td><strong>Punkty<\/strong><\/td>\n<td align=\"center\">30.0-27.0<\/td>\n<td align=\"center\">26.75 &#8211; 24.0<\/td>\n<td align=\"center\">23.75 &#8211; 21.0<\/td>\n<td align=\"center\">20.75 &#8211; 18.0<\/td>\n<td align=\"center\">17.75 &#8211; 15.0<\/td>\n<\/tr>\n<tr>\n<td><strong>Ocena<\/strong><\/td>\n<td align=\"center\">5,0<\/td>\n<td align=\"center\">4,5<\/td>\n<td align=\"center\">4,0<\/td>\n<td align=\"center\">3,5<\/td>\n<td align=\"center\">3,0<\/td>\n<\/tr>\n<\/tbody>\n<\/table>\n<p>&nbsp;<\/p>\n<\/div>\n<p><em>Zawarto\u015b\u0107 sprawozdania projektowego:<br \/>\n<\/em>&nbsp;&nbsp;&nbsp; 0. Metryczka (uczelnia, wydzia\u0142, kierunek, przedmiot, rok i semestr studi\u00f3w, prowadz\u0105cy i data przekazania sprawozdania)<br \/>\n&nbsp;&nbsp;&nbsp;&nbsp;&nbsp;&nbsp;&nbsp; 0.1. Sk\u0142ad zespo\u0142u i podzia\u0142 pracy pomi\u0119dzy poszczeg\u00f3lnych uczestnik\u00f3w zespo\u0142u<br \/>\n&nbsp;&nbsp;&nbsp;&nbsp;&nbsp;&nbsp;&nbsp; 0.2. Proponowana punktacja<br \/>\n&nbsp;&nbsp;&nbsp; 1. Tre\u015b\u0107 zadania projektowego<br \/>\n&nbsp;&nbsp;&nbsp; 2. Cel budowania systemu, jego zakres oraz kontekst, przewidywalne mierzalne i niemierzalne korzy\u015bci z jego wdro\u017cenia<br \/>\n&nbsp;&nbsp;&nbsp; 3. S\u0142ownik (definiuj\u0105cy wa\u017cne, specyficzne terminy zwi\u0105zane z dziedzin\u0105 problemu, wykorzystywane w projekcie)<br \/>\n&nbsp;&nbsp;&nbsp; 4. Perspektywa przypadk\u00f3w u\u017cycia:<br \/>\n&nbsp;&nbsp;&nbsp;&nbsp;&nbsp;&nbsp;&nbsp; 4.1. Diagramy przypadk\u00f3w u\u017cycia (co najmniej 10 przypadk\u00f3w u\u017cycia)<br \/>\n&nbsp;&nbsp;&nbsp;&nbsp;&nbsp;&nbsp;&nbsp;&nbsp;&nbsp;&nbsp; 4.1.1. Opisy tekstowe wszystkich aktor\u00f3w<br \/>\n&nbsp;&nbsp;&nbsp;&nbsp;&nbsp;&nbsp;&nbsp;&nbsp;&nbsp;&nbsp; 4.1.2. Opisy tekstowe wszystkich przypadk\u00f3w u\u017cycia<br \/>\n&nbsp;&nbsp;&nbsp;&nbsp;&nbsp;&nbsp;&nbsp;&nbsp;&nbsp;&nbsp;&nbsp; &nbsp;&nbsp;&nbsp; &#8211; nazw\u0119 przypadku<br \/>\n&nbsp;&nbsp;&nbsp;&nbsp;&nbsp;&nbsp;&nbsp;&nbsp;&nbsp;&nbsp;&nbsp; &nbsp;&nbsp;&nbsp; &#8211; wykaz uczestnicz\u0105cych w nim aktor\u00f3w<br \/>\n&nbsp;&nbsp;&nbsp;&nbsp;&nbsp;&nbsp;&nbsp;&nbsp;&nbsp;&nbsp;&nbsp; &nbsp;&nbsp;&nbsp; &#8211; opis tekstowy ci\u0105gu zdarze\u0144, zar\u00f3wno podstawowego jak i alternatywnych (np. awaryjnego)<br \/>\n&nbsp;&nbsp;&nbsp;&nbsp;&nbsp;&nbsp;&nbsp;&nbsp;&nbsp;&nbsp;&nbsp; &nbsp;&nbsp;&nbsp; &#8211; cz\u0119stotliwo\u015b\u0107 wykonania, przewidywane spi\u0119trzenia oraz czasy realizacji (typowy, maksymalny)<br \/>\n&nbsp;&nbsp;&nbsp;&nbsp;&nbsp;&nbsp;&nbsp;&nbsp;&nbsp;&nbsp;&nbsp; &nbsp;&nbsp;&nbsp; &#8211; opis warto\u015bci uzyskiwanych przez aktor\u00f3w po zako\u0144czeniu przypadku u\u017cycia<br \/>\n&nbsp;&nbsp;&nbsp;&nbsp;&nbsp;&nbsp;&nbsp; 4.2. Diagramy czynno\u015bci (3 przyk\u0142adowe diagramy)<br \/>\n&nbsp;&nbsp;&nbsp;&nbsp;&nbsp;&nbsp;&nbsp; 4.3. Diagramy interakcji (przebiegu) z opisem tekstowym komunikat\u00f3w (3 przyk\u0142adowe diagramy)<br \/>\n&nbsp;&nbsp;&nbsp; 5. Perspektywa projektowa:<br \/>\n&nbsp;&nbsp;&nbsp;&nbsp;&nbsp;&nbsp;&nbsp; 5.1. Diagram klas<br \/>\n&nbsp;&nbsp;&nbsp;&nbsp;&nbsp;&nbsp;&nbsp; 5.2. Uporz\u0105dkowany alfabetycznie wykaz wszystkich klas, zawieraj\u0105cy:<br \/>\n&nbsp;&nbsp;&nbsp;&nbsp;&nbsp;&nbsp;&nbsp;&nbsp;&nbsp;&nbsp;&nbsp;&nbsp;&nbsp;&nbsp;&nbsp; &#8211; kr\u00f3tki opis tekstowy<br \/>\n&nbsp;&nbsp;&nbsp;&nbsp;&nbsp;&nbsp;&nbsp;&nbsp;&nbsp;&nbsp;&nbsp;&nbsp;&nbsp;&nbsp;&nbsp; &#8211; wykaz wszystkich zidentyfikowanych atrybut\u00f3w i metod (z kr\u00f3tkim opisem tekstowym)<br \/>\n&nbsp;&nbsp;&nbsp;&nbsp;&nbsp;&nbsp;&nbsp; 5.3. Diagramy stan\u00f3w (3 diagramy dla wybranych klas) wraz z opisem tekstowym wyst\u0119puj\u0105cym na nich element\u00f3w<br \/>\n&nbsp;&nbsp;&nbsp;&nbsp;&nbsp;&nbsp;&nbsp; 5.4. Propozycje interfejsu u\u017cytkownika (okno g\u0142\u00f3wne, menu g\u0142\u00f3wne i podr\u0119czne, kluczowe formatki dialogowe, itp&#8230;)<br \/>\n&nbsp;&nbsp;&nbsp; 6. Wymagania niefunkcjonalne dla system, w tym m.in.:<br \/>\n&nbsp;&nbsp;&nbsp;&nbsp;&nbsp;&nbsp;&nbsp; 6.1. Oszacowanie wielko\u015bci bazy danych<br \/>\n&nbsp;&nbsp;&nbsp;&nbsp;&nbsp;&nbsp;&nbsp; 6.2. Propozycja wymaganych czas\u00f3w odpowiedzi<br \/>\n&nbsp;&nbsp;&nbsp;&nbsp;&nbsp;&nbsp;&nbsp; 6.3. Oszacowanie ilo\u015bci i typ\u00f3w potrzebnych stanowisk pracy u\u017cytkownik\u00f3w systemu&nbsp;<br \/>\n&nbsp;&nbsp;&nbsp; 7. Propozycja technologii informatycznych, kt\u00f3re mog\u0105 zosta\u0107 wykorzystane do realizacji systemu (sprz\u0119t, oprogramowanie)<br \/>\n&nbsp;&nbsp;&nbsp;&nbsp;&nbsp;&nbsp;&nbsp; &#8211; diagram(-y) wdro\u017cenia<br \/>\n&nbsp;&nbsp;&nbsp; 8. Propozycja planu pracy zawieraj\u0105ca, przynajmniej:<br \/>\n&nbsp;&nbsp;&nbsp;&nbsp;&nbsp;&nbsp;&nbsp; &#8211; wyr\u00f3\u017cnione etapy (powi\u0105zane z konkretnymi cz\u0119\u015bciami systemu, realizowanymi komponentami, &#8230;)<br \/>\n&nbsp;&nbsp;&nbsp;&nbsp;&nbsp;&nbsp;&nbsp;&nbsp;&nbsp; z podanym czasem trwania ka\u017cdego etapu (dni robocze)<br \/>\n&nbsp;&nbsp;&nbsp;&nbsp;&nbsp;&nbsp;&nbsp; &#8211; zale\u017cno\u015bci pomi\u0119dzy etapami (np. co musi by\u0107 zako\u0144czone przed rozpocz\u0119ciem kolejnego etapu)<br \/>\n&nbsp;&nbsp;&nbsp;&nbsp;&nbsp;&nbsp;&nbsp; &#8211; alokacja zasob\u00f3w ludzkich do realizacji poszczeg\u00f3lnych etap\u00f3w<br \/>\n&nbsp;&nbsp;&nbsp; 9. Analiza ryzyka projektu&nbsp;zawieraj\u0105ca wykaz przewidywanych zagro\u017ce\u0144 (tylko zagro\u017cenia specyficzne dla projektu):<br \/>\n&nbsp;&nbsp;&nbsp;&nbsp;&nbsp;&nbsp;&nbsp; &#8211; prawdopodobie\u0144stwo\/szansa wyst\u0105pienia (np.: znikome, \u015brednie, du\u017ce, bardzo du\u017ce)<br \/>\n&nbsp;&nbsp;&nbsp;&nbsp;&nbsp;&nbsp;&nbsp; &#8211; stopie\u0144 szkodliwo\u015bci w przypadku wyst\u0105pienia (np.: du\u017cy, \u015bredni, ma\u0142y)<br \/>\n&nbsp;&nbsp;&nbsp;&nbsp;&nbsp;&nbsp;&nbsp; &#8211; propozycje metod zapobiegania danemu zagro\u017ceniu<br \/>\n&nbsp;&nbsp;&nbsp;&nbsp;&nbsp;&nbsp;&nbsp; &#8211; plan awaryjny (spos\u00f3b post\u0119powania) w przypadku wyst\u0105pienia zagro\u017cenia<br \/>\n&nbsp; 10. Kosztorys realizacji przedsi\u0119wzi\u0119cia (koszty projektu, oprogramowania, systemu, szkole\u0144, wdro\u017cenia oraz konsultacji)<br \/>\n&nbsp;&nbsp;&nbsp;&nbsp;&nbsp;&nbsp;&nbsp; &#8211; w rozbiciu na mniejsze jednostki (etapy, podsystemy, modu\u0142y,&#8230;)<br \/>\n&nbsp;&nbsp;&nbsp;&nbsp;&nbsp;&nbsp;&nbsp; &#8211; warunki p\u0142atno\u015bci, spos\u00f3b odbioru<br \/>\n&nbsp;&nbsp;&nbsp;&nbsp;&nbsp;&nbsp;&nbsp; &#8211;&nbsp;mo\u017ce by\u0107 wariantowy&nbsp;<\/p>\n<p><em>Kilka uwag dotycz\u0105cych formy sprawozdania:<br \/>\n<\/em>&nbsp;&nbsp;&nbsp; 1. Bez zb\u0119dnych upi\u0119ksze\u0144<br \/>\n&nbsp;&nbsp;&nbsp; 2. Ca\u0142o\u015b\u0107 &#8222;zszyta&#8221; w spos\u00f3b trwa\u0142y<br \/>\n&nbsp;&nbsp;&nbsp; 3. Wydruk dwustronny<br \/>\n&nbsp;&nbsp;&nbsp; 4. Sprawdzona ortografia<\/p>\n<p><em>Przygotowanie materia\u0142\u00f3w przekazywanych do oceny:<br \/>\n<\/em>&nbsp;&nbsp;&nbsp; 1. Dokumentacja projektu w formie papierowej zawieraj\u0105ca wszystkie elementy okre\u015blone w \u201cZawarto\u015bci sprawozdania projektowego\u201d<br \/>\n&nbsp;&nbsp;&nbsp; 2. P\u0142ytka CD zawieraj\u0105ca:<br \/>\n&nbsp;&nbsp;&nbsp;&nbsp;&nbsp;&nbsp;&nbsp;&nbsp;&nbsp;&nbsp;&nbsp; &#8211; w katalogu exc_desc dokument z tre\u015bci\u0105 zadania projektowego<br \/>\n&nbsp;&nbsp;&nbsp;&nbsp;&nbsp;&nbsp;&nbsp;&nbsp;&nbsp;&nbsp;&nbsp; &#8211; w katalogu doc dokument stanowi\u0105cy sprawozdanie<br \/>\n&nbsp;&nbsp;&nbsp;&nbsp;&nbsp;&nbsp;&nbsp;&nbsp;&nbsp;&nbsp;&nbsp; &#8211; w katalogu src pliki z diagramami UML (utworzone w Rational Rose, Poseidon lub innych narz\u0119dziach)<br \/>\n&nbsp;&nbsp;&nbsp;&nbsp;&nbsp;&nbsp;&nbsp; Wszystkie pliki dokumentacji w formacie edytora w kt\u00f3rym zosta\u0142y stworzone (doc, sxw, &#8230;) i w formacie pdf<br \/>\n&nbsp;&nbsp;&nbsp;&nbsp;&nbsp;&nbsp;&nbsp; P\u0142ytka podpisana nast\u0119puj\u0105co: IO, rok akademicki, semestr, rodzaj studi\u00f3w, nazwiska student\u00f3w<br \/>\n&nbsp;&nbsp;&nbsp;&nbsp;&nbsp;&nbsp;&nbsp; (np. IO, 2004\/05, V, dzienne lic., Adamski, Kowalski, Nowak)<\/p>\n","protected":false},"excerpt":{"rendered":"<p>Celem zaj\u0119\u0107 jest praktyczne zapoznanie si\u0119 z modelowaniem i projektowaniem w UML-u przy wykorzystaniu narz\u0119dzia<a class=\"read-more\" href=\"https:\/\/wi.pb.edu.pl\/p\/marek-kretowski\/dydaktyka\/inzynieria-oprogramowania\/inzynieria-oprogramowania-pracownia-specjalistyczna\/\" title=\"Poka\u017c artyku\u0142 In\u017cynieria oprogramowania &#8211; pracownia specjalistyczna\">wi\u0119cej<\/a><\/p>\n","protected":false},"author":14,"featured_media":0,"parent":704,"menu_order":0,"comment_status":"closed","ping_status":"closed","template":"","meta":{"inline_featured_image":false,"ngg_post_thumbnail":0,"footnotes":""},"class_list":["post-715","page","type-page","status-publish","hentry"],"acf":[],"yoast_head":"<!-- This site is optimized with the Yoast SEO plugin v26.4 - https:\/\/yoast.com\/wordpress\/plugins\/seo\/ -->\n<title>In\u017cynieria oprogramowania - pracownia specjalistyczna - Strony pracownik\u00f3w Wydzia\u0142u Informatyki Politechniki Bia\u0142ostockiej<\/title>\n<meta name=\"robots\" content=\"index, follow, max-snippet:-1, max-image-preview:large, max-video-preview:-1\" \/>\n<link rel=\"canonical\" href=\"https:\/\/wi.pb.edu.pl\/p\/marek-kretowski\/dydaktyka\/inzynieria-oprogramowania\/inzynieria-oprogramowania-pracownia-specjalistyczna\/\" \/>\n<meta property=\"og:locale\" content=\"pl_PL\" \/>\n<meta property=\"og:type\" content=\"article\" \/>\n<meta property=\"og:title\" content=\"In\u017cynieria oprogramowania - pracownia specjalistyczna - Strony pracownik\u00f3w Wydzia\u0142u Informatyki Politechniki Bia\u0142ostockiej\" \/>\n<meta property=\"og:description\" content=\"Celem zaj\u0119\u0107 jest praktyczne zapoznanie si\u0119 z modelowaniem i projektowaniem w UML-u przy wykorzystaniu narz\u0119dziawi\u0119cej\" \/>\n<meta property=\"og:url\" content=\"https:\/\/wi.pb.edu.pl\/p\/marek-kretowski\/dydaktyka\/inzynieria-oprogramowania\/inzynieria-oprogramowania-pracownia-specjalistyczna\/\" \/>\n<meta property=\"og:site_name\" content=\"Strony pracownik\u00f3w Wydzia\u0142u Informatyki Politechniki Bia\u0142ostockiej\" \/>\n<meta property=\"article:modified_time\" content=\"2024-07-25T09:43:03+00:00\" \/>\n<meta name=\"twitter:card\" content=\"summary_large_image\" \/>\n<meta name=\"twitter:label1\" content=\"Szacowany czas czytania\" \/>\n\t<meta name=\"twitter:data1\" content=\"5 minut\" \/>\n<script type=\"application\/ld+json\" class=\"yoast-schema-graph\">{\"@context\":\"https:\/\/schema.org\",\"@graph\":[{\"@type\":\"WebPage\",\"@id\":\"https:\/\/wi.pb.edu.pl\/p\/marek-kretowski\/dydaktyka\/inzynieria-oprogramowania\/inzynieria-oprogramowania-pracownia-specjalistyczna\/\",\"url\":\"https:\/\/wi.pb.edu.pl\/p\/marek-kretowski\/dydaktyka\/inzynieria-oprogramowania\/inzynieria-oprogramowania-pracownia-specjalistyczna\/\",\"name\":\"In\u017cynieria oprogramowania - pracownia specjalistyczna - Strony pracownik\u00f3w Wydzia\u0142u Informatyki Politechniki Bia\u0142ostockiej\",\"isPartOf\":{\"@id\":\"https:\/\/wi.pb.edu.pl\/p\/#website\"},\"datePublished\":\"2024-07-19T08:47:50+00:00\",\"dateModified\":\"2024-07-25T09:43:03+00:00\",\"breadcrumb\":{\"@id\":\"https:\/\/wi.pb.edu.pl\/p\/marek-kretowski\/dydaktyka\/inzynieria-oprogramowania\/inzynieria-oprogramowania-pracownia-specjalistyczna\/#breadcrumb\"},\"inLanguage\":\"pl-PL\",\"potentialAction\":[{\"@type\":\"ReadAction\",\"target\":[\"https:\/\/wi.pb.edu.pl\/p\/marek-kretowski\/dydaktyka\/inzynieria-oprogramowania\/inzynieria-oprogramowania-pracownia-specjalistyczna\/\"]}]},{\"@type\":\"BreadcrumbList\",\"@id\":\"https:\/\/wi.pb.edu.pl\/p\/marek-kretowski\/dydaktyka\/inzynieria-oprogramowania\/inzynieria-oprogramowania-pracownia-specjalistyczna\/#breadcrumb\",\"itemListElement\":[{\"@type\":\"ListItem\",\"position\":1,\"name\":\"Strona g\u0142\u00f3wna\",\"item\":\"https:\/\/wi.pb.edu.pl\/p\/\"},{\"@type\":\"ListItem\",\"position\":2,\"name\":\"prof. dr hab. in\u017c. Marek Kr\u0119towski\",\"item\":\"https:\/\/wi.pb.edu.pl\/p\/marek-kretowski\/\"},{\"@type\":\"ListItem\",\"position\":3,\"name\":\"Dydaktyka\",\"item\":\"https:\/\/wi.pb.edu.pl\/p\/marek-kretowski\/dydaktyka\/\"},{\"@type\":\"ListItem\",\"position\":4,\"name\":\"In\u017cynieria oprogramowania\",\"item\":\"https:\/\/wi.pb.edu.pl\/p\/marek-kretowski\/dydaktyka\/inzynieria-oprogramowania\/\"},{\"@type\":\"ListItem\",\"position\":5,\"name\":\"In\u017cynieria oprogramowania &#8211; pracownia specjalistyczna\"}]},{\"@type\":\"WebSite\",\"@id\":\"https:\/\/wi.pb.edu.pl\/p\/#website\",\"url\":\"https:\/\/wi.pb.edu.pl\/p\/\",\"name\":\"Strony pracownik\u00f3w Wydzia\u0142u Informatyki Politechniki Bia\u0142ostockiej\",\"description\":\"\",\"potentialAction\":[{\"@type\":\"SearchAction\",\"target\":{\"@type\":\"EntryPoint\",\"urlTemplate\":\"https:\/\/wi.pb.edu.pl\/p\/?s={search_term_string}\"},\"query-input\":{\"@type\":\"PropertyValueSpecification\",\"valueRequired\":true,\"valueName\":\"search_term_string\"}}],\"inLanguage\":\"pl-PL\"}]}<\/script>\n<!-- \/ Yoast SEO plugin. -->","yoast_head_json":{"title":"In\u017cynieria oprogramowania - pracownia specjalistyczna - Strony pracownik\u00f3w Wydzia\u0142u Informatyki Politechniki Bia\u0142ostockiej","robots":{"index":"index","follow":"follow","max-snippet":"max-snippet:-1","max-image-preview":"max-image-preview:large","max-video-preview":"max-video-preview:-1"},"canonical":"https:\/\/wi.pb.edu.pl\/p\/marek-kretowski\/dydaktyka\/inzynieria-oprogramowania\/inzynieria-oprogramowania-pracownia-specjalistyczna\/","og_locale":"pl_PL","og_type":"article","og_title":"In\u017cynieria oprogramowania - pracownia specjalistyczna - Strony pracownik\u00f3w Wydzia\u0142u Informatyki Politechniki Bia\u0142ostockiej","og_description":"Celem zaj\u0119\u0107 jest praktyczne zapoznanie si\u0119 z modelowaniem i projektowaniem w UML-u przy wykorzystaniu narz\u0119dziawi\u0119cej","og_url":"https:\/\/wi.pb.edu.pl\/p\/marek-kretowski\/dydaktyka\/inzynieria-oprogramowania\/inzynieria-oprogramowania-pracownia-specjalistyczna\/","og_site_name":"Strony pracownik\u00f3w Wydzia\u0142u Informatyki Politechniki Bia\u0142ostockiej","article_modified_time":"2024-07-25T09:43:03+00:00","twitter_card":"summary_large_image","twitter_misc":{"Szacowany czas czytania":"5 minut"},"schema":{"@context":"https:\/\/schema.org","@graph":[{"@type":"WebPage","@id":"https:\/\/wi.pb.edu.pl\/p\/marek-kretowski\/dydaktyka\/inzynieria-oprogramowania\/inzynieria-oprogramowania-pracownia-specjalistyczna\/","url":"https:\/\/wi.pb.edu.pl\/p\/marek-kretowski\/dydaktyka\/inzynieria-oprogramowania\/inzynieria-oprogramowania-pracownia-specjalistyczna\/","name":"In\u017cynieria oprogramowania - pracownia specjalistyczna - Strony pracownik\u00f3w Wydzia\u0142u Informatyki Politechniki Bia\u0142ostockiej","isPartOf":{"@id":"https:\/\/wi.pb.edu.pl\/p\/#website"},"datePublished":"2024-07-19T08:47:50+00:00","dateModified":"2024-07-25T09:43:03+00:00","breadcrumb":{"@id":"https:\/\/wi.pb.edu.pl\/p\/marek-kretowski\/dydaktyka\/inzynieria-oprogramowania\/inzynieria-oprogramowania-pracownia-specjalistyczna\/#breadcrumb"},"inLanguage":"pl-PL","potentialAction":[{"@type":"ReadAction","target":["https:\/\/wi.pb.edu.pl\/p\/marek-kretowski\/dydaktyka\/inzynieria-oprogramowania\/inzynieria-oprogramowania-pracownia-specjalistyczna\/"]}]},{"@type":"BreadcrumbList","@id":"https:\/\/wi.pb.edu.pl\/p\/marek-kretowski\/dydaktyka\/inzynieria-oprogramowania\/inzynieria-oprogramowania-pracownia-specjalistyczna\/#breadcrumb","itemListElement":[{"@type":"ListItem","position":1,"name":"Strona g\u0142\u00f3wna","item":"https:\/\/wi.pb.edu.pl\/p\/"},{"@type":"ListItem","position":2,"name":"prof. dr hab. in\u017c. Marek Kr\u0119towski","item":"https:\/\/wi.pb.edu.pl\/p\/marek-kretowski\/"},{"@type":"ListItem","position":3,"name":"Dydaktyka","item":"https:\/\/wi.pb.edu.pl\/p\/marek-kretowski\/dydaktyka\/"},{"@type":"ListItem","position":4,"name":"In\u017cynieria oprogramowania","item":"https:\/\/wi.pb.edu.pl\/p\/marek-kretowski\/dydaktyka\/inzynieria-oprogramowania\/"},{"@type":"ListItem","position":5,"name":"In\u017cynieria oprogramowania &#8211; pracownia specjalistyczna"}]},{"@type":"WebSite","@id":"https:\/\/wi.pb.edu.pl\/p\/#website","url":"https:\/\/wi.pb.edu.pl\/p\/","name":"Strony pracownik\u00f3w Wydzia\u0142u Informatyki Politechniki Bia\u0142ostockiej","description":"","potentialAction":[{"@type":"SearchAction","target":{"@type":"EntryPoint","urlTemplate":"https:\/\/wi.pb.edu.pl\/p\/?s={search_term_string}"},"query-input":{"@type":"PropertyValueSpecification","valueRequired":true,"valueName":"search_term_string"}}],"inLanguage":"pl-PL"}]}},"_links":{"self":[{"href":"https:\/\/wi.pb.edu.pl\/p\/wp-json\/wp\/v2\/pages\/715","targetHints":{"allow":["GET"]}}],"collection":[{"href":"https:\/\/wi.pb.edu.pl\/p\/wp-json\/wp\/v2\/pages"}],"about":[{"href":"https:\/\/wi.pb.edu.pl\/p\/wp-json\/wp\/v2\/types\/page"}],"author":[{"embeddable":true,"href":"https:\/\/wi.pb.edu.pl\/p\/wp-json\/wp\/v2\/users\/14"}],"replies":[{"embeddable":true,"href":"https:\/\/wi.pb.edu.pl\/p\/wp-json\/wp\/v2\/comments?post=715"}],"version-history":[{"count":4,"href":"https:\/\/wi.pb.edu.pl\/p\/wp-json\/wp\/v2\/pages\/715\/revisions"}],"predecessor-version":[{"id":1523,"href":"https:\/\/wi.pb.edu.pl\/p\/wp-json\/wp\/v2\/pages\/715\/revisions\/1523"}],"up":[{"embeddable":true,"href":"https:\/\/wi.pb.edu.pl\/p\/wp-json\/wp\/v2\/pages\/704"}],"wp:attachment":[{"href":"https:\/\/wi.pb.edu.pl\/p\/wp-json\/wp\/v2\/media?parent=715"}],"curies":[{"name":"wp","href":"https:\/\/api.w.org\/{rel}","templated":true}]}}