{"id":780,"date":"2024-07-19T11:31:49","date_gmt":"2024-07-19T09:31:49","guid":{"rendered":"https:\/\/wi.pb.edu.pl\/p\/?page_id=780"},"modified":"2024-07-19T11:33:16","modified_gmt":"2024-07-19T09:33:16","slug":"seminarium-dyplomowe","status":"publish","type":"page","link":"https:\/\/wi.pb.edu.pl\/p\/marek-kretowski\/dydaktyka\/seminarium-dyplomowe\/","title":{"rendered":"Seminarium dyplomowe"},"content":{"rendered":"<p align=\"center\">(studia magisterskie)<\/p>\n<hr>\n<p>Typowy (przyk\u0142adowy) uk\u0142ad pracy magisterskiej:<\/p>\n<ul>\n<li>Strony tytu\u0142owe, karta dyplomowa, spis tre\u015bci<\/li>\n<li>Wst\u0119p (przedstawia og\u00f3lne wprowadzenie w tematyk\u0119 pracy, musi ponadto zawiera\u0107 cel pracy, zakres oraz organizacj\u0119 pracy &#8211; kr\u00f3tki opis poszczeg\u00f3lnych rozdzia\u0142\u00f3w), 2-3 strony<\/li>\n<li>Rozdzia\u0142 pierwszy &#8211; Wprowadzenie do &#8230; (zawiera podstawowe poj\u0119cia z dziedziny, kt\u00f3rej dotyczy praca, przedstawienie problemu, kt\u00f3ry jest rozwi\u0105zywany w pracy, powinien mie\u0107 raczej charakter dydaktyczny), 10-15 stron<\/li>\n<li>Rozdzia\u0142 drugi &#8211; Przegl\u0105d metod &#8230; (najcz\u0119\u015bciej przegl\u0105d istniej\u0105cych metod, ich podzia\u0142 ze wzgl\u0119du na jakie\u015b kryteria, odwo\u0142ania do literatury!), 15-20 stron&nbsp;<\/li>\n<li>Rozdzia\u0142 trzeci &#8211; Zaproponowana(e) metoda(y) rozwi\u0105zania problemu (przedstawienie w\u0142asnych rozwi\u0105za\u0144 dyplomanta, przyj\u0119te za\u0142o\u017cenia, opisy algorytm\u00f3w, przedstawienie stworzonego oprogramowania i jego mo\u017cliwo\u015bci, ale bez opisu &#8222;klikologii&#8221;), 10-15 stron<\/li>\n<li>Rozdzia\u0142 czwarty &#8211; Eksperymentalna weryfikacja (przedstawienie sposob\u00f3w weryfikacji opracowanych metod; wyniki oblicze\u0144, rezultaty symulacji, w postaci tabel, wykres\u00f3w, obraz\u00f3w, itp.; por\u00f3wnanie z innymi, standardowymi metodami;&nbsp; koniecznie skomentowanie uzyskanych wynik\u00f3w) 5-10 stron<\/li>\n<li>Podsumowanie (wnioski z pracy &#8211; co uda\u0142o si\u0119 zrobi\u0107, czego ewentualnie nie, mo\u017cliwe kierunki rozwijania zaproponowanego rozwi\u0105zania), 1-2 strony<\/li>\n<li>Dodatek A &#8211; Przedstawienie aplikacji &#8230; (podr\u0119cznik u\u017cytkownika)<\/li>\n<li>Bibliografia (wykorzystane i cytowane ksi\u0105\u017cki, artyku\u0142y naukowe i specjalistyczne, \u017ar\u00f3d\u0142a internetowe, ale w rozs\u0105dnych proporcjach; opis pozycji&nbsp; ma zawiera\u0107 autora, tytu\u0142 publikacji, ew. tytu\u0142 zbiorczy ks\u0105\u017cki lub czasopisma, numer czasopsma, strony, wydawnictwo, rok wydania) 15-25 pozycji&nbsp;<\/li>\n<\/ul>\n<p>Prace przygotowujemy w LaTeX-u.<\/p>\n<p>Przydatne linki:<br \/>\n<a href=\"http:\/\/www.miktex.de\/\">MiKTeX<\/a>,<br \/>\n<a href=\"http:\/\/www.winedt.com\/\">WinEdt<\/a>,<br \/>\nSzablon&nbsp;pracy w LaTeX-u,<br \/>\n<a href=\"https:\/\/wi.pb.edu.pl\/p\/wp-content\/uploads\/sites\/3\/2024\/07\/zarz_mgr.pdf\" target=\"_blank\" rel=\"noopener\">Zarz\u0105dzenie<\/a>&nbsp;Rektora dotycz\u0105ce przygotowywania prac dyplomowych na PB,<br \/>\n<a href=\"http:\/\/libra.pb.bialystok.pl\/serwis_komercyjny.html\" target=\"_blank\" rel=\"noopener\">Czasopisma naukowe<\/a>&nbsp;dost\u0119pne w postaci elektronicznej z komputer\u00f3w PB<\/p>\n","protected":false},"excerpt":{"rendered":"<p>(studia magisterskie) Typowy (przyk\u0142adowy) uk\u0142ad pracy magisterskiej: Strony tytu\u0142owe, karta dyplomowa, spis tre\u015bci Wst\u0119p (przedstawia<a class=\"read-more\" href=\"https:\/\/wi.pb.edu.pl\/p\/marek-kretowski\/dydaktyka\/seminarium-dyplomowe\/\" title=\"Poka\u017c artyku\u0142 Seminarium dyplomowe\">wi\u0119cej<\/a><\/p>\n","protected":false},"author":14,"featured_media":0,"parent":590,"menu_order":0,"comment_status":"closed","ping_status":"closed","template":"","meta":{"inline_featured_image":false,"ngg_post_thumbnail":0,"footnotes":""},"class_list":["post-780","page","type-page","status-publish","hentry"],"acf":[],"yoast_head":"<!-- This site is optimized with the Yoast SEO plugin v26.4 - https:\/\/yoast.com\/wordpress\/plugins\/seo\/ -->\n<title>Seminarium dyplomowe - Strony pracownik\u00f3w Wydzia\u0142u Informatyki Politechniki Bia\u0142ostockiej<\/title>\n<meta name=\"robots\" content=\"index, follow, max-snippet:-1, max-image-preview:large, max-video-preview:-1\" \/>\n<link rel=\"canonical\" href=\"https:\/\/wi.pb.edu.pl\/p\/marek-kretowski\/dydaktyka\/seminarium-dyplomowe\/\" \/>\n<meta property=\"og:locale\" content=\"pl_PL\" \/>\n<meta property=\"og:type\" content=\"article\" \/>\n<meta property=\"og:title\" content=\"Seminarium dyplomowe - Strony pracownik\u00f3w Wydzia\u0142u Informatyki Politechniki Bia\u0142ostockiej\" \/>\n<meta property=\"og:description\" content=\"(studia magisterskie) Typowy (przyk\u0142adowy) uk\u0142ad pracy magisterskiej: Strony tytu\u0142owe, karta dyplomowa, spis tre\u015bci Wst\u0119p (przedstawiawi\u0119cej\" \/>\n<meta property=\"og:url\" content=\"https:\/\/wi.pb.edu.pl\/p\/marek-kretowski\/dydaktyka\/seminarium-dyplomowe\/\" \/>\n<meta property=\"og:site_name\" content=\"Strony pracownik\u00f3w Wydzia\u0142u Informatyki Politechniki Bia\u0142ostockiej\" \/>\n<meta property=\"article:modified_time\" content=\"2024-07-19T09:33:16+00:00\" \/>\n<meta name=\"twitter:card\" content=\"summary_large_image\" \/>\n<meta name=\"twitter:label1\" content=\"Szacowany czas czytania\" \/>\n\t<meta name=\"twitter:data1\" content=\"2 minuty\" \/>\n<script type=\"application\/ld+json\" class=\"yoast-schema-graph\">{\"@context\":\"https:\/\/schema.org\",\"@graph\":[{\"@type\":\"WebPage\",\"@id\":\"https:\/\/wi.pb.edu.pl\/p\/marek-kretowski\/dydaktyka\/seminarium-dyplomowe\/\",\"url\":\"https:\/\/wi.pb.edu.pl\/p\/marek-kretowski\/dydaktyka\/seminarium-dyplomowe\/\",\"name\":\"Seminarium dyplomowe - Strony pracownik\u00f3w Wydzia\u0142u Informatyki Politechniki Bia\u0142ostockiej\",\"isPartOf\":{\"@id\":\"https:\/\/wi.pb.edu.pl\/p\/#website\"},\"datePublished\":\"2024-07-19T09:31:49+00:00\",\"dateModified\":\"2024-07-19T09:33:16+00:00\",\"breadcrumb\":{\"@id\":\"https:\/\/wi.pb.edu.pl\/p\/marek-kretowski\/dydaktyka\/seminarium-dyplomowe\/#breadcrumb\"},\"inLanguage\":\"pl-PL\",\"potentialAction\":[{\"@type\":\"ReadAction\",\"target\":[\"https:\/\/wi.pb.edu.pl\/p\/marek-kretowski\/dydaktyka\/seminarium-dyplomowe\/\"]}]},{\"@type\":\"BreadcrumbList\",\"@id\":\"https:\/\/wi.pb.edu.pl\/p\/marek-kretowski\/dydaktyka\/seminarium-dyplomowe\/#breadcrumb\",\"itemListElement\":[{\"@type\":\"ListItem\",\"position\":1,\"name\":\"Strona g\u0142\u00f3wna\",\"item\":\"https:\/\/wi.pb.edu.pl\/p\/\"},{\"@type\":\"ListItem\",\"position\":2,\"name\":\"prof. dr hab. in\u017c. Marek Kr\u0119towski\",\"item\":\"https:\/\/wi.pb.edu.pl\/p\/marek-kretowski\/\"},{\"@type\":\"ListItem\",\"position\":3,\"name\":\"Dydaktyka\",\"item\":\"https:\/\/wi.pb.edu.pl\/p\/marek-kretowski\/dydaktyka\/\"},{\"@type\":\"ListItem\",\"position\":4,\"name\":\"Seminarium dyplomowe\"}]},{\"@type\":\"WebSite\",\"@id\":\"https:\/\/wi.pb.edu.pl\/p\/#website\",\"url\":\"https:\/\/wi.pb.edu.pl\/p\/\",\"name\":\"Strony pracownik\u00f3w Wydzia\u0142u Informatyki Politechniki Bia\u0142ostockiej\",\"description\":\"\",\"potentialAction\":[{\"@type\":\"SearchAction\",\"target\":{\"@type\":\"EntryPoint\",\"urlTemplate\":\"https:\/\/wi.pb.edu.pl\/p\/?s={search_term_string}\"},\"query-input\":{\"@type\":\"PropertyValueSpecification\",\"valueRequired\":true,\"valueName\":\"search_term_string\"}}],\"inLanguage\":\"pl-PL\"}]}<\/script>\n<!-- \/ Yoast SEO plugin. -->","yoast_head_json":{"title":"Seminarium dyplomowe - Strony pracownik\u00f3w Wydzia\u0142u Informatyki Politechniki Bia\u0142ostockiej","robots":{"index":"index","follow":"follow","max-snippet":"max-snippet:-1","max-image-preview":"max-image-preview:large","max-video-preview":"max-video-preview:-1"},"canonical":"https:\/\/wi.pb.edu.pl\/p\/marek-kretowski\/dydaktyka\/seminarium-dyplomowe\/","og_locale":"pl_PL","og_type":"article","og_title":"Seminarium dyplomowe - Strony pracownik\u00f3w Wydzia\u0142u Informatyki Politechniki Bia\u0142ostockiej","og_description":"(studia magisterskie) Typowy (przyk\u0142adowy) uk\u0142ad pracy magisterskiej: Strony tytu\u0142owe, karta dyplomowa, spis tre\u015bci Wst\u0119p (przedstawiawi\u0119cej","og_url":"https:\/\/wi.pb.edu.pl\/p\/marek-kretowski\/dydaktyka\/seminarium-dyplomowe\/","og_site_name":"Strony pracownik\u00f3w Wydzia\u0142u Informatyki Politechniki Bia\u0142ostockiej","article_modified_time":"2024-07-19T09:33:16+00:00","twitter_card":"summary_large_image","twitter_misc":{"Szacowany czas czytania":"2 minuty"},"schema":{"@context":"https:\/\/schema.org","@graph":[{"@type":"WebPage","@id":"https:\/\/wi.pb.edu.pl\/p\/marek-kretowski\/dydaktyka\/seminarium-dyplomowe\/","url":"https:\/\/wi.pb.edu.pl\/p\/marek-kretowski\/dydaktyka\/seminarium-dyplomowe\/","name":"Seminarium dyplomowe - Strony pracownik\u00f3w Wydzia\u0142u Informatyki Politechniki Bia\u0142ostockiej","isPartOf":{"@id":"https:\/\/wi.pb.edu.pl\/p\/#website"},"datePublished":"2024-07-19T09:31:49+00:00","dateModified":"2024-07-19T09:33:16+00:00","breadcrumb":{"@id":"https:\/\/wi.pb.edu.pl\/p\/marek-kretowski\/dydaktyka\/seminarium-dyplomowe\/#breadcrumb"},"inLanguage":"pl-PL","potentialAction":[{"@type":"ReadAction","target":["https:\/\/wi.pb.edu.pl\/p\/marek-kretowski\/dydaktyka\/seminarium-dyplomowe\/"]}]},{"@type":"BreadcrumbList","@id":"https:\/\/wi.pb.edu.pl\/p\/marek-kretowski\/dydaktyka\/seminarium-dyplomowe\/#breadcrumb","itemListElement":[{"@type":"ListItem","position":1,"name":"Strona g\u0142\u00f3wna","item":"https:\/\/wi.pb.edu.pl\/p\/"},{"@type":"ListItem","position":2,"name":"prof. dr hab. in\u017c. Marek Kr\u0119towski","item":"https:\/\/wi.pb.edu.pl\/p\/marek-kretowski\/"},{"@type":"ListItem","position":3,"name":"Dydaktyka","item":"https:\/\/wi.pb.edu.pl\/p\/marek-kretowski\/dydaktyka\/"},{"@type":"ListItem","position":4,"name":"Seminarium dyplomowe"}]},{"@type":"WebSite","@id":"https:\/\/wi.pb.edu.pl\/p\/#website","url":"https:\/\/wi.pb.edu.pl\/p\/","name":"Strony pracownik\u00f3w Wydzia\u0142u Informatyki Politechniki Bia\u0142ostockiej","description":"","potentialAction":[{"@type":"SearchAction","target":{"@type":"EntryPoint","urlTemplate":"https:\/\/wi.pb.edu.pl\/p\/?s={search_term_string}"},"query-input":{"@type":"PropertyValueSpecification","valueRequired":true,"valueName":"search_term_string"}}],"inLanguage":"pl-PL"}]}},"_links":{"self":[{"href":"https:\/\/wi.pb.edu.pl\/p\/wp-json\/wp\/v2\/pages\/780","targetHints":{"allow":["GET"]}}],"collection":[{"href":"https:\/\/wi.pb.edu.pl\/p\/wp-json\/wp\/v2\/pages"}],"about":[{"href":"https:\/\/wi.pb.edu.pl\/p\/wp-json\/wp\/v2\/types\/page"}],"author":[{"embeddable":true,"href":"https:\/\/wi.pb.edu.pl\/p\/wp-json\/wp\/v2\/users\/14"}],"replies":[{"embeddable":true,"href":"https:\/\/wi.pb.edu.pl\/p\/wp-json\/wp\/v2\/comments?post=780"}],"version-history":[{"count":2,"href":"https:\/\/wi.pb.edu.pl\/p\/wp-json\/wp\/v2\/pages\/780\/revisions"}],"predecessor-version":[{"id":783,"href":"https:\/\/wi.pb.edu.pl\/p\/wp-json\/wp\/v2\/pages\/780\/revisions\/783"}],"up":[{"embeddable":true,"href":"https:\/\/wi.pb.edu.pl\/p\/wp-json\/wp\/v2\/pages\/590"}],"wp:attachment":[{"href":"https:\/\/wi.pb.edu.pl\/p\/wp-json\/wp\/v2\/media?parent=780"}],"curies":[{"name":"wp","href":"https:\/\/api.w.org\/{rel}","templated":true}]}}