{"id":785,"date":"2024-07-19T11:40:49","date_gmt":"2024-07-19T09:40:49","guid":{"rendered":"https:\/\/wi.pb.edu.pl\/p\/?page_id=785"},"modified":"2024-09-17T10:22:27","modified_gmt":"2024-09-17T08:22:27","slug":"metody-wielowymiarowej-analizy-danych-laboratorium","status":"publish","type":"page","link":"https:\/\/wi.pb.edu.pl\/p\/marek-kretowski\/dydaktyka\/metody-wielowymiarowej-analizy-danych-laboratorium\/","title":{"rendered":"Metody Wielowymiarowej Analizy Danych &#8211; laboratorium"},"content":{"rendered":"<hr>\n<p align=\"JUSTIFY\">Laboratorium jest oparte na modu\u0142ach BASE, STAT oraz GRAPH systemu SAS firmy <a href=\"http:\/\/www.sas.com\">SAS Institute<\/a>. Zaj\u0119cia maj\u0105 s\u0142u\u017cy\u0107 poznaniu tego systemu w stopniu dostatecznym do samodzielnego pos\u0142ugiwania si\u0119 podstawowymi technikami analizy danych przedstawionymi na wyk\u0142adzie.<\/p>\n<div class=\"table-responsive\">\n<table class=\"table table-bordered\">\n<tbody>\n<tr style=\"height: 43px\">\n<td style=\"height: 43px\" align=\"center\" width=\"59\">Nr<\/td>\n<td style=\"height: 43px\" width=\"736\">\n<p align=\"center\">Temat \u0107wicze\u0144 laboratoryjnych<\/p>\n<\/td>\n<td style=\"height: 43px\" align=\"center\" width=\"67\">Liczba godzin<\/td>\n<\/tr>\n<tr style=\"height: 43px\">\n<td style=\"height: 43px\" align=\"center\" width=\"59\">1<\/td>\n<td style=\"height: 43px\" width=\"736\"><a title=\"Wprowadzenie do pakietu SAS \u2013 podstawy dzia\u0142ania systemu\" href=\"https:\/\/wi.pb.edu.pl\/p\/marek-kretowski\/dydaktyka\/metody-wielowymiarowej-analizy-danych-laboratorium\/wprowadzenie-do-pakietu-sas-podstawy-dzialania-systemu\/\">Wprowadzenie do pakietu SAS &#8211; podstawy<\/a><br \/>\ndzia\u0142ania systemu<\/td>\n<td style=\"height: 43px\" align=\"center\" width=\"67\">2<\/td>\n<\/tr>\n<tr style=\"height: 43px\">\n<td style=\"height: 43px\" align=\"center\" width=\"59\">2<\/td>\n<td style=\"height: 43px\" width=\"736\"><a title=\"Wprowadzenie do pakietu SAS \u2013 wczytywanie danych\" href=\"https:\/\/wi.pb.edu.pl\/p\/marek-kretowski\/dydaktyka\/metody-wielowymiarowej-analizy-danych-laboratorium\/wprowadzenie-do-pakietu-sas-wczytywanie-danych\/\">Wprowadzenie do pakietu SAS \u2013 wczytywanie<\/a><br \/>\ndanych<\/td>\n<td style=\"height: 43px\" align=\"center\" width=\"67\">2<\/td>\n<\/tr>\n<tr style=\"height: 43px\">\n<td style=\"height: 43px\" align=\"center\" width=\"59\">3<\/td>\n<td style=\"height: 43px\" width=\"736\"><a title=\"Wprowadzenie do pakietu SAS \u2013 podstawowe procedury\" href=\"https:\/\/wi.pb.edu.pl\/p\/marek-kretowski\/dydaktyka\/metody-wielowymiarowej-analizy-danych-laboratorium\/wprowadzenie-do-pakietu-sas-podstawowe-procedury\/\">Wprowadzenie do pakietu SAS \u2013 podstawowe<\/a><br \/>\nprocedury<\/td>\n<td style=\"height: 43px\" align=\"center\" width=\"67\">2<\/td>\n<\/tr>\n<tr style=\"height: 22px\">\n<td style=\"height: 22px\" align=\"center\" width=\"59\">4<\/td>\n<td style=\"height: 22px\" width=\"736\"><a title=\"Macierze Kowariancji i Korelacji\" href=\"https:\/\/wi.pb.edu.pl\/p\/marek-kretowski\/dydaktyka\/metody-wielowymiarowej-analizy-danych-laboratorium\/macierze-kowariancji-i-korelacji\/\">Macierze korelacji i kowariancji&nbsp;<\/a><\/td>\n<td style=\"height: 22px\" align=\"center\" width=\"67\">2<\/td>\n<\/tr>\n<tr style=\"height: 22px\">\n<td style=\"height: 22px\" align=\"center\" width=\"59\">5<\/td>\n<td style=\"height: 22px\" width=\"736\"><a title=\"Sk\u0142adowe G\u0142\u00f3wne\" href=\"https:\/\/wi.pb.edu.pl\/p\/marek-kretowski\/dydaktyka\/metody-wielowymiarowej-analizy-danych-laboratorium\/skladowe-glowne\/\">Sk\u0142adowe g\u0142\u00f3wne&nbsp;<\/a><\/td>\n<td style=\"height: 22px\" align=\"center\" width=\"67\">2<\/td>\n<\/tr>\n<tr style=\"height: 22px\">\n<td style=\"height: 22px\" align=\"center\" width=\"59\">6<\/td>\n<td style=\"height: 22px\" width=\"736\"><a title=\"Zmienne Kanoniczne i Korelacje Kanoniczne\" href=\"https:\/\/wi.pb.edu.pl\/p\/marek-kretowski\/dydaktyka\/metody-wielowymiarowej-analizy-danych-laboratorium\/zmienne-kanoniczne-i-korelacje-kanoniczne\/\">Zmienne kanoniczne i korelacje kanoniczne<\/a><\/td>\n<td style=\"height: 22px\" align=\"center\" width=\"67\">2<\/td>\n<\/tr>\n<tr style=\"height: 22px\">\n<td style=\"height: 22px\" align=\"center\" width=\"59\">7<\/td>\n<td style=\"height: 22px\" width=\"736\"><a title=\"Analiza Wariancji\" href=\"https:\/\/wi.pb.edu.pl\/p\/marek-kretowski\/dydaktyka\/metody-wielowymiarowej-analizy-danych-laboratorium\/analiza-wariancji\/\">Analiza wariancji<\/a><\/td>\n<td style=\"height: 22px\" align=\"center\" width=\"67\">2<\/td>\n<\/tr>\n<tr style=\"height: 22px\">\n<td style=\"height: 22px\" align=\"center\" width=\"59\">8<\/td>\n<td style=\"height: 22px\" width=\"736\"><a title=\"Analiza Czynnikowa\" href=\"https:\/\/wi.pb.edu.pl\/p\/marek-kretowski\/dydaktyka\/metody-wielowymiarowej-analizy-danych-laboratorium\/analiza-czynnikowa\/\">Analiza czynnikowa<\/a><\/td>\n<td style=\"height: 22px\" align=\"center\" width=\"67\">2<\/td>\n<\/tr>\n<tr style=\"height: 22px\">\n<td style=\"height: 22px\" align=\"center\" width=\"59\">9-10<\/td>\n<td style=\"height: 22px\" width=\"736\"><a title=\"Analiza Dyskryminacyjna\" href=\"https:\/\/wi.pb.edu.pl\/p\/marek-kretowski\/dydaktyka\/metody-wielowymiarowej-analizy-danych-laboratorium\/analiza-dyskryminacyjna\/\">Analiza dyskryminacyjna<\/a><\/td>\n<td style=\"height: 22px\" align=\"center\" width=\"67\">4<\/td>\n<\/tr>\n<tr style=\"height: 22px\">\n<td style=\"height: 22px\" align=\"center\" width=\"59\">11<\/td>\n<td style=\"height: 22px\" width=\"736\"><a title=\"Analiza Regresji \u2013 model liniowy\" href=\"https:\/\/wi.pb.edu.pl\/p\/marek-kretowski\/dydaktyka\/metody-wielowymiarowej-analizy-danych-laboratorium\/analiza-regresji-model-liniowy\/\">Analiza regresji \u2013 model liniowy&nbsp;<\/a><\/td>\n<td style=\"height: 22px\" align=\"center\" width=\"67\">2<\/td>\n<\/tr>\n<tr style=\"height: 22px\">\n<td style=\"height: 22px\" align=\"center\" width=\"59\">12<\/td>\n<td style=\"height: 22px\" width=\"736\"><a title=\"Analiza Skupie\u0144\" href=\"https:\/\/wi.pb.edu.pl\/p\/marek-kretowski\/dydaktyka\/metody-wielowymiarowej-analizy-danych-laboratorium\/analiza-skupien\/\">Analiza skupie\u0144<\/a><\/td>\n<td style=\"height: 22px\" align=\"center\" width=\"67\">2<\/td>\n<\/tr>\n<tr style=\"height: 22px\">\n<td style=\"height: 22px\" align=\"center\" width=\"59\">13<\/td>\n<td style=\"height: 22px\" width=\"736\"><a title=\"Skalowanie wielowymiarowe\" href=\"https:\/\/wi.pb.edu.pl\/p\/marek-kretowski\/dydaktyka\/metody-wielowymiarowej-analizy-danych-laboratorium\/skalowanie-wielowymiarowe\/\">Skalowanie wielowymiarowe<\/a><\/td>\n<td style=\"height: 22px\" align=\"center\" width=\"67\">2<\/td>\n<\/tr>\n<tr style=\"height: 43px\">\n<td style=\"height: 43px\" align=\"center\" width=\"59\">14<\/td>\n<td style=\"height: 43px\" width=\"736\"><a title=\"Analiza Danych Dyskretnych\" href=\"https:\/\/wi.pb.edu.pl\/p\/marek-kretowski\/dydaktyka\/metody-wielowymiarowej-analizy-danych-laboratorium\/analiza-danych-dyskretnych\/\">Analiza danych jako\u015bciowych<\/a><\/td>\n<td style=\"height: 43px\" align=\"center\" width=\"67\">2<\/td>\n<\/tr>\n<tr style=\"height: 22px\">\n<td style=\"height: 22px\" align=\"center\" width=\"59\">15<\/td>\n<td style=\"height: 22px\" width=\"736\">Zaliczenie zaj\u0119\u0107<\/td>\n<td style=\"height: 22px\" align=\"center\" width=\"67\">2<\/td>\n<\/tr>\n<\/tbody>\n<\/table>\n<p>&nbsp;<\/p>\n<\/div>\n<p>&nbsp;<\/p>\n<p align=\"JUSTIFY\"><strong>Forma zaliczenia zaj\u0119\u0107:<\/strong> Testy przed ka\u017cdymi zaj\u0119ciami<br \/>\n(tzw. &#8222;wej\u015bci\u00f3wki&#8221;) oraz sprawozdania dostarczane na nast\u0119pne zaj\u0119cia. Z<br \/>\nka\u017cdego testu i za ka\u017cde oddane w terminie sprawozdanie mo\u017cna uzyska\u0107 od 0 do 2<br \/>\npunkt\u00f3w. Sprawozdania oddane z tygodniowym op\u00f3\u017anieniem liczone s\u0105 jako 50%, oddane<br \/>\njeszcze p\u00f3\u017aniej nie punktuj\u0105. W przypadku usprawiedliwionej nieobecno\u015bci na zaj\u0119ciach<br \/>\nmo\u017cna pisa\u0107 test w p\u00f3\u017aniejszym, uzgodnionym z prowadz\u0105cym terminie, w innych<br \/>\nprzypadkach uzyskuje sie automatycznie 0 punkt\u00f3w. Warunkiem uzyskania zaliczenia jest<br \/>\nzdobycie 50% punkt\u00f3w oraz oddanie wszystkich sprawozda\u0144. Przeliczenie punkt\u00f3w na oceny<br \/>\njest nast\u0119puj\u0105ce:<\/p>\n<div class=\"table-responsive\">\n<table class=\"table table-bordered\">\n<tbody>\n<tr>\n<td align=\"center\" width=\"54%\">90%-100%<\/td>\n<td align=\"center\" width=\"46%\">5,0<\/td>\n<\/tr>\n<tr>\n<td align=\"center\" width=\"54%\">80%-89%<\/td>\n<td align=\"center\" width=\"46%\">4,5<\/td>\n<\/tr>\n<tr>\n<td align=\"center\" width=\"54%\">70%-79%<\/td>\n<td align=\"center\" width=\"46%\">4,0<\/td>\n<\/tr>\n<tr>\n<td align=\"center\" width=\"54%\">60%-69%<\/td>\n<td align=\"center\" width=\"46%\">3,5<\/td>\n<\/tr>\n<tr>\n<td align=\"center\" width=\"54%\">50%-59%<\/td>\n<td align=\"center\" width=\"46%\">3,0<\/td>\n<\/tr>\n<\/tbody>\n<\/table>\n<p>&nbsp;<\/p>\n<\/div>\n<p><strong>Posta\u0107 sprawozdania: (bez zb\u0119dnych upi\u0119ksze\u0144, maksymalnie 10 stron)<\/strong><\/p>\n<p><strong>&#8211; Kr\u00f3tki wst\u0119p teoretyczny.<\/strong><br \/>\n<strong>&#8211; Tre\u015b\u0107 zadania (z podaniem tylko nazw analizowanych zbior\u00f3w danych).<\/strong><br \/>\n<strong>&#8211; Kod program\u00f3w wykorzystywanych podczas \u0107wicze\u0144.<\/strong><br \/>\n<strong>&#8211; Wyniki eksperyment\u00f3w (listingi ograniczone tylko do istotnych rezultat\u00f3w).<\/strong><br \/>\n<strong>&#8211; Analiza i interpretacja uzyskanych wynik\u00f3w (najistotniejsza cz\u0119\u015b\u0107).<\/strong><\/p>\n<p><strong>Literatura<\/strong><\/p>\n<p><strong>&#8211; SAS\/STAT Users\u2019 Guide, Version 6, 4th Edition, Vol. 1, SAS Institute Inc., 1989.<\/strong><br \/>\n<strong>&#8211; SAS\/STAT Users\u2019 Guide, Version 6, 4th Edition, Vol. 2, SAS Institute Inc., 1989.<\/strong><br \/>\n<strong>&#8211; D. Morrison, Wielowymiarowa analiza statystyczna, PWN, 1990.<\/strong><br \/>\n<strong>&#8211; R. Rao, Modele liniowe statystyki matematycznej, PWN, 1982.<\/strong><br \/>\n<strong>&#8211; H. Ahrens, J. Lauter, Wielowymiarowa analiza wariancji, PWN, 1977.<\/strong><br \/>\n<strong>&#8211; R. Johnson, D. Wichern, Applied Multivariate Statistical Analysis, Prentice-Hall, 1991.<\/strong><br \/>\n<strong>&#8211; W. Krzanowski, Principles of Multivariate Analysis, Oxford University Press, 1988.<\/strong><br \/>\n<strong>&#8211; R. Duda, P. Hart, Pattern Classification and Scene Analysis, John Wiley, 1973.<\/strong><br \/>\n<strong>&#8211; K. Fukunaga, Introduction to statistical pattern recognition, Boston: Academic Press, 1990.<\/strong><br \/>\n<strong>&#8211; L. Delwiche, S. Slaughter, The Little SAS Book: A Primer, SAS Institute Inc., 1989.<\/strong><br \/>\n<strong>&#8211; Z. Dec, Wprowadzenie do systemu SAS, ?, 199?.<\/strong><\/p>\n<p>&nbsp;<\/p>\n<hr>\n","protected":false},"excerpt":{"rendered":"<p>Laboratorium jest oparte na modu\u0142ach BASE, STAT oraz GRAPH systemu SAS firmy SAS Institute. Zaj\u0119cia<a class=\"read-more\" href=\"https:\/\/wi.pb.edu.pl\/p\/marek-kretowski\/dydaktyka\/metody-wielowymiarowej-analizy-danych-laboratorium\/\" title=\"Poka\u017c artyku\u0142 Metody Wielowymiarowej Analizy Danych &#8211; laboratorium\">wi\u0119cej<\/a><\/p>\n","protected":false},"author":14,"featured_media":0,"parent":590,"menu_order":0,"comment_status":"closed","ping_status":"closed","template":"","meta":{"inline_featured_image":false,"ngg_post_thumbnail":0,"footnotes":""},"class_list":["post-785","page","type-page","status-publish","hentry"],"acf":[],"yoast_head":"<!-- This site is optimized with the Yoast SEO plugin v26.4 - https:\/\/yoast.com\/wordpress\/plugins\/seo\/ -->\n<title>Metody Wielowymiarowej Analizy Danych - laboratorium - Strony pracownik\u00f3w Wydzia\u0142u Informatyki Politechniki Bia\u0142ostockiej<\/title>\n<meta name=\"robots\" content=\"index, follow, max-snippet:-1, max-image-preview:large, max-video-preview:-1\" \/>\n<link rel=\"canonical\" href=\"https:\/\/wi.pb.edu.pl\/p\/marek-kretowski\/dydaktyka\/metody-wielowymiarowej-analizy-danych-laboratorium\/\" \/>\n<meta property=\"og:locale\" content=\"pl_PL\" \/>\n<meta property=\"og:type\" content=\"article\" \/>\n<meta property=\"og:title\" content=\"Metody Wielowymiarowej Analizy Danych - laboratorium - Strony pracownik\u00f3w Wydzia\u0142u Informatyki Politechniki Bia\u0142ostockiej\" \/>\n<meta property=\"og:description\" content=\"Laboratorium jest oparte na modu\u0142ach BASE, STAT oraz GRAPH systemu SAS firmy SAS Institute. Zaj\u0119ciawi\u0119cej\" \/>\n<meta property=\"og:url\" content=\"https:\/\/wi.pb.edu.pl\/p\/marek-kretowski\/dydaktyka\/metody-wielowymiarowej-analizy-danych-laboratorium\/\" \/>\n<meta property=\"og:site_name\" content=\"Strony pracownik\u00f3w Wydzia\u0142u Informatyki Politechniki Bia\u0142ostockiej\" \/>\n<meta property=\"article:modified_time\" content=\"2024-09-17T08:22:27+00:00\" \/>\n<meta name=\"twitter:card\" content=\"summary_large_image\" \/>\n<meta name=\"twitter:label1\" content=\"Szacowany czas czytania\" \/>\n\t<meta name=\"twitter:data1\" content=\"3 minuty\" \/>\n<script type=\"application\/ld+json\" class=\"yoast-schema-graph\">{\"@context\":\"https:\/\/schema.org\",\"@graph\":[{\"@type\":\"WebPage\",\"@id\":\"https:\/\/wi.pb.edu.pl\/p\/marek-kretowski\/dydaktyka\/metody-wielowymiarowej-analizy-danych-laboratorium\/\",\"url\":\"https:\/\/wi.pb.edu.pl\/p\/marek-kretowski\/dydaktyka\/metody-wielowymiarowej-analizy-danych-laboratorium\/\",\"name\":\"Metody Wielowymiarowej Analizy Danych - laboratorium - Strony pracownik\u00f3w Wydzia\u0142u Informatyki Politechniki Bia\u0142ostockiej\",\"isPartOf\":{\"@id\":\"https:\/\/wi.pb.edu.pl\/p\/#website\"},\"datePublished\":\"2024-07-19T09:40:49+00:00\",\"dateModified\":\"2024-09-17T08:22:27+00:00\",\"breadcrumb\":{\"@id\":\"https:\/\/wi.pb.edu.pl\/p\/marek-kretowski\/dydaktyka\/metody-wielowymiarowej-analizy-danych-laboratorium\/#breadcrumb\"},\"inLanguage\":\"pl-PL\",\"potentialAction\":[{\"@type\":\"ReadAction\",\"target\":[\"https:\/\/wi.pb.edu.pl\/p\/marek-kretowski\/dydaktyka\/metody-wielowymiarowej-analizy-danych-laboratorium\/\"]}]},{\"@type\":\"BreadcrumbList\",\"@id\":\"https:\/\/wi.pb.edu.pl\/p\/marek-kretowski\/dydaktyka\/metody-wielowymiarowej-analizy-danych-laboratorium\/#breadcrumb\",\"itemListElement\":[{\"@type\":\"ListItem\",\"position\":1,\"name\":\"Strona g\u0142\u00f3wna\",\"item\":\"https:\/\/wi.pb.edu.pl\/p\/\"},{\"@type\":\"ListItem\",\"position\":2,\"name\":\"prof. dr hab. in\u017c. Marek Kr\u0119towski\",\"item\":\"https:\/\/wi.pb.edu.pl\/p\/marek-kretowski\/\"},{\"@type\":\"ListItem\",\"position\":3,\"name\":\"Dydaktyka\",\"item\":\"https:\/\/wi.pb.edu.pl\/p\/marek-kretowski\/dydaktyka\/\"},{\"@type\":\"ListItem\",\"position\":4,\"name\":\"Metody Wielowymiarowej Analizy Danych &#8211; laboratorium\"}]},{\"@type\":\"WebSite\",\"@id\":\"https:\/\/wi.pb.edu.pl\/p\/#website\",\"url\":\"https:\/\/wi.pb.edu.pl\/p\/\",\"name\":\"Strony pracownik\u00f3w Wydzia\u0142u Informatyki Politechniki Bia\u0142ostockiej\",\"description\":\"\",\"potentialAction\":[{\"@type\":\"SearchAction\",\"target\":{\"@type\":\"EntryPoint\",\"urlTemplate\":\"https:\/\/wi.pb.edu.pl\/p\/?s={search_term_string}\"},\"query-input\":{\"@type\":\"PropertyValueSpecification\",\"valueRequired\":true,\"valueName\":\"search_term_string\"}}],\"inLanguage\":\"pl-PL\"}]}<\/script>\n<!-- \/ Yoast SEO plugin. -->","yoast_head_json":{"title":"Metody Wielowymiarowej Analizy Danych - laboratorium - Strony pracownik\u00f3w Wydzia\u0142u Informatyki Politechniki Bia\u0142ostockiej","robots":{"index":"index","follow":"follow","max-snippet":"max-snippet:-1","max-image-preview":"max-image-preview:large","max-video-preview":"max-video-preview:-1"},"canonical":"https:\/\/wi.pb.edu.pl\/p\/marek-kretowski\/dydaktyka\/metody-wielowymiarowej-analizy-danych-laboratorium\/","og_locale":"pl_PL","og_type":"article","og_title":"Metody Wielowymiarowej Analizy Danych - laboratorium - Strony pracownik\u00f3w Wydzia\u0142u Informatyki Politechniki Bia\u0142ostockiej","og_description":"Laboratorium jest oparte na modu\u0142ach BASE, STAT oraz GRAPH systemu SAS firmy SAS Institute. Zaj\u0119ciawi\u0119cej","og_url":"https:\/\/wi.pb.edu.pl\/p\/marek-kretowski\/dydaktyka\/metody-wielowymiarowej-analizy-danych-laboratorium\/","og_site_name":"Strony pracownik\u00f3w Wydzia\u0142u Informatyki Politechniki Bia\u0142ostockiej","article_modified_time":"2024-09-17T08:22:27+00:00","twitter_card":"summary_large_image","twitter_misc":{"Szacowany czas czytania":"3 minuty"},"schema":{"@context":"https:\/\/schema.org","@graph":[{"@type":"WebPage","@id":"https:\/\/wi.pb.edu.pl\/p\/marek-kretowski\/dydaktyka\/metody-wielowymiarowej-analizy-danych-laboratorium\/","url":"https:\/\/wi.pb.edu.pl\/p\/marek-kretowski\/dydaktyka\/metody-wielowymiarowej-analizy-danych-laboratorium\/","name":"Metody Wielowymiarowej Analizy Danych - laboratorium - Strony pracownik\u00f3w Wydzia\u0142u Informatyki Politechniki Bia\u0142ostockiej","isPartOf":{"@id":"https:\/\/wi.pb.edu.pl\/p\/#website"},"datePublished":"2024-07-19T09:40:49+00:00","dateModified":"2024-09-17T08:22:27+00:00","breadcrumb":{"@id":"https:\/\/wi.pb.edu.pl\/p\/marek-kretowski\/dydaktyka\/metody-wielowymiarowej-analizy-danych-laboratorium\/#breadcrumb"},"inLanguage":"pl-PL","potentialAction":[{"@type":"ReadAction","target":["https:\/\/wi.pb.edu.pl\/p\/marek-kretowski\/dydaktyka\/metody-wielowymiarowej-analizy-danych-laboratorium\/"]}]},{"@type":"BreadcrumbList","@id":"https:\/\/wi.pb.edu.pl\/p\/marek-kretowski\/dydaktyka\/metody-wielowymiarowej-analizy-danych-laboratorium\/#breadcrumb","itemListElement":[{"@type":"ListItem","position":1,"name":"Strona g\u0142\u00f3wna","item":"https:\/\/wi.pb.edu.pl\/p\/"},{"@type":"ListItem","position":2,"name":"prof. dr hab. in\u017c. Marek Kr\u0119towski","item":"https:\/\/wi.pb.edu.pl\/p\/marek-kretowski\/"},{"@type":"ListItem","position":3,"name":"Dydaktyka","item":"https:\/\/wi.pb.edu.pl\/p\/marek-kretowski\/dydaktyka\/"},{"@type":"ListItem","position":4,"name":"Metody Wielowymiarowej Analizy Danych &#8211; laboratorium"}]},{"@type":"WebSite","@id":"https:\/\/wi.pb.edu.pl\/p\/#website","url":"https:\/\/wi.pb.edu.pl\/p\/","name":"Strony pracownik\u00f3w Wydzia\u0142u Informatyki Politechniki Bia\u0142ostockiej","description":"","potentialAction":[{"@type":"SearchAction","target":{"@type":"EntryPoint","urlTemplate":"https:\/\/wi.pb.edu.pl\/p\/?s={search_term_string}"},"query-input":{"@type":"PropertyValueSpecification","valueRequired":true,"valueName":"search_term_string"}}],"inLanguage":"pl-PL"}]}},"_links":{"self":[{"href":"https:\/\/wi.pb.edu.pl\/p\/wp-json\/wp\/v2\/pages\/785","targetHints":{"allow":["GET"]}}],"collection":[{"href":"https:\/\/wi.pb.edu.pl\/p\/wp-json\/wp\/v2\/pages"}],"about":[{"href":"https:\/\/wi.pb.edu.pl\/p\/wp-json\/wp\/v2\/types\/page"}],"author":[{"embeddable":true,"href":"https:\/\/wi.pb.edu.pl\/p\/wp-json\/wp\/v2\/users\/14"}],"replies":[{"embeddable":true,"href":"https:\/\/wi.pb.edu.pl\/p\/wp-json\/wp\/v2\/comments?post=785"}],"version-history":[{"count":10,"href":"https:\/\/wi.pb.edu.pl\/p\/wp-json\/wp\/v2\/pages\/785\/revisions"}],"predecessor-version":[{"id":1873,"href":"https:\/\/wi.pb.edu.pl\/p\/wp-json\/wp\/v2\/pages\/785\/revisions\/1873"}],"up":[{"embeddable":true,"href":"https:\/\/wi.pb.edu.pl\/p\/wp-json\/wp\/v2\/pages\/590"}],"wp:attachment":[{"href":"https:\/\/wi.pb.edu.pl\/p\/wp-json\/wp\/v2\/media?parent=785"}],"curies":[{"name":"wp","href":"https:\/\/api.w.org\/{rel}","templated":true}]}}