{"id":791,"date":"2024-07-19T11:42:19","date_gmt":"2024-07-19T09:42:19","guid":{"rendered":"https:\/\/wi.pb.edu.pl\/p\/?page_id=791"},"modified":"2024-07-19T11:42:19","modified_gmt":"2024-07-19T09:42:19","slug":"wprowadzenie-do-pakietu-sas-podstawy-dzialania-systemu","status":"publish","type":"page","link":"https:\/\/wi.pb.edu.pl\/p\/marek-kretowski\/dydaktyka\/metody-wielowymiarowej-analizy-danych-laboratorium\/wprowadzenie-do-pakietu-sas-podstawy-dzialania-systemu\/","title":{"rendered":"Wprowadzenie do pakietu SAS &#8211; podstawy dzia\u0142ania systemu"},"content":{"rendered":"<p style=\"text-align: center\">Instrukcja do laboratorium z przedmiotu<br \/>\nMetody Wielowymiarowej Analizy Danych<\/p>\n<p><strong>Zagadnienia<\/strong>: \u015arodowisko pracy (okna: program editor, log i output); spos\u00f3b wykonywania programow (submit). Struktura programu w j\u0119zyku SAS 4GL (bloki DATA i PROC); tworzenie zbior\u00f3w danych SAS: wyra\u017cenie CARDS oraz czytanie zbioru danych z zewn\u0119trznego pliku; .<\/p>\n<p>Kilka po\u017cytecznych informacji:<br \/>\n&#8211; wielko\u015b\u0107 liter nie ma znaczenia (poza sta\u0142ymi znakowymi);<br \/>\n&#8211; komentarze: rozpoczynaj\u0105ce sie od znaku '*&#8217; i zako\u0144czone znakiem &#8217;;&#8217; lub \/* KOMENTARZ *\/;<br \/>\n&#8211; ka\u017cde wyra\u017cenie ko\u0144czymy \u015brednikiem;<br \/>\n&#8211; nazwy zmiennych: do 8 znak\u00f3w, rozpoczynaj\u0105ce sie od litery lub '_&#8217;, mog\u0105 zawiera\u0107 litery, cyfry i '_&#8217;;<\/p>\n<p><strong>Przyk\u0142adowe programy SAS:<\/strong><\/p>\n<p>DATA lab_1a;<br \/>\nINPUT imie $ plec $ wzrost waga;<br \/>\nCARDS;<br \/>\nJurek m 178 78<br \/>\nAnia k 167 60<br \/>\n&#8230;<br \/>\nKrzysztof m 190 90<br \/>\n;<br \/>\nPROC PRINT;<br \/>\nTITLE 'Studenci III roku informatyki&#8217;;<br \/>\nTITLE2 'Grupa pierwsza&#8217;;<br \/>\nFOOTNOTE 'Poniedzia\u0142ek, godzina 8.15&#8242;;<br \/>\nRUN;<\/p>\n<p>DATA lab_1b<br \/>\nINFILE 'c:\\data\\dane.txt&#8217;<br \/>\nINPUT imie $ plec $ wzrost waga;<br \/>\nPROC PRINT;<br \/>\nRUN;<\/p>\n","protected":false},"excerpt":{"rendered":"<p>Instrukcja do laboratorium z przedmiotu Metody Wielowymiarowej Analizy Danych Zagadnienia: \u015arodowisko pracy (okna: program editor,<a class=\"read-more\" href=\"https:\/\/wi.pb.edu.pl\/p\/marek-kretowski\/dydaktyka\/metody-wielowymiarowej-analizy-danych-laboratorium\/wprowadzenie-do-pakietu-sas-podstawy-dzialania-systemu\/\" title=\"Poka\u017c artyku\u0142 Wprowadzenie do pakietu SAS &#8211; podstawy dzia\u0142ania systemu\">wi\u0119cej<\/a><\/p>\n","protected":false},"author":14,"featured_media":0,"parent":785,"menu_order":0,"comment_status":"closed","ping_status":"closed","template":"","meta":{"inline_featured_image":false,"ngg_post_thumbnail":0,"footnotes":""},"class_list":["post-791","page","type-page","status-publish","hentry"],"acf":[],"yoast_head":"<!-- This site is optimized with the Yoast SEO plugin v26.4 - https:\/\/yoast.com\/wordpress\/plugins\/seo\/ -->\n<title>Wprowadzenie do pakietu SAS - podstawy dzia\u0142ania systemu - Strony pracownik\u00f3w Wydzia\u0142u Informatyki Politechniki Bia\u0142ostockiej<\/title>\n<meta name=\"robots\" content=\"index, follow, max-snippet:-1, max-image-preview:large, max-video-preview:-1\" \/>\n<link rel=\"canonical\" href=\"https:\/\/wi.pb.edu.pl\/p\/marek-kretowski\/dydaktyka\/metody-wielowymiarowej-analizy-danych-laboratorium\/wprowadzenie-do-pakietu-sas-podstawy-dzialania-systemu\/\" \/>\n<meta property=\"og:locale\" content=\"pl_PL\" \/>\n<meta property=\"og:type\" content=\"article\" \/>\n<meta property=\"og:title\" content=\"Wprowadzenie do pakietu SAS - podstawy dzia\u0142ania systemu - Strony pracownik\u00f3w Wydzia\u0142u Informatyki Politechniki Bia\u0142ostockiej\" \/>\n<meta property=\"og:description\" content=\"Instrukcja do laboratorium z przedmiotu Metody Wielowymiarowej Analizy Danych Zagadnienia: \u015arodowisko pracy (okna: program editor,wi\u0119cej\" \/>\n<meta property=\"og:url\" content=\"https:\/\/wi.pb.edu.pl\/p\/marek-kretowski\/dydaktyka\/metody-wielowymiarowej-analizy-danych-laboratorium\/wprowadzenie-do-pakietu-sas-podstawy-dzialania-systemu\/\" \/>\n<meta property=\"og:site_name\" content=\"Strony pracownik\u00f3w Wydzia\u0142u Informatyki Politechniki Bia\u0142ostockiej\" \/>\n<meta name=\"twitter:card\" content=\"summary_large_image\" \/>\n<meta name=\"twitter:label1\" content=\"Szacowany czas czytania\" \/>\n\t<meta name=\"twitter:data1\" content=\"1 minuta\" \/>\n<script type=\"application\/ld+json\" class=\"yoast-schema-graph\">{\"@context\":\"https:\/\/schema.org\",\"@graph\":[{\"@type\":\"WebPage\",\"@id\":\"https:\/\/wi.pb.edu.pl\/p\/marek-kretowski\/dydaktyka\/metody-wielowymiarowej-analizy-danych-laboratorium\/wprowadzenie-do-pakietu-sas-podstawy-dzialania-systemu\/\",\"url\":\"https:\/\/wi.pb.edu.pl\/p\/marek-kretowski\/dydaktyka\/metody-wielowymiarowej-analizy-danych-laboratorium\/wprowadzenie-do-pakietu-sas-podstawy-dzialania-systemu\/\",\"name\":\"Wprowadzenie do pakietu SAS - podstawy dzia\u0142ania systemu - Strony pracownik\u00f3w Wydzia\u0142u Informatyki Politechniki Bia\u0142ostockiej\",\"isPartOf\":{\"@id\":\"https:\/\/wi.pb.edu.pl\/p\/#website\"},\"datePublished\":\"2024-07-19T09:42:19+00:00\",\"breadcrumb\":{\"@id\":\"https:\/\/wi.pb.edu.pl\/p\/marek-kretowski\/dydaktyka\/metody-wielowymiarowej-analizy-danych-laboratorium\/wprowadzenie-do-pakietu-sas-podstawy-dzialania-systemu\/#breadcrumb\"},\"inLanguage\":\"pl-PL\",\"potentialAction\":[{\"@type\":\"ReadAction\",\"target\":[\"https:\/\/wi.pb.edu.pl\/p\/marek-kretowski\/dydaktyka\/metody-wielowymiarowej-analizy-danych-laboratorium\/wprowadzenie-do-pakietu-sas-podstawy-dzialania-systemu\/\"]}]},{\"@type\":\"BreadcrumbList\",\"@id\":\"https:\/\/wi.pb.edu.pl\/p\/marek-kretowski\/dydaktyka\/metody-wielowymiarowej-analizy-danych-laboratorium\/wprowadzenie-do-pakietu-sas-podstawy-dzialania-systemu\/#breadcrumb\",\"itemListElement\":[{\"@type\":\"ListItem\",\"position\":1,\"name\":\"Strona g\u0142\u00f3wna\",\"item\":\"https:\/\/wi.pb.edu.pl\/p\/\"},{\"@type\":\"ListItem\",\"position\":2,\"name\":\"prof. dr hab. in\u017c. Marek Kr\u0119towski\",\"item\":\"https:\/\/wi.pb.edu.pl\/p\/marek-kretowski\/\"},{\"@type\":\"ListItem\",\"position\":3,\"name\":\"Dydaktyka\",\"item\":\"https:\/\/wi.pb.edu.pl\/p\/marek-kretowski\/dydaktyka\/\"},{\"@type\":\"ListItem\",\"position\":4,\"name\":\"Metody Wielowymiarowej Analizy Danych &#8211; laboratorium\",\"item\":\"https:\/\/wi.pb.edu.pl\/p\/marek-kretowski\/dydaktyka\/metody-wielowymiarowej-analizy-danych-laboratorium\/\"},{\"@type\":\"ListItem\",\"position\":5,\"name\":\"Wprowadzenie do pakietu SAS &#8211; podstawy dzia\u0142ania systemu\"}]},{\"@type\":\"WebSite\",\"@id\":\"https:\/\/wi.pb.edu.pl\/p\/#website\",\"url\":\"https:\/\/wi.pb.edu.pl\/p\/\",\"name\":\"Strony pracownik\u00f3w Wydzia\u0142u Informatyki Politechniki Bia\u0142ostockiej\",\"description\":\"\",\"potentialAction\":[{\"@type\":\"SearchAction\",\"target\":{\"@type\":\"EntryPoint\",\"urlTemplate\":\"https:\/\/wi.pb.edu.pl\/p\/?s={search_term_string}\"},\"query-input\":{\"@type\":\"PropertyValueSpecification\",\"valueRequired\":true,\"valueName\":\"search_term_string\"}}],\"inLanguage\":\"pl-PL\"}]}<\/script>\n<!-- \/ Yoast SEO plugin. -->","yoast_head_json":{"title":"Wprowadzenie do pakietu SAS - podstawy dzia\u0142ania systemu - Strony pracownik\u00f3w Wydzia\u0142u Informatyki Politechniki Bia\u0142ostockiej","robots":{"index":"index","follow":"follow","max-snippet":"max-snippet:-1","max-image-preview":"max-image-preview:large","max-video-preview":"max-video-preview:-1"},"canonical":"https:\/\/wi.pb.edu.pl\/p\/marek-kretowski\/dydaktyka\/metody-wielowymiarowej-analizy-danych-laboratorium\/wprowadzenie-do-pakietu-sas-podstawy-dzialania-systemu\/","og_locale":"pl_PL","og_type":"article","og_title":"Wprowadzenie do pakietu SAS - podstawy dzia\u0142ania systemu - Strony pracownik\u00f3w Wydzia\u0142u Informatyki Politechniki Bia\u0142ostockiej","og_description":"Instrukcja do laboratorium z przedmiotu Metody Wielowymiarowej Analizy Danych Zagadnienia: \u015arodowisko pracy (okna: program editor,wi\u0119cej","og_url":"https:\/\/wi.pb.edu.pl\/p\/marek-kretowski\/dydaktyka\/metody-wielowymiarowej-analizy-danych-laboratorium\/wprowadzenie-do-pakietu-sas-podstawy-dzialania-systemu\/","og_site_name":"Strony pracownik\u00f3w Wydzia\u0142u Informatyki Politechniki Bia\u0142ostockiej","twitter_card":"summary_large_image","twitter_misc":{"Szacowany czas czytania":"1 minuta"},"schema":{"@context":"https:\/\/schema.org","@graph":[{"@type":"WebPage","@id":"https:\/\/wi.pb.edu.pl\/p\/marek-kretowski\/dydaktyka\/metody-wielowymiarowej-analizy-danych-laboratorium\/wprowadzenie-do-pakietu-sas-podstawy-dzialania-systemu\/","url":"https:\/\/wi.pb.edu.pl\/p\/marek-kretowski\/dydaktyka\/metody-wielowymiarowej-analizy-danych-laboratorium\/wprowadzenie-do-pakietu-sas-podstawy-dzialania-systemu\/","name":"Wprowadzenie do pakietu SAS - podstawy dzia\u0142ania systemu - Strony pracownik\u00f3w Wydzia\u0142u Informatyki Politechniki Bia\u0142ostockiej","isPartOf":{"@id":"https:\/\/wi.pb.edu.pl\/p\/#website"},"datePublished":"2024-07-19T09:42:19+00:00","breadcrumb":{"@id":"https:\/\/wi.pb.edu.pl\/p\/marek-kretowski\/dydaktyka\/metody-wielowymiarowej-analizy-danych-laboratorium\/wprowadzenie-do-pakietu-sas-podstawy-dzialania-systemu\/#breadcrumb"},"inLanguage":"pl-PL","potentialAction":[{"@type":"ReadAction","target":["https:\/\/wi.pb.edu.pl\/p\/marek-kretowski\/dydaktyka\/metody-wielowymiarowej-analizy-danych-laboratorium\/wprowadzenie-do-pakietu-sas-podstawy-dzialania-systemu\/"]}]},{"@type":"BreadcrumbList","@id":"https:\/\/wi.pb.edu.pl\/p\/marek-kretowski\/dydaktyka\/metody-wielowymiarowej-analizy-danych-laboratorium\/wprowadzenie-do-pakietu-sas-podstawy-dzialania-systemu\/#breadcrumb","itemListElement":[{"@type":"ListItem","position":1,"name":"Strona g\u0142\u00f3wna","item":"https:\/\/wi.pb.edu.pl\/p\/"},{"@type":"ListItem","position":2,"name":"prof. dr hab. in\u017c. Marek Kr\u0119towski","item":"https:\/\/wi.pb.edu.pl\/p\/marek-kretowski\/"},{"@type":"ListItem","position":3,"name":"Dydaktyka","item":"https:\/\/wi.pb.edu.pl\/p\/marek-kretowski\/dydaktyka\/"},{"@type":"ListItem","position":4,"name":"Metody Wielowymiarowej Analizy Danych &#8211; laboratorium","item":"https:\/\/wi.pb.edu.pl\/p\/marek-kretowski\/dydaktyka\/metody-wielowymiarowej-analizy-danych-laboratorium\/"},{"@type":"ListItem","position":5,"name":"Wprowadzenie do pakietu SAS &#8211; podstawy dzia\u0142ania systemu"}]},{"@type":"WebSite","@id":"https:\/\/wi.pb.edu.pl\/p\/#website","url":"https:\/\/wi.pb.edu.pl\/p\/","name":"Strony pracownik\u00f3w Wydzia\u0142u Informatyki Politechniki Bia\u0142ostockiej","description":"","potentialAction":[{"@type":"SearchAction","target":{"@type":"EntryPoint","urlTemplate":"https:\/\/wi.pb.edu.pl\/p\/?s={search_term_string}"},"query-input":{"@type":"PropertyValueSpecification","valueRequired":true,"valueName":"search_term_string"}}],"inLanguage":"pl-PL"}]}},"_links":{"self":[{"href":"https:\/\/wi.pb.edu.pl\/p\/wp-json\/wp\/v2\/pages\/791","targetHints":{"allow":["GET"]}}],"collection":[{"href":"https:\/\/wi.pb.edu.pl\/p\/wp-json\/wp\/v2\/pages"}],"about":[{"href":"https:\/\/wi.pb.edu.pl\/p\/wp-json\/wp\/v2\/types\/page"}],"author":[{"embeddable":true,"href":"https:\/\/wi.pb.edu.pl\/p\/wp-json\/wp\/v2\/users\/14"}],"replies":[{"embeddable":true,"href":"https:\/\/wi.pb.edu.pl\/p\/wp-json\/wp\/v2\/comments?post=791"}],"version-history":[{"count":2,"href":"https:\/\/wi.pb.edu.pl\/p\/wp-json\/wp\/v2\/pages\/791\/revisions"}],"predecessor-version":[{"id":793,"href":"https:\/\/wi.pb.edu.pl\/p\/wp-json\/wp\/v2\/pages\/791\/revisions\/793"}],"up":[{"embeddable":true,"href":"https:\/\/wi.pb.edu.pl\/p\/wp-json\/wp\/v2\/pages\/785"}],"wp:attachment":[{"href":"https:\/\/wi.pb.edu.pl\/p\/wp-json\/wp\/v2\/media?parent=791"}],"curies":[{"name":"wp","href":"https:\/\/api.w.org\/{rel}","templated":true}]}}