{"id":794,"date":"2024-07-19T11:48:04","date_gmt":"2024-07-19T09:48:04","guid":{"rendered":"https:\/\/wi.pb.edu.pl\/p\/?page_id=794"},"modified":"2024-07-19T11:48:04","modified_gmt":"2024-07-19T09:48:04","slug":"wprowadzenie-do-pakietu-sas-wczytywanie-danych","status":"publish","type":"page","link":"https:\/\/wi.pb.edu.pl\/p\/marek-kretowski\/dydaktyka\/metody-wielowymiarowej-analizy-danych-laboratorium\/wprowadzenie-do-pakietu-sas-wczytywanie-danych\/","title":{"rendered":"Wprowadzenie do pakietu SAS &#8211; wczytywanie danych"},"content":{"rendered":"<p style=\"text-align: center\">Instrukcja do laboratorium z przedmiotu<br \/>\nMetody Wielowymiarowej Analizy Danych<\/p>\n<p><strong>Zagadnienia<\/strong>: Trzy style czytania danych z zewn\u0119trznego pliku: listowy (list input), kolumnowy (column input) oraz wykorzystuj\u0105cy informaty. Wybrane informaty; mieszanie styl\u00f3w wczytywania danych; bardziej skomplikowane sytuacje (jedna linia &#8211; wiele obserwacji, wiele linii &#8211; jedna obserwacja, czytanie tylko cz\u0119sci pliku). Opcje wyra\u017cenia INFILE.<\/p>\n<p>Informaty (uwaga na kropk\u0119):<br \/>\n&#8211; znakowe: $informatw. (np: $CHARw. $HEXw. $w. )<br \/>\n&#8211; numeryczne: informatw.d (np: COMMAw.d PERCENTw. )<br \/>\n&#8211; daty: informatw. (np: DATEw. MMDDYYw. )<\/p>\n<p>Opcje wyra\u017cenia INFILE:<br \/>\n&#8211; FIRSTOBS=n &#8211; umo\u017cliwia rozpocz\u0119cie wczytywania danych od linii nr n;<br \/>\n&#8211; MISSOVER &#8211; w przypadku napotkania ko\u0144ca linii nie przechodzimy do nast\u0119pnej linii,<br \/>\nwszystkie pozosta\u0142e zmienne obserwacji przyjmuj\u0105 warto\u015b\u0107 brakuj\u0105c\u0105;<br \/>\n&#8211; PAD &#8211; uzupe\u0142nia wszystkie czytane linie spacjami do maksymalnej dlugo\u015bci linii (domy\u015blna d\u0142ugo\u015b\u0107 132);<br \/>\n&#8211; DLM &#8211; wykorzystywane do zmiany domy\u015blnego separatora (np: DLM=&#8217;,&#8217; oznacza przecinek jako separator) ;<\/p>\n<p><strong>Przyk\u0142adowe programy SAS:<\/strong><\/p>\n<p>DATA lab_2; \/* Styl kolumnowy *\/<br \/>\nINFILE 'c:\\data\\kolumny.txt&#8217; FIRSTOBS=2; \/* Opuszczamy pierwsz\u0105 lini\u0119 *\/<br \/>\nINPUT nazwa $ 1-20 ilosc 21-25 wartosc 30-39;<br \/>\nRUN;<\/p>\n<p>DATA lab_2; \/*Wykorzystanie informat\u00f3w *\/<br \/>\nINFILE 'c:\\data\\inne.txt&#8217;;&#8217;<br \/>\nINPUT nazwa $20. ilosc 3. +2 data MMDDYY8. (kwota1 kwota2 kwota3) (10.2);<br \/>\n\/* +n oznacza przesuni\u0119cie o n znak\u00f3w *\/<br \/>\nRUN;<\/p>\n<p>DATA lab_2; \/* Mieszanie styl\u00f3w wczytywania danych*\/<br \/>\nINFILE 'c:\\data\\inne.txt&#8217;;&#8217;<br \/>\nINPUT nazwa $ 1-20 ilosc kraj $ cena @50 wartosc COMMA10.;<br \/>\n\/* @n oznacza przeskok do kolumny numer n *\/<br \/>\nRUN;<\/p>\n<p>&nbsp;<\/p>\n","protected":false},"excerpt":{"rendered":"<p>Instrukcja do laboratorium z przedmiotu Metody Wielowymiarowej Analizy Danych Zagadnienia: Trzy style czytania danych z<a class=\"read-more\" href=\"https:\/\/wi.pb.edu.pl\/p\/marek-kretowski\/dydaktyka\/metody-wielowymiarowej-analizy-danych-laboratorium\/wprowadzenie-do-pakietu-sas-wczytywanie-danych\/\" title=\"Poka\u017c artyku\u0142 Wprowadzenie do pakietu SAS &#8211; wczytywanie danych\">wi\u0119cej<\/a><\/p>\n","protected":false},"author":14,"featured_media":0,"parent":785,"menu_order":0,"comment_status":"closed","ping_status":"closed","template":"","meta":{"inline_featured_image":false,"ngg_post_thumbnail":0,"footnotes":""},"class_list":["post-794","page","type-page","status-publish","hentry"],"acf":[],"yoast_head":"<!-- This site is optimized with the Yoast SEO plugin v26.4 - https:\/\/yoast.com\/wordpress\/plugins\/seo\/ -->\n<title>Wprowadzenie do pakietu SAS - wczytywanie danych - Strony pracownik\u00f3w Wydzia\u0142u Informatyki Politechniki Bia\u0142ostockiej<\/title>\n<meta name=\"robots\" content=\"index, follow, max-snippet:-1, max-image-preview:large, max-video-preview:-1\" \/>\n<link rel=\"canonical\" href=\"https:\/\/wi.pb.edu.pl\/p\/marek-kretowski\/dydaktyka\/metody-wielowymiarowej-analizy-danych-laboratorium\/wprowadzenie-do-pakietu-sas-wczytywanie-danych\/\" \/>\n<meta property=\"og:locale\" content=\"pl_PL\" \/>\n<meta property=\"og:type\" content=\"article\" \/>\n<meta property=\"og:title\" content=\"Wprowadzenie do pakietu SAS - wczytywanie danych - Strony pracownik\u00f3w Wydzia\u0142u Informatyki Politechniki Bia\u0142ostockiej\" \/>\n<meta property=\"og:description\" content=\"Instrukcja do laboratorium z przedmiotu Metody Wielowymiarowej Analizy Danych Zagadnienia: Trzy style czytania danych zwi\u0119cej\" \/>\n<meta property=\"og:url\" content=\"https:\/\/wi.pb.edu.pl\/p\/marek-kretowski\/dydaktyka\/metody-wielowymiarowej-analizy-danych-laboratorium\/wprowadzenie-do-pakietu-sas-wczytywanie-danych\/\" \/>\n<meta property=\"og:site_name\" content=\"Strony pracownik\u00f3w Wydzia\u0142u Informatyki Politechniki Bia\u0142ostockiej\" \/>\n<meta name=\"twitter:card\" content=\"summary_large_image\" \/>\n<meta name=\"twitter:label1\" content=\"Szacowany czas czytania\" \/>\n\t<meta name=\"twitter:data1\" content=\"2 minuty\" \/>\n<script type=\"application\/ld+json\" class=\"yoast-schema-graph\">{\"@context\":\"https:\/\/schema.org\",\"@graph\":[{\"@type\":\"WebPage\",\"@id\":\"https:\/\/wi.pb.edu.pl\/p\/marek-kretowski\/dydaktyka\/metody-wielowymiarowej-analizy-danych-laboratorium\/wprowadzenie-do-pakietu-sas-wczytywanie-danych\/\",\"url\":\"https:\/\/wi.pb.edu.pl\/p\/marek-kretowski\/dydaktyka\/metody-wielowymiarowej-analizy-danych-laboratorium\/wprowadzenie-do-pakietu-sas-wczytywanie-danych\/\",\"name\":\"Wprowadzenie do pakietu SAS - wczytywanie danych - Strony pracownik\u00f3w Wydzia\u0142u Informatyki Politechniki Bia\u0142ostockiej\",\"isPartOf\":{\"@id\":\"https:\/\/wi.pb.edu.pl\/p\/#website\"},\"datePublished\":\"2024-07-19T09:48:04+00:00\",\"breadcrumb\":{\"@id\":\"https:\/\/wi.pb.edu.pl\/p\/marek-kretowski\/dydaktyka\/metody-wielowymiarowej-analizy-danych-laboratorium\/wprowadzenie-do-pakietu-sas-wczytywanie-danych\/#breadcrumb\"},\"inLanguage\":\"pl-PL\",\"potentialAction\":[{\"@type\":\"ReadAction\",\"target\":[\"https:\/\/wi.pb.edu.pl\/p\/marek-kretowski\/dydaktyka\/metody-wielowymiarowej-analizy-danych-laboratorium\/wprowadzenie-do-pakietu-sas-wczytywanie-danych\/\"]}]},{\"@type\":\"BreadcrumbList\",\"@id\":\"https:\/\/wi.pb.edu.pl\/p\/marek-kretowski\/dydaktyka\/metody-wielowymiarowej-analizy-danych-laboratorium\/wprowadzenie-do-pakietu-sas-wczytywanie-danych\/#breadcrumb\",\"itemListElement\":[{\"@type\":\"ListItem\",\"position\":1,\"name\":\"Strona g\u0142\u00f3wna\",\"item\":\"https:\/\/wi.pb.edu.pl\/p\/\"},{\"@type\":\"ListItem\",\"position\":2,\"name\":\"prof. dr hab. in\u017c. Marek Kr\u0119towski\",\"item\":\"https:\/\/wi.pb.edu.pl\/p\/marek-kretowski\/\"},{\"@type\":\"ListItem\",\"position\":3,\"name\":\"Dydaktyka\",\"item\":\"https:\/\/wi.pb.edu.pl\/p\/marek-kretowski\/dydaktyka\/\"},{\"@type\":\"ListItem\",\"position\":4,\"name\":\"Metody Wielowymiarowej Analizy Danych &#8211; laboratorium\",\"item\":\"https:\/\/wi.pb.edu.pl\/p\/marek-kretowski\/dydaktyka\/metody-wielowymiarowej-analizy-danych-laboratorium\/\"},{\"@type\":\"ListItem\",\"position\":5,\"name\":\"Wprowadzenie do pakietu SAS &#8211; wczytywanie danych\"}]},{\"@type\":\"WebSite\",\"@id\":\"https:\/\/wi.pb.edu.pl\/p\/#website\",\"url\":\"https:\/\/wi.pb.edu.pl\/p\/\",\"name\":\"Strony pracownik\u00f3w Wydzia\u0142u Informatyki Politechniki Bia\u0142ostockiej\",\"description\":\"\",\"potentialAction\":[{\"@type\":\"SearchAction\",\"target\":{\"@type\":\"EntryPoint\",\"urlTemplate\":\"https:\/\/wi.pb.edu.pl\/p\/?s={search_term_string}\"},\"query-input\":{\"@type\":\"PropertyValueSpecification\",\"valueRequired\":true,\"valueName\":\"search_term_string\"}}],\"inLanguage\":\"pl-PL\"}]}<\/script>\n<!-- \/ Yoast SEO plugin. -->","yoast_head_json":{"title":"Wprowadzenie do pakietu SAS - wczytywanie danych - Strony pracownik\u00f3w Wydzia\u0142u Informatyki Politechniki Bia\u0142ostockiej","robots":{"index":"index","follow":"follow","max-snippet":"max-snippet:-1","max-image-preview":"max-image-preview:large","max-video-preview":"max-video-preview:-1"},"canonical":"https:\/\/wi.pb.edu.pl\/p\/marek-kretowski\/dydaktyka\/metody-wielowymiarowej-analizy-danych-laboratorium\/wprowadzenie-do-pakietu-sas-wczytywanie-danych\/","og_locale":"pl_PL","og_type":"article","og_title":"Wprowadzenie do pakietu SAS - wczytywanie danych - Strony pracownik\u00f3w Wydzia\u0142u Informatyki Politechniki Bia\u0142ostockiej","og_description":"Instrukcja do laboratorium z przedmiotu Metody Wielowymiarowej Analizy Danych Zagadnienia: Trzy style czytania danych zwi\u0119cej","og_url":"https:\/\/wi.pb.edu.pl\/p\/marek-kretowski\/dydaktyka\/metody-wielowymiarowej-analizy-danych-laboratorium\/wprowadzenie-do-pakietu-sas-wczytywanie-danych\/","og_site_name":"Strony pracownik\u00f3w Wydzia\u0142u Informatyki Politechniki Bia\u0142ostockiej","twitter_card":"summary_large_image","twitter_misc":{"Szacowany czas czytania":"2 minuty"},"schema":{"@context":"https:\/\/schema.org","@graph":[{"@type":"WebPage","@id":"https:\/\/wi.pb.edu.pl\/p\/marek-kretowski\/dydaktyka\/metody-wielowymiarowej-analizy-danych-laboratorium\/wprowadzenie-do-pakietu-sas-wczytywanie-danych\/","url":"https:\/\/wi.pb.edu.pl\/p\/marek-kretowski\/dydaktyka\/metody-wielowymiarowej-analizy-danych-laboratorium\/wprowadzenie-do-pakietu-sas-wczytywanie-danych\/","name":"Wprowadzenie do pakietu SAS - wczytywanie danych - Strony pracownik\u00f3w Wydzia\u0142u Informatyki Politechniki Bia\u0142ostockiej","isPartOf":{"@id":"https:\/\/wi.pb.edu.pl\/p\/#website"},"datePublished":"2024-07-19T09:48:04+00:00","breadcrumb":{"@id":"https:\/\/wi.pb.edu.pl\/p\/marek-kretowski\/dydaktyka\/metody-wielowymiarowej-analizy-danych-laboratorium\/wprowadzenie-do-pakietu-sas-wczytywanie-danych\/#breadcrumb"},"inLanguage":"pl-PL","potentialAction":[{"@type":"ReadAction","target":["https:\/\/wi.pb.edu.pl\/p\/marek-kretowski\/dydaktyka\/metody-wielowymiarowej-analizy-danych-laboratorium\/wprowadzenie-do-pakietu-sas-wczytywanie-danych\/"]}]},{"@type":"BreadcrumbList","@id":"https:\/\/wi.pb.edu.pl\/p\/marek-kretowski\/dydaktyka\/metody-wielowymiarowej-analizy-danych-laboratorium\/wprowadzenie-do-pakietu-sas-wczytywanie-danych\/#breadcrumb","itemListElement":[{"@type":"ListItem","position":1,"name":"Strona g\u0142\u00f3wna","item":"https:\/\/wi.pb.edu.pl\/p\/"},{"@type":"ListItem","position":2,"name":"prof. dr hab. in\u017c. Marek Kr\u0119towski","item":"https:\/\/wi.pb.edu.pl\/p\/marek-kretowski\/"},{"@type":"ListItem","position":3,"name":"Dydaktyka","item":"https:\/\/wi.pb.edu.pl\/p\/marek-kretowski\/dydaktyka\/"},{"@type":"ListItem","position":4,"name":"Metody Wielowymiarowej Analizy Danych &#8211; laboratorium","item":"https:\/\/wi.pb.edu.pl\/p\/marek-kretowski\/dydaktyka\/metody-wielowymiarowej-analizy-danych-laboratorium\/"},{"@type":"ListItem","position":5,"name":"Wprowadzenie do pakietu SAS &#8211; wczytywanie danych"}]},{"@type":"WebSite","@id":"https:\/\/wi.pb.edu.pl\/p\/#website","url":"https:\/\/wi.pb.edu.pl\/p\/","name":"Strony pracownik\u00f3w Wydzia\u0142u Informatyki Politechniki Bia\u0142ostockiej","description":"","potentialAction":[{"@type":"SearchAction","target":{"@type":"EntryPoint","urlTemplate":"https:\/\/wi.pb.edu.pl\/p\/?s={search_term_string}"},"query-input":{"@type":"PropertyValueSpecification","valueRequired":true,"valueName":"search_term_string"}}],"inLanguage":"pl-PL"}]}},"_links":{"self":[{"href":"https:\/\/wi.pb.edu.pl\/p\/wp-json\/wp\/v2\/pages\/794","targetHints":{"allow":["GET"]}}],"collection":[{"href":"https:\/\/wi.pb.edu.pl\/p\/wp-json\/wp\/v2\/pages"}],"about":[{"href":"https:\/\/wi.pb.edu.pl\/p\/wp-json\/wp\/v2\/types\/page"}],"author":[{"embeddable":true,"href":"https:\/\/wi.pb.edu.pl\/p\/wp-json\/wp\/v2\/users\/14"}],"replies":[{"embeddable":true,"href":"https:\/\/wi.pb.edu.pl\/p\/wp-json\/wp\/v2\/comments?post=794"}],"version-history":[{"count":1,"href":"https:\/\/wi.pb.edu.pl\/p\/wp-json\/wp\/v2\/pages\/794\/revisions"}],"predecessor-version":[{"id":795,"href":"https:\/\/wi.pb.edu.pl\/p\/wp-json\/wp\/v2\/pages\/794\/revisions\/795"}],"up":[{"embeddable":true,"href":"https:\/\/wi.pb.edu.pl\/p\/wp-json\/wp\/v2\/pages\/785"}],"wp:attachment":[{"href":"https:\/\/wi.pb.edu.pl\/p\/wp-json\/wp\/v2\/media?parent=794"}],"curies":[{"name":"wp","href":"https:\/\/api.w.org\/{rel}","templated":true}]}}