{"id":796,"date":"2024-07-19T11:49:10","date_gmt":"2024-07-19T09:49:10","guid":{"rendered":"https:\/\/wi.pb.edu.pl\/p\/?page_id=796"},"modified":"2024-07-19T11:49:10","modified_gmt":"2024-07-19T09:49:10","slug":"wprowadzenie-do-pakietu-sas-podstawowe-procedury","status":"publish","type":"page","link":"https:\/\/wi.pb.edu.pl\/p\/marek-kretowski\/dydaktyka\/metody-wielowymiarowej-analizy-danych-laboratorium\/wprowadzenie-do-pakietu-sas-podstawowe-procedury\/","title":{"rendered":"Wprowadzenie do pakietu SAS &#8211; podstawowe procedury"},"content":{"rendered":"<p style=\"text-align: center\">Instrukcja do laboratorium z przedmiotu<br \/>\nMetody Wielowymiarowej Analizy Danych<\/p>\n<p><strong>Zagadnienia<\/strong>: Sortowanie i wypisywanie danych (SORT, PRINT), wizualizacja danych (proste wykresy dwuwymiarowe &#8211; PLOT, histogramy i wykresy ko\u0142owe &#8211; CHART, wykresy tr\u00f3jwymiarowe &#8211; G3D); tablice cz\u0119sto\u015bci (FREQ), proste statystyki (MEANS, UNIVARIATE).<\/p>\n<p><strong>Wykorzystywane procedury SAS:<\/strong><\/p>\n<p>PROC PRINT;<br \/>\n{VAR zmienna_x zmienna_y &#8230;;}<br \/>\n{TITLE 'Tytul&#8217;;}<br \/>\n{TITLE# 'Tytul w linii numer '#&#8217;;}<br \/>\n{FOOTNOTE 'Stopka&#8217;;}<\/p>\n<p>PROC SORT {DATA=zbi\u00f3r_danych_SAS} {OUT=wyj\u015bciowy_zbi\u00f3r_danych_SAS}<br \/>\nBY zmienna_x {zmienna_y};<\/p>\n<p>PROC PLOT {DATA=zbi\u00f3r_danych_SAS } {VPERCENT=procent} {HPERCENT=procent}; {ew. GPLOT}<br \/>\nPLOT zm_y*zm_x1{=&#8217;symbol1&#8242;} {zm_y*zm_x2{=&#8217;symbol2&#8242;} &#8230;};<\/p>\n<p>PROC CHART; {lub GCHART}<br \/>\nVBAR zmienna {\/ opcje}; {lub HBAR, BLOCK, PIE}<\/p>\n<p>PROC UNIVARIATE {PLOT} {NORMAL}; \/* PLOT &#8211; 3 wykresy, NORMAL &#8211; test normalno\u015bci *\/<br \/>\n{VAR lista_zmiennych;}<br \/>\n{BY zmienna;} \/* nale\u017cy pami\u0119ta\u0107 o wcze\u015bniejszym posortowaniu danych *\/<\/p>\n<p><strong>Przyk\u0142adowe programy:<\/strong><\/p>\n<p>PROC PRINT DATA=lab_3;<br \/>\nTITLE 'Wypisujemy wszystkie zmienne!&#8217;;<br \/>\nRUN;<\/p>\n<p>PROC PRINT;<br \/>\nVAR imie wzrost;<br \/>\nWHERE wzrost&gt;180 AND waga&gt;80;<br \/>\nTITLE 'Tylko imi\u0119 i wzrost, gdy wzrost&gt;180 i waga&gt;80&#8242;;<br \/>\nRUN;<\/p>\n<p>PROC SORT DATA=lab_3 OUT=p_sort<br \/>\nBY plec;<br \/>\nPROC PRINT DATA=p_sort;<br \/>\nBY plec;<br \/>\nRUN;<\/p>\n<p>PROC PLOT DATA=lab_3;<br \/>\nPLOT wzrost*waga \/ HAXIS= 120 140 160 180 200<br \/>\nVAXIS= 50 to 100 by 10;<br \/>\nTITLE 'Wzrost w funkcji wagi&#8217;;<br \/>\nFOOTNOTE 'Studenci III roku informatyki&#8217;;<br \/>\nRUN;<\/p>\n<p>PROC PLOT;<br \/>\nPLOT wiek*wzrost=&#8217;x&#8217; wiek*waga=&#8217;*;<br \/>\nRUN;<\/p>\n<p>PROC PLOT HPERCENT=50;<br \/>\nPLOT wiek*wzrost;<br \/>\nPLOT wiek*waga;<br \/>\nRUN;<\/p>\n<p>PROC CHART;<br \/>\nVBAR wzrost; \/* VBAR &#8211; histogram pionowy, HBAR &#8211; poziomy, BLOCK &#8211; blokowy, PIE &#8211; ko\u0142owy *\/<br \/>\nRUN;<\/p>\n<p>PROC CHART DATA=lab_3;<br \/>\nBLOCK wzrost \/ MIDPOINTS=150 160 170 180 190<br \/>\nGROUP=plec; \/* lub SUBGROUP=plec *\/<br \/>\nRUN;<\/p>\n","protected":false},"excerpt":{"rendered":"<p>Instrukcja do laboratorium z przedmiotu Metody Wielowymiarowej Analizy Danych Zagadnienia: Sortowanie i wypisywanie danych (SORT,<a class=\"read-more\" href=\"https:\/\/wi.pb.edu.pl\/p\/marek-kretowski\/dydaktyka\/metody-wielowymiarowej-analizy-danych-laboratorium\/wprowadzenie-do-pakietu-sas-podstawowe-procedury\/\" title=\"Poka\u017c artyku\u0142 Wprowadzenie do pakietu SAS &#8211; podstawowe procedury\">wi\u0119cej<\/a><\/p>\n","protected":false},"author":14,"featured_media":0,"parent":785,"menu_order":0,"comment_status":"closed","ping_status":"closed","template":"","meta":{"inline_featured_image":false,"ngg_post_thumbnail":0,"footnotes":""},"class_list":["post-796","page","type-page","status-publish","hentry"],"acf":[],"yoast_head":"<!-- This site is optimized with the Yoast SEO plugin v26.4 - https:\/\/yoast.com\/wordpress\/plugins\/seo\/ -->\n<title>Wprowadzenie do pakietu SAS - podstawowe procedury - Strony pracownik\u00f3w Wydzia\u0142u Informatyki Politechniki Bia\u0142ostockiej<\/title>\n<meta name=\"robots\" content=\"index, follow, max-snippet:-1, max-image-preview:large, max-video-preview:-1\" \/>\n<link rel=\"canonical\" href=\"https:\/\/wi.pb.edu.pl\/p\/marek-kretowski\/dydaktyka\/metody-wielowymiarowej-analizy-danych-laboratorium\/wprowadzenie-do-pakietu-sas-podstawowe-procedury\/\" \/>\n<meta property=\"og:locale\" content=\"pl_PL\" \/>\n<meta property=\"og:type\" content=\"article\" \/>\n<meta property=\"og:title\" content=\"Wprowadzenie do pakietu SAS - podstawowe procedury - Strony pracownik\u00f3w Wydzia\u0142u Informatyki Politechniki Bia\u0142ostockiej\" \/>\n<meta property=\"og:description\" content=\"Instrukcja do laboratorium z przedmiotu Metody Wielowymiarowej Analizy Danych Zagadnienia: Sortowanie i wypisywanie danych (SORT,wi\u0119cej\" \/>\n<meta property=\"og:url\" content=\"https:\/\/wi.pb.edu.pl\/p\/marek-kretowski\/dydaktyka\/metody-wielowymiarowej-analizy-danych-laboratorium\/wprowadzenie-do-pakietu-sas-podstawowe-procedury\/\" \/>\n<meta property=\"og:site_name\" content=\"Strony pracownik\u00f3w Wydzia\u0142u Informatyki Politechniki Bia\u0142ostockiej\" \/>\n<meta name=\"twitter:card\" content=\"summary_large_image\" \/>\n<meta name=\"twitter:label1\" content=\"Szacowany czas czytania\" \/>\n\t<meta name=\"twitter:data1\" content=\"2 minuty\" \/>\n<script type=\"application\/ld+json\" class=\"yoast-schema-graph\">{\"@context\":\"https:\/\/schema.org\",\"@graph\":[{\"@type\":\"WebPage\",\"@id\":\"https:\/\/wi.pb.edu.pl\/p\/marek-kretowski\/dydaktyka\/metody-wielowymiarowej-analizy-danych-laboratorium\/wprowadzenie-do-pakietu-sas-podstawowe-procedury\/\",\"url\":\"https:\/\/wi.pb.edu.pl\/p\/marek-kretowski\/dydaktyka\/metody-wielowymiarowej-analizy-danych-laboratorium\/wprowadzenie-do-pakietu-sas-podstawowe-procedury\/\",\"name\":\"Wprowadzenie do pakietu SAS - podstawowe procedury - Strony pracownik\u00f3w Wydzia\u0142u Informatyki Politechniki Bia\u0142ostockiej\",\"isPartOf\":{\"@id\":\"https:\/\/wi.pb.edu.pl\/p\/#website\"},\"datePublished\":\"2024-07-19T09:49:10+00:00\",\"breadcrumb\":{\"@id\":\"https:\/\/wi.pb.edu.pl\/p\/marek-kretowski\/dydaktyka\/metody-wielowymiarowej-analizy-danych-laboratorium\/wprowadzenie-do-pakietu-sas-podstawowe-procedury\/#breadcrumb\"},\"inLanguage\":\"pl-PL\",\"potentialAction\":[{\"@type\":\"ReadAction\",\"target\":[\"https:\/\/wi.pb.edu.pl\/p\/marek-kretowski\/dydaktyka\/metody-wielowymiarowej-analizy-danych-laboratorium\/wprowadzenie-do-pakietu-sas-podstawowe-procedury\/\"]}]},{\"@type\":\"BreadcrumbList\",\"@id\":\"https:\/\/wi.pb.edu.pl\/p\/marek-kretowski\/dydaktyka\/metody-wielowymiarowej-analizy-danych-laboratorium\/wprowadzenie-do-pakietu-sas-podstawowe-procedury\/#breadcrumb\",\"itemListElement\":[{\"@type\":\"ListItem\",\"position\":1,\"name\":\"Strona g\u0142\u00f3wna\",\"item\":\"https:\/\/wi.pb.edu.pl\/p\/\"},{\"@type\":\"ListItem\",\"position\":2,\"name\":\"prof. dr hab. in\u017c. Marek Kr\u0119towski\",\"item\":\"https:\/\/wi.pb.edu.pl\/p\/marek-kretowski\/\"},{\"@type\":\"ListItem\",\"position\":3,\"name\":\"Dydaktyka\",\"item\":\"https:\/\/wi.pb.edu.pl\/p\/marek-kretowski\/dydaktyka\/\"},{\"@type\":\"ListItem\",\"position\":4,\"name\":\"Metody Wielowymiarowej Analizy Danych &#8211; laboratorium\",\"item\":\"https:\/\/wi.pb.edu.pl\/p\/marek-kretowski\/dydaktyka\/metody-wielowymiarowej-analizy-danych-laboratorium\/\"},{\"@type\":\"ListItem\",\"position\":5,\"name\":\"Wprowadzenie do pakietu SAS &#8211; podstawowe procedury\"}]},{\"@type\":\"WebSite\",\"@id\":\"https:\/\/wi.pb.edu.pl\/p\/#website\",\"url\":\"https:\/\/wi.pb.edu.pl\/p\/\",\"name\":\"Strony pracownik\u00f3w Wydzia\u0142u Informatyki Politechniki Bia\u0142ostockiej\",\"description\":\"\",\"potentialAction\":[{\"@type\":\"SearchAction\",\"target\":{\"@type\":\"EntryPoint\",\"urlTemplate\":\"https:\/\/wi.pb.edu.pl\/p\/?s={search_term_string}\"},\"query-input\":{\"@type\":\"PropertyValueSpecification\",\"valueRequired\":true,\"valueName\":\"search_term_string\"}}],\"inLanguage\":\"pl-PL\"}]}<\/script>\n<!-- \/ Yoast SEO plugin. -->","yoast_head_json":{"title":"Wprowadzenie do pakietu SAS - podstawowe procedury - Strony pracownik\u00f3w Wydzia\u0142u Informatyki Politechniki Bia\u0142ostockiej","robots":{"index":"index","follow":"follow","max-snippet":"max-snippet:-1","max-image-preview":"max-image-preview:large","max-video-preview":"max-video-preview:-1"},"canonical":"https:\/\/wi.pb.edu.pl\/p\/marek-kretowski\/dydaktyka\/metody-wielowymiarowej-analizy-danych-laboratorium\/wprowadzenie-do-pakietu-sas-podstawowe-procedury\/","og_locale":"pl_PL","og_type":"article","og_title":"Wprowadzenie do pakietu SAS - podstawowe procedury - Strony pracownik\u00f3w Wydzia\u0142u Informatyki Politechniki Bia\u0142ostockiej","og_description":"Instrukcja do laboratorium z przedmiotu Metody Wielowymiarowej Analizy Danych Zagadnienia: Sortowanie i wypisywanie danych (SORT,wi\u0119cej","og_url":"https:\/\/wi.pb.edu.pl\/p\/marek-kretowski\/dydaktyka\/metody-wielowymiarowej-analizy-danych-laboratorium\/wprowadzenie-do-pakietu-sas-podstawowe-procedury\/","og_site_name":"Strony pracownik\u00f3w Wydzia\u0142u Informatyki Politechniki Bia\u0142ostockiej","twitter_card":"summary_large_image","twitter_misc":{"Szacowany czas czytania":"2 minuty"},"schema":{"@context":"https:\/\/schema.org","@graph":[{"@type":"WebPage","@id":"https:\/\/wi.pb.edu.pl\/p\/marek-kretowski\/dydaktyka\/metody-wielowymiarowej-analizy-danych-laboratorium\/wprowadzenie-do-pakietu-sas-podstawowe-procedury\/","url":"https:\/\/wi.pb.edu.pl\/p\/marek-kretowski\/dydaktyka\/metody-wielowymiarowej-analizy-danych-laboratorium\/wprowadzenie-do-pakietu-sas-podstawowe-procedury\/","name":"Wprowadzenie do pakietu SAS - podstawowe procedury - Strony pracownik\u00f3w Wydzia\u0142u Informatyki Politechniki Bia\u0142ostockiej","isPartOf":{"@id":"https:\/\/wi.pb.edu.pl\/p\/#website"},"datePublished":"2024-07-19T09:49:10+00:00","breadcrumb":{"@id":"https:\/\/wi.pb.edu.pl\/p\/marek-kretowski\/dydaktyka\/metody-wielowymiarowej-analizy-danych-laboratorium\/wprowadzenie-do-pakietu-sas-podstawowe-procedury\/#breadcrumb"},"inLanguage":"pl-PL","potentialAction":[{"@type":"ReadAction","target":["https:\/\/wi.pb.edu.pl\/p\/marek-kretowski\/dydaktyka\/metody-wielowymiarowej-analizy-danych-laboratorium\/wprowadzenie-do-pakietu-sas-podstawowe-procedury\/"]}]},{"@type":"BreadcrumbList","@id":"https:\/\/wi.pb.edu.pl\/p\/marek-kretowski\/dydaktyka\/metody-wielowymiarowej-analizy-danych-laboratorium\/wprowadzenie-do-pakietu-sas-podstawowe-procedury\/#breadcrumb","itemListElement":[{"@type":"ListItem","position":1,"name":"Strona g\u0142\u00f3wna","item":"https:\/\/wi.pb.edu.pl\/p\/"},{"@type":"ListItem","position":2,"name":"prof. dr hab. in\u017c. Marek Kr\u0119towski","item":"https:\/\/wi.pb.edu.pl\/p\/marek-kretowski\/"},{"@type":"ListItem","position":3,"name":"Dydaktyka","item":"https:\/\/wi.pb.edu.pl\/p\/marek-kretowski\/dydaktyka\/"},{"@type":"ListItem","position":4,"name":"Metody Wielowymiarowej Analizy Danych &#8211; laboratorium","item":"https:\/\/wi.pb.edu.pl\/p\/marek-kretowski\/dydaktyka\/metody-wielowymiarowej-analizy-danych-laboratorium\/"},{"@type":"ListItem","position":5,"name":"Wprowadzenie do pakietu SAS &#8211; podstawowe procedury"}]},{"@type":"WebSite","@id":"https:\/\/wi.pb.edu.pl\/p\/#website","url":"https:\/\/wi.pb.edu.pl\/p\/","name":"Strony pracownik\u00f3w Wydzia\u0142u Informatyki Politechniki Bia\u0142ostockiej","description":"","potentialAction":[{"@type":"SearchAction","target":{"@type":"EntryPoint","urlTemplate":"https:\/\/wi.pb.edu.pl\/p\/?s={search_term_string}"},"query-input":{"@type":"PropertyValueSpecification","valueRequired":true,"valueName":"search_term_string"}}],"inLanguage":"pl-PL"}]}},"_links":{"self":[{"href":"https:\/\/wi.pb.edu.pl\/p\/wp-json\/wp\/v2\/pages\/796","targetHints":{"allow":["GET"]}}],"collection":[{"href":"https:\/\/wi.pb.edu.pl\/p\/wp-json\/wp\/v2\/pages"}],"about":[{"href":"https:\/\/wi.pb.edu.pl\/p\/wp-json\/wp\/v2\/types\/page"}],"author":[{"embeddable":true,"href":"https:\/\/wi.pb.edu.pl\/p\/wp-json\/wp\/v2\/users\/14"}],"replies":[{"embeddable":true,"href":"https:\/\/wi.pb.edu.pl\/p\/wp-json\/wp\/v2\/comments?post=796"}],"version-history":[{"count":1,"href":"https:\/\/wi.pb.edu.pl\/p\/wp-json\/wp\/v2\/pages\/796\/revisions"}],"predecessor-version":[{"id":797,"href":"https:\/\/wi.pb.edu.pl\/p\/wp-json\/wp\/v2\/pages\/796\/revisions\/797"}],"up":[{"embeddable":true,"href":"https:\/\/wi.pb.edu.pl\/p\/wp-json\/wp\/v2\/pages\/785"}],"wp:attachment":[{"href":"https:\/\/wi.pb.edu.pl\/p\/wp-json\/wp\/v2\/media?parent=796"}],"curies":[{"name":"wp","href":"https:\/\/api.w.org\/{rel}","templated":true}]}}