{"id":802,"date":"2024-07-19T11:53:08","date_gmt":"2024-07-19T09:53:08","guid":{"rendered":"https:\/\/wi.pb.edu.pl\/p\/?page_id=802"},"modified":"2024-07-19T11:53:08","modified_gmt":"2024-07-19T09:53:08","slug":"zmienne-kanoniczne-i-korelacje-kanoniczne","status":"publish","type":"page","link":"https:\/\/wi.pb.edu.pl\/p\/marek-kretowski\/dydaktyka\/metody-wielowymiarowej-analizy-danych-laboratorium\/zmienne-kanoniczne-i-korelacje-kanoniczne\/","title":{"rendered":"Zmienne Kanoniczne i Korelacje Kanoniczne"},"content":{"rendered":"<p style=\"text-align: center\">Instrukcja do laboratorium z przedmiotu<br \/>\nMetody Wielowymiarowej Analizy Danych<\/p>\n<p><strong>Zagadnienia<\/strong>: Definicje i w\u0142asno\u015bci zmiennych kanonicznych. Techniki wyznaczania zmiennych kanonicznych \u2013 uog\u00f3lnione zagadnienie w\u0142asne. Wsp\u00f3\u0142czynniki korelacji kanonicznych. Weryfikacja hipotez o zerowej warto\u015bci wsp\u00f3\u0142czynnik\u00f3w korelacji kanonicznych.<\/p>\n<p><strong>Tre\u015b\u0107 \u0107wiczenia:<\/strong><\/p>\n<ol>\n<li>Przeprowadzi\u0107 analiz\u0119 korelacji kanonicznych w oparciu o dostarczone dane eksperymentalne; w celu interpretacji policzy\u0107 korelacje pomi\u0119dzy zmiennymi kanonicznymi a ich zmiennymi sk\u0142adowymi; jak\u0105 cz\u0119\u015b\u0107 zmienno\u015bci odpowiednich grup przenosz\u0105 zmienne kanoniczne<\/li>\n<li>Zbada\u0107 jaki wp\u0142yw na zmienne kanoniczne ma standaryzacja zmiennych oryginalnych.<\/li>\n<li>Sporz\u0105dzi\u0107 wykresy odpowiadaj\u0105cych sobie zmiennych kanonicznych oraz wykresy \u201cznacz\u0105cych\u201d zmiennych wobec ich zmiennych sk\u0142adowych.<\/li>\n<\/ol>\n<p><strong>Wykorzystywane procedury SAS:<\/strong><\/p>\n<p>PROC CANCORR {opcje};<br \/>\nWITH lista-zmiennych;<br \/>\n{VAR lista-zmiennych;}<br \/>\nopcje:<br \/>\n{ALL} \u2013 drukuje proste statystyki, korelacje, oraz analiz\u0119 zmiennych kanonicznych<br \/>\n{CORR} \u2013 drukuje korelacje pomi\u0119dzy zmiennymi oryginalnymi<br \/>\n{OUT = zbi\u00f3r-danych-SAS} tworzy zbi\u00f3r zawieraj\u0105cy zmienne oryginalne i odpowiadaj\u0105ce im zmienne kanoniczne<br \/>\n{VPREFIX = nazwa}<br \/>\n{WPREFIX = nazwa} s\u0142u\u017c\u0105 do okre\u015blenia nazewnictwa zmiennych kanonicznych odpowiednio dla V-VAR i W-WITH zmiennych (domy\u015blnie V1, V2, \u2026 , W1, W2, \u2026}<br \/>\n{VNAME = \u2018nazwa\u2019}<br \/>\n{WNAME = \u2018nazwa\u2019} okre\u015blaj\u0105 nazwy grup zmiennych<\/p>\n<p><strong>Przyk\u0142adowe pytania sprawdzaj\u0105ce:<\/strong><\/p>\n<p>1. W jakim celu wykonujemy analiz\u0119 korelacji kanonicznych?<br \/>\n2. Co to s\u0105 zmienne kanoniczne?<br \/>\n3. Ile maksymalnie par zmiennych kanonicznych mo\u017cemy uzyska\u0107?<\/p>\n","protected":false},"excerpt":{"rendered":"<p>Instrukcja do laboratorium z przedmiotu Metody Wielowymiarowej Analizy Danych Zagadnienia: Definicje i w\u0142asno\u015bci zmiennych kanonicznych.<a class=\"read-more\" href=\"https:\/\/wi.pb.edu.pl\/p\/marek-kretowski\/dydaktyka\/metody-wielowymiarowej-analizy-danych-laboratorium\/zmienne-kanoniczne-i-korelacje-kanoniczne\/\" title=\"Poka\u017c artyku\u0142 Zmienne Kanoniczne i Korelacje Kanoniczne\">wi\u0119cej<\/a><\/p>\n","protected":false},"author":14,"featured_media":0,"parent":785,"menu_order":0,"comment_status":"closed","ping_status":"closed","template":"","meta":{"inline_featured_image":false,"ngg_post_thumbnail":0,"footnotes":""},"class_list":["post-802","page","type-page","status-publish","hentry"],"acf":[],"yoast_head":"<!-- This site is optimized with the Yoast SEO plugin v26.4 - https:\/\/yoast.com\/wordpress\/plugins\/seo\/ -->\n<title>Zmienne Kanoniczne i Korelacje Kanoniczne - Strony pracownik\u00f3w Wydzia\u0142u Informatyki Politechniki Bia\u0142ostockiej<\/title>\n<meta name=\"robots\" content=\"index, follow, max-snippet:-1, max-image-preview:large, max-video-preview:-1\" \/>\n<link rel=\"canonical\" href=\"https:\/\/wi.pb.edu.pl\/p\/marek-kretowski\/dydaktyka\/metody-wielowymiarowej-analizy-danych-laboratorium\/zmienne-kanoniczne-i-korelacje-kanoniczne\/\" \/>\n<meta property=\"og:locale\" content=\"pl_PL\" \/>\n<meta property=\"og:type\" content=\"article\" \/>\n<meta property=\"og:title\" content=\"Zmienne Kanoniczne i Korelacje Kanoniczne - Strony pracownik\u00f3w Wydzia\u0142u Informatyki Politechniki Bia\u0142ostockiej\" \/>\n<meta property=\"og:description\" content=\"Instrukcja do laboratorium z przedmiotu Metody Wielowymiarowej Analizy Danych Zagadnienia: Definicje i w\u0142asno\u015bci zmiennych kanonicznych.wi\u0119cej\" \/>\n<meta property=\"og:url\" content=\"https:\/\/wi.pb.edu.pl\/p\/marek-kretowski\/dydaktyka\/metody-wielowymiarowej-analizy-danych-laboratorium\/zmienne-kanoniczne-i-korelacje-kanoniczne\/\" \/>\n<meta property=\"og:site_name\" content=\"Strony pracownik\u00f3w Wydzia\u0142u Informatyki Politechniki Bia\u0142ostockiej\" \/>\n<meta name=\"twitter:card\" content=\"summary_large_image\" \/>\n<meta name=\"twitter:label1\" content=\"Szacowany czas czytania\" \/>\n\t<meta name=\"twitter:data1\" content=\"2 minuty\" \/>\n<script type=\"application\/ld+json\" class=\"yoast-schema-graph\">{\"@context\":\"https:\/\/schema.org\",\"@graph\":[{\"@type\":\"WebPage\",\"@id\":\"https:\/\/wi.pb.edu.pl\/p\/marek-kretowski\/dydaktyka\/metody-wielowymiarowej-analizy-danych-laboratorium\/zmienne-kanoniczne-i-korelacje-kanoniczne\/\",\"url\":\"https:\/\/wi.pb.edu.pl\/p\/marek-kretowski\/dydaktyka\/metody-wielowymiarowej-analizy-danych-laboratorium\/zmienne-kanoniczne-i-korelacje-kanoniczne\/\",\"name\":\"Zmienne Kanoniczne i Korelacje Kanoniczne - Strony pracownik\u00f3w Wydzia\u0142u Informatyki Politechniki Bia\u0142ostockiej\",\"isPartOf\":{\"@id\":\"https:\/\/wi.pb.edu.pl\/p\/#website\"},\"datePublished\":\"2024-07-19T09:53:08+00:00\",\"breadcrumb\":{\"@id\":\"https:\/\/wi.pb.edu.pl\/p\/marek-kretowski\/dydaktyka\/metody-wielowymiarowej-analizy-danych-laboratorium\/zmienne-kanoniczne-i-korelacje-kanoniczne\/#breadcrumb\"},\"inLanguage\":\"pl-PL\",\"potentialAction\":[{\"@type\":\"ReadAction\",\"target\":[\"https:\/\/wi.pb.edu.pl\/p\/marek-kretowski\/dydaktyka\/metody-wielowymiarowej-analizy-danych-laboratorium\/zmienne-kanoniczne-i-korelacje-kanoniczne\/\"]}]},{\"@type\":\"BreadcrumbList\",\"@id\":\"https:\/\/wi.pb.edu.pl\/p\/marek-kretowski\/dydaktyka\/metody-wielowymiarowej-analizy-danych-laboratorium\/zmienne-kanoniczne-i-korelacje-kanoniczne\/#breadcrumb\",\"itemListElement\":[{\"@type\":\"ListItem\",\"position\":1,\"name\":\"Strona g\u0142\u00f3wna\",\"item\":\"https:\/\/wi.pb.edu.pl\/p\/\"},{\"@type\":\"ListItem\",\"position\":2,\"name\":\"prof. dr hab. in\u017c. Marek Kr\u0119towski\",\"item\":\"https:\/\/wi.pb.edu.pl\/p\/marek-kretowski\/\"},{\"@type\":\"ListItem\",\"position\":3,\"name\":\"Dydaktyka\",\"item\":\"https:\/\/wi.pb.edu.pl\/p\/marek-kretowski\/dydaktyka\/\"},{\"@type\":\"ListItem\",\"position\":4,\"name\":\"Metody Wielowymiarowej Analizy Danych &#8211; laboratorium\",\"item\":\"https:\/\/wi.pb.edu.pl\/p\/marek-kretowski\/dydaktyka\/metody-wielowymiarowej-analizy-danych-laboratorium\/\"},{\"@type\":\"ListItem\",\"position\":5,\"name\":\"Zmienne Kanoniczne i Korelacje Kanoniczne\"}]},{\"@type\":\"WebSite\",\"@id\":\"https:\/\/wi.pb.edu.pl\/p\/#website\",\"url\":\"https:\/\/wi.pb.edu.pl\/p\/\",\"name\":\"Strony pracownik\u00f3w Wydzia\u0142u Informatyki Politechniki Bia\u0142ostockiej\",\"description\":\"\",\"potentialAction\":[{\"@type\":\"SearchAction\",\"target\":{\"@type\":\"EntryPoint\",\"urlTemplate\":\"https:\/\/wi.pb.edu.pl\/p\/?s={search_term_string}\"},\"query-input\":{\"@type\":\"PropertyValueSpecification\",\"valueRequired\":true,\"valueName\":\"search_term_string\"}}],\"inLanguage\":\"pl-PL\"}]}<\/script>\n<!-- \/ Yoast SEO plugin. -->","yoast_head_json":{"title":"Zmienne Kanoniczne i Korelacje Kanoniczne - Strony pracownik\u00f3w Wydzia\u0142u Informatyki Politechniki Bia\u0142ostockiej","robots":{"index":"index","follow":"follow","max-snippet":"max-snippet:-1","max-image-preview":"max-image-preview:large","max-video-preview":"max-video-preview:-1"},"canonical":"https:\/\/wi.pb.edu.pl\/p\/marek-kretowski\/dydaktyka\/metody-wielowymiarowej-analizy-danych-laboratorium\/zmienne-kanoniczne-i-korelacje-kanoniczne\/","og_locale":"pl_PL","og_type":"article","og_title":"Zmienne Kanoniczne i Korelacje Kanoniczne - Strony pracownik\u00f3w Wydzia\u0142u Informatyki Politechniki Bia\u0142ostockiej","og_description":"Instrukcja do laboratorium z przedmiotu Metody Wielowymiarowej Analizy Danych Zagadnienia: Definicje i w\u0142asno\u015bci zmiennych kanonicznych.wi\u0119cej","og_url":"https:\/\/wi.pb.edu.pl\/p\/marek-kretowski\/dydaktyka\/metody-wielowymiarowej-analizy-danych-laboratorium\/zmienne-kanoniczne-i-korelacje-kanoniczne\/","og_site_name":"Strony pracownik\u00f3w Wydzia\u0142u Informatyki Politechniki Bia\u0142ostockiej","twitter_card":"summary_large_image","twitter_misc":{"Szacowany czas czytania":"2 minuty"},"schema":{"@context":"https:\/\/schema.org","@graph":[{"@type":"WebPage","@id":"https:\/\/wi.pb.edu.pl\/p\/marek-kretowski\/dydaktyka\/metody-wielowymiarowej-analizy-danych-laboratorium\/zmienne-kanoniczne-i-korelacje-kanoniczne\/","url":"https:\/\/wi.pb.edu.pl\/p\/marek-kretowski\/dydaktyka\/metody-wielowymiarowej-analizy-danych-laboratorium\/zmienne-kanoniczne-i-korelacje-kanoniczne\/","name":"Zmienne Kanoniczne i Korelacje Kanoniczne - Strony pracownik\u00f3w Wydzia\u0142u Informatyki Politechniki Bia\u0142ostockiej","isPartOf":{"@id":"https:\/\/wi.pb.edu.pl\/p\/#website"},"datePublished":"2024-07-19T09:53:08+00:00","breadcrumb":{"@id":"https:\/\/wi.pb.edu.pl\/p\/marek-kretowski\/dydaktyka\/metody-wielowymiarowej-analizy-danych-laboratorium\/zmienne-kanoniczne-i-korelacje-kanoniczne\/#breadcrumb"},"inLanguage":"pl-PL","potentialAction":[{"@type":"ReadAction","target":["https:\/\/wi.pb.edu.pl\/p\/marek-kretowski\/dydaktyka\/metody-wielowymiarowej-analizy-danych-laboratorium\/zmienne-kanoniczne-i-korelacje-kanoniczne\/"]}]},{"@type":"BreadcrumbList","@id":"https:\/\/wi.pb.edu.pl\/p\/marek-kretowski\/dydaktyka\/metody-wielowymiarowej-analizy-danych-laboratorium\/zmienne-kanoniczne-i-korelacje-kanoniczne\/#breadcrumb","itemListElement":[{"@type":"ListItem","position":1,"name":"Strona g\u0142\u00f3wna","item":"https:\/\/wi.pb.edu.pl\/p\/"},{"@type":"ListItem","position":2,"name":"prof. dr hab. in\u017c. Marek Kr\u0119towski","item":"https:\/\/wi.pb.edu.pl\/p\/marek-kretowski\/"},{"@type":"ListItem","position":3,"name":"Dydaktyka","item":"https:\/\/wi.pb.edu.pl\/p\/marek-kretowski\/dydaktyka\/"},{"@type":"ListItem","position":4,"name":"Metody Wielowymiarowej Analizy Danych &#8211; laboratorium","item":"https:\/\/wi.pb.edu.pl\/p\/marek-kretowski\/dydaktyka\/metody-wielowymiarowej-analizy-danych-laboratorium\/"},{"@type":"ListItem","position":5,"name":"Zmienne Kanoniczne i Korelacje Kanoniczne"}]},{"@type":"WebSite","@id":"https:\/\/wi.pb.edu.pl\/p\/#website","url":"https:\/\/wi.pb.edu.pl\/p\/","name":"Strony pracownik\u00f3w Wydzia\u0142u Informatyki Politechniki Bia\u0142ostockiej","description":"","potentialAction":[{"@type":"SearchAction","target":{"@type":"EntryPoint","urlTemplate":"https:\/\/wi.pb.edu.pl\/p\/?s={search_term_string}"},"query-input":{"@type":"PropertyValueSpecification","valueRequired":true,"valueName":"search_term_string"}}],"inLanguage":"pl-PL"}]}},"_links":{"self":[{"href":"https:\/\/wi.pb.edu.pl\/p\/wp-json\/wp\/v2\/pages\/802","targetHints":{"allow":["GET"]}}],"collection":[{"href":"https:\/\/wi.pb.edu.pl\/p\/wp-json\/wp\/v2\/pages"}],"about":[{"href":"https:\/\/wi.pb.edu.pl\/p\/wp-json\/wp\/v2\/types\/page"}],"author":[{"embeddable":true,"href":"https:\/\/wi.pb.edu.pl\/p\/wp-json\/wp\/v2\/users\/14"}],"replies":[{"embeddable":true,"href":"https:\/\/wi.pb.edu.pl\/p\/wp-json\/wp\/v2\/comments?post=802"}],"version-history":[{"count":1,"href":"https:\/\/wi.pb.edu.pl\/p\/wp-json\/wp\/v2\/pages\/802\/revisions"}],"predecessor-version":[{"id":803,"href":"https:\/\/wi.pb.edu.pl\/p\/wp-json\/wp\/v2\/pages\/802\/revisions\/803"}],"up":[{"embeddable":true,"href":"https:\/\/wi.pb.edu.pl\/p\/wp-json\/wp\/v2\/pages\/785"}],"wp:attachment":[{"href":"https:\/\/wi.pb.edu.pl\/p\/wp-json\/wp\/v2\/media?parent=802"}],"curies":[{"name":"wp","href":"https:\/\/api.w.org\/{rel}","templated":true}]}}