{"id":848,"date":"2024-07-19T12:29:36","date_gmt":"2024-07-19T10:29:36","guid":{"rendered":"https:\/\/wi.pb.edu.pl\/p\/?page_id=848"},"modified":"2024-07-25T11:50:08","modified_gmt":"2024-07-25T09:50:08","slug":"wstep-do-informatyki-biomedycznej-z","status":"publish","type":"page","link":"https:\/\/wi.pb.edu.pl\/p\/marek-kretowski\/dydaktyka\/wstep-do-informatyki-biomedycznej-z\/","title":{"rendered":"Wst\u0119p do informatyki biomedycznej"},"content":{"rendered":"<p align=\"center\">(przedmiot obieralny, studia II stopnia, niestacjonarne)<\/p>\n<hr>\n<p>Wyk\u0142ad:&nbsp;(8 x 90minut)<br \/>\nCelem wyk\u0142adu jest zainteresowanie s\u0142uchaczy tymi elementami informatyki, kt\u00f3ra znajduj\u0105 praktyczne zastosowanie w biomedycynie. Przedstawione zagadnienia nie obejmuj\u0105 ca\u0142ego zakresu informatyki biomedycznej, s\u0105 raczej subiektywnym wyborem wyk\u0142adowcy.<br \/>\nBloki tematyczne: Bioinformatyka (I), Obrazowanie biomedyczne (O), Wspomaganie diagnostyki medycznej (D), Biosygna\u0142y (S), Modelowanie (M)<\/p>\n<div class=\"table-responsive\">\n<table class=\"table table-bordered\">\n<tbody>\n<tr>\n<td align=\"center\" width=\"5%\" height=\"15\">L.p.<\/td>\n<td align=\"center\" width=\"7%\" height=\"15\">Blok<\/td>\n<td height=\"15\">Temat wyk\u0142adu<\/td>\n<\/tr>\n<tr>\n<td align=\"center\" width=\"5%\" height=\"30\">1<\/td>\n<td align=\"center\" width=\"7%\" height=\"30\">I<\/td>\n<td height=\"30\">Organizacja zaj\u0119\u0107 oraz podstawy bioinformatyki (DNA, RNA, bia\u0142ka; geny, genom; zakres i zadania bioinformatyki); Algorytmy dopasowania sekwencji (rodzaje dopasowania; metoda punktowa (ang. dot matrix), wykorzystanie programowania dynamicznego)<\/td>\n<\/tr>\n<tr>\n<td align=\"center\" width=\"5%\" height=\"30\">2<\/td>\n<td align=\"center\" width=\"7%\" height=\"30\">I\/D<\/td>\n<td height=\"30\">Wyszukiwanie podobnych sekwencji w bazach danych (algorytmy FASTA, BLAST) , &nbsp;przewidywanie gen\u00f3w; Mikromacierze DNA (ang. DNA microarrays), analiza ekspresji gen\u00f3w (grupowanie, klasyfikacja)&nbsp;<\/td>\n<\/tr>\n<tr>\n<td align=\"center\" width=\"5%\" height=\"24\">3<\/td>\n<td align=\"center\" width=\"7%\" height=\"24\">O<\/td>\n<td height=\"15\">Metody obrazowania (CT, MRI, US, PET, SPECT), algorytmy rekonstrukcji obraz\u00f3w (algorytm filtrowanej reprojekcji)<\/td>\n<\/tr>\n<tr>\n<td align=\"center\" width=\"5%\" height=\"15\">4<\/td>\n<td align=\"center\" width=\"7%\" height=\"15\">O<\/td>\n<td height=\"15\">Cele przetwarzania i analizy obraz\u00f3w, podstawowe kroki procesu; przetwarzanie globalne (filtracja,&#8230;), ustawianie obraz\u00f3w (ang. image registration), wydobywanie struktury (detekcja, segmentacja), metody segmentacji<\/td>\n<\/tr>\n<tr>\n<td align=\"center\" width=\"5%\" height=\"15\">5<\/td>\n<td align=\"center\" width=\"7%\" height=\"15\">O\/D<\/td>\n<td height=\"15\">Ocena ilo\u015bciowa &#8211; charakteryzacja struktur i obszar\u00f3w (cechy geometryczne, teksturalne,&#8230;), metody analizy tekstur (statystyczne, wyliczane na bazie macierzy jednorodnych ci\u0105g\u00f3w i wsp\u00f3\u0142wyst\u0119powania, &#8230;), klasyfikacja obraz\u00f3w; Klasyfikacja czu\u0142a na koszt (koszt b\u0142\u0119dnej klasyfikacji, koszt test\u00f3w)&nbsp;<\/td>\n<\/tr>\n<tr>\n<td align=\"center\" width=\"5%\" height=\"15\">6<\/td>\n<td align=\"center\" width=\"7%\" height=\"15\">M<\/td>\n<td height=\"15\">Modelowanie w\u0105troby (jego uk\u0142adu krwiono\u015bnego) na potrzeby obrazowania. Wirtualna tomografia komputerowa<\/td>\n<\/tr>\n<tr>\n<td align=\"center\" width=\"5%\">7<\/td>\n<td align=\"center\" width=\"7%\">M\/O<\/td>\n<td>Wirtualna rzeczywisto\u015b\u0107 w biomedycynie<\/td>\n<\/tr>\n<tr>\n<td align=\"center\" width=\"5%\">8<\/td>\n<td align=\"center\" width=\"7%\">S<\/td>\n<td>Urz\u0105dzenia rejestruj\u0105ce i rodzaje biosygna\u0142\u00f3w. Metody przetwarzania i analizy biosygna\u0142\u00f3w; Egzamin zerowy (<a href=\"https:\/\/wi.pb.edu.pl\/p\/wp-content\/uploads\/sites\/3\/2024\/07\/egzaminIB.pdf\">pytania<\/a>)<\/td>\n<\/tr>\n<\/tbody>\n<\/table>\n<p>&nbsp;<\/p>\n<\/div>\n<p>Pracownia specjalistyczna:&nbsp;(8 x 90minut)<u><br \/>\n<\/u>W ramach pracowni studenci przygotowuj\u0105 oprogramowanie (ew. grafik\u0119 prezentacyjn\u0105) zwi\u0105zan\u0105 z jednym z blok\u00f3w omawianych w ramach wyk\u0142adu. Praca indywidualna lub w grupach. W przypadku przygotowywania pracy magisterskiej zwi\u0105zanej tematycznie z Informatyk\u0105 Biomedyczn\u0105 mo\u017cliwa realizacja cz\u0119\u015bci pracy w ramach pracowni.<\/p>\n<p>Literatura&nbsp;[Czytelnia WIPB]:<\/p>\n<ol>\n<li>J.H. van Bemmel, M.A. Musen,&nbsp;<em>Handbook of Medical Informatics<\/em>, Springer, 1997.<\/li>\n<li>E. Shortliffe, L. Perreault, G. Wiederhold, L. Fagan,&nbsp;<em>Medical Informatics: Computer Applications in Health Care and Biomedicine<\/em>, Springer, 2001.<\/li>\n<li>R. Tadeusiewicz, W. Wajs (red.),&nbsp;<em>Informatyka Medyczna<\/em>, Wydawnictwo AGH, 1999.<\/li>\n<li>R. Tadeusiewicz (red.),&nbsp;<em>In\u017cynieria biomedyczna. Ksi\u0119ga wsp\u00f3\u0142czesnj wiedzy tajemnej w wersji przyst\u0119pnej i przyjemnej<\/em>, AGH Uczelniane Wydawnictwa Naukowo-Dydaktyczne, 2008.<\/li>\n<li>K.W. Zieli\u0144ski, M. Strzelecki,&nbsp;<em>Komputerowa analiza obrazu biomedycznego. Wst\u0119p do morfometrii i patologii ilo\u015bciowej<\/em>, Wydawnictwo Naukowe PWN, 2002.<\/li>\n<li>E. K\u0105cki, J.L. Kulikowski, A. Nowakowski, E. Waniewski (red.)&nbsp;<em>Systemy komputerowe i teleinformatyczne w s\u0142u\u017cbie zdrowia<\/em>. Biocybernetyka i In\u017cynieria Biomedyczna 2000, Tom 7, Akademicka Oficyna Wydawnicza Exit, 2002.<\/li>\n<li>L. Chmielewski, J.L. Kulikowski, A. Nowakowski (red.)&nbsp;<em>Obrazowanie biomedyczne<\/em>. Biocybernetyka i In\u017cynieria Biomedyczna 2000, Tom 8, Akademicka Oficyna Wydawnicza Exit, 2003.<\/li>\n<li>M. Ogiela,<em>&nbsp;Strukturalne metody rozpoznawania obraz\u00f3w w kognitywnej analizie zobrazowa\u0144 medycznych<\/em>, Wydawnictwo AGH, 2004.<\/li>\n<li>A. Baxevanis, B. Ouellette,&nbsp;<em>Bioinformatyka. Podr\u0119cznik do analizy gen\u00f3w i bia\u0142ek<\/em>. PWN, 2004.<\/li>\n<li>P. Baldi, S. Brunk,&nbsp;<em>Bioinformatics: the Machine Learning Approach<\/em>, Second Ed., MIT Press, 2001.<\/li>\n<li>P. Baldi, G. W. Hatfield,&nbsp;<em>DNA Microarrays and Gene Expression: From Experiments to Data Analysis and Modeling<\/em>, Cambridge Univerity Press, 2002.<\/li>\n<li>J. Moczko, L. Kramer,&nbsp;<em>Cyfrowe metody przetwarzania sygna\u0142\u00f3w biomedycznych<\/em>, Wydawnictwo Naukowe UAM, 2001.<\/li>\n<li>F. Hoppensteadt, C. Peskin,&nbsp;<em>Modeling and Simulation in Medicine and the Life Sciences<\/em>, Second Ed, Springer, 2002.<\/li>\n<li>E. Carson, C. Cobelli,<em>&nbsp;Modelling Methodology for Physiology and Medicine<\/em>, Academic Press, 2001.<\/li>\n<li>R. Cierniak,&nbsp;<em>Tomografia komputerowa, Budowa urz\u0105dze\u0144 CT, Algorytmy rekonstrukcyjne<\/em>, AOW Exit, 2005.<\/li>\n<li>M. Nieniewski,&nbsp;<em>Segmentacja obraz\u00f3w cyfrowych. Metody segmentacji wododzia\u0142owej<\/em>, AOW Exit, 2005.<\/li>\n<li>J. Cytowski, J. Gielecki, A. Gola,&nbsp;<em>Cyfrowe przetwarzanie obraz\u00f3w medycznych. Algorytmy. Technologie. Zastosowania<\/em>, AOW Exit, 2008.<\/li>\n<li>B. Preim, D. Bartz,&nbsp;<em>Visualization in Medicine. Theory, Algorithms, and Applications<\/em>, Morgan Kaufmann, 2007.<\/li>\n<\/ol>\n<p>Internet:<\/p>\n<ol>\n<li>Serwis&nbsp;<a href=\"http:\/\/astrophysics.fic.uni.lodz.pl\/medtech\">&#8222;Technika w medycynie&#8221;<\/a>, Wydzia\u0142 ETI, Politechnika Gda\u0144ska<\/li>\n<li>Dane obrazowe:&nbsp;&nbsp;<a href=\"http:\/\/www.nlm.nih.gov\/research\/visible\">Visible Humans Project<\/a><\/li>\n<li>Wyk\u0142ady A. Przelaskowskiego, Wydzia\u0142 EiTI, Politechnika Warszawska<br \/>\n<a href=\"http:\/\/www.ire.pw.edu.pl\/~arturp\/Dydaktyka\/aus\/aus.html\">Aparatura ultrasnograficzna<\/a><br \/>\n<a href=\"http:\/\/www.ire.pw.edu.pl\/~arturp\/Dydaktyka\/kwod\/kwod.php\">Komputerowe wspomaganie obrazowej diagnostyki medycznej<\/a><\/li>\n<li><a href=\"http:\/\/www.itk.org\/\">ITK<\/a><\/li>\n<li><a href=\"http:\/\/rsbweb.nih.gov\/ij\">ImageJ<\/a><\/li>\n<\/ol>\n","protected":false},"excerpt":{"rendered":"<p>(przedmiot obieralny, studia II stopnia, niestacjonarne) Wyk\u0142ad:&nbsp;(8 x 90minut) Celem wyk\u0142adu jest zainteresowanie s\u0142uchaczy tymi<a class=\"read-more\" href=\"https:\/\/wi.pb.edu.pl\/p\/marek-kretowski\/dydaktyka\/wstep-do-informatyki-biomedycznej-z\/\" title=\"Poka\u017c artyku\u0142 Wst\u0119p do informatyki biomedycznej\">wi\u0119cej<\/a><\/p>\n","protected":false},"author":14,"featured_media":0,"parent":590,"menu_order":0,"comment_status":"closed","ping_status":"closed","template":"","meta":{"inline_featured_image":false,"ngg_post_thumbnail":0,"footnotes":""},"class_list":["post-848","page","type-page","status-publish","hentry"],"acf":[],"yoast_head":"<!-- This site is optimized with the Yoast SEO plugin v26.4 - https:\/\/yoast.com\/wordpress\/plugins\/seo\/ -->\n<title>Wst\u0119p do informatyki biomedycznej - Strony pracownik\u00f3w Wydzia\u0142u Informatyki Politechniki Bia\u0142ostockiej<\/title>\n<meta name=\"robots\" content=\"index, follow, max-snippet:-1, max-image-preview:large, max-video-preview:-1\" \/>\n<link rel=\"canonical\" href=\"https:\/\/wi.pb.edu.pl\/p\/marek-kretowski\/dydaktyka\/wstep-do-informatyki-biomedycznej-z\/\" \/>\n<meta property=\"og:locale\" content=\"pl_PL\" \/>\n<meta property=\"og:type\" content=\"article\" \/>\n<meta property=\"og:title\" content=\"Wst\u0119p do informatyki biomedycznej - Strony pracownik\u00f3w Wydzia\u0142u Informatyki Politechniki Bia\u0142ostockiej\" \/>\n<meta property=\"og:description\" content=\"(przedmiot obieralny, studia II stopnia, niestacjonarne) Wyk\u0142ad:&nbsp;(8 x 90minut) Celem wyk\u0142adu jest zainteresowanie s\u0142uchaczy tymiwi\u0119cej\" \/>\n<meta property=\"og:url\" content=\"https:\/\/wi.pb.edu.pl\/p\/marek-kretowski\/dydaktyka\/wstep-do-informatyki-biomedycznej-z\/\" \/>\n<meta property=\"og:site_name\" content=\"Strony pracownik\u00f3w Wydzia\u0142u Informatyki Politechniki Bia\u0142ostockiej\" \/>\n<meta property=\"article:modified_time\" content=\"2024-07-25T09:50:08+00:00\" \/>\n<meta name=\"twitter:card\" content=\"summary_large_image\" \/>\n<meta name=\"twitter:label1\" content=\"Szacowany czas czytania\" \/>\n\t<meta name=\"twitter:data1\" content=\"4 minuty\" \/>\n<script type=\"application\/ld+json\" class=\"yoast-schema-graph\">{\"@context\":\"https:\/\/schema.org\",\"@graph\":[{\"@type\":\"WebPage\",\"@id\":\"https:\/\/wi.pb.edu.pl\/p\/marek-kretowski\/dydaktyka\/wstep-do-informatyki-biomedycznej-z\/\",\"url\":\"https:\/\/wi.pb.edu.pl\/p\/marek-kretowski\/dydaktyka\/wstep-do-informatyki-biomedycznej-z\/\",\"name\":\"Wst\u0119p do informatyki biomedycznej - Strony pracownik\u00f3w Wydzia\u0142u Informatyki Politechniki Bia\u0142ostockiej\",\"isPartOf\":{\"@id\":\"https:\/\/wi.pb.edu.pl\/p\/#website\"},\"datePublished\":\"2024-07-19T10:29:36+00:00\",\"dateModified\":\"2024-07-25T09:50:08+00:00\",\"breadcrumb\":{\"@id\":\"https:\/\/wi.pb.edu.pl\/p\/marek-kretowski\/dydaktyka\/wstep-do-informatyki-biomedycznej-z\/#breadcrumb\"},\"inLanguage\":\"pl-PL\",\"potentialAction\":[{\"@type\":\"ReadAction\",\"target\":[\"https:\/\/wi.pb.edu.pl\/p\/marek-kretowski\/dydaktyka\/wstep-do-informatyki-biomedycznej-z\/\"]}]},{\"@type\":\"BreadcrumbList\",\"@id\":\"https:\/\/wi.pb.edu.pl\/p\/marek-kretowski\/dydaktyka\/wstep-do-informatyki-biomedycznej-z\/#breadcrumb\",\"itemListElement\":[{\"@type\":\"ListItem\",\"position\":1,\"name\":\"Strona g\u0142\u00f3wna\",\"item\":\"https:\/\/wi.pb.edu.pl\/p\/\"},{\"@type\":\"ListItem\",\"position\":2,\"name\":\"prof. dr hab. in\u017c. Marek Kr\u0119towski\",\"item\":\"https:\/\/wi.pb.edu.pl\/p\/marek-kretowski\/\"},{\"@type\":\"ListItem\",\"position\":3,\"name\":\"Dydaktyka\",\"item\":\"https:\/\/wi.pb.edu.pl\/p\/marek-kretowski\/dydaktyka\/\"},{\"@type\":\"ListItem\",\"position\":4,\"name\":\"Wst\u0119p do informatyki biomedycznej\"}]},{\"@type\":\"WebSite\",\"@id\":\"https:\/\/wi.pb.edu.pl\/p\/#website\",\"url\":\"https:\/\/wi.pb.edu.pl\/p\/\",\"name\":\"Strony pracownik\u00f3w Wydzia\u0142u Informatyki Politechniki Bia\u0142ostockiej\",\"description\":\"\",\"potentialAction\":[{\"@type\":\"SearchAction\",\"target\":{\"@type\":\"EntryPoint\",\"urlTemplate\":\"https:\/\/wi.pb.edu.pl\/p\/?s={search_term_string}\"},\"query-input\":{\"@type\":\"PropertyValueSpecification\",\"valueRequired\":true,\"valueName\":\"search_term_string\"}}],\"inLanguage\":\"pl-PL\"}]}<\/script>\n<!-- \/ Yoast SEO plugin. -->","yoast_head_json":{"title":"Wst\u0119p do informatyki biomedycznej - Strony pracownik\u00f3w Wydzia\u0142u Informatyki Politechniki Bia\u0142ostockiej","robots":{"index":"index","follow":"follow","max-snippet":"max-snippet:-1","max-image-preview":"max-image-preview:large","max-video-preview":"max-video-preview:-1"},"canonical":"https:\/\/wi.pb.edu.pl\/p\/marek-kretowski\/dydaktyka\/wstep-do-informatyki-biomedycznej-z\/","og_locale":"pl_PL","og_type":"article","og_title":"Wst\u0119p do informatyki biomedycznej - Strony pracownik\u00f3w Wydzia\u0142u Informatyki Politechniki Bia\u0142ostockiej","og_description":"(przedmiot obieralny, studia II stopnia, niestacjonarne) Wyk\u0142ad:&nbsp;(8 x 90minut) Celem wyk\u0142adu jest zainteresowanie s\u0142uchaczy tymiwi\u0119cej","og_url":"https:\/\/wi.pb.edu.pl\/p\/marek-kretowski\/dydaktyka\/wstep-do-informatyki-biomedycznej-z\/","og_site_name":"Strony pracownik\u00f3w Wydzia\u0142u Informatyki Politechniki Bia\u0142ostockiej","article_modified_time":"2024-07-25T09:50:08+00:00","twitter_card":"summary_large_image","twitter_misc":{"Szacowany czas czytania":"4 minuty"},"schema":{"@context":"https:\/\/schema.org","@graph":[{"@type":"WebPage","@id":"https:\/\/wi.pb.edu.pl\/p\/marek-kretowski\/dydaktyka\/wstep-do-informatyki-biomedycznej-z\/","url":"https:\/\/wi.pb.edu.pl\/p\/marek-kretowski\/dydaktyka\/wstep-do-informatyki-biomedycznej-z\/","name":"Wst\u0119p do informatyki biomedycznej - Strony pracownik\u00f3w Wydzia\u0142u Informatyki Politechniki Bia\u0142ostockiej","isPartOf":{"@id":"https:\/\/wi.pb.edu.pl\/p\/#website"},"datePublished":"2024-07-19T10:29:36+00:00","dateModified":"2024-07-25T09:50:08+00:00","breadcrumb":{"@id":"https:\/\/wi.pb.edu.pl\/p\/marek-kretowski\/dydaktyka\/wstep-do-informatyki-biomedycznej-z\/#breadcrumb"},"inLanguage":"pl-PL","potentialAction":[{"@type":"ReadAction","target":["https:\/\/wi.pb.edu.pl\/p\/marek-kretowski\/dydaktyka\/wstep-do-informatyki-biomedycznej-z\/"]}]},{"@type":"BreadcrumbList","@id":"https:\/\/wi.pb.edu.pl\/p\/marek-kretowski\/dydaktyka\/wstep-do-informatyki-biomedycznej-z\/#breadcrumb","itemListElement":[{"@type":"ListItem","position":1,"name":"Strona g\u0142\u00f3wna","item":"https:\/\/wi.pb.edu.pl\/p\/"},{"@type":"ListItem","position":2,"name":"prof. dr hab. in\u017c. Marek Kr\u0119towski","item":"https:\/\/wi.pb.edu.pl\/p\/marek-kretowski\/"},{"@type":"ListItem","position":3,"name":"Dydaktyka","item":"https:\/\/wi.pb.edu.pl\/p\/marek-kretowski\/dydaktyka\/"},{"@type":"ListItem","position":4,"name":"Wst\u0119p do informatyki biomedycznej"}]},{"@type":"WebSite","@id":"https:\/\/wi.pb.edu.pl\/p\/#website","url":"https:\/\/wi.pb.edu.pl\/p\/","name":"Strony pracownik\u00f3w Wydzia\u0142u Informatyki Politechniki Bia\u0142ostockiej","description":"","potentialAction":[{"@type":"SearchAction","target":{"@type":"EntryPoint","urlTemplate":"https:\/\/wi.pb.edu.pl\/p\/?s={search_term_string}"},"query-input":{"@type":"PropertyValueSpecification","valueRequired":true,"valueName":"search_term_string"}}],"inLanguage":"pl-PL"}]}},"_links":{"self":[{"href":"https:\/\/wi.pb.edu.pl\/p\/wp-json\/wp\/v2\/pages\/848","targetHints":{"allow":["GET"]}}],"collection":[{"href":"https:\/\/wi.pb.edu.pl\/p\/wp-json\/wp\/v2\/pages"}],"about":[{"href":"https:\/\/wi.pb.edu.pl\/p\/wp-json\/wp\/v2\/types\/page"}],"author":[{"embeddable":true,"href":"https:\/\/wi.pb.edu.pl\/p\/wp-json\/wp\/v2\/users\/14"}],"replies":[{"embeddable":true,"href":"https:\/\/wi.pb.edu.pl\/p\/wp-json\/wp\/v2\/comments?post=848"}],"version-history":[{"count":2,"href":"https:\/\/wi.pb.edu.pl\/p\/wp-json\/wp\/v2\/pages\/848\/revisions"}],"predecessor-version":[{"id":1537,"href":"https:\/\/wi.pb.edu.pl\/p\/wp-json\/wp\/v2\/pages\/848\/revisions\/1537"}],"up":[{"embeddable":true,"href":"https:\/\/wi.pb.edu.pl\/p\/wp-json\/wp\/v2\/pages\/590"}],"wp:attachment":[{"href":"https:\/\/wi.pb.edu.pl\/p\/wp-json\/wp\/v2\/media?parent=848"}],"curies":[{"name":"wp","href":"https:\/\/api.w.org\/{rel}","templated":true}]}}