{"id":853,"date":"2024-07-19T12:42:01","date_gmt":"2024-07-19T10:42:01","guid":{"rendered":"https:\/\/wi.pb.edu.pl\/p\/?page_id=853"},"modified":"2024-09-17T10:25:33","modified_gmt":"2024-09-17T08:25:33","slug":"zaawansowana-inzynieria-oprogramowania_z","status":"publish","type":"page","link":"https:\/\/wi.pb.edu.pl\/p\/marek-kretowski\/dydaktyka\/zaawansowana-inzynieria-oprogramowania_z\/","title":{"rendered":"Zaawansowana in\u017cynieria oprogramowania"},"content":{"rendered":"<p align=\"center\">(studia niestacjonarne, uzupe\u0142niaj\u0105ce)<\/p>\n<hr>\n<p><a title=\"Zaawansowana in\u017cynieria oprogramowania \u2013 wyk\u0142ad\" href=\"https:\/\/wi.pb.edu.pl\/p\/marek-kretowski\/dydaktyka\/zaawansowana-inzynieria-oprogramowania_z\/zaawansowana-inzynieria-oprogramowania-wyklad\/\">Wyk\u0142ady<\/a>:&nbsp;(8 x 90minut)<br \/>\nCelem wyk\u0142adu jest rozszerzenie wiedzy dotycz\u0105cej in\u017cynierii oprogramowania, a w szczeg\u00f3lno\u015bci metod modelowania i projektowania obiektowego przy wykorzystaniu Unified Modeling Language. Przedstawiony zostanie proces wytw\u00f3rczy oprogramowania na podstawie Unified Process for Education (UPEDU), kt\u00f3ry jest dostosowan\u0105 do potrzeb edukacyjnych wersj\u0105 komercyjnego procesu opracowanego przez firm\u0119 Rational (Rational Unified Process &#8211; RUP).<\/p>\n<p><a title=\"Zaawansowana in\u017cynieria oprogramowania \u2013 pracownia specjalistyczna\" href=\"https:\/\/wi.pb.edu.pl\/p\/marek-kretowski\/dydaktyka\/zaawansowana-inzynieria-oprogramowania_z\/zaawansowana-inzynieria-oprogramowania-pracownia-specjalistyczna\/\">Pracownia specjalistyczna:&nbsp;<\/a>(8 x 90minut)<u><br \/>\n<\/u>Celem zaj\u0119\u0107 jest praktyczne zweryfikowanie wiedzy dotycz\u0105cej procesu wytwarzania oprogramowania. Studenci pracuj\u0105c w grupach (3-4 osobowych) maj\u0105 za zadanie stworzenie (i w miar\u0119 mo\u017cliwo\u015bci rzeczywiste wdro\u017cenie) funcjonuj\u0105cej aplikacji.<\/p>\n<p><a title=\"\u0179r\u00f3d\u0142a wiedzy\" href=\"https:\/\/wi.pb.edu.pl\/p\/marek-kretowski\/dydaktyka\/zrodla-wiedzy\/\">\u0179r\u00f3d\u0142a wiedzy (literatura, internet)<\/a><\/p>\n","protected":false},"excerpt":{"rendered":"<p>(studia niestacjonarne, uzupe\u0142niaj\u0105ce) Wyk\u0142ady:&nbsp;(8 x 90minut) Celem wyk\u0142adu jest rozszerzenie wiedzy dotycz\u0105cej in\u017cynierii oprogramowania, a<a class=\"read-more\" href=\"https:\/\/wi.pb.edu.pl\/p\/marek-kretowski\/dydaktyka\/zaawansowana-inzynieria-oprogramowania_z\/\" title=\"Poka\u017c artyku\u0142 Zaawansowana in\u017cynieria oprogramowania\">wi\u0119cej<\/a><\/p>\n","protected":false},"author":14,"featured_media":0,"parent":590,"menu_order":0,"comment_status":"closed","ping_status":"closed","template":"","meta":{"inline_featured_image":false,"ngg_post_thumbnail":0,"footnotes":""},"class_list":["post-853","page","type-page","status-publish","hentry"],"acf":[],"yoast_head":"<!-- This site is optimized with the Yoast SEO plugin v26.4 - https:\/\/yoast.com\/wordpress\/plugins\/seo\/ -->\n<title>Zaawansowana in\u017cynieria oprogramowania - Strony pracownik\u00f3w Wydzia\u0142u Informatyki Politechniki Bia\u0142ostockiej<\/title>\n<meta name=\"robots\" content=\"index, follow, max-snippet:-1, max-image-preview:large, max-video-preview:-1\" \/>\n<link rel=\"canonical\" href=\"https:\/\/wi.pb.edu.pl\/p\/marek-kretowski\/dydaktyka\/zaawansowana-inzynieria-oprogramowania_z\/\" \/>\n<meta property=\"og:locale\" content=\"pl_PL\" \/>\n<meta property=\"og:type\" content=\"article\" \/>\n<meta property=\"og:title\" content=\"Zaawansowana in\u017cynieria oprogramowania - Strony pracownik\u00f3w Wydzia\u0142u Informatyki Politechniki Bia\u0142ostockiej\" \/>\n<meta property=\"og:description\" content=\"(studia niestacjonarne, uzupe\u0142niaj\u0105ce) Wyk\u0142ady:&nbsp;(8 x 90minut) Celem wyk\u0142adu jest rozszerzenie wiedzy dotycz\u0105cej in\u017cynierii oprogramowania, awi\u0119cej\" \/>\n<meta property=\"og:url\" content=\"https:\/\/wi.pb.edu.pl\/p\/marek-kretowski\/dydaktyka\/zaawansowana-inzynieria-oprogramowania_z\/\" \/>\n<meta property=\"og:site_name\" content=\"Strony pracownik\u00f3w Wydzia\u0142u Informatyki Politechniki Bia\u0142ostockiej\" \/>\n<meta property=\"article:modified_time\" content=\"2024-09-17T08:25:33+00:00\" \/>\n<meta name=\"twitter:card\" content=\"summary_large_image\" \/>\n<meta name=\"twitter:label1\" content=\"Szacowany czas czytania\" \/>\n\t<meta name=\"twitter:data1\" content=\"1 minuta\" \/>\n<script type=\"application\/ld+json\" class=\"yoast-schema-graph\">{\"@context\":\"https:\/\/schema.org\",\"@graph\":[{\"@type\":\"WebPage\",\"@id\":\"https:\/\/wi.pb.edu.pl\/p\/marek-kretowski\/dydaktyka\/zaawansowana-inzynieria-oprogramowania_z\/\",\"url\":\"https:\/\/wi.pb.edu.pl\/p\/marek-kretowski\/dydaktyka\/zaawansowana-inzynieria-oprogramowania_z\/\",\"name\":\"Zaawansowana in\u017cynieria oprogramowania - Strony pracownik\u00f3w Wydzia\u0142u Informatyki Politechniki Bia\u0142ostockiej\",\"isPartOf\":{\"@id\":\"https:\/\/wi.pb.edu.pl\/p\/#website\"},\"datePublished\":\"2024-07-19T10:42:01+00:00\",\"dateModified\":\"2024-09-17T08:25:33+00:00\",\"breadcrumb\":{\"@id\":\"https:\/\/wi.pb.edu.pl\/p\/marek-kretowski\/dydaktyka\/zaawansowana-inzynieria-oprogramowania_z\/#breadcrumb\"},\"inLanguage\":\"pl-PL\",\"potentialAction\":[{\"@type\":\"ReadAction\",\"target\":[\"https:\/\/wi.pb.edu.pl\/p\/marek-kretowski\/dydaktyka\/zaawansowana-inzynieria-oprogramowania_z\/\"]}]},{\"@type\":\"BreadcrumbList\",\"@id\":\"https:\/\/wi.pb.edu.pl\/p\/marek-kretowski\/dydaktyka\/zaawansowana-inzynieria-oprogramowania_z\/#breadcrumb\",\"itemListElement\":[{\"@type\":\"ListItem\",\"position\":1,\"name\":\"Strona g\u0142\u00f3wna\",\"item\":\"https:\/\/wi.pb.edu.pl\/p\/\"},{\"@type\":\"ListItem\",\"position\":2,\"name\":\"prof. dr hab. in\u017c. Marek Kr\u0119towski\",\"item\":\"https:\/\/wi.pb.edu.pl\/p\/marek-kretowski\/\"},{\"@type\":\"ListItem\",\"position\":3,\"name\":\"Dydaktyka\",\"item\":\"https:\/\/wi.pb.edu.pl\/p\/marek-kretowski\/dydaktyka\/\"},{\"@type\":\"ListItem\",\"position\":4,\"name\":\"Zaawansowana in\u017cynieria oprogramowania\"}]},{\"@type\":\"WebSite\",\"@id\":\"https:\/\/wi.pb.edu.pl\/p\/#website\",\"url\":\"https:\/\/wi.pb.edu.pl\/p\/\",\"name\":\"Strony pracownik\u00f3w Wydzia\u0142u Informatyki Politechniki Bia\u0142ostockiej\",\"description\":\"\",\"potentialAction\":[{\"@type\":\"SearchAction\",\"target\":{\"@type\":\"EntryPoint\",\"urlTemplate\":\"https:\/\/wi.pb.edu.pl\/p\/?s={search_term_string}\"},\"query-input\":{\"@type\":\"PropertyValueSpecification\",\"valueRequired\":true,\"valueName\":\"search_term_string\"}}],\"inLanguage\":\"pl-PL\"}]}<\/script>\n<!-- \/ Yoast SEO plugin. -->","yoast_head_json":{"title":"Zaawansowana in\u017cynieria oprogramowania - Strony pracownik\u00f3w Wydzia\u0142u Informatyki Politechniki Bia\u0142ostockiej","robots":{"index":"index","follow":"follow","max-snippet":"max-snippet:-1","max-image-preview":"max-image-preview:large","max-video-preview":"max-video-preview:-1"},"canonical":"https:\/\/wi.pb.edu.pl\/p\/marek-kretowski\/dydaktyka\/zaawansowana-inzynieria-oprogramowania_z\/","og_locale":"pl_PL","og_type":"article","og_title":"Zaawansowana in\u017cynieria oprogramowania - Strony pracownik\u00f3w Wydzia\u0142u Informatyki Politechniki Bia\u0142ostockiej","og_description":"(studia niestacjonarne, uzupe\u0142niaj\u0105ce) Wyk\u0142ady:&nbsp;(8 x 90minut) Celem wyk\u0142adu jest rozszerzenie wiedzy dotycz\u0105cej in\u017cynierii oprogramowania, awi\u0119cej","og_url":"https:\/\/wi.pb.edu.pl\/p\/marek-kretowski\/dydaktyka\/zaawansowana-inzynieria-oprogramowania_z\/","og_site_name":"Strony pracownik\u00f3w Wydzia\u0142u Informatyki Politechniki Bia\u0142ostockiej","article_modified_time":"2024-09-17T08:25:33+00:00","twitter_card":"summary_large_image","twitter_misc":{"Szacowany czas czytania":"1 minuta"},"schema":{"@context":"https:\/\/schema.org","@graph":[{"@type":"WebPage","@id":"https:\/\/wi.pb.edu.pl\/p\/marek-kretowski\/dydaktyka\/zaawansowana-inzynieria-oprogramowania_z\/","url":"https:\/\/wi.pb.edu.pl\/p\/marek-kretowski\/dydaktyka\/zaawansowana-inzynieria-oprogramowania_z\/","name":"Zaawansowana in\u017cynieria oprogramowania - Strony pracownik\u00f3w Wydzia\u0142u Informatyki Politechniki Bia\u0142ostockiej","isPartOf":{"@id":"https:\/\/wi.pb.edu.pl\/p\/#website"},"datePublished":"2024-07-19T10:42:01+00:00","dateModified":"2024-09-17T08:25:33+00:00","breadcrumb":{"@id":"https:\/\/wi.pb.edu.pl\/p\/marek-kretowski\/dydaktyka\/zaawansowana-inzynieria-oprogramowania_z\/#breadcrumb"},"inLanguage":"pl-PL","potentialAction":[{"@type":"ReadAction","target":["https:\/\/wi.pb.edu.pl\/p\/marek-kretowski\/dydaktyka\/zaawansowana-inzynieria-oprogramowania_z\/"]}]},{"@type":"BreadcrumbList","@id":"https:\/\/wi.pb.edu.pl\/p\/marek-kretowski\/dydaktyka\/zaawansowana-inzynieria-oprogramowania_z\/#breadcrumb","itemListElement":[{"@type":"ListItem","position":1,"name":"Strona g\u0142\u00f3wna","item":"https:\/\/wi.pb.edu.pl\/p\/"},{"@type":"ListItem","position":2,"name":"prof. dr hab. in\u017c. Marek Kr\u0119towski","item":"https:\/\/wi.pb.edu.pl\/p\/marek-kretowski\/"},{"@type":"ListItem","position":3,"name":"Dydaktyka","item":"https:\/\/wi.pb.edu.pl\/p\/marek-kretowski\/dydaktyka\/"},{"@type":"ListItem","position":4,"name":"Zaawansowana in\u017cynieria oprogramowania"}]},{"@type":"WebSite","@id":"https:\/\/wi.pb.edu.pl\/p\/#website","url":"https:\/\/wi.pb.edu.pl\/p\/","name":"Strony pracownik\u00f3w Wydzia\u0142u Informatyki Politechniki Bia\u0142ostockiej","description":"","potentialAction":[{"@type":"SearchAction","target":{"@type":"EntryPoint","urlTemplate":"https:\/\/wi.pb.edu.pl\/p\/?s={search_term_string}"},"query-input":{"@type":"PropertyValueSpecification","valueRequired":true,"valueName":"search_term_string"}}],"inLanguage":"pl-PL"}]}},"_links":{"self":[{"href":"https:\/\/wi.pb.edu.pl\/p\/wp-json\/wp\/v2\/pages\/853","targetHints":{"allow":["GET"]}}],"collection":[{"href":"https:\/\/wi.pb.edu.pl\/p\/wp-json\/wp\/v2\/pages"}],"about":[{"href":"https:\/\/wi.pb.edu.pl\/p\/wp-json\/wp\/v2\/types\/page"}],"author":[{"embeddable":true,"href":"https:\/\/wi.pb.edu.pl\/p\/wp-json\/wp\/v2\/users\/14"}],"replies":[{"embeddable":true,"href":"https:\/\/wi.pb.edu.pl\/p\/wp-json\/wp\/v2\/comments?post=853"}],"version-history":[{"count":6,"href":"https:\/\/wi.pb.edu.pl\/p\/wp-json\/wp\/v2\/pages\/853\/revisions"}],"predecessor-version":[{"id":1876,"href":"https:\/\/wi.pb.edu.pl\/p\/wp-json\/wp\/v2\/pages\/853\/revisions\/1876"}],"up":[{"embeddable":true,"href":"https:\/\/wi.pb.edu.pl\/p\/wp-json\/wp\/v2\/pages\/590"}],"wp:attachment":[{"href":"https:\/\/wi.pb.edu.pl\/p\/wp-json\/wp\/v2\/media?parent=853"}],"curies":[{"name":"wp","href":"https:\/\/api.w.org\/{rel}","templated":true}]}}