{"id":856,"date":"2024-07-19T12:46:10","date_gmt":"2024-07-19T10:46:10","guid":{"rendered":"https:\/\/wi.pb.edu.pl\/p\/?page_id=856"},"modified":"2024-07-25T11:50:30","modified_gmt":"2024-07-25T09:50:30","slug":"zaawansowana-inzynieria-oprogramowania-wyklad","status":"publish","type":"page","link":"https:\/\/wi.pb.edu.pl\/p\/marek-kretowski\/dydaktyka\/zaawansowana-inzynieria-oprogramowania_z\/zaawansowana-inzynieria-oprogramowania-wyklad\/","title":{"rendered":"Zaawansowana in\u017cynieria oprogramowania &#8211; wyk\u0142ad"},"content":{"rendered":"<p align=\"center\">(studia niestacjonarne)<\/small><\/p>\n<hr>\n<div class=\"table-responsive\">\n<table class=\"table table-bordered\">\n<tbody>\n<tr>\n<td align=\"center\" width=\"7%\" height=\"15\"><strong>Nr<\/strong><\/td>\n<td align=\"center\" width=\"93%\" height=\"15\"><strong>Temat wyk\u0142adu<\/strong><\/td>\n<\/tr>\n<tr>\n<td align=\"center\" width=\"7%\">1<\/td>\n<td align=\"left\" width=\"93%\">Przypomnienie poznanych element\u00f3w Unified Modeling Language (diagramy przypadk\u00f3w u\u017cycia, klas, interakcji, stan\u00f3w, czynno\u015bci, fizyczne)<\/td>\n<\/tr>\n<tr>\n<td align=\"center\" width=\"7%\">2<\/td>\n<td align=\"left\" width=\"93%\">Przedstawienie procesu in\u017cynierii oprogramowania (ang. software engineering process) na podstawie Rational Unified Process (RUP) i Unified Process for Education (UPEDU); fazy cyklu \u017cycia (<a href=\"https:\/\/wi.pb.edu.pl\/p\/wp-content\/uploads\/sites\/3\/2024\/07\/io2_02.pdf\">pdf<\/a>); podstawowe zasady RUP (<a href=\"https:\/\/wi.pb.edu.pl\/p\/wp-content\/uploads\/sites\/3\/2024\/07\/io2_02a.pdf\">pdf<\/a>) ; Cykl \u017cycia projektu RUP (<a href=\"https:\/\/wi.pb.edu.pl\/p\/wp-content\/uploads\/sites\/3\/2024\/07\/io2_03.pdf\">pdf<\/a>)<\/td>\n<\/tr>\n<tr>\n<td align=\"center\" width=\"7%\">3<\/td>\n<td align=\"left\" width=\"93%\">UP: Zarz\u0105dzanie konfiguracj\u0105 i zmianami (ang. the software configuration and change managment discipline) (<a href=\"https:\/\/wi.pb.edu.pl\/p\/wp-content\/uploads\/sites\/3\/2024\/07\/io2_04.pdf\">pdf<\/a>)<\/td>\n<\/tr>\n<tr>\n<td align=\"center\" width=\"7%\" height=\"15\">4<\/td>\n<td align=\"left\" width=\"93%\" height=\"1\">UP: Rozpoznanie wymaga\u0144 (ang. requirements discipline) (<a href=\"https:\/\/wi.pb.edu.pl\/p\/wp-content\/uploads\/sites\/3\/2024\/07\/io2_05.pdf\">pdf<\/a>)<\/td>\n<\/tr>\n<tr>\n<td align=\"center\" width=\"7%\" height=\"1\">5<\/td>\n<td align=\"left\" width=\"93%\" height=\"1\">UP: Analiza i projektowanie (ang. analysis and design discipline) (<a href=\"https:\/\/wi.pb.edu.pl\/p\/wp-content\/uploads\/sites\/3\/2024\/07\/io2_07.pdf\">pdf<\/a>); Architektura oprogramowania (<a href=\"https:\/\/wi.pb.edu.pl\/p\/wp-content\/uploads\/sites\/3\/2024\/07\/io2_06.pdf\">pdf<\/a>)<\/td>\n<\/tr>\n<tr>\n<td align=\"center\" width=\"7%\" height=\"1\">6<\/td>\n<td align=\"left\" width=\"93%\" height=\"1\">UP: Implementacja (ang. implementation discipline) (<a href=\"https:\/\/wi.pb.edu.pl\/p\/wp-content\/uploads\/sites\/3\/2024\/07\/io2_08.pdf\">pdf<\/a>); UP: Testowanie (ang. testing discipline) (<a href=\"https:\/\/wi.pb.edu.pl\/p\/wp-content\/uploads\/sites\/3\/2024\/07\/io2_09.pdf\">pdf<\/a>)<\/td>\n<\/tr>\n<tr>\n<td align=\"center\" width=\"7%\">7<\/td>\n<td align=\"left\" width=\"93%\">UP: Zarz\u0105dzanie przedsi\u0119wzi\u0119ciem projektowym (ang. the software project managment discipline) (<a href=\"https:\/\/wi.pb.edu.pl\/p\/wp-content\/uploads\/sites\/3\/2024\/07\/io2_10.pdf\">pdf<\/a>), Ocena i poprawa procesu wytw\u00f3rczego, certyfikacja (<a href=\"https:\/\/wi.pb.edu.pl\/p\/wp-content\/uploads\/sites\/3\/2024\/07\/io2_11.pdf\">pdf<\/a>) &nbsp;<\/td>\n<\/tr>\n<tr>\n<td align=\"center\" width=\"7%\" height=\"1\">8<\/td>\n<td align=\"left\" width=\"93%\" height=\"1\">Programowanie ekstremalne XP (ang. eXtreme Programming)(<a href=\"https:\/\/wi.pb.edu.pl\/p\/wp-content\/uploads\/sites\/3\/2024\/07\/zio_xp.pdf\">pdf<\/a>); Scrum (<a href=\"https:\/\/wi.pb.edu.pl\/p\/wp-content\/uploads\/sites\/3\/2024\/07\/zio_scrum.pdf\">pdf<\/a>); Por\u00f3wnanie poznanych proces\u00f3w wytw\u00f3rczych<\/td>\n<\/tr>\n<\/tbody>\n<\/table>\n<\/div>\n<p><em>Egzamin:<br \/>\n<\/em>B\u0119dzie sk\u0142ada\u0142 si\u0119 z dw\u00f3ch typ\u00f3w zada\u0144: kr\u00f3tkie zadania i pytania praktyczne z zakresu pracowni oraz typowe pytania teoretyczne dotycz\u0105ce tematyki przedstawianej na wyk\u0142adzie. Egzamin jest pisemny i nie wolno korzysta\u0107 z \u017cadnych notatek.<\/small><\/p>\n","protected":false},"excerpt":{"rendered":"<p>(studia niestacjonarne) Nr Temat wyk\u0142adu 1 Przypomnienie poznanych element\u00f3w Unified Modeling Language (diagramy przypadk\u00f3w u\u017cycia,<a class=\"read-more\" href=\"https:\/\/wi.pb.edu.pl\/p\/marek-kretowski\/dydaktyka\/zaawansowana-inzynieria-oprogramowania_z\/zaawansowana-inzynieria-oprogramowania-wyklad\/\" title=\"Poka\u017c artyku\u0142 Zaawansowana in\u017cynieria oprogramowania &#8211; wyk\u0142ad\">wi\u0119cej<\/a><\/p>\n","protected":false},"author":14,"featured_media":0,"parent":853,"menu_order":0,"comment_status":"closed","ping_status":"closed","template":"","meta":{"inline_featured_image":false,"ngg_post_thumbnail":0,"footnotes":""},"class_list":["post-856","page","type-page","status-publish","hentry"],"acf":[],"yoast_head":"<!-- This site is optimized with the Yoast SEO plugin v26.4 - https:\/\/yoast.com\/wordpress\/plugins\/seo\/ -->\n<title>Zaawansowana in\u017cynieria oprogramowania - wyk\u0142ad - Strony pracownik\u00f3w Wydzia\u0142u Informatyki Politechniki Bia\u0142ostockiej<\/title>\n<meta name=\"robots\" content=\"index, follow, max-snippet:-1, max-image-preview:large, max-video-preview:-1\" \/>\n<link rel=\"canonical\" href=\"https:\/\/wi.pb.edu.pl\/p\/marek-kretowski\/dydaktyka\/zaawansowana-inzynieria-oprogramowania_z\/zaawansowana-inzynieria-oprogramowania-wyklad\/\" \/>\n<meta property=\"og:locale\" content=\"pl_PL\" \/>\n<meta property=\"og:type\" content=\"article\" \/>\n<meta property=\"og:title\" content=\"Zaawansowana in\u017cynieria oprogramowania - wyk\u0142ad - Strony pracownik\u00f3w Wydzia\u0142u Informatyki Politechniki Bia\u0142ostockiej\" \/>\n<meta property=\"og:description\" content=\"(studia niestacjonarne) Nr Temat wyk\u0142adu 1 Przypomnienie poznanych element\u00f3w Unified Modeling Language (diagramy przypadk\u00f3w u\u017cycia,wi\u0119cej\" \/>\n<meta property=\"og:url\" content=\"https:\/\/wi.pb.edu.pl\/p\/marek-kretowski\/dydaktyka\/zaawansowana-inzynieria-oprogramowania_z\/zaawansowana-inzynieria-oprogramowania-wyklad\/\" \/>\n<meta property=\"og:site_name\" content=\"Strony pracownik\u00f3w Wydzia\u0142u Informatyki Politechniki Bia\u0142ostockiej\" \/>\n<meta property=\"article:modified_time\" content=\"2024-07-25T09:50:30+00:00\" \/>\n<meta name=\"twitter:card\" content=\"summary_large_image\" \/>\n<meta name=\"twitter:label1\" content=\"Szacowany czas czytania\" \/>\n\t<meta name=\"twitter:data1\" content=\"2 minuty\" \/>\n<script type=\"application\/ld+json\" class=\"yoast-schema-graph\">{\"@context\":\"https:\/\/schema.org\",\"@graph\":[{\"@type\":\"WebPage\",\"@id\":\"https:\/\/wi.pb.edu.pl\/p\/marek-kretowski\/dydaktyka\/zaawansowana-inzynieria-oprogramowania_z\/zaawansowana-inzynieria-oprogramowania-wyklad\/\",\"url\":\"https:\/\/wi.pb.edu.pl\/p\/marek-kretowski\/dydaktyka\/zaawansowana-inzynieria-oprogramowania_z\/zaawansowana-inzynieria-oprogramowania-wyklad\/\",\"name\":\"Zaawansowana in\u017cynieria oprogramowania - wyk\u0142ad - Strony pracownik\u00f3w Wydzia\u0142u Informatyki Politechniki Bia\u0142ostockiej\",\"isPartOf\":{\"@id\":\"https:\/\/wi.pb.edu.pl\/p\/#website\"},\"datePublished\":\"2024-07-19T10:46:10+00:00\",\"dateModified\":\"2024-07-25T09:50:30+00:00\",\"breadcrumb\":{\"@id\":\"https:\/\/wi.pb.edu.pl\/p\/marek-kretowski\/dydaktyka\/zaawansowana-inzynieria-oprogramowania_z\/zaawansowana-inzynieria-oprogramowania-wyklad\/#breadcrumb\"},\"inLanguage\":\"pl-PL\",\"potentialAction\":[{\"@type\":\"ReadAction\",\"target\":[\"https:\/\/wi.pb.edu.pl\/p\/marek-kretowski\/dydaktyka\/zaawansowana-inzynieria-oprogramowania_z\/zaawansowana-inzynieria-oprogramowania-wyklad\/\"]}]},{\"@type\":\"BreadcrumbList\",\"@id\":\"https:\/\/wi.pb.edu.pl\/p\/marek-kretowski\/dydaktyka\/zaawansowana-inzynieria-oprogramowania_z\/zaawansowana-inzynieria-oprogramowania-wyklad\/#breadcrumb\",\"itemListElement\":[{\"@type\":\"ListItem\",\"position\":1,\"name\":\"Strona g\u0142\u00f3wna\",\"item\":\"https:\/\/wi.pb.edu.pl\/p\/\"},{\"@type\":\"ListItem\",\"position\":2,\"name\":\"prof. dr hab. in\u017c. Marek Kr\u0119towski\",\"item\":\"https:\/\/wi.pb.edu.pl\/p\/marek-kretowski\/\"},{\"@type\":\"ListItem\",\"position\":3,\"name\":\"Dydaktyka\",\"item\":\"https:\/\/wi.pb.edu.pl\/p\/marek-kretowski\/dydaktyka\/\"},{\"@type\":\"ListItem\",\"position\":4,\"name\":\"Zaawansowana in\u017cynieria oprogramowania\",\"item\":\"https:\/\/wi.pb.edu.pl\/p\/marek-kretowski\/dydaktyka\/zaawansowana-inzynieria-oprogramowania_z\/\"},{\"@type\":\"ListItem\",\"position\":5,\"name\":\"Zaawansowana in\u017cynieria oprogramowania &#8211; wyk\u0142ad\"}]},{\"@type\":\"WebSite\",\"@id\":\"https:\/\/wi.pb.edu.pl\/p\/#website\",\"url\":\"https:\/\/wi.pb.edu.pl\/p\/\",\"name\":\"Strony pracownik\u00f3w Wydzia\u0142u Informatyki Politechniki Bia\u0142ostockiej\",\"description\":\"\",\"potentialAction\":[{\"@type\":\"SearchAction\",\"target\":{\"@type\":\"EntryPoint\",\"urlTemplate\":\"https:\/\/wi.pb.edu.pl\/p\/?s={search_term_string}\"},\"query-input\":{\"@type\":\"PropertyValueSpecification\",\"valueRequired\":true,\"valueName\":\"search_term_string\"}}],\"inLanguage\":\"pl-PL\"}]}<\/script>\n<!-- \/ Yoast SEO plugin. -->","yoast_head_json":{"title":"Zaawansowana in\u017cynieria oprogramowania - wyk\u0142ad - Strony pracownik\u00f3w Wydzia\u0142u Informatyki Politechniki Bia\u0142ostockiej","robots":{"index":"index","follow":"follow","max-snippet":"max-snippet:-1","max-image-preview":"max-image-preview:large","max-video-preview":"max-video-preview:-1"},"canonical":"https:\/\/wi.pb.edu.pl\/p\/marek-kretowski\/dydaktyka\/zaawansowana-inzynieria-oprogramowania_z\/zaawansowana-inzynieria-oprogramowania-wyklad\/","og_locale":"pl_PL","og_type":"article","og_title":"Zaawansowana in\u017cynieria oprogramowania - wyk\u0142ad - Strony pracownik\u00f3w Wydzia\u0142u Informatyki Politechniki Bia\u0142ostockiej","og_description":"(studia niestacjonarne) Nr Temat wyk\u0142adu 1 Przypomnienie poznanych element\u00f3w Unified Modeling Language (diagramy przypadk\u00f3w u\u017cycia,wi\u0119cej","og_url":"https:\/\/wi.pb.edu.pl\/p\/marek-kretowski\/dydaktyka\/zaawansowana-inzynieria-oprogramowania_z\/zaawansowana-inzynieria-oprogramowania-wyklad\/","og_site_name":"Strony pracownik\u00f3w Wydzia\u0142u Informatyki Politechniki Bia\u0142ostockiej","article_modified_time":"2024-07-25T09:50:30+00:00","twitter_card":"summary_large_image","twitter_misc":{"Szacowany czas czytania":"2 minuty"},"schema":{"@context":"https:\/\/schema.org","@graph":[{"@type":"WebPage","@id":"https:\/\/wi.pb.edu.pl\/p\/marek-kretowski\/dydaktyka\/zaawansowana-inzynieria-oprogramowania_z\/zaawansowana-inzynieria-oprogramowania-wyklad\/","url":"https:\/\/wi.pb.edu.pl\/p\/marek-kretowski\/dydaktyka\/zaawansowana-inzynieria-oprogramowania_z\/zaawansowana-inzynieria-oprogramowania-wyklad\/","name":"Zaawansowana in\u017cynieria oprogramowania - wyk\u0142ad - Strony pracownik\u00f3w Wydzia\u0142u Informatyki Politechniki Bia\u0142ostockiej","isPartOf":{"@id":"https:\/\/wi.pb.edu.pl\/p\/#website"},"datePublished":"2024-07-19T10:46:10+00:00","dateModified":"2024-07-25T09:50:30+00:00","breadcrumb":{"@id":"https:\/\/wi.pb.edu.pl\/p\/marek-kretowski\/dydaktyka\/zaawansowana-inzynieria-oprogramowania_z\/zaawansowana-inzynieria-oprogramowania-wyklad\/#breadcrumb"},"inLanguage":"pl-PL","potentialAction":[{"@type":"ReadAction","target":["https:\/\/wi.pb.edu.pl\/p\/marek-kretowski\/dydaktyka\/zaawansowana-inzynieria-oprogramowania_z\/zaawansowana-inzynieria-oprogramowania-wyklad\/"]}]},{"@type":"BreadcrumbList","@id":"https:\/\/wi.pb.edu.pl\/p\/marek-kretowski\/dydaktyka\/zaawansowana-inzynieria-oprogramowania_z\/zaawansowana-inzynieria-oprogramowania-wyklad\/#breadcrumb","itemListElement":[{"@type":"ListItem","position":1,"name":"Strona g\u0142\u00f3wna","item":"https:\/\/wi.pb.edu.pl\/p\/"},{"@type":"ListItem","position":2,"name":"prof. dr hab. in\u017c. Marek Kr\u0119towski","item":"https:\/\/wi.pb.edu.pl\/p\/marek-kretowski\/"},{"@type":"ListItem","position":3,"name":"Dydaktyka","item":"https:\/\/wi.pb.edu.pl\/p\/marek-kretowski\/dydaktyka\/"},{"@type":"ListItem","position":4,"name":"Zaawansowana in\u017cynieria oprogramowania","item":"https:\/\/wi.pb.edu.pl\/p\/marek-kretowski\/dydaktyka\/zaawansowana-inzynieria-oprogramowania_z\/"},{"@type":"ListItem","position":5,"name":"Zaawansowana in\u017cynieria oprogramowania &#8211; wyk\u0142ad"}]},{"@type":"WebSite","@id":"https:\/\/wi.pb.edu.pl\/p\/#website","url":"https:\/\/wi.pb.edu.pl\/p\/","name":"Strony pracownik\u00f3w Wydzia\u0142u Informatyki Politechniki Bia\u0142ostockiej","description":"","potentialAction":[{"@type":"SearchAction","target":{"@type":"EntryPoint","urlTemplate":"https:\/\/wi.pb.edu.pl\/p\/?s={search_term_string}"},"query-input":{"@type":"PropertyValueSpecification","valueRequired":true,"valueName":"search_term_string"}}],"inLanguage":"pl-PL"}]}},"_links":{"self":[{"href":"https:\/\/wi.pb.edu.pl\/p\/wp-json\/wp\/v2\/pages\/856","targetHints":{"allow":["GET"]}}],"collection":[{"href":"https:\/\/wi.pb.edu.pl\/p\/wp-json\/wp\/v2\/pages"}],"about":[{"href":"https:\/\/wi.pb.edu.pl\/p\/wp-json\/wp\/v2\/types\/page"}],"author":[{"embeddable":true,"href":"https:\/\/wi.pb.edu.pl\/p\/wp-json\/wp\/v2\/users\/14"}],"replies":[{"embeddable":true,"href":"https:\/\/wi.pb.edu.pl\/p\/wp-json\/wp\/v2\/comments?post=856"}],"version-history":[{"count":2,"href":"https:\/\/wi.pb.edu.pl\/p\/wp-json\/wp\/v2\/pages\/856\/revisions"}],"predecessor-version":[{"id":1538,"href":"https:\/\/wi.pb.edu.pl\/p\/wp-json\/wp\/v2\/pages\/856\/revisions\/1538"}],"up":[{"embeddable":true,"href":"https:\/\/wi.pb.edu.pl\/p\/wp-json\/wp\/v2\/pages\/853"}],"wp:attachment":[{"href":"https:\/\/wi.pb.edu.pl\/p\/wp-json\/wp\/v2\/media?parent=856"}],"curies":[{"name":"wp","href":"https:\/\/api.w.org\/{rel}","templated":true}]}}