{"id":888,"date":"2024-07-22T08:42:46","date_gmt":"2024-07-22T06:42:46","guid":{"rendered":"https:\/\/wi.pb.edu.pl\/p\/?page_id=888"},"modified":"2024-09-17T10:26:42","modified_gmt":"2024-09-17T08:26:42","slug":"inzynieria-oprogramowania-p-ti","status":"publish","type":"page","link":"https:\/\/wi.pb.edu.pl\/p\/marek-kretowski\/dydaktyka\/inzynieria-oprogramowania-p-ti\/","title":{"rendered":"In\u017cynieria oprogramowania"},"content":{"rendered":"<p>Wyk\u0142ady:&nbsp;(8 x 90minut)<br \/>\nCelem wyk\u0142adu jest przedstawienie ca\u0142ego procesu zwi\u0105zanego z tworzeniem i wykorzystywaniem system\u00f3w informatycznych. Powinien u\u015bwiadomi\u0107 s\u0142uchaczom, \u017ce programowanie jest tylko elementem sk\u0142adowym tego procesu oraz, \u017ce na powodzenie przedsi\u0119wzi\u0119cia maj\u0105 wp\u0142yw wszystkie fazy cyklu \u017cycia oprogramowania. W sk\u0142ad wyk\u0142adu wchodzi r\u00f3wnie\u017c mini-kurs pokazuj\u0105cy wykorzystanie Unified Modeling Language w modelowaniu i projektowaniu system\u00f3w.<\/p>\n<div class=\"table-responsive\">\n<table class=\"table table-bordered\">\n<tbody>\n<tr style=\"height: 32px\">\n<td style=\"height: 32px\" align=\"middle\" width=\"5%\" height=\"15\">\n<p align=\"center\"><strong>Nr<\/strong><\/p>\n<\/td>\n<td style=\"height: 32px\" align=\"middle\" width=\"95%\" height=\"15\"><strong>Temat wyk\u0142adu<\/strong><\/td>\n<\/tr>\n<tr style=\"height: 32px\">\n<td style=\"height: 32px\" align=\"center\" width=\"5%\" height=\"15\">1<\/td>\n<td style=\"height: 32px\" align=\"middle\" width=\"95%\" height=\"15\">\n<p align=\"left\">Przedmiot i cele in\u017cynierii oprogramowania, przyczyny powstania IO, modele cyklu \u017cycia system\u00f3w informatycznych&nbsp; (<a href=\"https:\/\/wi.pb.edu.pl\/p\/wp-content\/uploads\/sites\/3\/2024\/07\/io_1_p.pdf\">pdf<\/a>)<\/p>\n<\/td>\n<\/tr>\n<tr style=\"height: 53px\">\n<td style=\"height: 53px\" align=\"center\" width=\"5%\" height=\"1\">2<\/td>\n<td style=\"height: 53px\" align=\"middle\" width=\"95%\" height=\"1\">\n<p align=\"left\">Analiza i projektowanie obiektowe przy wykorzystaniu Unified Modeling Language (UML), diagramy przypadk\u00f3w u\u017cycia, diagramy czynno\u015bci (<a href=\"https:\/\/wi.pb.edu.pl\/p\/wp-content\/uploads\/sites\/3\/2024\/07\/io_2_zp.pdf\">pdf<\/a>)<\/p>\n<\/td>\n<\/tr>\n<tr style=\"height: 32px\">\n<td style=\"height: 32px\" align=\"center\" width=\"5%\" height=\"15\">3<\/td>\n<td style=\"height: 32px\" align=\"middle\" width=\"95%\" height=\"15\">\n<p align=\"left\">UML: Diagramy klas i obiekt\u00f3w, pakiety (<a href=\"https:\/\/wi.pb.edu.pl\/p\/wp-content\/uploads\/sites\/3\/2024\/07\/io_3_zp.pdf\">pdf<\/a>)<\/p>\n<\/td>\n<\/tr>\n<tr style=\"height: 32px\">\n<td style=\"height: 32px\" align=\"center\" width=\"5%\" height=\"13\">4<\/td>\n<td style=\"height: 32px\" align=\"middle\" width=\"95%\" height=\"13\">\n<p align=\"left\">In\u017cynieria wymaga\u0144 dla system\u00f3w informatycznych (<a href=\"https:\/\/wi.pb.edu.pl\/p\/wp-content\/uploads\/sites\/3\/2024\/07\/io_4_p.pdf\">pdf<\/a>)<\/p>\n<\/td>\n<\/tr>\n<tr style=\"height: 32px\">\n<td style=\"height: 32px\" align=\"center\" width=\"5%\" height=\"15\">5<\/td>\n<td style=\"height: 32px\" align=\"middle\" width=\"95%\" height=\"15\">\n<p align=\"left\">UML: Diagramy zmiany stan\u00f3w, diagramy interakcji i diagramy fizyczne (<a href=\"https:\/\/wi.pb.edu.pl\/p\/wp-content\/uploads\/sites\/3\/2024\/07\/io_5_p.pdf\">pdf<\/a>)<\/p>\n<\/td>\n<\/tr>\n<tr style=\"height: 22px\">\n<td style=\"height: 22px\" align=\"center\" width=\"5%\" height=\"3\">6<\/td>\n<td style=\"height: 22px\" align=\"left\" width=\"95%\" height=\"3\">Projektowanie, architektura, implementacja, wdra\u017canie system\u00f3w informatycznych (<a href=\"https:\/\/wi.pb.edu.pl\/p\/wp-content\/uploads\/sites\/3\/2024\/07\/io_6_zp.pdf\">pdf<\/a>)<\/td>\n<\/tr>\n<tr style=\"height: 22px\">\n<td style=\"height: 22px\" align=\"center\" width=\"5%\" height=\"4\">7<\/td>\n<td style=\"height: 22px\" align=\"left\" width=\"95%\" height=\"4\">Zapewnienie jako\u015bci oprogramowania i wiarygodno\u015b\u0107 system\u00f3w informatycznych (<a href=\"https:\/\/wi.pb.edu.pl\/p\/wp-content\/uploads\/sites\/3\/2024\/07\/io_7_zp.pdf\">pdf<\/a>)<\/td>\n<\/tr>\n<tr style=\"height: 22px\">\n<td style=\"height: 22px\" align=\"center\" width=\"5%\" height=\"4\">8<\/td>\n<td style=\"height: 22px\" align=\"left\" width=\"95%\" height=\"4\">Zarz\u0105dzanie projektami informatycznymi (<a href=\"https:\/\/wi.pb.edu.pl\/p\/wp-content\/uploads\/sites\/3\/2024\/07\/io_8_zp.pdf\">pdf<\/a>)<\/td>\n<\/tr>\n<\/tbody>\n<\/table>\n<p>&nbsp;<\/p>\n<\/div>\n<p>Pracownia specjalistyczna:&nbsp;(8 x 90 minut)<u><br \/>\n<\/u>Celem zaj\u0119\u0107 jest praktyczne zapoznanie si\u0119 z modelowaniem i projektowaniem przy u\u017cyciu Unified Modeling Language (UML).<\/p>\n<div class=\"table-responsive\">\n<table class=\"table table-bordered\">\n<tbody>\n<tr style=\"height: 32px\">\n<td style=\"height: 32px\" align=\"center\" width=\"9%\" height=\"15\">\n<p align=\"center\"><strong>Nr<\/strong><\/p>\n<\/td>\n<td style=\"height: 32px\" align=\"center\" width=\"158%\" height=\"15\"><strong>Temat zaj\u0119\u0107<\/strong><\/td>\n<\/tr>\n<tr style=\"height: 53px\">\n<td style=\"height: 53px\" align=\"center\" width=\"9%\" height=\"30\">1<\/td>\n<td style=\"height: 53px\" align=\"center\" width=\"158%\" height=\"30\">\n<p align=\"left\">Przedstawienie wymaga\u0144 i sposobu prowadzenia zaj\u0119\u0107, pokaz dzia\u0142ania program\u00f3w Rational Rose i Visual Paradigm for UML<\/p>\n<\/td>\n<\/tr>\n<tr style=\"height: 32px\">\n<td style=\"height: 32px\" align=\"center\" width=\"9%\" height=\"19\">2<\/td>\n<td style=\"height: 32px\" align=\"center\" width=\"158%\" height=\"19\">\n<p align=\"left\"><a title=\"Pracownia specjalistyczna \u2013 wprawki UML\" href=\"https:\/\/wi.pb.edu.pl\/p\/marek-kretowski\/dydaktyka\/pracownia-specjalistyczna-wprawki-uml\/\">Wprawki<\/a>&nbsp;&#8211; diagram przypadk\u00f3w u\u017cycia, opisywanie przypadk\u00f3w u\u017cycia<\/p>\n<\/td>\n<\/tr>\n<tr style=\"height: 32px\">\n<td style=\"height: 32px\" align=\"center\" width=\"9%\" height=\"19\">3<\/td>\n<td style=\"height: 32px\" align=\"center\" width=\"158%\" height=\"19\">\n<p align=\"left\"><a href=\"https:\/\/wi.pb.edu.pl\/p\/marek-kretowski\/dydaktyka\/pracownia-specjalistyczna-wprawki-uml\/\">Wprawki&nbsp;<\/a>&#8211; diagram czynno\u015bci<\/p>\n<\/td>\n<\/tr>\n<tr style=\"height: 22px\">\n<td style=\"height: 22px\" align=\"center\" width=\"9%\" height=\"15\">4<\/td>\n<td style=\"text-align: left;height: 22px\" align=\"center\" width=\"158%\" height=\"15\"><a href=\"https:\/\/wi.pb.edu.pl\/p\/marek-kretowski\/dydaktyka\/pracownia-specjalistyczna-wprawki-uml\/\">Wprawki<\/a>&nbsp;&#8211; diagram klas<\/td>\n<\/tr>\n<tr style=\"height: 32px\">\n<td style=\"height: 32px\" align=\"center\" width=\"9%\" height=\"15\">5<\/td>\n<td style=\"height: 32px\" align=\"center\" width=\"158%\" height=\"15\">\n<p align=\"left\"><a href=\"https:\/\/wi.pb.edu.pl\/p\/marek-kretowski\/dydaktyka\/pracownia-specjalistyczna-wprawki-uml\/\">Wprawki&nbsp;<\/a>&#8211; diagram stan\u00f3w<\/p>\n<\/td>\n<\/tr>\n<tr style=\"height: 32px\">\n<td style=\"height: 32px\" align=\"center\" width=\"9%\" height=\"14\">6<\/td>\n<td style=\"height: 32px\" align=\"center\" width=\"158%\" height=\"15\">\n<p align=\"left\"><a href=\"https:\/\/wi.pb.edu.pl\/p\/marek-kretowski\/dydaktyka\/pracownia-specjalistyczna-wprawki-uml\/\">Wprawki<\/a>&nbsp;&#8211; diagramy przebiegu<\/p>\n<\/td>\n<\/tr>\n<tr style=\"height: 32px\">\n<td style=\"height: 32px\" align=\"center\" width=\"9%\" height=\"14\">7<\/td>\n<td style=\"height: 32px\" align=\"center\" width=\"158%\" height=\"14\">\n<p align=\"left\"><a href=\"https:\/\/wi.pb.edu.pl\/p\/marek-kretowski\/dydaktyka\/pracownia-specjalistyczna-wprawki-uml\/\">Wprawki<\/a>&nbsp;&#8211; diagramy fizyczne (komponent\u00f3w i wdro\u017cenia)<\/p>\n<\/td>\n<\/tr>\n<tr style=\"height: 32px\">\n<td style=\"height: 32px\" align=\"center\" width=\"9%\" height=\"15\">8<\/td>\n<td style=\"height: 32px\" align=\"center\" width=\"158%\" height=\"15\">\n<p align=\"left\">Ew. dodatkowe zaliczanie, wystawienie ocen<\/p>\n<\/td>\n<\/tr>\n<\/tbody>\n<\/table>\n<p>&nbsp;<\/p>\n<\/div>\n<p><a title=\"\u0179r\u00f3d\u0142a wiedzy\" href=\"https:\/\/wi.pb.edu.pl\/p\/marek-kretowski\/dydaktyka\/zrodla-wiedzy\/\">\u0179r\u00f3d\u0142a wiedzy (literatura, internet)<\/a><\/p>\n","protected":false},"excerpt":{"rendered":"<p>Wyk\u0142ady:&nbsp;(8 x 90minut) Celem wyk\u0142adu jest przedstawienie ca\u0142ego procesu zwi\u0105zanego z tworzeniem i wykorzystywaniem system\u00f3w<a class=\"read-more\" href=\"https:\/\/wi.pb.edu.pl\/p\/marek-kretowski\/dydaktyka\/inzynieria-oprogramowania-p-ti\/\" title=\"Poka\u017c artyku\u0142 In\u017cynieria oprogramowania\">wi\u0119cej<\/a><\/p>\n","protected":false},"author":14,"featured_media":0,"parent":590,"menu_order":0,"comment_status":"closed","ping_status":"closed","template":"","meta":{"inline_featured_image":false,"ngg_post_thumbnail":0,"footnotes":""},"class_list":["post-888","page","type-page","status-publish","hentry"],"acf":[],"yoast_head":"<!-- This site is optimized with the Yoast SEO plugin v26.4 - https:\/\/yoast.com\/wordpress\/plugins\/seo\/ -->\n<title>In\u017cynieria oprogramowania - Strony pracownik\u00f3w Wydzia\u0142u Informatyki Politechniki Bia\u0142ostockiej<\/title>\n<meta name=\"robots\" content=\"index, follow, max-snippet:-1, max-image-preview:large, max-video-preview:-1\" \/>\n<link rel=\"canonical\" href=\"https:\/\/wi.pb.edu.pl\/p\/marek-kretowski\/dydaktyka\/inzynieria-oprogramowania-p-ti\/\" \/>\n<meta property=\"og:locale\" content=\"pl_PL\" \/>\n<meta property=\"og:type\" content=\"article\" \/>\n<meta property=\"og:title\" content=\"In\u017cynieria oprogramowania - Strony pracownik\u00f3w Wydzia\u0142u Informatyki Politechniki Bia\u0142ostockiej\" \/>\n<meta property=\"og:description\" content=\"Wyk\u0142ady:&nbsp;(8 x 90minut) Celem wyk\u0142adu jest przedstawienie ca\u0142ego procesu zwi\u0105zanego z tworzeniem i wykorzystywaniem system\u00f3wwi\u0119cej\" \/>\n<meta property=\"og:url\" content=\"https:\/\/wi.pb.edu.pl\/p\/marek-kretowski\/dydaktyka\/inzynieria-oprogramowania-p-ti\/\" \/>\n<meta property=\"og:site_name\" content=\"Strony pracownik\u00f3w Wydzia\u0142u Informatyki Politechniki Bia\u0142ostockiej\" \/>\n<meta property=\"article:modified_time\" content=\"2024-09-17T08:26:42+00:00\" \/>\n<meta name=\"twitter:card\" content=\"summary_large_image\" \/>\n<meta name=\"twitter:label1\" content=\"Szacowany czas czytania\" \/>\n\t<meta name=\"twitter:data1\" content=\"2 minuty\" \/>\n<script type=\"application\/ld+json\" class=\"yoast-schema-graph\">{\"@context\":\"https:\/\/schema.org\",\"@graph\":[{\"@type\":\"WebPage\",\"@id\":\"https:\/\/wi.pb.edu.pl\/p\/marek-kretowski\/dydaktyka\/inzynieria-oprogramowania-p-ti\/\",\"url\":\"https:\/\/wi.pb.edu.pl\/p\/marek-kretowski\/dydaktyka\/inzynieria-oprogramowania-p-ti\/\",\"name\":\"In\u017cynieria oprogramowania - Strony pracownik\u00f3w Wydzia\u0142u Informatyki Politechniki Bia\u0142ostockiej\",\"isPartOf\":{\"@id\":\"https:\/\/wi.pb.edu.pl\/p\/#website\"},\"datePublished\":\"2024-07-22T06:42:46+00:00\",\"dateModified\":\"2024-09-17T08:26:42+00:00\",\"breadcrumb\":{\"@id\":\"https:\/\/wi.pb.edu.pl\/p\/marek-kretowski\/dydaktyka\/inzynieria-oprogramowania-p-ti\/#breadcrumb\"},\"inLanguage\":\"pl-PL\",\"potentialAction\":[{\"@type\":\"ReadAction\",\"target\":[\"https:\/\/wi.pb.edu.pl\/p\/marek-kretowski\/dydaktyka\/inzynieria-oprogramowania-p-ti\/\"]}]},{\"@type\":\"BreadcrumbList\",\"@id\":\"https:\/\/wi.pb.edu.pl\/p\/marek-kretowski\/dydaktyka\/inzynieria-oprogramowania-p-ti\/#breadcrumb\",\"itemListElement\":[{\"@type\":\"ListItem\",\"position\":1,\"name\":\"Strona g\u0142\u00f3wna\",\"item\":\"https:\/\/wi.pb.edu.pl\/p\/\"},{\"@type\":\"ListItem\",\"position\":2,\"name\":\"prof. dr hab. in\u017c. Marek Kr\u0119towski\",\"item\":\"https:\/\/wi.pb.edu.pl\/p\/marek-kretowski\/\"},{\"@type\":\"ListItem\",\"position\":3,\"name\":\"Dydaktyka\",\"item\":\"https:\/\/wi.pb.edu.pl\/p\/marek-kretowski\/dydaktyka\/\"},{\"@type\":\"ListItem\",\"position\":4,\"name\":\"In\u017cynieria oprogramowania\"}]},{\"@type\":\"WebSite\",\"@id\":\"https:\/\/wi.pb.edu.pl\/p\/#website\",\"url\":\"https:\/\/wi.pb.edu.pl\/p\/\",\"name\":\"Strony pracownik\u00f3w Wydzia\u0142u Informatyki Politechniki Bia\u0142ostockiej\",\"description\":\"\",\"potentialAction\":[{\"@type\":\"SearchAction\",\"target\":{\"@type\":\"EntryPoint\",\"urlTemplate\":\"https:\/\/wi.pb.edu.pl\/p\/?s={search_term_string}\"},\"query-input\":{\"@type\":\"PropertyValueSpecification\",\"valueRequired\":true,\"valueName\":\"search_term_string\"}}],\"inLanguage\":\"pl-PL\"}]}<\/script>\n<!-- \/ Yoast SEO plugin. -->","yoast_head_json":{"title":"In\u017cynieria oprogramowania - Strony pracownik\u00f3w Wydzia\u0142u Informatyki Politechniki Bia\u0142ostockiej","robots":{"index":"index","follow":"follow","max-snippet":"max-snippet:-1","max-image-preview":"max-image-preview:large","max-video-preview":"max-video-preview:-1"},"canonical":"https:\/\/wi.pb.edu.pl\/p\/marek-kretowski\/dydaktyka\/inzynieria-oprogramowania-p-ti\/","og_locale":"pl_PL","og_type":"article","og_title":"In\u017cynieria oprogramowania - Strony pracownik\u00f3w Wydzia\u0142u Informatyki Politechniki Bia\u0142ostockiej","og_description":"Wyk\u0142ady:&nbsp;(8 x 90minut) Celem wyk\u0142adu jest przedstawienie ca\u0142ego procesu zwi\u0105zanego z tworzeniem i wykorzystywaniem system\u00f3wwi\u0119cej","og_url":"https:\/\/wi.pb.edu.pl\/p\/marek-kretowski\/dydaktyka\/inzynieria-oprogramowania-p-ti\/","og_site_name":"Strony pracownik\u00f3w Wydzia\u0142u Informatyki Politechniki Bia\u0142ostockiej","article_modified_time":"2024-09-17T08:26:42+00:00","twitter_card":"summary_large_image","twitter_misc":{"Szacowany czas czytania":"2 minuty"},"schema":{"@context":"https:\/\/schema.org","@graph":[{"@type":"WebPage","@id":"https:\/\/wi.pb.edu.pl\/p\/marek-kretowski\/dydaktyka\/inzynieria-oprogramowania-p-ti\/","url":"https:\/\/wi.pb.edu.pl\/p\/marek-kretowski\/dydaktyka\/inzynieria-oprogramowania-p-ti\/","name":"In\u017cynieria oprogramowania - Strony pracownik\u00f3w Wydzia\u0142u Informatyki Politechniki Bia\u0142ostockiej","isPartOf":{"@id":"https:\/\/wi.pb.edu.pl\/p\/#website"},"datePublished":"2024-07-22T06:42:46+00:00","dateModified":"2024-09-17T08:26:42+00:00","breadcrumb":{"@id":"https:\/\/wi.pb.edu.pl\/p\/marek-kretowski\/dydaktyka\/inzynieria-oprogramowania-p-ti\/#breadcrumb"},"inLanguage":"pl-PL","potentialAction":[{"@type":"ReadAction","target":["https:\/\/wi.pb.edu.pl\/p\/marek-kretowski\/dydaktyka\/inzynieria-oprogramowania-p-ti\/"]}]},{"@type":"BreadcrumbList","@id":"https:\/\/wi.pb.edu.pl\/p\/marek-kretowski\/dydaktyka\/inzynieria-oprogramowania-p-ti\/#breadcrumb","itemListElement":[{"@type":"ListItem","position":1,"name":"Strona g\u0142\u00f3wna","item":"https:\/\/wi.pb.edu.pl\/p\/"},{"@type":"ListItem","position":2,"name":"prof. dr hab. in\u017c. Marek Kr\u0119towski","item":"https:\/\/wi.pb.edu.pl\/p\/marek-kretowski\/"},{"@type":"ListItem","position":3,"name":"Dydaktyka","item":"https:\/\/wi.pb.edu.pl\/p\/marek-kretowski\/dydaktyka\/"},{"@type":"ListItem","position":4,"name":"In\u017cynieria oprogramowania"}]},{"@type":"WebSite","@id":"https:\/\/wi.pb.edu.pl\/p\/#website","url":"https:\/\/wi.pb.edu.pl\/p\/","name":"Strony pracownik\u00f3w Wydzia\u0142u Informatyki Politechniki Bia\u0142ostockiej","description":"","potentialAction":[{"@type":"SearchAction","target":{"@type":"EntryPoint","urlTemplate":"https:\/\/wi.pb.edu.pl\/p\/?s={search_term_string}"},"query-input":{"@type":"PropertyValueSpecification","valueRequired":true,"valueName":"search_term_string"}}],"inLanguage":"pl-PL"}]}},"_links":{"self":[{"href":"https:\/\/wi.pb.edu.pl\/p\/wp-json\/wp\/v2\/pages\/888","targetHints":{"allow":["GET"]}}],"collection":[{"href":"https:\/\/wi.pb.edu.pl\/p\/wp-json\/wp\/v2\/pages"}],"about":[{"href":"https:\/\/wi.pb.edu.pl\/p\/wp-json\/wp\/v2\/types\/page"}],"author":[{"embeddable":true,"href":"https:\/\/wi.pb.edu.pl\/p\/wp-json\/wp\/v2\/users\/14"}],"replies":[{"embeddable":true,"href":"https:\/\/wi.pb.edu.pl\/p\/wp-json\/wp\/v2\/comments?post=888"}],"version-history":[{"count":3,"href":"https:\/\/wi.pb.edu.pl\/p\/wp-json\/wp\/v2\/pages\/888\/revisions"}],"predecessor-version":[{"id":1877,"href":"https:\/\/wi.pb.edu.pl\/p\/wp-json\/wp\/v2\/pages\/888\/revisions\/1877"}],"up":[{"embeddable":true,"href":"https:\/\/wi.pb.edu.pl\/p\/wp-json\/wp\/v2\/pages\/590"}],"wp:attachment":[{"href":"https:\/\/wi.pb.edu.pl\/p\/wp-json\/wp\/v2\/media?parent=888"}],"curies":[{"name":"wp","href":"https:\/\/api.w.org\/{rel}","templated":true}]}}