{"id":910,"date":"2024-07-22T09:06:38","date_gmt":"2024-07-22T07:06:38","guid":{"rendered":"https:\/\/wi.pb.edu.pl\/p\/?page_id=910"},"modified":"2024-09-17T10:36:38","modified_gmt":"2024-09-17T08:36:38","slug":"marek-tabedzki","status":"publish","type":"page","link":"https:\/\/wi.pb.edu.pl\/p\/marek-tabedzki\/","title":{"rendered":"dr in\u017c. Marek Tab\u0119dzki"},"content":{"rendered":"<p>Wydzia\u0142 Informatyki<br \/>\nPolitechnika Bia\u0142ostocka<br \/>\nul. Wiejska 45A<br \/>\n15-351 Bia\u0142ystok<br \/>\npok. 203<br \/>\n<a href=\"mailto:m.tabedzki@pb.edu.pl\">email: m.tabedzki@pb.edu.pl<\/a><br \/>\n<a href=\"http:\/\/degra.pb.bialystok.pl\/rozklady\/rozklad.php?id=60&amp;page=Wy%C5%9Bwietl\">Rozk\u0142ad zaj\u0119\u0107 i termin konsultacji &gt; &gt; &gt;<\/a><\/p>\n<hr>\n<h2>Terminy konsultacji w sesji:<\/h2>\n<ul>\n<li>2.02.2015 (poniedzia\u0142ek) \u2013 godzina 11:15-12:45<\/li>\n<li>4.02.2015 (\u015broda) \u2013 godzina 11:15-12:45<\/li>\n<li>6.02.2015 (pi\u0105tek) \u2013 godzina 10:15-11:45<\/li>\n<li>7.02.2015 (sobota) \u2013 godzina 11:30-13:00<\/li>\n<li>9.02.2015 (poniedzia\u0142ek) \u2013 godzina 11:15-12:45<\/li>\n<li>14.02.2015 (sobota) \u2013 godzina 12:30-14:00<\/li>\n<li>w razie, gdyby by\u0142y potrzebne dodatkowe terminy, prosz\u0119 o kontakt na maila<\/li>\n<\/ul>\n<hr>\n<h3>prace dyplomowe<\/h3>\n<ul>\n<li><a title=\"Propozycje temat\u00f3w prac in\u017cynierskich (zima 2015)\" href=\"https:\/\/wi.pb.edu.pl\/p\/marek-tabedzki\/propozycje-tematow-prac-inzynierskich-zima-2015\/\">Propozycje temat\u00f3w prac in\u017cynierskich (zima 2015)<\/a><\/li>\n<li><a title=\"Propozycje temat\u00f3w prac magisterskich (lato 2015)\" href=\"https:\/\/wi.pb.edu.pl\/p\/marek-tabedzki\/propozycje-tematow-prac-magisterskich-lato-2015\/\">Propozycje temat\u00f3w prac magisterskich (lato 2015)<\/a><\/li>\n<li><a title=\"Propozycje temat\u00f3w prac dyplomowych (2014\/15)\" href=\"https:\/\/wi.pb.edu.pl\/p\/marek-tabedzki\/propozycje-tematow-prac-inzynierskich-2014-15\/\">Propozycje temat\u00f3w prac dyplomowych (2014\/15)<\/a><\/li>\n<li><a title=\"Propozycje temat\u00f3w prac dyplomowych (2013\/14)\" href=\"https:\/\/wi.pb.edu.pl\/p\/marek-tabedzki\/propozycje-tematow-prac-inzynierskich-2013-14\/\">Propozycje temat\u00f3w prac dyplomowych (2013\/14)<\/a><\/li>\n<li><a title=\"Propozycje temat\u00f3w prac dyplomowych (2012\/13)\" href=\"https:\/\/wi.pb.edu.pl\/p\/marek-tabedzki\/propozycje-tematow-prac-dyplomowych-2012-13\/\">Propozycje temat\u00f3w prac dyplomowych (2012\/13)<\/a><\/li>\n<li><a title=\"Propozycje temat\u00f3w prac dyplomowych (2011\/12)\" href=\"https:\/\/wi.pb.edu.pl\/p\/marek-tabedzki\/propozycje-tematow-prac-dyplomowych-2011-12\/\">Propozycje temat\u00f3w prac dyplomowych (2011\/12)<\/a><\/li>\n<\/ul>\n<h2>Materia\u0142y do zaj\u0119\u0107<\/h2>\n<h3>studia stacjonarne<\/h3>\n<ul>\n<li>Zaawansowane techniki programistyczne<\/li>\n<li>Budowa aplikacji w technologii .NET<\/li>\n<li>Programowanie, algorytmy i struktury danych<\/li>\n<\/ul>\n<h3>studia niestacjonarne<\/h3>\n<ul>\n<li>Budowa aplikacji w technologii .NET<\/li>\n<li>Programowanie, algorytmy i struktury danych<\/li>\n<li>Zaawansowane techniki programistyczne<\/li>\n<\/ul>\n<h3>studia podyplomowe<\/h3>\n<ul>\n<li>Podstawy programowania obiektowego<\/li>\n<\/ul>\n","protected":false},"excerpt":{"rendered":"<p>Wydzia\u0142 Informatyki Politechnika Bia\u0142ostocka ul. Wiejska 45A 15-351 Bia\u0142ystok pok. 203 email: m.tabedzki@pb.edu.pl Rozk\u0142ad zaj\u0119\u0107<a class=\"read-more\" href=\"https:\/\/wi.pb.edu.pl\/p\/marek-tabedzki\/\" title=\"Poka\u017c artyku\u0142 dr in\u017c. Marek Tab\u0119dzki\">wi\u0119cej<\/a><\/p>\n","protected":false},"author":14,"featured_media":0,"parent":0,"menu_order":0,"comment_status":"closed","ping_status":"closed","template":"","meta":{"inline_featured_image":false,"ngg_post_thumbnail":0,"footnotes":""},"class_list":["post-910","page","type-page","status-publish","hentry"],"acf":[],"yoast_head":"<!-- This site is optimized with the Yoast SEO plugin v26.4 - https:\/\/yoast.com\/wordpress\/plugins\/seo\/ -->\n<title>dr in\u017c. Marek Tab\u0119dzki - Strony pracownik\u00f3w Wydzia\u0142u Informatyki Politechniki Bia\u0142ostockiej<\/title>\n<meta name=\"robots\" content=\"index, follow, max-snippet:-1, max-image-preview:large, max-video-preview:-1\" \/>\n<link rel=\"canonical\" href=\"https:\/\/wi.pb.edu.pl\/p\/marek-tabedzki\/\" \/>\n<meta property=\"og:locale\" content=\"pl_PL\" \/>\n<meta property=\"og:type\" content=\"article\" \/>\n<meta property=\"og:title\" content=\"dr in\u017c. Marek Tab\u0119dzki - Strony pracownik\u00f3w Wydzia\u0142u Informatyki Politechniki Bia\u0142ostockiej\" \/>\n<meta property=\"og:description\" content=\"Wydzia\u0142 Informatyki Politechnika Bia\u0142ostocka ul. Wiejska 45A 15-351 Bia\u0142ystok pok. 203 email: m.tabedzki@pb.edu.pl Rozk\u0142ad zaj\u0119\u0107wi\u0119cej\" \/>\n<meta property=\"og:url\" content=\"https:\/\/wi.pb.edu.pl\/p\/marek-tabedzki\/\" \/>\n<meta property=\"og:site_name\" content=\"Strony pracownik\u00f3w Wydzia\u0142u Informatyki Politechniki Bia\u0142ostockiej\" \/>\n<meta property=\"article:modified_time\" content=\"2024-09-17T08:36:38+00:00\" \/>\n<meta name=\"twitter:card\" content=\"summary_large_image\" \/>\n<meta name=\"twitter:label1\" content=\"Szacowany czas czytania\" \/>\n\t<meta name=\"twitter:data1\" content=\"1 minuta\" \/>\n<script type=\"application\/ld+json\" class=\"yoast-schema-graph\">{\"@context\":\"https:\/\/schema.org\",\"@graph\":[{\"@type\":\"WebPage\",\"@id\":\"https:\/\/wi.pb.edu.pl\/p\/marek-tabedzki\/\",\"url\":\"https:\/\/wi.pb.edu.pl\/p\/marek-tabedzki\/\",\"name\":\"dr in\u017c. Marek Tab\u0119dzki - Strony pracownik\u00f3w Wydzia\u0142u Informatyki Politechniki Bia\u0142ostockiej\",\"isPartOf\":{\"@id\":\"https:\/\/wi.pb.edu.pl\/p\/#website\"},\"datePublished\":\"2024-07-22T07:06:38+00:00\",\"dateModified\":\"2024-09-17T08:36:38+00:00\",\"breadcrumb\":{\"@id\":\"https:\/\/wi.pb.edu.pl\/p\/marek-tabedzki\/#breadcrumb\"},\"inLanguage\":\"pl-PL\",\"potentialAction\":[{\"@type\":\"ReadAction\",\"target\":[\"https:\/\/wi.pb.edu.pl\/p\/marek-tabedzki\/\"]}]},{\"@type\":\"BreadcrumbList\",\"@id\":\"https:\/\/wi.pb.edu.pl\/p\/marek-tabedzki\/#breadcrumb\",\"itemListElement\":[{\"@type\":\"ListItem\",\"position\":1,\"name\":\"Strona g\u0142\u00f3wna\",\"item\":\"https:\/\/wi.pb.edu.pl\/p\/\"},{\"@type\":\"ListItem\",\"position\":2,\"name\":\"dr in\u017c. Marek Tab\u0119dzki\"}]},{\"@type\":\"WebSite\",\"@id\":\"https:\/\/wi.pb.edu.pl\/p\/#website\",\"url\":\"https:\/\/wi.pb.edu.pl\/p\/\",\"name\":\"Strony pracownik\u00f3w Wydzia\u0142u Informatyki Politechniki Bia\u0142ostockiej\",\"description\":\"\",\"potentialAction\":[{\"@type\":\"SearchAction\",\"target\":{\"@type\":\"EntryPoint\",\"urlTemplate\":\"https:\/\/wi.pb.edu.pl\/p\/?s={search_term_string}\"},\"query-input\":{\"@type\":\"PropertyValueSpecification\",\"valueRequired\":true,\"valueName\":\"search_term_string\"}}],\"inLanguage\":\"pl-PL\"}]}<\/script>\n<!-- \/ Yoast SEO plugin. -->","yoast_head_json":{"title":"dr in\u017c. Marek Tab\u0119dzki - Strony pracownik\u00f3w Wydzia\u0142u Informatyki Politechniki Bia\u0142ostockiej","robots":{"index":"index","follow":"follow","max-snippet":"max-snippet:-1","max-image-preview":"max-image-preview:large","max-video-preview":"max-video-preview:-1"},"canonical":"https:\/\/wi.pb.edu.pl\/p\/marek-tabedzki\/","og_locale":"pl_PL","og_type":"article","og_title":"dr in\u017c. Marek Tab\u0119dzki - Strony pracownik\u00f3w Wydzia\u0142u Informatyki Politechniki Bia\u0142ostockiej","og_description":"Wydzia\u0142 Informatyki Politechnika Bia\u0142ostocka ul. Wiejska 45A 15-351 Bia\u0142ystok pok. 203 email: m.tabedzki@pb.edu.pl Rozk\u0142ad zaj\u0119\u0107wi\u0119cej","og_url":"https:\/\/wi.pb.edu.pl\/p\/marek-tabedzki\/","og_site_name":"Strony pracownik\u00f3w Wydzia\u0142u Informatyki Politechniki Bia\u0142ostockiej","article_modified_time":"2024-09-17T08:36:38+00:00","twitter_card":"summary_large_image","twitter_misc":{"Szacowany czas czytania":"1 minuta"},"schema":{"@context":"https:\/\/schema.org","@graph":[{"@type":"WebPage","@id":"https:\/\/wi.pb.edu.pl\/p\/marek-tabedzki\/","url":"https:\/\/wi.pb.edu.pl\/p\/marek-tabedzki\/","name":"dr in\u017c. Marek Tab\u0119dzki - Strony pracownik\u00f3w Wydzia\u0142u Informatyki Politechniki Bia\u0142ostockiej","isPartOf":{"@id":"https:\/\/wi.pb.edu.pl\/p\/#website"},"datePublished":"2024-07-22T07:06:38+00:00","dateModified":"2024-09-17T08:36:38+00:00","breadcrumb":{"@id":"https:\/\/wi.pb.edu.pl\/p\/marek-tabedzki\/#breadcrumb"},"inLanguage":"pl-PL","potentialAction":[{"@type":"ReadAction","target":["https:\/\/wi.pb.edu.pl\/p\/marek-tabedzki\/"]}]},{"@type":"BreadcrumbList","@id":"https:\/\/wi.pb.edu.pl\/p\/marek-tabedzki\/#breadcrumb","itemListElement":[{"@type":"ListItem","position":1,"name":"Strona g\u0142\u00f3wna","item":"https:\/\/wi.pb.edu.pl\/p\/"},{"@type":"ListItem","position":2,"name":"dr in\u017c. Marek Tab\u0119dzki"}]},{"@type":"WebSite","@id":"https:\/\/wi.pb.edu.pl\/p\/#website","url":"https:\/\/wi.pb.edu.pl\/p\/","name":"Strony pracownik\u00f3w Wydzia\u0142u Informatyki Politechniki Bia\u0142ostockiej","description":"","potentialAction":[{"@type":"SearchAction","target":{"@type":"EntryPoint","urlTemplate":"https:\/\/wi.pb.edu.pl\/p\/?s={search_term_string}"},"query-input":{"@type":"PropertyValueSpecification","valueRequired":true,"valueName":"search_term_string"}}],"inLanguage":"pl-PL"}]}},"_links":{"self":[{"href":"https:\/\/wi.pb.edu.pl\/p\/wp-json\/wp\/v2\/pages\/910","targetHints":{"allow":["GET"]}}],"collection":[{"href":"https:\/\/wi.pb.edu.pl\/p\/wp-json\/wp\/v2\/pages"}],"about":[{"href":"https:\/\/wi.pb.edu.pl\/p\/wp-json\/wp\/v2\/types\/page"}],"author":[{"embeddable":true,"href":"https:\/\/wi.pb.edu.pl\/p\/wp-json\/wp\/v2\/users\/14"}],"replies":[{"embeddable":true,"href":"https:\/\/wi.pb.edu.pl\/p\/wp-json\/wp\/v2\/comments?post=910"}],"version-history":[{"count":3,"href":"https:\/\/wi.pb.edu.pl\/p\/wp-json\/wp\/v2\/pages\/910\/revisions"}],"predecessor-version":[{"id":1886,"href":"https:\/\/wi.pb.edu.pl\/p\/wp-json\/wp\/v2\/pages\/910\/revisions\/1886"}],"wp:attachment":[{"href":"https:\/\/wi.pb.edu.pl\/p\/wp-json\/wp\/v2\/media?parent=910"}],"curies":[{"name":"wp","href":"https:\/\/api.w.org\/{rel}","templated":true}]}}