{"id":914,"date":"2024-07-22T09:08:23","date_gmt":"2024-07-22T07:08:23","guid":{"rendered":"https:\/\/wi.pb.edu.pl\/p\/?page_id=914"},"modified":"2024-07-22T09:12:59","modified_gmt":"2024-07-22T07:12:59","slug":"propozycje-tematow-prac-magisterskich-lato-2015","status":"publish","type":"page","link":"https:\/\/wi.pb.edu.pl\/p\/marek-tabedzki\/propozycje-tematow-prac-magisterskich-lato-2015\/","title":{"rendered":"Propozycje temat\u00f3w prac magisterskich (lato 2015)"},"content":{"rendered":"<h4>Samoadaptuj\u0105ca si\u0119 sztuczna inteligencja w symetrycznej grze zr\u0119czno\u015bciowej<\/h4>\n<div>Gra opisana w temacie pracy jest prost\u0105 gr\u0105 akcji, gdzie gracz i przeciwnik (sterowany przez komputer) podlegaj\u0105 tym samym zasadom i mog\u0105 korzysta\u0107 z tych samych strategii (model PvP z przeciwnikiem komputerowym). Celem pracy jest opracowanie zachowania przeciwnika komputerowego. Powinien on zar\u00f3wno sam uczy\u0107 si\u0119 zachowa\u0144 na podstawie zachowa\u0144 gracza, jak i m\u00f3c dostosowywa\u0107 do jego poziomu. Nast\u0119pnie nale\u017cy w wybrany spos\u00f3b oceni\u0107 uzyskane rezultaty.<\/div>\n<h4>Zachowania spo\u0142eczne w modelowaniu t\u0142umu<\/h4>\n<div>Przedmiotem zainteresowania pracy jest symulacja i modelowanie ruchu t\u0142umu. Polega to na \u015bledzeniu ruchu pojedynczych osobnik\u00f3w, obserwowania ich zachowa\u0144, interakcji mi\u0119dzy nimi. W pracy nale\u017cy uwzgl\u0119dni\u0107 zachowania spo\u0142eczne \u2013 z\u0142o\u017cone interakcje zachodz\u0105ce na przestrzeni d\u0142u\u017cszego czasu mi\u0119dzy wieloma osobnikami. W ramach pracy nale\u017cy zaimplementowa\u0107 wybrany model ruchu t\u0142umu, a nast\u0119pnie przetestowa\u0107 go i oceni\u0107 przez por\u00f3wnanie z innym modelem (nie uwzgl\u0119dniaj\u0105cym proponowanych zachowa\u0144 spo\u0142ecznych).<\/div>\n<h4>Optymalizacja uk\u0142adu klawiatury ekranowej dla j\u0119zyka polskiego<\/h4>\n<div>Klawiatura ekranowa jest sposobem wprowadzania tekstu alternatywnym dla klasycznej klawiatury. Jest ona wy\u015bwietlana na ekranie i obs\u0142ugiwana przy pomocy myszy, klawiszy kursora lub podobnych urz\u0105dze\u0144 wej\u015bciowych. Celem pracy jest opracowanie takiego jej uk\u0142adu, kt\u00f3ry minimalizuje liczb\u0119 ruch\u00f3w koniecznych do wprowadzenia tekstu. W tym celu nale\u017cy pos\u0142u\u017cy\u0107 si\u0119 metodami uczenia maszynowego (algorytmy ewolucyjne), dopasowuj\u0105c roz\u0142o\u017cenie klawiszy do zbioru tekst\u00f3w danego j\u0119zyka.<\/div>\n<h4>Generowanie podpis\u00f3w dla potrzeb trenowania i testowania system\u00f3w biometrycznych<\/h4>\n<div>Trenowanie i testowanie system\u00f3w biometrycznych wymaga du\u017cej liczby pr\u00f3bek biometrycznych. Z braku pr\u00f3bek autentycznych u\u017cytkownik\u00f3w, mo\u017cliwe jest pos\u0142u\u017cenie si\u0119 pr\u00f3bkami syntetycznymi &#8211; wygenerowanymi przez komputer. Celem pracy jest zaimplementowanie metody generowania obraz\u00f3w podpis\u00f3w. Stworzony w ten spos\u00f3b zbi\u00f3r nale\u017cy przetestowa\u0107 z u\u017cyciem wybranej metody rozpoznawania podpis\u00f3w i oceni\u0107 wyniki, por\u00f3wnuj\u0105c je z wynikami na autentycznych danych.<\/div>\n<h4>Metody weryfikacji algorytm\u00f3w szkieletyzacji obraz\u00f3w<\/h4>\n<div>Przez szkieletyzacj\u0119 (lub \u015bcienianie) rozumiemy przewa\u017cnie zamian\u0119 obrazu na posta\u0107 z liniami o szeroko\u015bci jednego piksela. Ma to znaczenie np. w rozpoznawaniu tekstu, gdy\u017c usuwa informacj\u0119 o grubo\u015bci pisaka. Algorytmy szkieletyzacji mog\u0105 jednak zmienia\u0107 kszta\u0142t lub topologi\u0119 obrazu lub generowa\u0107 fa\u0142szywe cechy (p\u0119tle, odga\u0142\u0119zienia). St\u0105d potrzeba opracowania sposobu weryfikacji jako\u015bci algorytm\u00f3w szkieletyzacji. Celem pracy jest por\u00f3wnanie wybranych algorytm\u00f3w szkieletyzacji i opracowanie metody automatycznej oceny jako\u015bci generowanego przez nie szkieletu.<\/div>\n<p>Osoby zainteresowane szczeg\u00f3\u0142ami zapraszam na konsultacje.<\/p>\n","protected":false},"excerpt":{"rendered":"<p>Samoadaptuj\u0105ca si\u0119 sztuczna inteligencja w symetrycznej grze zr\u0119czno\u015bciowej Gra opisana w temacie pracy jest prost\u0105<a class=\"read-more\" href=\"https:\/\/wi.pb.edu.pl\/p\/marek-tabedzki\/propozycje-tematow-prac-magisterskich-lato-2015\/\" title=\"Poka\u017c artyku\u0142 Propozycje temat\u00f3w prac magisterskich (lato 2015)\">wi\u0119cej<\/a><\/p>\n","protected":false},"author":14,"featured_media":0,"parent":910,"menu_order":0,"comment_status":"closed","ping_status":"closed","template":"","meta":{"inline_featured_image":false,"ngg_post_thumbnail":0,"footnotes":""},"class_list":["post-914","page","type-page","status-publish","hentry"],"acf":[],"yoast_head":"<!-- This site is optimized with the Yoast SEO plugin v26.4 - https:\/\/yoast.com\/wordpress\/plugins\/seo\/ -->\n<title>Propozycje temat\u00f3w prac magisterskich (lato 2015) - Strony pracownik\u00f3w Wydzia\u0142u Informatyki Politechniki Bia\u0142ostockiej<\/title>\n<meta name=\"robots\" content=\"index, follow, max-snippet:-1, max-image-preview:large, max-video-preview:-1\" \/>\n<link rel=\"canonical\" href=\"https:\/\/wi.pb.edu.pl\/p\/marek-tabedzki\/propozycje-tematow-prac-magisterskich-lato-2015\/\" \/>\n<meta property=\"og:locale\" content=\"pl_PL\" \/>\n<meta property=\"og:type\" content=\"article\" \/>\n<meta property=\"og:title\" content=\"Propozycje temat\u00f3w prac magisterskich (lato 2015) - Strony pracownik\u00f3w Wydzia\u0142u Informatyki Politechniki Bia\u0142ostockiej\" \/>\n<meta property=\"og:description\" content=\"Samoadaptuj\u0105ca si\u0119 sztuczna inteligencja w symetrycznej grze zr\u0119czno\u015bciowej Gra opisana w temacie pracy jest prost\u0105wi\u0119cej\" \/>\n<meta property=\"og:url\" content=\"https:\/\/wi.pb.edu.pl\/p\/marek-tabedzki\/propozycje-tematow-prac-magisterskich-lato-2015\/\" \/>\n<meta property=\"og:site_name\" content=\"Strony pracownik\u00f3w Wydzia\u0142u Informatyki Politechniki Bia\u0142ostockiej\" \/>\n<meta property=\"article:modified_time\" content=\"2024-07-22T07:12:59+00:00\" \/>\n<meta name=\"twitter:card\" content=\"summary_large_image\" \/>\n<meta name=\"twitter:label1\" content=\"Szacowany czas czytania\" \/>\n\t<meta name=\"twitter:data1\" content=\"3 minuty\" \/>\n<script type=\"application\/ld+json\" class=\"yoast-schema-graph\">{\"@context\":\"https:\/\/schema.org\",\"@graph\":[{\"@type\":\"WebPage\",\"@id\":\"https:\/\/wi.pb.edu.pl\/p\/marek-tabedzki\/propozycje-tematow-prac-magisterskich-lato-2015\/\",\"url\":\"https:\/\/wi.pb.edu.pl\/p\/marek-tabedzki\/propozycje-tematow-prac-magisterskich-lato-2015\/\",\"name\":\"Propozycje temat\u00f3w prac magisterskich (lato 2015) - Strony pracownik\u00f3w Wydzia\u0142u Informatyki Politechniki Bia\u0142ostockiej\",\"isPartOf\":{\"@id\":\"https:\/\/wi.pb.edu.pl\/p\/#website\"},\"datePublished\":\"2024-07-22T07:08:23+00:00\",\"dateModified\":\"2024-07-22T07:12:59+00:00\",\"breadcrumb\":{\"@id\":\"https:\/\/wi.pb.edu.pl\/p\/marek-tabedzki\/propozycje-tematow-prac-magisterskich-lato-2015\/#breadcrumb\"},\"inLanguage\":\"pl-PL\",\"potentialAction\":[{\"@type\":\"ReadAction\",\"target\":[\"https:\/\/wi.pb.edu.pl\/p\/marek-tabedzki\/propozycje-tematow-prac-magisterskich-lato-2015\/\"]}]},{\"@type\":\"BreadcrumbList\",\"@id\":\"https:\/\/wi.pb.edu.pl\/p\/marek-tabedzki\/propozycje-tematow-prac-magisterskich-lato-2015\/#breadcrumb\",\"itemListElement\":[{\"@type\":\"ListItem\",\"position\":1,\"name\":\"Strona g\u0142\u00f3wna\",\"item\":\"https:\/\/wi.pb.edu.pl\/p\/\"},{\"@type\":\"ListItem\",\"position\":2,\"name\":\"dr in\u017c. Marek Tab\u0119dzki\",\"item\":\"https:\/\/wi.pb.edu.pl\/p\/marek-tabedzki\/\"},{\"@type\":\"ListItem\",\"position\":3,\"name\":\"Propozycje temat\u00f3w prac magisterskich (lato 2015)\"}]},{\"@type\":\"WebSite\",\"@id\":\"https:\/\/wi.pb.edu.pl\/p\/#website\",\"url\":\"https:\/\/wi.pb.edu.pl\/p\/\",\"name\":\"Strony pracownik\u00f3w Wydzia\u0142u Informatyki Politechniki Bia\u0142ostockiej\",\"description\":\"\",\"potentialAction\":[{\"@type\":\"SearchAction\",\"target\":{\"@type\":\"EntryPoint\",\"urlTemplate\":\"https:\/\/wi.pb.edu.pl\/p\/?s={search_term_string}\"},\"query-input\":{\"@type\":\"PropertyValueSpecification\",\"valueRequired\":true,\"valueName\":\"search_term_string\"}}],\"inLanguage\":\"pl-PL\"}]}<\/script>\n<!-- \/ Yoast SEO plugin. -->","yoast_head_json":{"title":"Propozycje temat\u00f3w prac magisterskich (lato 2015) - Strony pracownik\u00f3w Wydzia\u0142u Informatyki Politechniki Bia\u0142ostockiej","robots":{"index":"index","follow":"follow","max-snippet":"max-snippet:-1","max-image-preview":"max-image-preview:large","max-video-preview":"max-video-preview:-1"},"canonical":"https:\/\/wi.pb.edu.pl\/p\/marek-tabedzki\/propozycje-tematow-prac-magisterskich-lato-2015\/","og_locale":"pl_PL","og_type":"article","og_title":"Propozycje temat\u00f3w prac magisterskich (lato 2015) - Strony pracownik\u00f3w Wydzia\u0142u Informatyki Politechniki Bia\u0142ostockiej","og_description":"Samoadaptuj\u0105ca si\u0119 sztuczna inteligencja w symetrycznej grze zr\u0119czno\u015bciowej Gra opisana w temacie pracy jest prost\u0105wi\u0119cej","og_url":"https:\/\/wi.pb.edu.pl\/p\/marek-tabedzki\/propozycje-tematow-prac-magisterskich-lato-2015\/","og_site_name":"Strony pracownik\u00f3w Wydzia\u0142u Informatyki Politechniki Bia\u0142ostockiej","article_modified_time":"2024-07-22T07:12:59+00:00","twitter_card":"summary_large_image","twitter_misc":{"Szacowany czas czytania":"3 minuty"},"schema":{"@context":"https:\/\/schema.org","@graph":[{"@type":"WebPage","@id":"https:\/\/wi.pb.edu.pl\/p\/marek-tabedzki\/propozycje-tematow-prac-magisterskich-lato-2015\/","url":"https:\/\/wi.pb.edu.pl\/p\/marek-tabedzki\/propozycje-tematow-prac-magisterskich-lato-2015\/","name":"Propozycje temat\u00f3w prac magisterskich (lato 2015) - Strony pracownik\u00f3w Wydzia\u0142u Informatyki Politechniki Bia\u0142ostockiej","isPartOf":{"@id":"https:\/\/wi.pb.edu.pl\/p\/#website"},"datePublished":"2024-07-22T07:08:23+00:00","dateModified":"2024-07-22T07:12:59+00:00","breadcrumb":{"@id":"https:\/\/wi.pb.edu.pl\/p\/marek-tabedzki\/propozycje-tematow-prac-magisterskich-lato-2015\/#breadcrumb"},"inLanguage":"pl-PL","potentialAction":[{"@type":"ReadAction","target":["https:\/\/wi.pb.edu.pl\/p\/marek-tabedzki\/propozycje-tematow-prac-magisterskich-lato-2015\/"]}]},{"@type":"BreadcrumbList","@id":"https:\/\/wi.pb.edu.pl\/p\/marek-tabedzki\/propozycje-tematow-prac-magisterskich-lato-2015\/#breadcrumb","itemListElement":[{"@type":"ListItem","position":1,"name":"Strona g\u0142\u00f3wna","item":"https:\/\/wi.pb.edu.pl\/p\/"},{"@type":"ListItem","position":2,"name":"dr in\u017c. Marek Tab\u0119dzki","item":"https:\/\/wi.pb.edu.pl\/p\/marek-tabedzki\/"},{"@type":"ListItem","position":3,"name":"Propozycje temat\u00f3w prac magisterskich (lato 2015)"}]},{"@type":"WebSite","@id":"https:\/\/wi.pb.edu.pl\/p\/#website","url":"https:\/\/wi.pb.edu.pl\/p\/","name":"Strony pracownik\u00f3w Wydzia\u0142u Informatyki Politechniki Bia\u0142ostockiej","description":"","potentialAction":[{"@type":"SearchAction","target":{"@type":"EntryPoint","urlTemplate":"https:\/\/wi.pb.edu.pl\/p\/?s={search_term_string}"},"query-input":{"@type":"PropertyValueSpecification","valueRequired":true,"valueName":"search_term_string"}}],"inLanguage":"pl-PL"}]}},"_links":{"self":[{"href":"https:\/\/wi.pb.edu.pl\/p\/wp-json\/wp\/v2\/pages\/914","targetHints":{"allow":["GET"]}}],"collection":[{"href":"https:\/\/wi.pb.edu.pl\/p\/wp-json\/wp\/v2\/pages"}],"about":[{"href":"https:\/\/wi.pb.edu.pl\/p\/wp-json\/wp\/v2\/types\/page"}],"author":[{"embeddable":true,"href":"https:\/\/wi.pb.edu.pl\/p\/wp-json\/wp\/v2\/users\/14"}],"replies":[{"embeddable":true,"href":"https:\/\/wi.pb.edu.pl\/p\/wp-json\/wp\/v2\/comments?post=914"}],"version-history":[{"count":1,"href":"https:\/\/wi.pb.edu.pl\/p\/wp-json\/wp\/v2\/pages\/914\/revisions"}],"predecessor-version":[{"id":915,"href":"https:\/\/wi.pb.edu.pl\/p\/wp-json\/wp\/v2\/pages\/914\/revisions\/915"}],"up":[{"embeddable":true,"href":"https:\/\/wi.pb.edu.pl\/p\/wp-json\/wp\/v2\/pages\/910"}],"wp:attachment":[{"href":"https:\/\/wi.pb.edu.pl\/p\/wp-json\/wp\/v2\/media?parent=914"}],"curies":[{"name":"wp","href":"https:\/\/api.w.org\/{rel}","templated":true}]}}