{"id":916,"date":"2024-07-22T09:09:00","date_gmt":"2024-07-22T07:09:00","guid":{"rendered":"https:\/\/wi.pb.edu.pl\/p\/?page_id=916"},"modified":"2024-07-22T09:13:41","modified_gmt":"2024-07-22T07:13:41","slug":"propozycje-tematow-prac-inzynierskich-2014-15","status":"publish","type":"page","link":"https:\/\/wi.pb.edu.pl\/p\/marek-tabedzki\/propozycje-tematow-prac-inzynierskich-2014-15\/","title":{"rendered":"Propozycje temat\u00f3w prac dyplomowych (2014\/15)"},"content":{"rendered":"<h2>Propozycje temat\u00f3w prac in\u017cynierskich<\/h2>\n<h4>Aplikacja do automatycznego generowania obraz\u00f3w<\/h4>\n<div>Generative art czy algorithmic art jest ide\u0105 automatycznego tworzenia obraz\u00f3w przy u\u017cyciu komputera, gdzie rol\u0105 cz\u0142owieka jest jedynie dostarczenie algorytmu czy ustawienie wsp\u00f3\u0142czynnik\u00f3w systemu. Zadaniem aplikacji b\u0119d\u0105cej tematem pracy, jest generowanie tego typu grafik z wykorzystaniem kilku wybranych przez dyplomanta algorytm\u00f3w (cz\u0119\u015b\u0107 z nich zostanie wskazana przez promotora).<\/div>\n<div>Temat zarezerwowany.<\/div>\n<h4>Aplikacja do projektowania i testowania algorytm\u00f3w szkieletyzacji obrazu<\/h4>\n<div>Celem pracy jest stworzenie aplikacji, kt\u00f3ra pozwoli na zaprojektowanie operator\u00f3w morfologicznych wykonuj\u0105cych operacj\u0119 \u015bcieniania obraz\u00f3w binarnych. Operacja taka jest wykonywana w sk\u0142adaj\u0105cym si\u0119 z krok\u00f3w procesie iteracyjnym, w kt\u00f3rym usuwane s\u0105 piksele obrazu spe\u0142niaj\u0105ce okre\u015blone (przy pomocy maski) kryterium. Aplikacja ma pozwala\u0107 na projektowanie i testowanie takich masek. Wiedza dziedzinowa zostanie przekazana dyplomantowi przez promotora.<\/div>\n<h4>Aplikacja do symulacji ruchu t\u0142umu przy pomocy automatu kom\u00f3rkowego<\/h4>\n<div>Celem pracy jest stworzenie aplikacji pozwalaj\u0105cej na symulacj\u0119 i wizualizacj\u0119 ruchu t\u0142umu w ograniczonej, dwuwymiarowej przestrzeni (np. pi\u0119tro budynku). Odpowiednie algorytmy i modele zostan\u0105 wskazane przez promotora. Do dyplomanta nale\u017ce\u0107 b\u0119dzie ich implementacja oraz przygotowanie aplikacji pozwalaj\u0105cej \u015bledzi\u0107 ruch w czasie rzeczywistym, manipulowa\u0107 parametrami, wp\u0142ywa\u0107 na \u015brodowisko (uk\u0142ad pomieszcze\u0144) i obserwowa\u0107 wp\u0142yw tych zmian na wynik symulacji.<\/div>\n<h4>Aplikacja do zarz\u0105dzania hodowl\u0105 zwierz\u0105t egzotycznych<\/h4>\n<div>Temat zarezerwowany.<\/div>\n<h4>Aplikacja internetowa do sprawdzania i oceniania zada\u0144 programistycznych<\/h4>\n<div>Celem pracy jest stworzenie serwisu internetowego, kt\u00f3ry pozwala na sprawdzanie poprawno\u015bci wysy\u0142anych do niego rozwi\u0105za\u0144 zada\u0144 programistycznych. U\u017cytkownikami takiej aplikacji s\u0105 nauczyciele oraz uczniowie. Nauczyciel mo\u017ce umie\u015bci\u0107 zadanie wraz z plikami testowymi (wej\u015bciowymi oraz oczekiwanymi wyj\u015bciowymi). Uczniowie we wbudowanym edytorze wpisuj\u0105 swoje rozwi\u0105zanie, kt\u00f3re nast\u0119pnie jest oceniane przez system.<\/div>\n<h4>Aplikacja internetowa do zarz\u0105dzania czasem i zadaniami<\/h4>\n<div>Temat zarezerwowany.<\/div>\n<h4>Aplikacja wspomagaj\u0105ca prac\u0119 handlowc\u00f3w mobilnych<\/h4>\n<div>Temat zarezerwowany.<\/div>\n<h4>Gra wieloosobowa dzia\u0142aj\u0105ca w przegl\u0105darce internetowej (praca zespo\u0142owa) &#8211; aplikacja kliencka<\/h4>\n<div>Temat zarezerwowany.<\/div>\n<h4>Gra wieloosobowa dzia\u0142aj\u0105ca w przegl\u0105darce internetowej (praca zespo\u0142owa) &#8211; serwer gry<\/h4>\n<div>Temat zarezerwowany.<\/div>\n<h4>Gra wieloosobowa dzia\u0142aj\u0105ca w przegl\u0105darce internetowej (praca zespo\u0142owa) &#8211; aplikacja stowarzyszona<\/h4>\n<div>Temat zarezerwowany.<\/div>\n<h4>Wirtualna plansza do gier strategicznych<\/h4>\n<div>Celem pracy jest stworzenie aplikacji webowej, s\u0142u\u017c\u0105cej jako uniwersalna plansza do gier strategicznych. Aplikacja nie ma zawiera\u0107 jakichkolwiek zasad gry, a jedynie spe\u0142nia\u0107 rol\u0119 fizycznej planszy, figurek, \u017ceton\u00f3w, etc. Powinna ona pozwala\u0107 na przygotowanie planszy (z gotowych element\u00f3w oznaczaj\u0105cych np. \u015bciany, przeszkody, etc.), a nast\u0119pnie przemieszczanie po niej figurek. Powinna ona dzia\u0142a\u0107 na r\u00f3\u017cnych platformach (PC, tablety) oraz m\u00f3c pracowa\u0107 w dw\u00f3ch trybach \u2013 online (pozwalaj\u0105c na wsp\u00f3ln\u0105 gr\u0119 kilku u\u017cytkownik\u00f3w \u0142\u0105cz\u0105cych si\u0119 zdalnie) oraz offline (bez po\u0142\u0105czenia z sieci\u0105).<\/div>\n<div>Temat zarezerwowany.<\/div>\n<p>Osoby zainteresowane szczeg\u00f3\u0142ami zapraszam na konsultacje.<\/p>\n<h4>Zakres:<\/h4>\n<ol>\n<li>Zapoznanie si\u0119 z tematyk\u0105 i analiza wymaga\u0144.<\/li>\n<li>Wyb\u00f3r technologii do realizacji zadania.<\/li>\n<li>Zaprojektowanie i implementacja aplikacji.<\/li>\n<li>Testowe wdro\u017cenie programu.<\/li>\n<\/ol>\n","protected":false},"excerpt":{"rendered":"<p>Propozycje temat\u00f3w prac in\u017cynierskich Aplikacja do automatycznego generowania obraz\u00f3w Generative art czy algorithmic art jest<a class=\"read-more\" href=\"https:\/\/wi.pb.edu.pl\/p\/marek-tabedzki\/propozycje-tematow-prac-inzynierskich-2014-15\/\" title=\"Poka\u017c artyku\u0142 Propozycje temat\u00f3w prac dyplomowych (2014\/15)\">wi\u0119cej<\/a><\/p>\n","protected":false},"author":14,"featured_media":0,"parent":910,"menu_order":0,"comment_status":"closed","ping_status":"closed","template":"","meta":{"inline_featured_image":false,"ngg_post_thumbnail":0,"footnotes":""},"class_list":["post-916","page","type-page","status-publish","hentry"],"acf":[],"yoast_head":"<!-- This site is optimized with the Yoast SEO plugin v26.4 - https:\/\/yoast.com\/wordpress\/plugins\/seo\/ -->\n<title>Propozycje temat\u00f3w prac dyplomowych (2014\/15) - Strony pracownik\u00f3w Wydzia\u0142u Informatyki Politechniki Bia\u0142ostockiej<\/title>\n<meta name=\"robots\" content=\"index, follow, max-snippet:-1, max-image-preview:large, max-video-preview:-1\" \/>\n<link rel=\"canonical\" href=\"https:\/\/wi.pb.edu.pl\/p\/marek-tabedzki\/propozycje-tematow-prac-inzynierskich-2014-15\/\" \/>\n<meta property=\"og:locale\" content=\"pl_PL\" \/>\n<meta property=\"og:type\" content=\"article\" \/>\n<meta property=\"og:title\" content=\"Propozycje temat\u00f3w prac dyplomowych (2014\/15) - Strony pracownik\u00f3w Wydzia\u0142u Informatyki Politechniki Bia\u0142ostockiej\" \/>\n<meta property=\"og:description\" content=\"Propozycje temat\u00f3w prac in\u017cynierskich Aplikacja do automatycznego generowania obraz\u00f3w Generative art czy algorithmic art jestwi\u0119cej\" \/>\n<meta property=\"og:url\" content=\"https:\/\/wi.pb.edu.pl\/p\/marek-tabedzki\/propozycje-tematow-prac-inzynierskich-2014-15\/\" \/>\n<meta property=\"og:site_name\" content=\"Strony pracownik\u00f3w Wydzia\u0142u Informatyki Politechniki Bia\u0142ostockiej\" \/>\n<meta property=\"article:modified_time\" content=\"2024-07-22T07:13:41+00:00\" \/>\n<meta name=\"twitter:card\" content=\"summary_large_image\" \/>\n<meta name=\"twitter:label1\" content=\"Szacowany czas czytania\" \/>\n\t<meta name=\"twitter:data1\" content=\"3 minuty\" \/>\n<script type=\"application\/ld+json\" class=\"yoast-schema-graph\">{\"@context\":\"https:\/\/schema.org\",\"@graph\":[{\"@type\":\"WebPage\",\"@id\":\"https:\/\/wi.pb.edu.pl\/p\/marek-tabedzki\/propozycje-tematow-prac-inzynierskich-2014-15\/\",\"url\":\"https:\/\/wi.pb.edu.pl\/p\/marek-tabedzki\/propozycje-tematow-prac-inzynierskich-2014-15\/\",\"name\":\"Propozycje temat\u00f3w prac dyplomowych (2014\/15) - Strony pracownik\u00f3w Wydzia\u0142u Informatyki Politechniki Bia\u0142ostockiej\",\"isPartOf\":{\"@id\":\"https:\/\/wi.pb.edu.pl\/p\/#website\"},\"datePublished\":\"2024-07-22T07:09:00+00:00\",\"dateModified\":\"2024-07-22T07:13:41+00:00\",\"breadcrumb\":{\"@id\":\"https:\/\/wi.pb.edu.pl\/p\/marek-tabedzki\/propozycje-tematow-prac-inzynierskich-2014-15\/#breadcrumb\"},\"inLanguage\":\"pl-PL\",\"potentialAction\":[{\"@type\":\"ReadAction\",\"target\":[\"https:\/\/wi.pb.edu.pl\/p\/marek-tabedzki\/propozycje-tematow-prac-inzynierskich-2014-15\/\"]}]},{\"@type\":\"BreadcrumbList\",\"@id\":\"https:\/\/wi.pb.edu.pl\/p\/marek-tabedzki\/propozycje-tematow-prac-inzynierskich-2014-15\/#breadcrumb\",\"itemListElement\":[{\"@type\":\"ListItem\",\"position\":1,\"name\":\"Strona g\u0142\u00f3wna\",\"item\":\"https:\/\/wi.pb.edu.pl\/p\/\"},{\"@type\":\"ListItem\",\"position\":2,\"name\":\"dr in\u017c. Marek Tab\u0119dzki\",\"item\":\"https:\/\/wi.pb.edu.pl\/p\/marek-tabedzki\/\"},{\"@type\":\"ListItem\",\"position\":3,\"name\":\"Propozycje temat\u00f3w prac dyplomowych (2014\/15)\"}]},{\"@type\":\"WebSite\",\"@id\":\"https:\/\/wi.pb.edu.pl\/p\/#website\",\"url\":\"https:\/\/wi.pb.edu.pl\/p\/\",\"name\":\"Strony pracownik\u00f3w Wydzia\u0142u Informatyki Politechniki Bia\u0142ostockiej\",\"description\":\"\",\"potentialAction\":[{\"@type\":\"SearchAction\",\"target\":{\"@type\":\"EntryPoint\",\"urlTemplate\":\"https:\/\/wi.pb.edu.pl\/p\/?s={search_term_string}\"},\"query-input\":{\"@type\":\"PropertyValueSpecification\",\"valueRequired\":true,\"valueName\":\"search_term_string\"}}],\"inLanguage\":\"pl-PL\"}]}<\/script>\n<!-- \/ Yoast SEO plugin. -->","yoast_head_json":{"title":"Propozycje temat\u00f3w prac dyplomowych (2014\/15) - Strony pracownik\u00f3w Wydzia\u0142u Informatyki Politechniki Bia\u0142ostockiej","robots":{"index":"index","follow":"follow","max-snippet":"max-snippet:-1","max-image-preview":"max-image-preview:large","max-video-preview":"max-video-preview:-1"},"canonical":"https:\/\/wi.pb.edu.pl\/p\/marek-tabedzki\/propozycje-tematow-prac-inzynierskich-2014-15\/","og_locale":"pl_PL","og_type":"article","og_title":"Propozycje temat\u00f3w prac dyplomowych (2014\/15) - Strony pracownik\u00f3w Wydzia\u0142u Informatyki Politechniki Bia\u0142ostockiej","og_description":"Propozycje temat\u00f3w prac in\u017cynierskich Aplikacja do automatycznego generowania obraz\u00f3w Generative art czy algorithmic art jestwi\u0119cej","og_url":"https:\/\/wi.pb.edu.pl\/p\/marek-tabedzki\/propozycje-tematow-prac-inzynierskich-2014-15\/","og_site_name":"Strony pracownik\u00f3w Wydzia\u0142u Informatyki Politechniki Bia\u0142ostockiej","article_modified_time":"2024-07-22T07:13:41+00:00","twitter_card":"summary_large_image","twitter_misc":{"Szacowany czas czytania":"3 minuty"},"schema":{"@context":"https:\/\/schema.org","@graph":[{"@type":"WebPage","@id":"https:\/\/wi.pb.edu.pl\/p\/marek-tabedzki\/propozycje-tematow-prac-inzynierskich-2014-15\/","url":"https:\/\/wi.pb.edu.pl\/p\/marek-tabedzki\/propozycje-tematow-prac-inzynierskich-2014-15\/","name":"Propozycje temat\u00f3w prac dyplomowych (2014\/15) - Strony pracownik\u00f3w Wydzia\u0142u Informatyki Politechniki Bia\u0142ostockiej","isPartOf":{"@id":"https:\/\/wi.pb.edu.pl\/p\/#website"},"datePublished":"2024-07-22T07:09:00+00:00","dateModified":"2024-07-22T07:13:41+00:00","breadcrumb":{"@id":"https:\/\/wi.pb.edu.pl\/p\/marek-tabedzki\/propozycje-tematow-prac-inzynierskich-2014-15\/#breadcrumb"},"inLanguage":"pl-PL","potentialAction":[{"@type":"ReadAction","target":["https:\/\/wi.pb.edu.pl\/p\/marek-tabedzki\/propozycje-tematow-prac-inzynierskich-2014-15\/"]}]},{"@type":"BreadcrumbList","@id":"https:\/\/wi.pb.edu.pl\/p\/marek-tabedzki\/propozycje-tematow-prac-inzynierskich-2014-15\/#breadcrumb","itemListElement":[{"@type":"ListItem","position":1,"name":"Strona g\u0142\u00f3wna","item":"https:\/\/wi.pb.edu.pl\/p\/"},{"@type":"ListItem","position":2,"name":"dr in\u017c. Marek Tab\u0119dzki","item":"https:\/\/wi.pb.edu.pl\/p\/marek-tabedzki\/"},{"@type":"ListItem","position":3,"name":"Propozycje temat\u00f3w prac dyplomowych (2014\/15)"}]},{"@type":"WebSite","@id":"https:\/\/wi.pb.edu.pl\/p\/#website","url":"https:\/\/wi.pb.edu.pl\/p\/","name":"Strony pracownik\u00f3w Wydzia\u0142u Informatyki Politechniki Bia\u0142ostockiej","description":"","potentialAction":[{"@type":"SearchAction","target":{"@type":"EntryPoint","urlTemplate":"https:\/\/wi.pb.edu.pl\/p\/?s={search_term_string}"},"query-input":{"@type":"PropertyValueSpecification","valueRequired":true,"valueName":"search_term_string"}}],"inLanguage":"pl-PL"}]}},"_links":{"self":[{"href":"https:\/\/wi.pb.edu.pl\/p\/wp-json\/wp\/v2\/pages\/916","targetHints":{"allow":["GET"]}}],"collection":[{"href":"https:\/\/wi.pb.edu.pl\/p\/wp-json\/wp\/v2\/pages"}],"about":[{"href":"https:\/\/wi.pb.edu.pl\/p\/wp-json\/wp\/v2\/types\/page"}],"author":[{"embeddable":true,"href":"https:\/\/wi.pb.edu.pl\/p\/wp-json\/wp\/v2\/users\/14"}],"replies":[{"embeddable":true,"href":"https:\/\/wi.pb.edu.pl\/p\/wp-json\/wp\/v2\/comments?post=916"}],"version-history":[{"count":2,"href":"https:\/\/wi.pb.edu.pl\/p\/wp-json\/wp\/v2\/pages\/916\/revisions"}],"predecessor-version":[{"id":924,"href":"https:\/\/wi.pb.edu.pl\/p\/wp-json\/wp\/v2\/pages\/916\/revisions\/924"}],"up":[{"embeddable":true,"href":"https:\/\/wi.pb.edu.pl\/p\/wp-json\/wp\/v2\/pages\/910"}],"wp:attachment":[{"href":"https:\/\/wi.pb.edu.pl\/p\/wp-json\/wp\/v2\/media?parent=916"}],"curies":[{"name":"wp","href":"https:\/\/api.w.org\/{rel}","templated":true}]}}