{"id":928,"date":"2024-07-22T09:20:16","date_gmt":"2024-07-22T07:20:16","guid":{"rendered":"https:\/\/wi.pb.edu.pl\/p\/?page_id=928"},"modified":"2024-09-17T10:07:26","modified_gmt":"2024-09-17T08:07:26","slug":"marcin-czajkowski","status":"publish","type":"page","link":"https:\/\/wi.pb.edu.pl\/p\/marcin-czajkowski\/","title":{"rendered":"dr in\u017c. Marcin Czajkowski"},"content":{"rendered":"<table style=\"border-collapse: collapse;width: 100%;height: 152px\">\n<tbody>\n<tr style=\"height: 64px\">\n<td style=\"height: 64px\">\n<div id=\"content\">\n<div id=\"sample1\"><strong>Adress:<\/strong><\/div>\n<\/div>\n<\/td>\n<td style=\"height: 64px\"><a href=\"http:\/\/wi.pb.edu.pl\">&nbsp;Faculty of Computer Science<\/a><br \/>\n<a href=\"http:\/\/pb.edu.pl\">&nbsp;Bialystok University of Technology<\/a><br \/>\n&nbsp;Wiejska 45A, 15-351 Bia\u0142ystok, Poland<\/td>\n<\/tr>\n<tr style=\"height: 22px\">\n<td style=\"height: 22px\"><strong>Phone:<\/strong><\/td>\n<td style=\"height: 22px\">&nbsp;(+48)857-469-163<\/td>\n<\/tr>\n<tr style=\"height: 22px\">\n<td style=\"height: 22px\"><strong>E-mail:<\/strong><\/td>\n<td style=\"height: 22px\">&nbsp;<a href=\"#\" rel=\"nofollow\"  onclick=\"this.href='mailto:' + 'm.czajkowski' + '@' + 'pb.edu.pl'\">m.czajkowski [at] pb.edu.pl<\/a><\/td>\n<\/tr>\n<tr style=\"height: 22px\">\n<td style=\"height: 22px\"><strong>Room:<\/strong><\/td>\n<td style=\"height: 22px\">&nbsp;204<\/td>\n<\/tr>\n<tr style=\"height: 22px\">\n<td style=\"height: 22px\"><strong>Schedule:<\/strong><\/td>\n<td style=\"height: 22px\">&nbsp;<a href=\"http:\/\/degra.pb.bialystok.pl\/rozklady\/rozklad.php?id=204&amp;page=nauprnt&amp;popup=yes\" target=\"_blank\" rel=\"noopener\">link<\/a><\/td>\n<\/tr>\n<\/tbody>\n<\/table>\n<p>&nbsp;<\/p>\n<p><a title=\"Students\" href=\"https:\/\/wi.pb.edu.pl\/p\/marcin-czajkowski\/students\/\">Students<\/a><\/p>\n<p><a title=\"Research\" href=\"https:\/\/wi.pb.edu.pl\/p\/marcin-czajkowski\/research\/\">Research<\/a><\/p>\n","protected":false},"excerpt":{"rendered":"<p>Adress: &nbsp;Faculty of Computer Science &nbsp;Bialystok University of Technology &nbsp;Wiejska 45A, 15-351 Bia\u0142ystok, Poland Phone:<a class=\"read-more\" href=\"https:\/\/wi.pb.edu.pl\/p\/marcin-czajkowski\/\" title=\"Poka\u017c artyku\u0142 dr in\u017c. Marcin Czajkowski\">wi\u0119cej<\/a><\/p>\n","protected":false},"author":14,"featured_media":0,"parent":0,"menu_order":0,"comment_status":"closed","ping_status":"closed","template":"","meta":{"inline_featured_image":false,"ngg_post_thumbnail":0,"footnotes":""},"class_list":["post-928","page","type-page","status-publish","hentry"],"acf":[],"yoast_head":"<!-- This site is optimized with the Yoast SEO plugin v26.4 - https:\/\/yoast.com\/wordpress\/plugins\/seo\/ -->\n<title>dr in\u017c. Marcin Czajkowski - Strony pracownik\u00f3w Wydzia\u0142u Informatyki Politechniki Bia\u0142ostockiej<\/title>\n<meta name=\"robots\" content=\"index, follow, max-snippet:-1, max-image-preview:large, max-video-preview:-1\" \/>\n<link rel=\"canonical\" href=\"https:\/\/wi.pb.edu.pl\/p\/marcin-czajkowski\/\" \/>\n<meta property=\"og:locale\" content=\"pl_PL\" \/>\n<meta property=\"og:type\" content=\"article\" \/>\n<meta property=\"og:title\" content=\"dr in\u017c. Marcin Czajkowski - Strony pracownik\u00f3w Wydzia\u0142u Informatyki Politechniki Bia\u0142ostockiej\" \/>\n<meta property=\"og:description\" content=\"Adress: &nbsp;Faculty of Computer Science &nbsp;Bialystok University of Technology &nbsp;Wiejska 45A, 15-351 Bia\u0142ystok, Poland Phone:wi\u0119cej\" \/>\n<meta property=\"og:url\" content=\"https:\/\/wi.pb.edu.pl\/p\/marcin-czajkowski\/\" \/>\n<meta property=\"og:site_name\" content=\"Strony pracownik\u00f3w Wydzia\u0142u Informatyki Politechniki Bia\u0142ostockiej\" \/>\n<meta property=\"article:modified_time\" content=\"2024-09-17T08:07:26+00:00\" \/>\n<meta name=\"twitter:card\" content=\"summary_large_image\" \/>\n<meta name=\"twitter:label1\" content=\"Szacowany czas czytania\" \/>\n\t<meta name=\"twitter:data1\" content=\"1 minuta\" \/>\n<script type=\"application\/ld+json\" class=\"yoast-schema-graph\">{\"@context\":\"https:\/\/schema.org\",\"@graph\":[{\"@type\":\"WebPage\",\"@id\":\"https:\/\/wi.pb.edu.pl\/p\/marcin-czajkowski\/\",\"url\":\"https:\/\/wi.pb.edu.pl\/p\/marcin-czajkowski\/\",\"name\":\"dr in\u017c. Marcin Czajkowski - Strony pracownik\u00f3w Wydzia\u0142u Informatyki Politechniki Bia\u0142ostockiej\",\"isPartOf\":{\"@id\":\"https:\/\/wi.pb.edu.pl\/p\/#website\"},\"datePublished\":\"2024-07-22T07:20:16+00:00\",\"dateModified\":\"2024-09-17T08:07:26+00:00\",\"breadcrumb\":{\"@id\":\"https:\/\/wi.pb.edu.pl\/p\/marcin-czajkowski\/#breadcrumb\"},\"inLanguage\":\"pl-PL\",\"potentialAction\":[{\"@type\":\"ReadAction\",\"target\":[\"https:\/\/wi.pb.edu.pl\/p\/marcin-czajkowski\/\"]}]},{\"@type\":\"BreadcrumbList\",\"@id\":\"https:\/\/wi.pb.edu.pl\/p\/marcin-czajkowski\/#breadcrumb\",\"itemListElement\":[{\"@type\":\"ListItem\",\"position\":1,\"name\":\"Strona g\u0142\u00f3wna\",\"item\":\"https:\/\/wi.pb.edu.pl\/p\/\"},{\"@type\":\"ListItem\",\"position\":2,\"name\":\"dr in\u017c. Marcin Czajkowski\"}]},{\"@type\":\"WebSite\",\"@id\":\"https:\/\/wi.pb.edu.pl\/p\/#website\",\"url\":\"https:\/\/wi.pb.edu.pl\/p\/\",\"name\":\"Strony pracownik\u00f3w Wydzia\u0142u Informatyki Politechniki Bia\u0142ostockiej\",\"description\":\"\",\"potentialAction\":[{\"@type\":\"SearchAction\",\"target\":{\"@type\":\"EntryPoint\",\"urlTemplate\":\"https:\/\/wi.pb.edu.pl\/p\/?s={search_term_string}\"},\"query-input\":{\"@type\":\"PropertyValueSpecification\",\"valueRequired\":true,\"valueName\":\"search_term_string\"}}],\"inLanguage\":\"pl-PL\"}]}<\/script>\n<!-- \/ Yoast SEO plugin. -->","yoast_head_json":{"title":"dr in\u017c. Marcin Czajkowski - Strony pracownik\u00f3w Wydzia\u0142u Informatyki Politechniki Bia\u0142ostockiej","robots":{"index":"index","follow":"follow","max-snippet":"max-snippet:-1","max-image-preview":"max-image-preview:large","max-video-preview":"max-video-preview:-1"},"canonical":"https:\/\/wi.pb.edu.pl\/p\/marcin-czajkowski\/","og_locale":"pl_PL","og_type":"article","og_title":"dr in\u017c. Marcin Czajkowski - Strony pracownik\u00f3w Wydzia\u0142u Informatyki Politechniki Bia\u0142ostockiej","og_description":"Adress: &nbsp;Faculty of Computer Science &nbsp;Bialystok University of Technology &nbsp;Wiejska 45A, 15-351 Bia\u0142ystok, Poland Phone:wi\u0119cej","og_url":"https:\/\/wi.pb.edu.pl\/p\/marcin-czajkowski\/","og_site_name":"Strony pracownik\u00f3w Wydzia\u0142u Informatyki Politechniki Bia\u0142ostockiej","article_modified_time":"2024-09-17T08:07:26+00:00","twitter_card":"summary_large_image","twitter_misc":{"Szacowany czas czytania":"1 minuta"},"schema":{"@context":"https:\/\/schema.org","@graph":[{"@type":"WebPage","@id":"https:\/\/wi.pb.edu.pl\/p\/marcin-czajkowski\/","url":"https:\/\/wi.pb.edu.pl\/p\/marcin-czajkowski\/","name":"dr in\u017c. Marcin Czajkowski - Strony pracownik\u00f3w Wydzia\u0142u Informatyki Politechniki Bia\u0142ostockiej","isPartOf":{"@id":"https:\/\/wi.pb.edu.pl\/p\/#website"},"datePublished":"2024-07-22T07:20:16+00:00","dateModified":"2024-09-17T08:07:26+00:00","breadcrumb":{"@id":"https:\/\/wi.pb.edu.pl\/p\/marcin-czajkowski\/#breadcrumb"},"inLanguage":"pl-PL","potentialAction":[{"@type":"ReadAction","target":["https:\/\/wi.pb.edu.pl\/p\/marcin-czajkowski\/"]}]},{"@type":"BreadcrumbList","@id":"https:\/\/wi.pb.edu.pl\/p\/marcin-czajkowski\/#breadcrumb","itemListElement":[{"@type":"ListItem","position":1,"name":"Strona g\u0142\u00f3wna","item":"https:\/\/wi.pb.edu.pl\/p\/"},{"@type":"ListItem","position":2,"name":"dr in\u017c. Marcin Czajkowski"}]},{"@type":"WebSite","@id":"https:\/\/wi.pb.edu.pl\/p\/#website","url":"https:\/\/wi.pb.edu.pl\/p\/","name":"Strony pracownik\u00f3w Wydzia\u0142u Informatyki Politechniki Bia\u0142ostockiej","description":"","potentialAction":[{"@type":"SearchAction","target":{"@type":"EntryPoint","urlTemplate":"https:\/\/wi.pb.edu.pl\/p\/?s={search_term_string}"},"query-input":{"@type":"PropertyValueSpecification","valueRequired":true,"valueName":"search_term_string"}}],"inLanguage":"pl-PL"}]}},"_links":{"self":[{"href":"https:\/\/wi.pb.edu.pl\/p\/wp-json\/wp\/v2\/pages\/928","targetHints":{"allow":["GET"]}}],"collection":[{"href":"https:\/\/wi.pb.edu.pl\/p\/wp-json\/wp\/v2\/pages"}],"about":[{"href":"https:\/\/wi.pb.edu.pl\/p\/wp-json\/wp\/v2\/types\/page"}],"author":[{"embeddable":true,"href":"https:\/\/wi.pb.edu.pl\/p\/wp-json\/wp\/v2\/users\/14"}],"replies":[{"embeddable":true,"href":"https:\/\/wi.pb.edu.pl\/p\/wp-json\/wp\/v2\/comments?post=928"}],"version-history":[{"count":5,"href":"https:\/\/wi.pb.edu.pl\/p\/wp-json\/wp\/v2\/pages\/928\/revisions"}],"predecessor-version":[{"id":1862,"href":"https:\/\/wi.pb.edu.pl\/p\/wp-json\/wp\/v2\/pages\/928\/revisions\/1862"}],"wp:attachment":[{"href":"https:\/\/wi.pb.edu.pl\/p\/wp-json\/wp\/v2\/media?parent=928"}],"curies":[{"name":"wp","href":"https:\/\/api.w.org\/{rel}","templated":true}]}}