{"id":932,"date":"2024-07-22T09:22:54","date_gmt":"2024-07-22T07:22:54","guid":{"rendered":"https:\/\/wi.pb.edu.pl\/p\/?page_id=932"},"modified":"2024-07-22T09:22:54","modified_gmt":"2024-07-22T07:22:54","slug":"students","status":"publish","type":"page","link":"https:\/\/wi.pb.edu.pl\/p\/marcin-czajkowski\/students\/","title":{"rendered":"Students"},"content":{"rendered":"<p><b>Databases<\/b><\/p>\n<ul>\n<li>Pomoce:&nbsp;<a href=\"http:\/\/excelszkolenie.pl\/\" target=\"_blank\" rel=\"noopener\">kurs<\/a><\/li>\n<li>Formu\u0142y, adresowanie kom\u00f3rek, inspekcja formu\u0142:&nbsp;zadania<\/li>\n<li>Grupowanie danych:&nbsp;zadania<\/li>\n<li>Wst\u0119pne przygotowanie danych:<\/li>\n<li>Tabele i wykresy przestawne:<\/li>\n<\/ul>\n<p><b>Machine learning<\/b><\/p>\n<p><b>Bioinformatics<\/b><\/p>\n","protected":false},"excerpt":{"rendered":"<p>Databases Pomoce:&nbsp;kurs Formu\u0142y, adresowanie kom\u00f3rek, inspekcja formu\u0142:&nbsp;zadania Grupowanie danych:&nbsp;zadania Wst\u0119pne przygotowanie danych: Tabele i wykresy<a class=\"read-more\" href=\"https:\/\/wi.pb.edu.pl\/p\/marcin-czajkowski\/students\/\" title=\"Poka\u017c artyku\u0142 Students\">wi\u0119cej<\/a><\/p>\n","protected":false},"author":14,"featured_media":0,"parent":928,"menu_order":0,"comment_status":"closed","ping_status":"closed","template":"","meta":{"inline_featured_image":false,"ngg_post_thumbnail":0,"footnotes":""},"class_list":["post-932","page","type-page","status-publish","hentry"],"acf":[],"yoast_head":"<!-- This site is optimized with the Yoast SEO plugin v26.4 - https:\/\/yoast.com\/wordpress\/plugins\/seo\/ -->\n<title>Students - Strony pracownik\u00f3w Wydzia\u0142u Informatyki Politechniki Bia\u0142ostockiej<\/title>\n<meta name=\"robots\" content=\"index, follow, max-snippet:-1, max-image-preview:large, max-video-preview:-1\" \/>\n<link rel=\"canonical\" href=\"https:\/\/wi.pb.edu.pl\/p\/marcin-czajkowski\/students\/\" \/>\n<meta property=\"og:locale\" content=\"pl_PL\" \/>\n<meta property=\"og:type\" content=\"article\" \/>\n<meta property=\"og:title\" content=\"Students - Strony pracownik\u00f3w Wydzia\u0142u Informatyki Politechniki Bia\u0142ostockiej\" \/>\n<meta property=\"og:description\" content=\"Databases Pomoce:&nbsp;kurs Formu\u0142y, adresowanie kom\u00f3rek, inspekcja formu\u0142:&nbsp;zadania Grupowanie danych:&nbsp;zadania Wst\u0119pne przygotowanie danych: Tabele i wykresywi\u0119cej\" \/>\n<meta property=\"og:url\" content=\"https:\/\/wi.pb.edu.pl\/p\/marcin-czajkowski\/students\/\" \/>\n<meta property=\"og:site_name\" content=\"Strony pracownik\u00f3w Wydzia\u0142u Informatyki Politechniki Bia\u0142ostockiej\" \/>\n<meta name=\"twitter:card\" content=\"summary_large_image\" \/>\n<meta name=\"twitter:label1\" content=\"Szacowany czas czytania\" \/>\n\t<meta name=\"twitter:data1\" content=\"1 minuta\" \/>\n<script type=\"application\/ld+json\" class=\"yoast-schema-graph\">{\"@context\":\"https:\/\/schema.org\",\"@graph\":[{\"@type\":\"WebPage\",\"@id\":\"https:\/\/wi.pb.edu.pl\/p\/marcin-czajkowski\/students\/\",\"url\":\"https:\/\/wi.pb.edu.pl\/p\/marcin-czajkowski\/students\/\",\"name\":\"Students - Strony pracownik\u00f3w Wydzia\u0142u Informatyki Politechniki Bia\u0142ostockiej\",\"isPartOf\":{\"@id\":\"https:\/\/wi.pb.edu.pl\/p\/#website\"},\"datePublished\":\"2024-07-22T07:22:54+00:00\",\"breadcrumb\":{\"@id\":\"https:\/\/wi.pb.edu.pl\/p\/marcin-czajkowski\/students\/#breadcrumb\"},\"inLanguage\":\"pl-PL\",\"potentialAction\":[{\"@type\":\"ReadAction\",\"target\":[\"https:\/\/wi.pb.edu.pl\/p\/marcin-czajkowski\/students\/\"]}]},{\"@type\":\"BreadcrumbList\",\"@id\":\"https:\/\/wi.pb.edu.pl\/p\/marcin-czajkowski\/students\/#breadcrumb\",\"itemListElement\":[{\"@type\":\"ListItem\",\"position\":1,\"name\":\"Strona g\u0142\u00f3wna\",\"item\":\"https:\/\/wi.pb.edu.pl\/p\/\"},{\"@type\":\"ListItem\",\"position\":2,\"name\":\"dr in\u017c. Marcin Czajkowski\",\"item\":\"https:\/\/wi.pb.edu.pl\/p\/marcin-czajkowski\/\"},{\"@type\":\"ListItem\",\"position\":3,\"name\":\"Students\"}]},{\"@type\":\"WebSite\",\"@id\":\"https:\/\/wi.pb.edu.pl\/p\/#website\",\"url\":\"https:\/\/wi.pb.edu.pl\/p\/\",\"name\":\"Strony pracownik\u00f3w Wydzia\u0142u Informatyki Politechniki Bia\u0142ostockiej\",\"description\":\"\",\"potentialAction\":[{\"@type\":\"SearchAction\",\"target\":{\"@type\":\"EntryPoint\",\"urlTemplate\":\"https:\/\/wi.pb.edu.pl\/p\/?s={search_term_string}\"},\"query-input\":{\"@type\":\"PropertyValueSpecification\",\"valueRequired\":true,\"valueName\":\"search_term_string\"}}],\"inLanguage\":\"pl-PL\"}]}<\/script>\n<!-- \/ Yoast SEO plugin. -->","yoast_head_json":{"title":"Students - Strony pracownik\u00f3w Wydzia\u0142u Informatyki Politechniki Bia\u0142ostockiej","robots":{"index":"index","follow":"follow","max-snippet":"max-snippet:-1","max-image-preview":"max-image-preview:large","max-video-preview":"max-video-preview:-1"},"canonical":"https:\/\/wi.pb.edu.pl\/p\/marcin-czajkowski\/students\/","og_locale":"pl_PL","og_type":"article","og_title":"Students - Strony pracownik\u00f3w Wydzia\u0142u Informatyki Politechniki Bia\u0142ostockiej","og_description":"Databases Pomoce:&nbsp;kurs Formu\u0142y, adresowanie kom\u00f3rek, inspekcja formu\u0142:&nbsp;zadania Grupowanie danych:&nbsp;zadania Wst\u0119pne przygotowanie danych: Tabele i wykresywi\u0119cej","og_url":"https:\/\/wi.pb.edu.pl\/p\/marcin-czajkowski\/students\/","og_site_name":"Strony pracownik\u00f3w Wydzia\u0142u Informatyki Politechniki Bia\u0142ostockiej","twitter_card":"summary_large_image","twitter_misc":{"Szacowany czas czytania":"1 minuta"},"schema":{"@context":"https:\/\/schema.org","@graph":[{"@type":"WebPage","@id":"https:\/\/wi.pb.edu.pl\/p\/marcin-czajkowski\/students\/","url":"https:\/\/wi.pb.edu.pl\/p\/marcin-czajkowski\/students\/","name":"Students - Strony pracownik\u00f3w Wydzia\u0142u Informatyki Politechniki Bia\u0142ostockiej","isPartOf":{"@id":"https:\/\/wi.pb.edu.pl\/p\/#website"},"datePublished":"2024-07-22T07:22:54+00:00","breadcrumb":{"@id":"https:\/\/wi.pb.edu.pl\/p\/marcin-czajkowski\/students\/#breadcrumb"},"inLanguage":"pl-PL","potentialAction":[{"@type":"ReadAction","target":["https:\/\/wi.pb.edu.pl\/p\/marcin-czajkowski\/students\/"]}]},{"@type":"BreadcrumbList","@id":"https:\/\/wi.pb.edu.pl\/p\/marcin-czajkowski\/students\/#breadcrumb","itemListElement":[{"@type":"ListItem","position":1,"name":"Strona g\u0142\u00f3wna","item":"https:\/\/wi.pb.edu.pl\/p\/"},{"@type":"ListItem","position":2,"name":"dr in\u017c. Marcin Czajkowski","item":"https:\/\/wi.pb.edu.pl\/p\/marcin-czajkowski\/"},{"@type":"ListItem","position":3,"name":"Students"}]},{"@type":"WebSite","@id":"https:\/\/wi.pb.edu.pl\/p\/#website","url":"https:\/\/wi.pb.edu.pl\/p\/","name":"Strony pracownik\u00f3w Wydzia\u0142u Informatyki Politechniki Bia\u0142ostockiej","description":"","potentialAction":[{"@type":"SearchAction","target":{"@type":"EntryPoint","urlTemplate":"https:\/\/wi.pb.edu.pl\/p\/?s={search_term_string}"},"query-input":{"@type":"PropertyValueSpecification","valueRequired":true,"valueName":"search_term_string"}}],"inLanguage":"pl-PL"}]}},"_links":{"self":[{"href":"https:\/\/wi.pb.edu.pl\/p\/wp-json\/wp\/v2\/pages\/932","targetHints":{"allow":["GET"]}}],"collection":[{"href":"https:\/\/wi.pb.edu.pl\/p\/wp-json\/wp\/v2\/pages"}],"about":[{"href":"https:\/\/wi.pb.edu.pl\/p\/wp-json\/wp\/v2\/types\/page"}],"author":[{"embeddable":true,"href":"https:\/\/wi.pb.edu.pl\/p\/wp-json\/wp\/v2\/users\/14"}],"replies":[{"embeddable":true,"href":"https:\/\/wi.pb.edu.pl\/p\/wp-json\/wp\/v2\/comments?post=932"}],"version-history":[{"count":1,"href":"https:\/\/wi.pb.edu.pl\/p\/wp-json\/wp\/v2\/pages\/932\/revisions"}],"predecessor-version":[{"id":933,"href":"https:\/\/wi.pb.edu.pl\/p\/wp-json\/wp\/v2\/pages\/932\/revisions\/933"}],"up":[{"embeddable":true,"href":"https:\/\/wi.pb.edu.pl\/p\/wp-json\/wp\/v2\/pages\/928"}],"wp:attachment":[{"href":"https:\/\/wi.pb.edu.pl\/p\/wp-json\/wp\/v2\/media?parent=932"}],"curies":[{"name":"wp","href":"https:\/\/api.w.org\/{rel}","templated":true}]}}