{"id":977,"date":"2024-07-22T09:38:18","date_gmt":"2024-07-22T07:38:18","guid":{"rendered":"https:\/\/wi.pb.edu.pl\/p\/?page_id=977"},"modified":"2024-09-17T10:35:24","modified_gmt":"2024-09-17T08:35:24","slug":"anna-lupinska-dubicka","status":"publish","type":"page","link":"https:\/\/wi.pb.edu.pl\/p\/anna-lupinska-dubicka\/","title":{"rendered":"dr in\u017c.  Anna \u0141upi\u0144ska &#8211; Dubicka"},"content":{"rendered":"<a href=\"#\" rel=\"nofollow\"  onclick=\"this.href='mailto:' + 'a.lupinska' + '@' + 'pb.edu.pl'\">a.lupinska [at] pb.edu.pl<\/a>\n<p>pok\u00f3j 203<\/p>\n<p><a href=\"https:\/\/degra.wi.pb.edu.pl\/rozklady\/rozklad.php?id=114&amp;page=Wy%C5%9Bwietl\">Rozk\u0142ad zaj\u0119\u0107<\/a><\/p>\n<p>Dydaktyka:<br \/>\nStudia stacjonarne:<br \/>\n<a title=\"Podstawy programowania\" href=\"https:\/\/wi.pb.edu.pl\/p\/anna-lupinska-dubicka\/podstawy-programowania\/\">Podstawy programowania<\/a><\/p>\n","protected":false},"excerpt":{"rendered":"<p>pok\u00f3j 203 Rozk\u0142ad zaj\u0119\u0107 Dydaktyka: Studia stacjonarne: Podstawy programowania<\/p>\n","protected":false},"author":14,"featured_media":0,"parent":0,"menu_order":0,"comment_status":"closed","ping_status":"closed","template":"","meta":{"inline_featured_image":false,"ngg_post_thumbnail":0,"footnotes":""},"class_list":["post-977","page","type-page","status-publish","hentry"],"acf":[],"yoast_head":"<!-- This site is optimized with the Yoast SEO plugin v26.4 - https:\/\/yoast.com\/wordpress\/plugins\/seo\/ -->\n<title>dr in\u017c. Anna \u0141upi\u0144ska - Dubicka - Strony pracownik\u00f3w Wydzia\u0142u Informatyki Politechniki Bia\u0142ostockiej<\/title>\n<meta name=\"robots\" content=\"index, follow, max-snippet:-1, max-image-preview:large, max-video-preview:-1\" \/>\n<link rel=\"canonical\" href=\"https:\/\/wi.pb.edu.pl\/p\/anna-lupinska-dubicka\/\" \/>\n<meta property=\"og:locale\" content=\"pl_PL\" \/>\n<meta property=\"og:type\" content=\"article\" \/>\n<meta property=\"og:title\" content=\"dr in\u017c. Anna \u0141upi\u0144ska - Dubicka - Strony pracownik\u00f3w Wydzia\u0142u Informatyki Politechniki Bia\u0142ostockiej\" \/>\n<meta property=\"og:description\" content=\"pok\u00f3j 203 Rozk\u0142ad zaj\u0119\u0107 Dydaktyka: Studia stacjonarne: Podstawy programowania\" \/>\n<meta property=\"og:url\" content=\"https:\/\/wi.pb.edu.pl\/p\/anna-lupinska-dubicka\/\" \/>\n<meta property=\"og:site_name\" content=\"Strony pracownik\u00f3w Wydzia\u0142u Informatyki Politechniki Bia\u0142ostockiej\" \/>\n<meta property=\"article:modified_time\" content=\"2024-09-17T08:35:24+00:00\" \/>\n<meta name=\"twitter:card\" content=\"summary_large_image\" \/>\n<meta name=\"twitter:label1\" content=\"Szacowany czas czytania\" \/>\n\t<meta name=\"twitter:data1\" content=\"1 minuta\" \/>\n<script type=\"application\/ld+json\" class=\"yoast-schema-graph\">{\"@context\":\"https:\/\/schema.org\",\"@graph\":[{\"@type\":\"WebPage\",\"@id\":\"https:\/\/wi.pb.edu.pl\/p\/anna-lupinska-dubicka\/\",\"url\":\"https:\/\/wi.pb.edu.pl\/p\/anna-lupinska-dubicka\/\",\"name\":\"dr in\u017c. Anna \u0141upi\u0144ska - Dubicka - Strony pracownik\u00f3w Wydzia\u0142u Informatyki Politechniki Bia\u0142ostockiej\",\"isPartOf\":{\"@id\":\"https:\/\/wi.pb.edu.pl\/p\/#website\"},\"datePublished\":\"2024-07-22T07:38:18+00:00\",\"dateModified\":\"2024-09-17T08:35:24+00:00\",\"breadcrumb\":{\"@id\":\"https:\/\/wi.pb.edu.pl\/p\/anna-lupinska-dubicka\/#breadcrumb\"},\"inLanguage\":\"pl-PL\",\"potentialAction\":[{\"@type\":\"ReadAction\",\"target\":[\"https:\/\/wi.pb.edu.pl\/p\/anna-lupinska-dubicka\/\"]}]},{\"@type\":\"BreadcrumbList\",\"@id\":\"https:\/\/wi.pb.edu.pl\/p\/anna-lupinska-dubicka\/#breadcrumb\",\"itemListElement\":[{\"@type\":\"ListItem\",\"position\":1,\"name\":\"Strona g\u0142\u00f3wna\",\"item\":\"https:\/\/wi.pb.edu.pl\/p\/\"},{\"@type\":\"ListItem\",\"position\":2,\"name\":\"dr in\u017c. Anna \u0141upi\u0144ska &#8211; Dubicka\"}]},{\"@type\":\"WebSite\",\"@id\":\"https:\/\/wi.pb.edu.pl\/p\/#website\",\"url\":\"https:\/\/wi.pb.edu.pl\/p\/\",\"name\":\"Strony pracownik\u00f3w Wydzia\u0142u Informatyki Politechniki Bia\u0142ostockiej\",\"description\":\"\",\"potentialAction\":[{\"@type\":\"SearchAction\",\"target\":{\"@type\":\"EntryPoint\",\"urlTemplate\":\"https:\/\/wi.pb.edu.pl\/p\/?s={search_term_string}\"},\"query-input\":{\"@type\":\"PropertyValueSpecification\",\"valueRequired\":true,\"valueName\":\"search_term_string\"}}],\"inLanguage\":\"pl-PL\"}]}<\/script>\n<!-- \/ Yoast SEO plugin. -->","yoast_head_json":{"title":"dr in\u017c. Anna \u0141upi\u0144ska - Dubicka - Strony pracownik\u00f3w Wydzia\u0142u Informatyki Politechniki Bia\u0142ostockiej","robots":{"index":"index","follow":"follow","max-snippet":"max-snippet:-1","max-image-preview":"max-image-preview:large","max-video-preview":"max-video-preview:-1"},"canonical":"https:\/\/wi.pb.edu.pl\/p\/anna-lupinska-dubicka\/","og_locale":"pl_PL","og_type":"article","og_title":"dr in\u017c. Anna \u0141upi\u0144ska - Dubicka - Strony pracownik\u00f3w Wydzia\u0142u Informatyki Politechniki Bia\u0142ostockiej","og_description":"pok\u00f3j 203 Rozk\u0142ad zaj\u0119\u0107 Dydaktyka: Studia stacjonarne: Podstawy programowania","og_url":"https:\/\/wi.pb.edu.pl\/p\/anna-lupinska-dubicka\/","og_site_name":"Strony pracownik\u00f3w Wydzia\u0142u Informatyki Politechniki Bia\u0142ostockiej","article_modified_time":"2024-09-17T08:35:24+00:00","twitter_card":"summary_large_image","twitter_misc":{"Szacowany czas czytania":"1 minuta"},"schema":{"@context":"https:\/\/schema.org","@graph":[{"@type":"WebPage","@id":"https:\/\/wi.pb.edu.pl\/p\/anna-lupinska-dubicka\/","url":"https:\/\/wi.pb.edu.pl\/p\/anna-lupinska-dubicka\/","name":"dr in\u017c. Anna \u0141upi\u0144ska - Dubicka - Strony pracownik\u00f3w Wydzia\u0142u Informatyki Politechniki Bia\u0142ostockiej","isPartOf":{"@id":"https:\/\/wi.pb.edu.pl\/p\/#website"},"datePublished":"2024-07-22T07:38:18+00:00","dateModified":"2024-09-17T08:35:24+00:00","breadcrumb":{"@id":"https:\/\/wi.pb.edu.pl\/p\/anna-lupinska-dubicka\/#breadcrumb"},"inLanguage":"pl-PL","potentialAction":[{"@type":"ReadAction","target":["https:\/\/wi.pb.edu.pl\/p\/anna-lupinska-dubicka\/"]}]},{"@type":"BreadcrumbList","@id":"https:\/\/wi.pb.edu.pl\/p\/anna-lupinska-dubicka\/#breadcrumb","itemListElement":[{"@type":"ListItem","position":1,"name":"Strona g\u0142\u00f3wna","item":"https:\/\/wi.pb.edu.pl\/p\/"},{"@type":"ListItem","position":2,"name":"dr in\u017c. Anna \u0141upi\u0144ska &#8211; Dubicka"}]},{"@type":"WebSite","@id":"https:\/\/wi.pb.edu.pl\/p\/#website","url":"https:\/\/wi.pb.edu.pl\/p\/","name":"Strony pracownik\u00f3w Wydzia\u0142u Informatyki Politechniki Bia\u0142ostockiej","description":"","potentialAction":[{"@type":"SearchAction","target":{"@type":"EntryPoint","urlTemplate":"https:\/\/wi.pb.edu.pl\/p\/?s={search_term_string}"},"query-input":{"@type":"PropertyValueSpecification","valueRequired":true,"valueName":"search_term_string"}}],"inLanguage":"pl-PL"}]}},"_links":{"self":[{"href":"https:\/\/wi.pb.edu.pl\/p\/wp-json\/wp\/v2\/pages\/977","targetHints":{"allow":["GET"]}}],"collection":[{"href":"https:\/\/wi.pb.edu.pl\/p\/wp-json\/wp\/v2\/pages"}],"about":[{"href":"https:\/\/wi.pb.edu.pl\/p\/wp-json\/wp\/v2\/types\/page"}],"author":[{"embeddable":true,"href":"https:\/\/wi.pb.edu.pl\/p\/wp-json\/wp\/v2\/users\/14"}],"replies":[{"embeddable":true,"href":"https:\/\/wi.pb.edu.pl\/p\/wp-json\/wp\/v2\/comments?post=977"}],"version-history":[{"count":3,"href":"https:\/\/wi.pb.edu.pl\/p\/wp-json\/wp\/v2\/pages\/977\/revisions"}],"predecessor-version":[{"id":1884,"href":"https:\/\/wi.pb.edu.pl\/p\/wp-json\/wp\/v2\/pages\/977\/revisions\/1884"}],"wp:attachment":[{"href":"https:\/\/wi.pb.edu.pl\/p\/wp-json\/wp\/v2\/media?parent=977"}],"curies":[{"name":"wp","href":"https:\/\/api.w.org\/{rel}","templated":true}]}}