{"id":979,"date":"2024-07-22T09:40:28","date_gmt":"2024-07-22T07:40:28","guid":{"rendered":"https:\/\/wi.pb.edu.pl\/p\/?page_id=979"},"modified":"2024-09-17T10:35:48","modified_gmt":"2024-09-17T08:35:48","slug":"podstawy-programowania","status":"publish","type":"page","link":"https:\/\/wi.pb.edu.pl\/p\/anna-lupinska-dubicka\/podstawy-programowania\/","title":{"rendered":"Podstawy programowania"},"content":{"rendered":"<p><a href=\"https:\/\/wi.pb.edu.pl\/p\/wp-content\/uploads\/sites\/3\/2024\/07\/ansi_c.pdf\">Opis standardu ANSI C99<\/a><\/p>\n<p><a title=\"C Standard Library\" href=\"https:\/\/wi.pb.edu.pl\/p\/anna-lupinska-dubicka\/podstawy-programowania\/c-standard-library\/\">Spis funkcji bibliotek standardowych j\u0119zyka C<\/a><\/p>\n<hr>\n<p><a href=\"https:\/\/wi.pb.edu.pl\/p\/wp-content\/uploads\/sites\/3\/2024\/07\/zbior_zadan_PP.pdf\">Zbi\u00f3r zada\u0144<\/a><\/p>\n<hr>\n<p>&nbsp;<\/p>\n<h3>Zaj\u0119cia 1&nbsp;<\/h3>\n<p>Definiowanie zmiennych. &nbsp;Instrukcje wej\u015bcia-wyj\u015bcia. Instrukcje warunkowe i wyboru.<br \/>\nFunkcje&nbsp;scanf(),&nbsp;printf().<br \/>\n<img decoding=\"async\" src=\"https:\/\/wi.pb.edu.pl\/p\/wp-content\/uploads\/sites\/3\/2024\/07\/pstr_zaj1.gif\" alt=\"\">.&nbsp;<br \/>\nZadanie 1.1<br \/>\nProsty kalkulator realizuj\u0105cy 4 podstawowe dzia\u0142ania (+ &#8211; * \/).<br \/>\nProgram powinien oblicza\u0107 wyra\u017cenie postaci&nbsp;&nbsp;&nbsp;&nbsp; x op y<br \/>\n&nbsp;&nbsp;&nbsp;&nbsp;&nbsp;&nbsp;&nbsp;&nbsp;&nbsp;&nbsp;&nbsp;&nbsp;&nbsp;&nbsp;&nbsp;&nbsp;&nbsp;&nbsp;&nbsp;&nbsp;&nbsp;&nbsp;&nbsp;&nbsp;&nbsp;&nbsp;&nbsp;&nbsp;&nbsp;&nbsp;&nbsp;&nbsp;&nbsp;&nbsp;&nbsp;&nbsp;&nbsp;&nbsp;&nbsp;&nbsp;&nbsp;&nbsp;&nbsp;&nbsp;&nbsp;&nbsp;&nbsp;&nbsp;&nbsp;&nbsp;&nbsp;&nbsp;&nbsp;&nbsp;&nbsp;&nbsp;&nbsp;&nbsp;&nbsp;&nbsp;&nbsp;&nbsp;&nbsp;&nbsp;&nbsp;&nbsp;&nbsp;&nbsp;&nbsp;&nbsp;&nbsp;&nbsp;&nbsp;&nbsp;&nbsp; x, y &#8211; liczby<br \/>\n&nbsp;&nbsp;&nbsp;&nbsp;&nbsp;&nbsp;&nbsp;&nbsp;&nbsp;&nbsp;&nbsp;&nbsp;&nbsp;&nbsp;&nbsp;&nbsp;&nbsp;&nbsp;&nbsp;&nbsp;&nbsp;&nbsp;&nbsp;&nbsp;&nbsp;&nbsp;&nbsp;&nbsp;&nbsp;&nbsp;&nbsp;&nbsp;&nbsp;&nbsp;&nbsp;&nbsp;&nbsp;&nbsp;&nbsp;&nbsp;&nbsp;&nbsp;&nbsp;&nbsp;&nbsp;&nbsp;&nbsp;&nbsp;&nbsp;&nbsp;&nbsp;&nbsp;&nbsp;&nbsp;&nbsp;&nbsp;&nbsp;&nbsp;&nbsp;&nbsp;&nbsp;&nbsp;&nbsp;&nbsp;&nbsp;&nbsp;&nbsp;&nbsp;&nbsp;&nbsp;&nbsp;&nbsp;&nbsp;&nbsp;&nbsp; op &#8211; operator<br \/>\n(w przypadku dzielenia przez zero wypisa\u0107 odpowiedni komunikat)<br \/>\nZadanie 1.2<br \/>\nProgram rozwi\u0105zuj\u0105cy r\u00f3wnanie postaci ax2+bx+c=0. Nale\u017cy rozpatrzy\u0107 wszystkie przypadki (r\u00f3wnanie nie musi by\u0107 r\u00f3wnaniem kwadratowym).<br \/>\nZadanie 1.3<br \/>\nNapisz program, kt\u00f3ry wczyta d\u0142ugo\u015bci trzech odcink\u00f3w i sprawdzi czy mo\u017cna z nich zbudowa\u0107 tr\u00f3jk\u0105t.<br \/>\nZadanie 1.4<br \/>\nNapisz program, kt\u00f3ry wczytuje liczb\u0119 n (gdzie 0&lt;=n&lt;=10000) i wypisuje jej s\u0142owny odpowiednik.<\/p>\n","protected":false},"excerpt":{"rendered":"<p>Opis standardu ANSI C99 Spis funkcji bibliotek standardowych j\u0119zyka C Zbi\u00f3r zada\u0144 &nbsp; Zaj\u0119cia 1&nbsp;<a class=\"read-more\" href=\"https:\/\/wi.pb.edu.pl\/p\/anna-lupinska-dubicka\/podstawy-programowania\/\" title=\"Poka\u017c artyku\u0142 Podstawy programowania\">wi\u0119cej<\/a><\/p>\n","protected":false},"author":14,"featured_media":0,"parent":977,"menu_order":0,"comment_status":"closed","ping_status":"closed","template":"","meta":{"inline_featured_image":false,"ngg_post_thumbnail":0,"footnotes":""},"class_list":["post-979","page","type-page","status-publish","hentry"],"acf":[],"yoast_head":"<!-- This site is optimized with the Yoast SEO plugin v26.4 - https:\/\/yoast.com\/wordpress\/plugins\/seo\/ -->\n<title>Podstawy programowania - Strony pracownik\u00f3w Wydzia\u0142u Informatyki Politechniki Bia\u0142ostockiej<\/title>\n<meta name=\"robots\" content=\"index, follow, max-snippet:-1, max-image-preview:large, max-video-preview:-1\" \/>\n<link rel=\"canonical\" href=\"https:\/\/wi.pb.edu.pl\/p\/anna-lupinska-dubicka\/podstawy-programowania\/\" \/>\n<meta property=\"og:locale\" content=\"pl_PL\" \/>\n<meta property=\"og:type\" content=\"article\" \/>\n<meta property=\"og:title\" content=\"Podstawy programowania - Strony pracownik\u00f3w Wydzia\u0142u Informatyki Politechniki Bia\u0142ostockiej\" \/>\n<meta property=\"og:description\" content=\"Opis standardu ANSI C99 Spis funkcji bibliotek standardowych j\u0119zyka C Zbi\u00f3r zada\u0144 &nbsp; Zaj\u0119cia 1&nbsp;wi\u0119cej\" \/>\n<meta property=\"og:url\" content=\"https:\/\/wi.pb.edu.pl\/p\/anna-lupinska-dubicka\/podstawy-programowania\/\" \/>\n<meta property=\"og:site_name\" content=\"Strony pracownik\u00f3w Wydzia\u0142u Informatyki Politechniki Bia\u0142ostockiej\" \/>\n<meta property=\"article:modified_time\" content=\"2024-09-17T08:35:48+00:00\" \/>\n<meta property=\"og:image\" content=\"https:\/\/wi.pb.edu.pl\/p\/wp-content\/uploads\/sites\/3\/2024\/07\/pstr_zaj1.gif\" \/>\n<meta name=\"twitter:card\" content=\"summary_large_image\" \/>\n<meta name=\"twitter:label1\" content=\"Szacowany czas czytania\" \/>\n\t<meta name=\"twitter:data1\" content=\"1 minuta\" \/>\n<script type=\"application\/ld+json\" class=\"yoast-schema-graph\">{\"@context\":\"https:\/\/schema.org\",\"@graph\":[{\"@type\":\"WebPage\",\"@id\":\"https:\/\/wi.pb.edu.pl\/p\/anna-lupinska-dubicka\/podstawy-programowania\/\",\"url\":\"https:\/\/wi.pb.edu.pl\/p\/anna-lupinska-dubicka\/podstawy-programowania\/\",\"name\":\"Podstawy programowania - Strony pracownik\u00f3w Wydzia\u0142u Informatyki Politechniki Bia\u0142ostockiej\",\"isPartOf\":{\"@id\":\"https:\/\/wi.pb.edu.pl\/p\/#website\"},\"primaryImageOfPage\":{\"@id\":\"https:\/\/wi.pb.edu.pl\/p\/anna-lupinska-dubicka\/podstawy-programowania\/#primaryimage\"},\"image\":{\"@id\":\"https:\/\/wi.pb.edu.pl\/p\/anna-lupinska-dubicka\/podstawy-programowania\/#primaryimage\"},\"thumbnailUrl\":\"https:\/\/wi.pb.edu.pl\/p\/wp-content\/uploads\/sites\/3\/2024\/07\/pstr_zaj1.gif\",\"datePublished\":\"2024-07-22T07:40:28+00:00\",\"dateModified\":\"2024-09-17T08:35:48+00:00\",\"breadcrumb\":{\"@id\":\"https:\/\/wi.pb.edu.pl\/p\/anna-lupinska-dubicka\/podstawy-programowania\/#breadcrumb\"},\"inLanguage\":\"pl-PL\",\"potentialAction\":[{\"@type\":\"ReadAction\",\"target\":[\"https:\/\/wi.pb.edu.pl\/p\/anna-lupinska-dubicka\/podstawy-programowania\/\"]}]},{\"@type\":\"ImageObject\",\"inLanguage\":\"pl-PL\",\"@id\":\"https:\/\/wi.pb.edu.pl\/p\/anna-lupinska-dubicka\/podstawy-programowania\/#primaryimage\",\"url\":\"https:\/\/wi.pb.edu.pl\/p\/wp-content\/uploads\/sites\/3\/2024\/07\/pstr_zaj1.gif\",\"contentUrl\":\"https:\/\/wi.pb.edu.pl\/p\/wp-content\/uploads\/sites\/3\/2024\/07\/pstr_zaj1.gif\",\"width\":466,\"height\":171},{\"@type\":\"BreadcrumbList\",\"@id\":\"https:\/\/wi.pb.edu.pl\/p\/anna-lupinska-dubicka\/podstawy-programowania\/#breadcrumb\",\"itemListElement\":[{\"@type\":\"ListItem\",\"position\":1,\"name\":\"Strona g\u0142\u00f3wna\",\"item\":\"https:\/\/wi.pb.edu.pl\/p\/\"},{\"@type\":\"ListItem\",\"position\":2,\"name\":\"dr in\u017c. Anna \u0141upi\u0144ska &#8211; Dubicka\",\"item\":\"https:\/\/wi.pb.edu.pl\/p\/anna-lupinska-dubicka\/\"},{\"@type\":\"ListItem\",\"position\":3,\"name\":\"Podstawy programowania\"}]},{\"@type\":\"WebSite\",\"@id\":\"https:\/\/wi.pb.edu.pl\/p\/#website\",\"url\":\"https:\/\/wi.pb.edu.pl\/p\/\",\"name\":\"Strony pracownik\u00f3w Wydzia\u0142u Informatyki Politechniki Bia\u0142ostockiej\",\"description\":\"\",\"potentialAction\":[{\"@type\":\"SearchAction\",\"target\":{\"@type\":\"EntryPoint\",\"urlTemplate\":\"https:\/\/wi.pb.edu.pl\/p\/?s={search_term_string}\"},\"query-input\":{\"@type\":\"PropertyValueSpecification\",\"valueRequired\":true,\"valueName\":\"search_term_string\"}}],\"inLanguage\":\"pl-PL\"}]}<\/script>\n<!-- \/ Yoast SEO plugin. -->","yoast_head_json":{"title":"Podstawy programowania - Strony pracownik\u00f3w Wydzia\u0142u Informatyki Politechniki Bia\u0142ostockiej","robots":{"index":"index","follow":"follow","max-snippet":"max-snippet:-1","max-image-preview":"max-image-preview:large","max-video-preview":"max-video-preview:-1"},"canonical":"https:\/\/wi.pb.edu.pl\/p\/anna-lupinska-dubicka\/podstawy-programowania\/","og_locale":"pl_PL","og_type":"article","og_title":"Podstawy programowania - Strony pracownik\u00f3w Wydzia\u0142u Informatyki Politechniki Bia\u0142ostockiej","og_description":"Opis standardu ANSI C99 Spis funkcji bibliotek standardowych j\u0119zyka C Zbi\u00f3r zada\u0144 &nbsp; Zaj\u0119cia 1&nbsp;wi\u0119cej","og_url":"https:\/\/wi.pb.edu.pl\/p\/anna-lupinska-dubicka\/podstawy-programowania\/","og_site_name":"Strony pracownik\u00f3w Wydzia\u0142u Informatyki Politechniki Bia\u0142ostockiej","article_modified_time":"2024-09-17T08:35:48+00:00","og_image":[{"url":"https:\/\/wi.pb.edu.pl\/p\/wp-content\/uploads\/sites\/3\/2024\/07\/pstr_zaj1.gif","type":"","width":"","height":""}],"twitter_card":"summary_large_image","twitter_misc":{"Szacowany czas czytania":"1 minuta"},"schema":{"@context":"https:\/\/schema.org","@graph":[{"@type":"WebPage","@id":"https:\/\/wi.pb.edu.pl\/p\/anna-lupinska-dubicka\/podstawy-programowania\/","url":"https:\/\/wi.pb.edu.pl\/p\/anna-lupinska-dubicka\/podstawy-programowania\/","name":"Podstawy programowania - Strony pracownik\u00f3w Wydzia\u0142u Informatyki Politechniki Bia\u0142ostockiej","isPartOf":{"@id":"https:\/\/wi.pb.edu.pl\/p\/#website"},"primaryImageOfPage":{"@id":"https:\/\/wi.pb.edu.pl\/p\/anna-lupinska-dubicka\/podstawy-programowania\/#primaryimage"},"image":{"@id":"https:\/\/wi.pb.edu.pl\/p\/anna-lupinska-dubicka\/podstawy-programowania\/#primaryimage"},"thumbnailUrl":"https:\/\/wi.pb.edu.pl\/p\/wp-content\/uploads\/sites\/3\/2024\/07\/pstr_zaj1.gif","datePublished":"2024-07-22T07:40:28+00:00","dateModified":"2024-09-17T08:35:48+00:00","breadcrumb":{"@id":"https:\/\/wi.pb.edu.pl\/p\/anna-lupinska-dubicka\/podstawy-programowania\/#breadcrumb"},"inLanguage":"pl-PL","potentialAction":[{"@type":"ReadAction","target":["https:\/\/wi.pb.edu.pl\/p\/anna-lupinska-dubicka\/podstawy-programowania\/"]}]},{"@type":"ImageObject","inLanguage":"pl-PL","@id":"https:\/\/wi.pb.edu.pl\/p\/anna-lupinska-dubicka\/podstawy-programowania\/#primaryimage","url":"https:\/\/wi.pb.edu.pl\/p\/wp-content\/uploads\/sites\/3\/2024\/07\/pstr_zaj1.gif","contentUrl":"https:\/\/wi.pb.edu.pl\/p\/wp-content\/uploads\/sites\/3\/2024\/07\/pstr_zaj1.gif","width":466,"height":171},{"@type":"BreadcrumbList","@id":"https:\/\/wi.pb.edu.pl\/p\/anna-lupinska-dubicka\/podstawy-programowania\/#breadcrumb","itemListElement":[{"@type":"ListItem","position":1,"name":"Strona g\u0142\u00f3wna","item":"https:\/\/wi.pb.edu.pl\/p\/"},{"@type":"ListItem","position":2,"name":"dr in\u017c. Anna \u0141upi\u0144ska &#8211; Dubicka","item":"https:\/\/wi.pb.edu.pl\/p\/anna-lupinska-dubicka\/"},{"@type":"ListItem","position":3,"name":"Podstawy programowania"}]},{"@type":"WebSite","@id":"https:\/\/wi.pb.edu.pl\/p\/#website","url":"https:\/\/wi.pb.edu.pl\/p\/","name":"Strony pracownik\u00f3w Wydzia\u0142u Informatyki Politechniki Bia\u0142ostockiej","description":"","potentialAction":[{"@type":"SearchAction","target":{"@type":"EntryPoint","urlTemplate":"https:\/\/wi.pb.edu.pl\/p\/?s={search_term_string}"},"query-input":{"@type":"PropertyValueSpecification","valueRequired":true,"valueName":"search_term_string"}}],"inLanguage":"pl-PL"}]}},"_links":{"self":[{"href":"https:\/\/wi.pb.edu.pl\/p\/wp-json\/wp\/v2\/pages\/979","targetHints":{"allow":["GET"]}}],"collection":[{"href":"https:\/\/wi.pb.edu.pl\/p\/wp-json\/wp\/v2\/pages"}],"about":[{"href":"https:\/\/wi.pb.edu.pl\/p\/wp-json\/wp\/v2\/types\/page"}],"author":[{"embeddable":true,"href":"https:\/\/wi.pb.edu.pl\/p\/wp-json\/wp\/v2\/users\/14"}],"replies":[{"embeddable":true,"href":"https:\/\/wi.pb.edu.pl\/p\/wp-json\/wp\/v2\/comments?post=979"}],"version-history":[{"count":4,"href":"https:\/\/wi.pb.edu.pl\/p\/wp-json\/wp\/v2\/pages\/979\/revisions"}],"predecessor-version":[{"id":1885,"href":"https:\/\/wi.pb.edu.pl\/p\/wp-json\/wp\/v2\/pages\/979\/revisions\/1885"}],"up":[{"embeddable":true,"href":"https:\/\/wi.pb.edu.pl\/p\/wp-json\/wp\/v2\/pages\/977"}],"wp:attachment":[{"href":"https:\/\/wi.pb.edu.pl\/p\/wp-json\/wp\/v2\/media?parent=979"}],"curies":[{"name":"wp","href":"https:\/\/api.w.org\/{rel}","templated":true}]}}