{"id":98,"date":"2024-07-16T10:14:40","date_gmt":"2024-07-16T08:14:40","guid":{"rendered":"https:\/\/wi.pb.edu.pl\/p\/?page_id=98"},"modified":"2024-07-16T12:33:11","modified_gmt":"2024-07-16T10:33:11","slug":"zajecia","status":"publish","type":"page","link":"https:\/\/wi.pb.edu.pl\/p\/marek-j-druzdzel\/zajecia\/","title":{"rendered":"Zaj\u0119cia"},"content":{"rendered":"<h2>Zajecia w semestrze letnim 2023-2024:<\/h2>\n<p><a title=\"Wprowadzenie do bada\u0144 naukowych\" href=\"https:\/\/wi.pb.edu.pl\/p\/katedra-oprogramowania\/dr-hab-inz-marek-j-druzdzel\/zajecia\/wprowadzenie-do-badan-naukowych\/\">Wprowadzenie do badan naukowych<\/a><br \/>\nsrody 19:20-20:50 (WA 12-B \/ Aula B)<\/p>\n<p>Seminarium doktoranckie \/ Doctoral Seminar (Szkola Doktorska)<br \/>\nsrody 16:40-17:30 (237 Budynek Rektoratu)<\/p>\n<p><a title=\"Metodyki bada\u0144 eksperymentalnych\" href=\"https:\/\/wi.pb.edu.pl\/p\/katedra-oprogramowania\/dr-hab-inz-marek-j-druzdzel\/zajecia\/metodyki-badan-eksperymentalnych\/\">Metodyki badan eksperymentalnych<\/a> \/ <a title=\"Research Design (Szkola Doktorska)\" href=\"https:\/\/wi.pb.edu.pl\/p\/katedra-oprogramowania\/dr-hab-inz-marek-j-druzdzel\/zajecia\/research-design-szkola-doktorska\/\">Research Design (Szkola Doktorska)<\/a><br \/>\nczwartki 17:40-19:10 (237 Budynek Rektoratu)<\/p>\n<p><a title=\"Seminarium Podstawowe narzedzia warsztatu naukowca\" href=\"https:\/\/wi.pb.edu.pl\/p\/katedra-oprogramowania\/dr-hab-inz-marek-j-druzdzel\/zajecia\/seminarium-podstawowe-narzedzia-warsztatu-naukowca\/\">Seminarium Podstawowe narzedzia warsztatu naukowca<\/a> \/ <a title=\"Seminar \u201eFundamental tools of a scientist\u2019s workbench\u201d\" href=\"https:\/\/wi.pb.edu.pl\/p\/katedra-oprogramowania\/dr-hab-inz-marek-j-druzdzel\/zajecia\/seminar-fundamental-tools-of-a-scientists-workbench\/\">Seminar Fundamental Tools of a Scientist&#8217;s Workbench (Szkola Doktorska)<\/a><br \/>\nsrody 17:40-19:10 (29-C Budynek Rektoratu)<\/p>\n<p><a title=\"Propozycje tematow prac magisterskich\" href=\"https:\/\/wi.pb.edu.pl\/p\/katedra-oprogramowania\/dr-hab-inz-marek-j-druzdzel\/zajecia\/propozycje-tematow-prac-magisterskich\/\">Propozycje tematow prac magisterskich<\/a><\/p>\n<p>Konsulacje w semestrze letnim (Office hours in the summer semester) 2023-2024:<br \/>\nsrody (Wednesdays) 14:00-15:30 (pok\u00f3j\/room 136)<br \/>\nspotkania w innych terminach sa rowniez mozliwe (prosze o wczesniejszy kontakt poprzez Email)<br \/>\nmeeting at other times are possible as well (please contact me by EMail first)<\/p>\n<h2>Zajecia w latach ubieglych:<\/h2>\n<p><a title=\"Projekt Zespolowy-Badawczy\" href=\"https:\/\/wi.pb.edu.pl\/p\/katedra-oprogramowania\/dr-hab-inz-marek-j-druzdzel\/zajecia\/projekt-zespolowy-badawczy\/\">Projekt Zespolowy-Badawczy<\/a><br \/>\n(semestr zimowy 2023-2024)<\/p>\n<p><a title=\"Wprowadzenie do teorii decyzji i analizy decyzji\" href=\"https:\/\/wi.pb.edu.pl\/p\/katedra-oprogramowania\/dr-hab-inz-marek-j-druzdzel\/zajecia\/wprowadzenie-do-teorii-decyzji-i-analizy-decyzji\/\">Wprowadzenie do teorii decyzji i analizy decyzji (Szkola Doktorska)<\/a><br \/>\n(semestr zimowy 2023-2024)<\/p>\n<p><a title=\"Seminarium dyplomowe (dla studiow licencjackich)\" href=\"https:\/\/wi.pb.edu.pl\/p\/katedra-oprogramowania\/dr-hab-inz-marek-j-druzdzel\/zajecia\/186-2\/\">Seminarium dyplomowe (dla studiow licencjackich)<\/a><br \/>\n(semestr letni 2022\/2023)<\/p>\n<p><a title=\"Zaawansowane bazy danych i hurtownie danych\" href=\"https:\/\/wi.pb.edu.pl\/p\/katedra-oprogramowania\/dr-hab-inz-marek-j-druzdzel\/zajecia\/zaawansowane-bazy-danych-i-hurtownie-danych\/\">Zaawansowane bazy danych i hurtownie danych<\/a><br \/>\n(semestr letni 2022\/2023)<\/p>\n<p><a title=\"Studia podyplomowe \u201eData Science\u201d\" href=\"https:\/\/wi.pb.edu.pl\/p\/katedra-oprogramowania\/dr-hab-inz-marek-j-druzdzel\/zajecia\/studia-podyplomowe-data-science\/\">Studia podyplomowe Data Science<\/a><br \/>\n(semestr letni 2022\/2023)<\/p>\n<p><a title=\"Seminarium dyplomowe (dla studiow magisterskich)\" href=\"https:\/\/wi.pb.edu.pl\/p\/katedra-oprogramowania\/dr-hab-inz-marek-j-druzdzel\/zajecia\/seminarium-dyplomowe-dla-studiow-magisterskich\/\">Seminarium dyplomowe (dla studiow magisterskich)<\/a><br \/>\n(semestr letni 2020\/2021)<\/p>\n<p><a title=\"Sieci bayesowskie\" href=\"https:\/\/wi.pb.edu.pl\/p\/katedra-oprogramowania\/dr-hab-inz-marek-j-druzdzel\/zajecia\/sieci-bayesowskie\/\">Sieci bayesowskie<\/a><br \/>\n(semestr letni 2019\/2020)<\/p>\n<p><a title=\"Spotkania ze spolecznoscia uczelni\" href=\"https:\/\/wi.pb.edu.pl\/p\/katedra-oprogramowania\/dr-hab-inz-marek-j-druzdzel\/zajecia\/spotkania-ze-spolecznoscia-uczelni\/\">Spotkania ze spolecznoscia uczelni<\/a><br \/>\n(semestr letni 2011\/2012)<br \/>\nSpotkania odbyly sie w dniach 21, 23, 26 i 28 czerwca 2012. Materialy ze spotkan (tzn. PDF moich krotkich prezentacji) mozna znalezc tutaj.<\/p>\n<p>Wyklad na temat &#8222;Sieci bayesowskie i ich praktyczne zastosowania&#8221;<br \/>\n(semestr letni 2011\/2012)<\/p>\n","protected":false},"excerpt":{"rendered":"<p>Zajecia w semestrze letnim 2023-2024: Wprowadzenie do badan naukowych srody 19:20-20:50 (WA 12-B \/ Aula<a class=\"read-more\" href=\"https:\/\/wi.pb.edu.pl\/p\/marek-j-druzdzel\/zajecia\/\" title=\"Poka\u017c artyku\u0142 Zaj\u0119cia\">wi\u0119cej<\/a><\/p>\n","protected":false},"author":14,"featured_media":0,"parent":90,"menu_order":0,"comment_status":"closed","ping_status":"closed","template":"","meta":{"inline_featured_image":false,"ngg_post_thumbnail":0,"footnotes":""},"class_list":["post-98","page","type-page","status-publish","hentry"],"acf":[],"yoast_head":"<!-- This site is optimized with the Yoast SEO plugin v26.4 - https:\/\/yoast.com\/wordpress\/plugins\/seo\/ -->\n<title>Zaj\u0119cia - Strony pracownik\u00f3w Wydzia\u0142u Informatyki Politechniki Bia\u0142ostockiej<\/title>\n<meta name=\"robots\" content=\"index, follow, max-snippet:-1, max-image-preview:large, max-video-preview:-1\" \/>\n<link rel=\"canonical\" href=\"https:\/\/wi.pb.edu.pl\/p\/marek-j-druzdzel\/zajecia\/\" \/>\n<meta property=\"og:locale\" content=\"pl_PL\" \/>\n<meta property=\"og:type\" content=\"article\" \/>\n<meta property=\"og:title\" content=\"Zaj\u0119cia - Strony pracownik\u00f3w Wydzia\u0142u Informatyki Politechniki Bia\u0142ostockiej\" \/>\n<meta property=\"og:description\" content=\"Zajecia w semestrze letnim 2023-2024: Wprowadzenie do badan naukowych srody 19:20-20:50 (WA 12-B \/ Aulawi\u0119cej\" \/>\n<meta property=\"og:url\" content=\"https:\/\/wi.pb.edu.pl\/p\/marek-j-druzdzel\/zajecia\/\" \/>\n<meta property=\"og:site_name\" content=\"Strony pracownik\u00f3w Wydzia\u0142u Informatyki Politechniki Bia\u0142ostockiej\" \/>\n<meta property=\"article:modified_time\" content=\"2024-07-16T10:33:11+00:00\" \/>\n<meta name=\"twitter:card\" content=\"summary_large_image\" \/>\n<meta name=\"twitter:label1\" content=\"Szacowany czas czytania\" \/>\n\t<meta name=\"twitter:data1\" content=\"2 minuty\" \/>\n<script type=\"application\/ld+json\" class=\"yoast-schema-graph\">{\"@context\":\"https:\/\/schema.org\",\"@graph\":[{\"@type\":\"WebPage\",\"@id\":\"https:\/\/wi.pb.edu.pl\/p\/marek-j-druzdzel\/zajecia\/\",\"url\":\"https:\/\/wi.pb.edu.pl\/p\/marek-j-druzdzel\/zajecia\/\",\"name\":\"Zaj\u0119cia - Strony pracownik\u00f3w Wydzia\u0142u Informatyki Politechniki Bia\u0142ostockiej\",\"isPartOf\":{\"@id\":\"https:\/\/wi.pb.edu.pl\/p\/#website\"},\"datePublished\":\"2024-07-16T08:14:40+00:00\",\"dateModified\":\"2024-07-16T10:33:11+00:00\",\"breadcrumb\":{\"@id\":\"https:\/\/wi.pb.edu.pl\/p\/marek-j-druzdzel\/zajecia\/#breadcrumb\"},\"inLanguage\":\"pl-PL\",\"potentialAction\":[{\"@type\":\"ReadAction\",\"target\":[\"https:\/\/wi.pb.edu.pl\/p\/marek-j-druzdzel\/zajecia\/\"]}]},{\"@type\":\"BreadcrumbList\",\"@id\":\"https:\/\/wi.pb.edu.pl\/p\/marek-j-druzdzel\/zajecia\/#breadcrumb\",\"itemListElement\":[{\"@type\":\"ListItem\",\"position\":1,\"name\":\"Strona g\u0142\u00f3wna\",\"item\":\"https:\/\/wi.pb.edu.pl\/p\/\"},{\"@type\":\"ListItem\",\"position\":2,\"name\":\"dr hab. in\u017c. Marek J. Dru\u017cdzel\",\"item\":\"https:\/\/wi.pb.edu.pl\/p\/marek-j-druzdzel\/\"},{\"@type\":\"ListItem\",\"position\":3,\"name\":\"Zaj\u0119cia\"}]},{\"@type\":\"WebSite\",\"@id\":\"https:\/\/wi.pb.edu.pl\/p\/#website\",\"url\":\"https:\/\/wi.pb.edu.pl\/p\/\",\"name\":\"Strony pracownik\u00f3w Wydzia\u0142u Informatyki Politechniki Bia\u0142ostockiej\",\"description\":\"\",\"potentialAction\":[{\"@type\":\"SearchAction\",\"target\":{\"@type\":\"EntryPoint\",\"urlTemplate\":\"https:\/\/wi.pb.edu.pl\/p\/?s={search_term_string}\"},\"query-input\":{\"@type\":\"PropertyValueSpecification\",\"valueRequired\":true,\"valueName\":\"search_term_string\"}}],\"inLanguage\":\"pl-PL\"}]}<\/script>\n<!-- \/ Yoast SEO plugin. -->","yoast_head_json":{"title":"Zaj\u0119cia - Strony pracownik\u00f3w Wydzia\u0142u Informatyki Politechniki Bia\u0142ostockiej","robots":{"index":"index","follow":"follow","max-snippet":"max-snippet:-1","max-image-preview":"max-image-preview:large","max-video-preview":"max-video-preview:-1"},"canonical":"https:\/\/wi.pb.edu.pl\/p\/marek-j-druzdzel\/zajecia\/","og_locale":"pl_PL","og_type":"article","og_title":"Zaj\u0119cia - Strony pracownik\u00f3w Wydzia\u0142u Informatyki Politechniki Bia\u0142ostockiej","og_description":"Zajecia w semestrze letnim 2023-2024: Wprowadzenie do badan naukowych srody 19:20-20:50 (WA 12-B \/ Aulawi\u0119cej","og_url":"https:\/\/wi.pb.edu.pl\/p\/marek-j-druzdzel\/zajecia\/","og_site_name":"Strony pracownik\u00f3w Wydzia\u0142u Informatyki Politechniki Bia\u0142ostockiej","article_modified_time":"2024-07-16T10:33:11+00:00","twitter_card":"summary_large_image","twitter_misc":{"Szacowany czas czytania":"2 minuty"},"schema":{"@context":"https:\/\/schema.org","@graph":[{"@type":"WebPage","@id":"https:\/\/wi.pb.edu.pl\/p\/marek-j-druzdzel\/zajecia\/","url":"https:\/\/wi.pb.edu.pl\/p\/marek-j-druzdzel\/zajecia\/","name":"Zaj\u0119cia - Strony pracownik\u00f3w Wydzia\u0142u Informatyki Politechniki Bia\u0142ostockiej","isPartOf":{"@id":"https:\/\/wi.pb.edu.pl\/p\/#website"},"datePublished":"2024-07-16T08:14:40+00:00","dateModified":"2024-07-16T10:33:11+00:00","breadcrumb":{"@id":"https:\/\/wi.pb.edu.pl\/p\/marek-j-druzdzel\/zajecia\/#breadcrumb"},"inLanguage":"pl-PL","potentialAction":[{"@type":"ReadAction","target":["https:\/\/wi.pb.edu.pl\/p\/marek-j-druzdzel\/zajecia\/"]}]},{"@type":"BreadcrumbList","@id":"https:\/\/wi.pb.edu.pl\/p\/marek-j-druzdzel\/zajecia\/#breadcrumb","itemListElement":[{"@type":"ListItem","position":1,"name":"Strona g\u0142\u00f3wna","item":"https:\/\/wi.pb.edu.pl\/p\/"},{"@type":"ListItem","position":2,"name":"dr hab. in\u017c. Marek J. Dru\u017cdzel","item":"https:\/\/wi.pb.edu.pl\/p\/marek-j-druzdzel\/"},{"@type":"ListItem","position":3,"name":"Zaj\u0119cia"}]},{"@type":"WebSite","@id":"https:\/\/wi.pb.edu.pl\/p\/#website","url":"https:\/\/wi.pb.edu.pl\/p\/","name":"Strony pracownik\u00f3w Wydzia\u0142u Informatyki Politechniki Bia\u0142ostockiej","description":"","potentialAction":[{"@type":"SearchAction","target":{"@type":"EntryPoint","urlTemplate":"https:\/\/wi.pb.edu.pl\/p\/?s={search_term_string}"},"query-input":{"@type":"PropertyValueSpecification","valueRequired":true,"valueName":"search_term_string"}}],"inLanguage":"pl-PL"}]}},"_links":{"self":[{"href":"https:\/\/wi.pb.edu.pl\/p\/wp-json\/wp\/v2\/pages\/98","targetHints":{"allow":["GET"]}}],"collection":[{"href":"https:\/\/wi.pb.edu.pl\/p\/wp-json\/wp\/v2\/pages"}],"about":[{"href":"https:\/\/wi.pb.edu.pl\/p\/wp-json\/wp\/v2\/types\/page"}],"author":[{"embeddable":true,"href":"https:\/\/wi.pb.edu.pl\/p\/wp-json\/wp\/v2\/users\/14"}],"replies":[{"embeddable":true,"href":"https:\/\/wi.pb.edu.pl\/p\/wp-json\/wp\/v2\/comments?post=98"}],"version-history":[{"count":18,"href":"https:\/\/wi.pb.edu.pl\/p\/wp-json\/wp\/v2\/pages\/98\/revisions"}],"predecessor-version":[{"id":247,"href":"https:\/\/wi.pb.edu.pl\/p\/wp-json\/wp\/v2\/pages\/98\/revisions\/247"}],"up":[{"embeddable":true,"href":"https:\/\/wi.pb.edu.pl\/p\/wp-json\/wp\/v2\/pages\/90"}],"wp:attachment":[{"href":"https:\/\/wi.pb.edu.pl\/p\/wp-json\/wp\/v2\/media?parent=98"}],"curies":[{"name":"wp","href":"https:\/\/api.w.org\/{rel}","templated":true}]}}