{"id":993,"date":"2024-07-22T10:00:45","date_gmt":"2024-07-22T08:00:45","guid":{"rendered":"https:\/\/wi.pb.edu.pl\/p\/?page_id=993"},"modified":"2024-09-17T10:43:03","modified_gmt":"2024-09-17T08:43:03","slug":"maciej-kopczynski","status":"publish","type":"page","link":"https:\/\/wi.pb.edu.pl\/p\/maciej-kopczynski\/","title":{"rendered":"dr in\u017c. Maciej Kopczy\u0144ski"},"content":{"rendered":"<h2>Przedmioty prowadzone w semestrze zimowym 2023\/2024:<\/h2>\n<h3>Studia stacjonarne<\/h3>\n<ul>\n<li><a title=\"Aplikacje webowe w ASP MVC\" href=\"https:\/\/wi.pb.edu.pl\/p\/maciej-kopczynski\/aplikacje-webowe-w-asp-mvc\/\">Aplikacje webowe w ASP MVC<\/a><\/li>\n<li><a title=\"Projekt zespo\u0142owy\" href=\"https:\/\/wi.pb.edu.pl\/p\/maciej-kopczynski\/projekt-zespolowy\/\">Projekt zespo\u0142owy<\/a><\/li>\n<\/ul>\n<p>&nbsp;<\/p>\n<h3>Studia niestacjonarne<\/h3>\n<ul>\n<li><a title=\"Aplikacje webowe w ASP MVC \u2013 niestacjonarne\" href=\"https:\/\/wi.pb.edu.pl\/p\/maciej-kopczynski\/aplikacje-webowe-w-asp-mvc-niestacjonarne\/\">Aplikacje webowe w ASP MVC<\/a><\/li>\n<\/ul>\n<p>&nbsp;<\/p>\n<h3>Erasmus<\/h3>\n<ul>\n<li>Artificial Intelligence<\/li>\n<li><a title=\"WWW applications programming in .NET technology\" href=\"https:\/\/wi.pb.edu.pl\/p\/maciej-kopczynski\/www-applications-programming-in-net-technology\/\">WWW applications programming in .NET technology<\/a><\/li>\n<\/ul>\n<p>&nbsp;<\/p>\n<h2>Konsultacje (p. 125)<\/h2>\n<ul>\n<li class=\"subj\"><a href=\"http:\/\/degra.wi.pb.edu.pl\/rozklady\/rozklad.php?id=218&amp;page=nau&amp;submit=Wy%C5%9Bwietl\">Link<\/a><\/li>\n<\/ul>\n<p>&nbsp;<\/p>\n<h2>Kontakt<\/h2>\n<p>Maciej Kopczy\u0144ski<br \/>\npok\u00f3j 125<br \/>\nemail: m.kopczynski(\/at\/)pb(\/dot\/)edu(\/dot\/)pl<br \/>\nWydzia\u0142 Informatyki<br \/>\nPolitechnika Bia\u0142ostocka<\/p>\n","protected":false},"excerpt":{"rendered":"<p>Przedmioty prowadzone w semestrze zimowym 2023\/2024: Studia stacjonarne Aplikacje webowe w ASP MVC Projekt zespo\u0142owy<a class=\"read-more\" href=\"https:\/\/wi.pb.edu.pl\/p\/maciej-kopczynski\/\" title=\"Poka\u017c artyku\u0142 dr in\u017c. Maciej Kopczy\u0144ski\">wi\u0119cej<\/a><\/p>\n","protected":false},"author":14,"featured_media":0,"parent":0,"menu_order":0,"comment_status":"closed","ping_status":"closed","template":"","meta":{"inline_featured_image":false,"ngg_post_thumbnail":0,"footnotes":""},"class_list":["post-993","page","type-page","status-publish","hentry"],"acf":[],"yoast_head":"<!-- This site is optimized with the Yoast SEO plugin v26.4 - https:\/\/yoast.com\/wordpress\/plugins\/seo\/ -->\n<title>dr in\u017c. Maciej Kopczy\u0144ski - Strony pracownik\u00f3w Wydzia\u0142u Informatyki Politechniki Bia\u0142ostockiej<\/title>\n<meta name=\"robots\" content=\"index, follow, max-snippet:-1, max-image-preview:large, max-video-preview:-1\" \/>\n<link rel=\"canonical\" href=\"https:\/\/wi.pb.edu.pl\/p\/maciej-kopczynski\/\" \/>\n<meta property=\"og:locale\" content=\"pl_PL\" \/>\n<meta property=\"og:type\" content=\"article\" \/>\n<meta property=\"og:title\" content=\"dr in\u017c. Maciej Kopczy\u0144ski - Strony pracownik\u00f3w Wydzia\u0142u Informatyki Politechniki Bia\u0142ostockiej\" \/>\n<meta property=\"og:description\" content=\"Przedmioty prowadzone w semestrze zimowym 2023\/2024: Studia stacjonarne Aplikacje webowe w ASP MVC Projekt zespo\u0142owywi\u0119cej\" \/>\n<meta property=\"og:url\" content=\"https:\/\/wi.pb.edu.pl\/p\/maciej-kopczynski\/\" \/>\n<meta property=\"og:site_name\" content=\"Strony pracownik\u00f3w Wydzia\u0142u Informatyki Politechniki Bia\u0142ostockiej\" \/>\n<meta property=\"article:modified_time\" content=\"2024-09-17T08:43:03+00:00\" \/>\n<meta name=\"twitter:card\" content=\"summary_large_image\" \/>\n<meta name=\"twitter:label1\" content=\"Szacowany czas czytania\" \/>\n\t<meta name=\"twitter:data1\" content=\"1 minuta\" \/>\n<script type=\"application\/ld+json\" class=\"yoast-schema-graph\">{\"@context\":\"https:\/\/schema.org\",\"@graph\":[{\"@type\":\"WebPage\",\"@id\":\"https:\/\/wi.pb.edu.pl\/p\/maciej-kopczynski\/\",\"url\":\"https:\/\/wi.pb.edu.pl\/p\/maciej-kopczynski\/\",\"name\":\"dr in\u017c. Maciej Kopczy\u0144ski - Strony pracownik\u00f3w Wydzia\u0142u Informatyki Politechniki Bia\u0142ostockiej\",\"isPartOf\":{\"@id\":\"https:\/\/wi.pb.edu.pl\/p\/#website\"},\"datePublished\":\"2024-07-22T08:00:45+00:00\",\"dateModified\":\"2024-09-17T08:43:03+00:00\",\"breadcrumb\":{\"@id\":\"https:\/\/wi.pb.edu.pl\/p\/maciej-kopczynski\/#breadcrumb\"},\"inLanguage\":\"pl-PL\",\"potentialAction\":[{\"@type\":\"ReadAction\",\"target\":[\"https:\/\/wi.pb.edu.pl\/p\/maciej-kopczynski\/\"]}]},{\"@type\":\"BreadcrumbList\",\"@id\":\"https:\/\/wi.pb.edu.pl\/p\/maciej-kopczynski\/#breadcrumb\",\"itemListElement\":[{\"@type\":\"ListItem\",\"position\":1,\"name\":\"Strona g\u0142\u00f3wna\",\"item\":\"https:\/\/wi.pb.edu.pl\/p\/\"},{\"@type\":\"ListItem\",\"position\":2,\"name\":\"dr in\u017c. Maciej Kopczy\u0144ski\"}]},{\"@type\":\"WebSite\",\"@id\":\"https:\/\/wi.pb.edu.pl\/p\/#website\",\"url\":\"https:\/\/wi.pb.edu.pl\/p\/\",\"name\":\"Strony pracownik\u00f3w Wydzia\u0142u Informatyki Politechniki Bia\u0142ostockiej\",\"description\":\"\",\"potentialAction\":[{\"@type\":\"SearchAction\",\"target\":{\"@type\":\"EntryPoint\",\"urlTemplate\":\"https:\/\/wi.pb.edu.pl\/p\/?s={search_term_string}\"},\"query-input\":{\"@type\":\"PropertyValueSpecification\",\"valueRequired\":true,\"valueName\":\"search_term_string\"}}],\"inLanguage\":\"pl-PL\"}]}<\/script>\n<!-- \/ Yoast SEO plugin. -->","yoast_head_json":{"title":"dr in\u017c. Maciej Kopczy\u0144ski - Strony pracownik\u00f3w Wydzia\u0142u Informatyki Politechniki Bia\u0142ostockiej","robots":{"index":"index","follow":"follow","max-snippet":"max-snippet:-1","max-image-preview":"max-image-preview:large","max-video-preview":"max-video-preview:-1"},"canonical":"https:\/\/wi.pb.edu.pl\/p\/maciej-kopczynski\/","og_locale":"pl_PL","og_type":"article","og_title":"dr in\u017c. Maciej Kopczy\u0144ski - Strony pracownik\u00f3w Wydzia\u0142u Informatyki Politechniki Bia\u0142ostockiej","og_description":"Przedmioty prowadzone w semestrze zimowym 2023\/2024: Studia stacjonarne Aplikacje webowe w ASP MVC Projekt zespo\u0142owywi\u0119cej","og_url":"https:\/\/wi.pb.edu.pl\/p\/maciej-kopczynski\/","og_site_name":"Strony pracownik\u00f3w Wydzia\u0142u Informatyki Politechniki Bia\u0142ostockiej","article_modified_time":"2024-09-17T08:43:03+00:00","twitter_card":"summary_large_image","twitter_misc":{"Szacowany czas czytania":"1 minuta"},"schema":{"@context":"https:\/\/schema.org","@graph":[{"@type":"WebPage","@id":"https:\/\/wi.pb.edu.pl\/p\/maciej-kopczynski\/","url":"https:\/\/wi.pb.edu.pl\/p\/maciej-kopczynski\/","name":"dr in\u017c. Maciej Kopczy\u0144ski - Strony pracownik\u00f3w Wydzia\u0142u Informatyki Politechniki Bia\u0142ostockiej","isPartOf":{"@id":"https:\/\/wi.pb.edu.pl\/p\/#website"},"datePublished":"2024-07-22T08:00:45+00:00","dateModified":"2024-09-17T08:43:03+00:00","breadcrumb":{"@id":"https:\/\/wi.pb.edu.pl\/p\/maciej-kopczynski\/#breadcrumb"},"inLanguage":"pl-PL","potentialAction":[{"@type":"ReadAction","target":["https:\/\/wi.pb.edu.pl\/p\/maciej-kopczynski\/"]}]},{"@type":"BreadcrumbList","@id":"https:\/\/wi.pb.edu.pl\/p\/maciej-kopczynski\/#breadcrumb","itemListElement":[{"@type":"ListItem","position":1,"name":"Strona g\u0142\u00f3wna","item":"https:\/\/wi.pb.edu.pl\/p\/"},{"@type":"ListItem","position":2,"name":"dr in\u017c. Maciej Kopczy\u0144ski"}]},{"@type":"WebSite","@id":"https:\/\/wi.pb.edu.pl\/p\/#website","url":"https:\/\/wi.pb.edu.pl\/p\/","name":"Strony pracownik\u00f3w Wydzia\u0142u Informatyki Politechniki Bia\u0142ostockiej","description":"","potentialAction":[{"@type":"SearchAction","target":{"@type":"EntryPoint","urlTemplate":"https:\/\/wi.pb.edu.pl\/p\/?s={search_term_string}"},"query-input":{"@type":"PropertyValueSpecification","valueRequired":true,"valueName":"search_term_string"}}],"inLanguage":"pl-PL"}]}},"_links":{"self":[{"href":"https:\/\/wi.pb.edu.pl\/p\/wp-json\/wp\/v2\/pages\/993","targetHints":{"allow":["GET"]}}],"collection":[{"href":"https:\/\/wi.pb.edu.pl\/p\/wp-json\/wp\/v2\/pages"}],"about":[{"href":"https:\/\/wi.pb.edu.pl\/p\/wp-json\/wp\/v2\/types\/page"}],"author":[{"embeddable":true,"href":"https:\/\/wi.pb.edu.pl\/p\/wp-json\/wp\/v2\/users\/14"}],"replies":[{"embeddable":true,"href":"https:\/\/wi.pb.edu.pl\/p\/wp-json\/wp\/v2\/comments?post=993"}],"version-history":[{"count":4,"href":"https:\/\/wi.pb.edu.pl\/p\/wp-json\/wp\/v2\/pages\/993\/revisions"}],"predecessor-version":[{"id":1890,"href":"https:\/\/wi.pb.edu.pl\/p\/wp-json\/wp\/v2\/pages\/993\/revisions\/1890"}],"wp:attachment":[{"href":"https:\/\/wi.pb.edu.pl\/p\/wp-json\/wp\/v2\/media?parent=993"}],"curies":[{"name":"wp","href":"https:\/\/api.w.org\/{rel}","templated":true}]}}