{"id":995,"date":"2024-07-22T10:04:19","date_gmt":"2024-07-22T08:04:19","guid":{"rendered":"https:\/\/wi.pb.edu.pl\/p\/?page_id=995"},"modified":"2024-07-22T10:04:19","modified_gmt":"2024-07-22T08:04:19","slug":"aplikacje-webowe-w-asp-mvc","status":"publish","type":"page","link":"https:\/\/wi.pb.edu.pl\/p\/maciej-kopczynski\/aplikacje-webowe-w-asp-mvc\/","title":{"rendered":"Aplikacje webowe w ASP MVC"},"content":{"rendered":"<ul>\n<li style=\"list-style-type: none\">\n<ul>\n<li class=\"subj\">Wyk\u0142ad 1 &#8211; Wst\u0119p do aplikacji webowych<\/li>\n<li class=\"subj\">Wyk\u0142ad 2 &#8211; architektura aplikacji MVC<\/li>\n<li class=\"subj\">Wyk\u0142ad 3 &#8211; mechanizm Model Binder<\/li>\n<li class=\"subj\">Wyk\u0142ad 4 &#8211; mechanizmy utrzymywania stanu aplikacji<\/li>\n<li class=\"subj\">Wyk\u0142ad 5 &#8211; bazy danych i Entity Framework<\/li>\n<li class=\"subj\">Wyk\u0142ad 6 &#8211; LINQ jako j\u0119zyk zapyta\u0144<\/li>\n<li class=\"subj\">Wyk\u0142ad 7 &#8211; rejestracja i logowanie z wykorzystaniem Identity<\/li>\n<li class=\"subj\">Wyk\u0142ad 8 &#8211; sprawdzian nr 1<\/li>\n<li class=\"subj\">Wyk\u0142ad 9 &#8211; biblioteka jQuery<\/li>\n<li class=\"subj\">Wyk\u0142ad 10 &#8211; AJAX i kontrolka Selectize (dzia\u0142a, brakowa\u0142o 'return&#8217; w 'render&#8217;)<\/li>\n<\/ul>\n<\/li>\n<\/ul>\n<p>&nbsp;<\/p>\n<ul>\n<li style=\"list-style-type: none\">\n<ul>\n<li class=\"subj\"><a href=\"https:\/\/wi.pb.edu.pl\/p\/wp-content\/uploads\/sites\/3\/2024\/07\/Wyniki_12_2023.pdf\">Wyniki sprawdzianu nr 1<\/a><\/li>\n<li class=\"subj\"><a href=\"https:\/\/wi.pb.edu.pl\/p\/wp-content\/uploads\/sites\/3\/2024\/07\/Wyniki_01_2024.pdf\">Wyniki sprawdzianu nr 2<\/a><\/li>\n<\/ul>\n<\/li>\n<\/ul>\n<p>&nbsp;<\/p>\n<ul>\n<li style=\"list-style-type: none\">\n<ul>\n<li class=\"subj\"><a href=\"https:\/\/wi.pb.edu.pl\/p\/wp-content\/uploads\/sites\/3\/2024\/07\/Projekty.pdf\">Projekty<\/a><\/li>\n<\/ul>\n<\/li>\n<\/ul>\n<p>&nbsp;<\/p>\n<ul>\n<li class=\"subj\"><a href=\"https:\/\/wi.pb.edu.pl\/p\/wp-content\/uploads\/sites\/3\/2024\/07\/Zasady.pdf\">Zasady zaliczenia PS<\/a><\/li>\n<\/ul>\n","protected":false},"excerpt":{"rendered":"<p>Wyk\u0142ad 1 &#8211; Wst\u0119p do aplikacji webowych Wyk\u0142ad 2 &#8211; architektura aplikacji MVC Wyk\u0142ad 3<a class=\"read-more\" href=\"https:\/\/wi.pb.edu.pl\/p\/maciej-kopczynski\/aplikacje-webowe-w-asp-mvc\/\" title=\"Poka\u017c artyku\u0142 Aplikacje webowe w ASP MVC\">wi\u0119cej<\/a><\/p>\n","protected":false},"author":14,"featured_media":0,"parent":993,"menu_order":0,"comment_status":"closed","ping_status":"closed","template":"","meta":{"inline_featured_image":false,"ngg_post_thumbnail":0,"footnotes":""},"class_list":["post-995","page","type-page","status-publish","hentry"],"acf":[],"yoast_head":"<!-- This site is optimized with the Yoast SEO plugin v26.4 - https:\/\/yoast.com\/wordpress\/plugins\/seo\/ -->\n<title>Aplikacje webowe w ASP MVC - Strony pracownik\u00f3w Wydzia\u0142u Informatyki Politechniki Bia\u0142ostockiej<\/title>\n<meta name=\"robots\" content=\"index, follow, max-snippet:-1, max-image-preview:large, max-video-preview:-1\" \/>\n<link rel=\"canonical\" href=\"https:\/\/wi.pb.edu.pl\/p\/maciej-kopczynski\/aplikacje-webowe-w-asp-mvc\/\" \/>\n<meta property=\"og:locale\" content=\"pl_PL\" \/>\n<meta property=\"og:type\" content=\"article\" \/>\n<meta property=\"og:title\" content=\"Aplikacje webowe w ASP MVC - Strony pracownik\u00f3w Wydzia\u0142u Informatyki Politechniki Bia\u0142ostockiej\" \/>\n<meta property=\"og:description\" content=\"Wyk\u0142ad 1 &#8211; Wst\u0119p do aplikacji webowych Wyk\u0142ad 2 &#8211; architektura aplikacji MVC Wyk\u0142ad 3wi\u0119cej\" \/>\n<meta property=\"og:url\" content=\"https:\/\/wi.pb.edu.pl\/p\/maciej-kopczynski\/aplikacje-webowe-w-asp-mvc\/\" \/>\n<meta property=\"og:site_name\" content=\"Strony pracownik\u00f3w Wydzia\u0142u Informatyki Politechniki Bia\u0142ostockiej\" \/>\n<meta name=\"twitter:card\" content=\"summary_large_image\" \/>\n<meta name=\"twitter:label1\" content=\"Szacowany czas czytania\" \/>\n\t<meta name=\"twitter:data1\" content=\"1 minuta\" \/>\n<script type=\"application\/ld+json\" class=\"yoast-schema-graph\">{\"@context\":\"https:\/\/schema.org\",\"@graph\":[{\"@type\":\"WebPage\",\"@id\":\"https:\/\/wi.pb.edu.pl\/p\/maciej-kopczynski\/aplikacje-webowe-w-asp-mvc\/\",\"url\":\"https:\/\/wi.pb.edu.pl\/p\/maciej-kopczynski\/aplikacje-webowe-w-asp-mvc\/\",\"name\":\"Aplikacje webowe w ASP MVC - Strony pracownik\u00f3w Wydzia\u0142u Informatyki Politechniki Bia\u0142ostockiej\",\"isPartOf\":{\"@id\":\"https:\/\/wi.pb.edu.pl\/p\/#website\"},\"datePublished\":\"2024-07-22T08:04:19+00:00\",\"breadcrumb\":{\"@id\":\"https:\/\/wi.pb.edu.pl\/p\/maciej-kopczynski\/aplikacje-webowe-w-asp-mvc\/#breadcrumb\"},\"inLanguage\":\"pl-PL\",\"potentialAction\":[{\"@type\":\"ReadAction\",\"target\":[\"https:\/\/wi.pb.edu.pl\/p\/maciej-kopczynski\/aplikacje-webowe-w-asp-mvc\/\"]}]},{\"@type\":\"BreadcrumbList\",\"@id\":\"https:\/\/wi.pb.edu.pl\/p\/maciej-kopczynski\/aplikacje-webowe-w-asp-mvc\/#breadcrumb\",\"itemListElement\":[{\"@type\":\"ListItem\",\"position\":1,\"name\":\"Strona g\u0142\u00f3wna\",\"item\":\"https:\/\/wi.pb.edu.pl\/p\/\"},{\"@type\":\"ListItem\",\"position\":2,\"name\":\"dr in\u017c. Maciej Kopczy\u0144ski\",\"item\":\"https:\/\/wi.pb.edu.pl\/p\/maciej-kopczynski\/\"},{\"@type\":\"ListItem\",\"position\":3,\"name\":\"Aplikacje webowe w ASP MVC\"}]},{\"@type\":\"WebSite\",\"@id\":\"https:\/\/wi.pb.edu.pl\/p\/#website\",\"url\":\"https:\/\/wi.pb.edu.pl\/p\/\",\"name\":\"Strony pracownik\u00f3w Wydzia\u0142u Informatyki Politechniki Bia\u0142ostockiej\",\"description\":\"\",\"potentialAction\":[{\"@type\":\"SearchAction\",\"target\":{\"@type\":\"EntryPoint\",\"urlTemplate\":\"https:\/\/wi.pb.edu.pl\/p\/?s={search_term_string}\"},\"query-input\":{\"@type\":\"PropertyValueSpecification\",\"valueRequired\":true,\"valueName\":\"search_term_string\"}}],\"inLanguage\":\"pl-PL\"}]}<\/script>\n<!-- \/ Yoast SEO plugin. -->","yoast_head_json":{"title":"Aplikacje webowe w ASP MVC - Strony pracownik\u00f3w Wydzia\u0142u Informatyki Politechniki Bia\u0142ostockiej","robots":{"index":"index","follow":"follow","max-snippet":"max-snippet:-1","max-image-preview":"max-image-preview:large","max-video-preview":"max-video-preview:-1"},"canonical":"https:\/\/wi.pb.edu.pl\/p\/maciej-kopczynski\/aplikacje-webowe-w-asp-mvc\/","og_locale":"pl_PL","og_type":"article","og_title":"Aplikacje webowe w ASP MVC - Strony pracownik\u00f3w Wydzia\u0142u Informatyki Politechniki Bia\u0142ostockiej","og_description":"Wyk\u0142ad 1 &#8211; Wst\u0119p do aplikacji webowych Wyk\u0142ad 2 &#8211; architektura aplikacji MVC Wyk\u0142ad 3wi\u0119cej","og_url":"https:\/\/wi.pb.edu.pl\/p\/maciej-kopczynski\/aplikacje-webowe-w-asp-mvc\/","og_site_name":"Strony pracownik\u00f3w Wydzia\u0142u Informatyki Politechniki Bia\u0142ostockiej","twitter_card":"summary_large_image","twitter_misc":{"Szacowany czas czytania":"1 minuta"},"schema":{"@context":"https:\/\/schema.org","@graph":[{"@type":"WebPage","@id":"https:\/\/wi.pb.edu.pl\/p\/maciej-kopczynski\/aplikacje-webowe-w-asp-mvc\/","url":"https:\/\/wi.pb.edu.pl\/p\/maciej-kopczynski\/aplikacje-webowe-w-asp-mvc\/","name":"Aplikacje webowe w ASP MVC - Strony pracownik\u00f3w Wydzia\u0142u Informatyki Politechniki Bia\u0142ostockiej","isPartOf":{"@id":"https:\/\/wi.pb.edu.pl\/p\/#website"},"datePublished":"2024-07-22T08:04:19+00:00","breadcrumb":{"@id":"https:\/\/wi.pb.edu.pl\/p\/maciej-kopczynski\/aplikacje-webowe-w-asp-mvc\/#breadcrumb"},"inLanguage":"pl-PL","potentialAction":[{"@type":"ReadAction","target":["https:\/\/wi.pb.edu.pl\/p\/maciej-kopczynski\/aplikacje-webowe-w-asp-mvc\/"]}]},{"@type":"BreadcrumbList","@id":"https:\/\/wi.pb.edu.pl\/p\/maciej-kopczynski\/aplikacje-webowe-w-asp-mvc\/#breadcrumb","itemListElement":[{"@type":"ListItem","position":1,"name":"Strona g\u0142\u00f3wna","item":"https:\/\/wi.pb.edu.pl\/p\/"},{"@type":"ListItem","position":2,"name":"dr in\u017c. Maciej Kopczy\u0144ski","item":"https:\/\/wi.pb.edu.pl\/p\/maciej-kopczynski\/"},{"@type":"ListItem","position":3,"name":"Aplikacje webowe w ASP MVC"}]},{"@type":"WebSite","@id":"https:\/\/wi.pb.edu.pl\/p\/#website","url":"https:\/\/wi.pb.edu.pl\/p\/","name":"Strony pracownik\u00f3w Wydzia\u0142u Informatyki Politechniki Bia\u0142ostockiej","description":"","potentialAction":[{"@type":"SearchAction","target":{"@type":"EntryPoint","urlTemplate":"https:\/\/wi.pb.edu.pl\/p\/?s={search_term_string}"},"query-input":{"@type":"PropertyValueSpecification","valueRequired":true,"valueName":"search_term_string"}}],"inLanguage":"pl-PL"}]}},"_links":{"self":[{"href":"https:\/\/wi.pb.edu.pl\/p\/wp-json\/wp\/v2\/pages\/995","targetHints":{"allow":["GET"]}}],"collection":[{"href":"https:\/\/wi.pb.edu.pl\/p\/wp-json\/wp\/v2\/pages"}],"about":[{"href":"https:\/\/wi.pb.edu.pl\/p\/wp-json\/wp\/v2\/types\/page"}],"author":[{"embeddable":true,"href":"https:\/\/wi.pb.edu.pl\/p\/wp-json\/wp\/v2\/users\/14"}],"replies":[{"embeddable":true,"href":"https:\/\/wi.pb.edu.pl\/p\/wp-json\/wp\/v2\/comments?post=995"}],"version-history":[{"count":1,"href":"https:\/\/wi.pb.edu.pl\/p\/wp-json\/wp\/v2\/pages\/995\/revisions"}],"predecessor-version":[{"id":1000,"href":"https:\/\/wi.pb.edu.pl\/p\/wp-json\/wp\/v2\/pages\/995\/revisions\/1000"}],"up":[{"embeddable":true,"href":"https:\/\/wi.pb.edu.pl\/p\/wp-json\/wp\/v2\/pages\/993"}],"wp:attachment":[{"href":"https:\/\/wi.pb.edu.pl\/p\/wp-json\/wp\/v2\/media?parent=995"}],"curies":[{"name":"wp","href":"https:\/\/api.w.org\/{rel}","templated":true}]}}