{"id":234,"date":"2024-02-12T22:34:45","date_gmt":"2024-02-12T21:34:45","guid":{"rendered":"https:\/\/wi.pb.edu.pl\/pi-2025\/?page_id=234"},"modified":"2025-09-19T21:28:03","modified_gmt":"2025-09-19T19:28:03","slug":"zgloszenie-szkoly","status":"publish","type":"page","link":"https:\/\/wi.pb.edu.pl\/pi-2025\/rejestracja\/zgloszenie-szkoly\/","title":{"rendered":"Zg\u0142oszenie szko\u0142y"},"content":{"rendered":"<hr>\n<p><a  class=\"pdf\" href=\"https:\/\/wi.pb.edu.pl\/pi-2025\/wp-content\/uploads\/sites\/11\/2025\/03\/Regulaminu_porzadkowy_PI-2025.pdf\" target=\"_blank\" data-id=\"422\" >Regulamin imprezy Dzie\u0144 Liczby PI &#8211; Mi\u0119dzynarodowy Dzie\u0144 Matematyki <span>(PDF, 107 KB, otworzy si\u0119 w nowej karcie)<\/span><\/a><\/p>\n<hr>\n<p>Przyjmowanie zg\u0142osze\u0144 zako\u0144czone.<\/p>\n","protected":false},"excerpt":{"rendered":"<p>Regulamin imprezy Dzie\u0144 Liczby PI &#8211; Mi\u0119dzynarodowy Dzie\u0144 Matematyki (PDF, 107 KB, otworzy si\u0119 w<a class=\"read-more\" href=\"https:\/\/wi.pb.edu.pl\/pi-2025\/rejestracja\/zgloszenie-szkoly\/\" title=\"Poka\u017c artyku\u0142 Zg\u0142oszenie szko\u0142y\">wi\u0119cej<\/a><\/p>\n","protected":false},"author":2,"featured_media":0,"parent":71,"menu_order":2,"comment_status":"closed","ping_status":"closed","template":"","meta":{"inline_featured_image":false,"ngg_post_thumbnail":0,"footnotes":""},"class_list":["post-234","page","type-page","status-publish","hentry"],"acf":[],"yoast_head":"<!-- This site is optimized with the Yoast SEO plugin v26.4 - https:\/\/yoast.com\/wordpress\/plugins\/seo\/ -->\n<title>Zg\u0142oszenie szko\u0142y - Dzie\u0144 Liczby Pi 2025, Mi\u0119dzynarodowy Dzie\u0144 Matematyki<\/title>\n<meta name=\"robots\" content=\"index, follow, max-snippet:-1, max-image-preview:large, max-video-preview:-1\" \/>\n<link rel=\"canonical\" href=\"https:\/\/wi.pb.edu.pl\/pi-2025\/rejestracja\/zgloszenie-szkoly\/\" \/>\n<meta property=\"og:locale\" content=\"pl_PL\" \/>\n<meta property=\"og:type\" content=\"article\" \/>\n<meta property=\"og:title\" content=\"Zg\u0142oszenie szko\u0142y - Dzie\u0144 Liczby Pi 2025, Mi\u0119dzynarodowy Dzie\u0144 Matematyki\" \/>\n<meta property=\"og:description\" content=\"Regulamin imprezy Dzie\u0144 Liczby PI &#8211; Mi\u0119dzynarodowy Dzie\u0144 Matematyki (PDF, 107 KB, otworzy si\u0119 wwi\u0119cej\" \/>\n<meta property=\"og:url\" content=\"https:\/\/wi.pb.edu.pl\/pi-2025\/rejestracja\/zgloszenie-szkoly\/\" \/>\n<meta property=\"og:site_name\" content=\"Dzie\u0144 Liczby Pi 2025, Mi\u0119dzynarodowy Dzie\u0144 Matematyki\" \/>\n<meta property=\"article:modified_time\" content=\"2025-09-19T19:28:03+00:00\" \/>\n<meta name=\"twitter:card\" content=\"summary_large_image\" \/>\n<meta name=\"twitter:label1\" content=\"Szacowany czas czytania\" \/>\n\t<meta name=\"twitter:data1\" content=\"1 minuta\" \/>\n<script type=\"application\/ld+json\" class=\"yoast-schema-graph\">{\"@context\":\"https:\/\/schema.org\",\"@graph\":[{\"@type\":\"WebPage\",\"@id\":\"https:\/\/wi.pb.edu.pl\/pi-2025\/rejestracja\/zgloszenie-szkoly\/\",\"url\":\"https:\/\/wi.pb.edu.pl\/pi-2025\/rejestracja\/zgloszenie-szkoly\/\",\"name\":\"Zg\u0142oszenie szko\u0142y - Dzie\u0144 Liczby Pi 2025, Mi\u0119dzynarodowy Dzie\u0144 Matematyki\",\"isPartOf\":{\"@id\":\"https:\/\/wi.pb.edu.pl\/pi-2025\/#website\"},\"datePublished\":\"2024-02-12T21:34:45+00:00\",\"dateModified\":\"2025-09-19T19:28:03+00:00\",\"breadcrumb\":{\"@id\":\"https:\/\/wi.pb.edu.pl\/pi-2025\/rejestracja\/zgloszenie-szkoly\/#breadcrumb\"},\"inLanguage\":\"pl-PL\",\"potentialAction\":[{\"@type\":\"ReadAction\",\"target\":[\"https:\/\/wi.pb.edu.pl\/pi-2025\/rejestracja\/zgloszenie-szkoly\/\"]}]},{\"@type\":\"BreadcrumbList\",\"@id\":\"https:\/\/wi.pb.edu.pl\/pi-2025\/rejestracja\/zgloszenie-szkoly\/#breadcrumb\",\"itemListElement\":[{\"@type\":\"ListItem\",\"position\":1,\"name\":\"Strona g\u0142\u00f3wna\",\"item\":\"https:\/\/wi.pb.edu.pl\/pi-2025\/\"},{\"@type\":\"ListItem\",\"position\":2,\"name\":\"Rejestracja\",\"item\":\"https:\/\/wi.pb.edu.pl\/pi-2025\/rejestracja\/\"},{\"@type\":\"ListItem\",\"position\":3,\"name\":\"Zg\u0142oszenie szko\u0142y\"}]},{\"@type\":\"WebSite\",\"@id\":\"https:\/\/wi.pb.edu.pl\/pi-2025\/#website\",\"url\":\"https:\/\/wi.pb.edu.pl\/pi-2025\/\",\"name\":\"Dzie\u0144 Liczby Pi 2025, Mi\u0119dzynarodowy Dzie\u0144 Matematyki\",\"description\":\"\",\"potentialAction\":[{\"@type\":\"SearchAction\",\"target\":{\"@type\":\"EntryPoint\",\"urlTemplate\":\"https:\/\/wi.pb.edu.pl\/pi-2025\/?s={search_term_string}\"},\"query-input\":{\"@type\":\"PropertyValueSpecification\",\"valueRequired\":true,\"valueName\":\"search_term_string\"}}],\"inLanguage\":\"pl-PL\"}]}<\/script>\n<!-- \/ Yoast SEO plugin. -->","yoast_head_json":{"title":"Zg\u0142oszenie szko\u0142y - Dzie\u0144 Liczby Pi 2025, Mi\u0119dzynarodowy Dzie\u0144 Matematyki","robots":{"index":"index","follow":"follow","max-snippet":"max-snippet:-1","max-image-preview":"max-image-preview:large","max-video-preview":"max-video-preview:-1"},"canonical":"https:\/\/wi.pb.edu.pl\/pi-2025\/rejestracja\/zgloszenie-szkoly\/","og_locale":"pl_PL","og_type":"article","og_title":"Zg\u0142oszenie szko\u0142y - Dzie\u0144 Liczby Pi 2025, Mi\u0119dzynarodowy Dzie\u0144 Matematyki","og_description":"Regulamin imprezy Dzie\u0144 Liczby PI &#8211; Mi\u0119dzynarodowy Dzie\u0144 Matematyki (PDF, 107 KB, otworzy si\u0119 wwi\u0119cej","og_url":"https:\/\/wi.pb.edu.pl\/pi-2025\/rejestracja\/zgloszenie-szkoly\/","og_site_name":"Dzie\u0144 Liczby Pi 2025, Mi\u0119dzynarodowy Dzie\u0144 Matematyki","article_modified_time":"2025-09-19T19:28:03+00:00","twitter_card":"summary_large_image","twitter_misc":{"Szacowany czas czytania":"1 minuta"},"schema":{"@context":"https:\/\/schema.org","@graph":[{"@type":"WebPage","@id":"https:\/\/wi.pb.edu.pl\/pi-2025\/rejestracja\/zgloszenie-szkoly\/","url":"https:\/\/wi.pb.edu.pl\/pi-2025\/rejestracja\/zgloszenie-szkoly\/","name":"Zg\u0142oszenie szko\u0142y - Dzie\u0144 Liczby Pi 2025, Mi\u0119dzynarodowy Dzie\u0144 Matematyki","isPartOf":{"@id":"https:\/\/wi.pb.edu.pl\/pi-2025\/#website"},"datePublished":"2024-02-12T21:34:45+00:00","dateModified":"2025-09-19T19:28:03+00:00","breadcrumb":{"@id":"https:\/\/wi.pb.edu.pl\/pi-2025\/rejestracja\/zgloszenie-szkoly\/#breadcrumb"},"inLanguage":"pl-PL","potentialAction":[{"@type":"ReadAction","target":["https:\/\/wi.pb.edu.pl\/pi-2025\/rejestracja\/zgloszenie-szkoly\/"]}]},{"@type":"BreadcrumbList","@id":"https:\/\/wi.pb.edu.pl\/pi-2025\/rejestracja\/zgloszenie-szkoly\/#breadcrumb","itemListElement":[{"@type":"ListItem","position":1,"name":"Strona g\u0142\u00f3wna","item":"https:\/\/wi.pb.edu.pl\/pi-2025\/"},{"@type":"ListItem","position":2,"name":"Rejestracja","item":"https:\/\/wi.pb.edu.pl\/pi-2025\/rejestracja\/"},{"@type":"ListItem","position":3,"name":"Zg\u0142oszenie szko\u0142y"}]},{"@type":"WebSite","@id":"https:\/\/wi.pb.edu.pl\/pi-2025\/#website","url":"https:\/\/wi.pb.edu.pl\/pi-2025\/","name":"Dzie\u0144 Liczby Pi 2025, Mi\u0119dzynarodowy Dzie\u0144 Matematyki","description":"","potentialAction":[{"@type":"SearchAction","target":{"@type":"EntryPoint","urlTemplate":"https:\/\/wi.pb.edu.pl\/pi-2025\/?s={search_term_string}"},"query-input":{"@type":"PropertyValueSpecification","valueRequired":true,"valueName":"search_term_string"}}],"inLanguage":"pl-PL"}]}},"_links":{"self":[{"href":"https:\/\/wi.pb.edu.pl\/pi-2025\/wp-json\/wp\/v2\/pages\/234","targetHints":{"allow":["GET"]}}],"collection":[{"href":"https:\/\/wi.pb.edu.pl\/pi-2025\/wp-json\/wp\/v2\/pages"}],"about":[{"href":"https:\/\/wi.pb.edu.pl\/pi-2025\/wp-json\/wp\/v2\/types\/page"}],"author":[{"embeddable":true,"href":"https:\/\/wi.pb.edu.pl\/pi-2025\/wp-json\/wp\/v2\/users\/2"}],"replies":[{"embeddable":true,"href":"https:\/\/wi.pb.edu.pl\/pi-2025\/wp-json\/wp\/v2\/comments?post=234"}],"version-history":[{"count":8,"href":"https:\/\/wi.pb.edu.pl\/pi-2025\/wp-json\/wp\/v2\/pages\/234\/revisions"}],"predecessor-version":[{"id":428,"href":"https:\/\/wi.pb.edu.pl\/pi-2025\/wp-json\/wp\/v2\/pages\/234\/revisions\/428"}],"up":[{"embeddable":true,"href":"https:\/\/wi.pb.edu.pl\/pi-2025\/wp-json\/wp\/v2\/pages\/71"}],"wp:attachment":[{"href":"https:\/\/wi.pb.edu.pl\/pi-2025\/wp-json\/wp\/v2\/media?parent=234"}],"curies":[{"name":"wp","href":"https:\/\/api.w.org\/{rel}","templated":true}]}}