{"id":41,"date":"2024-01-29T22:51:46","date_gmt":"2024-01-29T21:51:46","guid":{"rendered":"https:\/\/wi.pb.edu.pl\/pi\/?page_id=41"},"modified":"2024-02-10T19:28:53","modified_gmt":"2024-02-10T18:28:53","slug":"o-liczbie-pi","status":"publish","type":"page","link":"https:\/\/wi.pb.edu.pl\/pi\/o-liczbie-pi\/","title":{"rendered":"O liczbie \u03c0"},"content":{"rendered":"<div class=\"row\">\n<div class=\"col-sm-6\">\n<div class=\"embed-responsive embed-responsive-16by9\"><iframe loading=\"lazy\" title=\"Calculating \u03c0 by hand\" width=\"500\" height=\"281\" src=\"https:\/\/www.youtube.com\/embed\/HrRMnzANHHs?feature=oembed\" frameborder=\"0\" allow=\"accelerometer; autoplay; clipboard-write; encrypted-media; gyroscope; picture-in-picture; web-share\" referrerpolicy=\"strict-origin-when-cross-origin\" allowfullscreen><\/iframe><\/div>\n<\/div>\n<div class=\"col-sm-6\">\n<div class=\"embed-responsive embed-responsive-16by9\"><iframe loading=\"lazy\" title=\"Pi and Buffon&#039;s Matches - Numberphile\" width=\"500\" height=\"281\" src=\"https:\/\/www.youtube.com\/embed\/sJVivjuMfWA?feature=oembed\" frameborder=\"0\" allow=\"accelerometer; autoplay; clipboard-write; encrypted-media; gyroscope; picture-in-picture; web-share\" referrerpolicy=\"strict-origin-when-cross-origin\" allowfullscreen><\/iframe><\/div>\n<\/div>\n<\/div>\n<p>&nbsp;<\/p>\n<p><a href=\"http:\/\/joemonster.org\/art\/39021\/7_interesujacych_ciekawostek_o_liczbie\">Zbli\u017ca si\u0119 14 marca, wi\u0119c to czas na kilka interesuj\u0105cych fakt\u00f3w o liczbie \u03c0<\/a><\/p>\n<p><a href=\"http:\/\/systemyliczbowe.urfu.pl\">Przelicznik system\u00f3w liczbowych<\/a><br \/>\n&nbsp;<\/p>\n","protected":false},"excerpt":{"rendered":"<p>&nbsp; Zbli\u017ca si\u0119 14 marca, wi\u0119c to czas na kilka interesuj\u0105cych fakt\u00f3w o liczbie \u03c0<a class=\"read-more\" href=\"https:\/\/wi.pb.edu.pl\/pi\/o-liczbie-pi\/\" title=\"Poka\u017c artyku\u0142 O liczbie \u03c0\">wi\u0119cej<\/a><\/p>\n","protected":false},"author":2,"featured_media":0,"parent":0,"menu_order":1,"comment_status":"closed","ping_status":"closed","template":"","meta":{"inline_featured_image":false,"ngg_post_thumbnail":0,"footnotes":""},"class_list":["post-41","page","type-page","status-publish","hentry"],"acf":[],"yoast_head":"<!-- This site is optimized with the Yoast SEO plugin v26.4 - https:\/\/yoast.com\/wordpress\/plugins\/seo\/ -->\n<title>O liczbie \u03c0 - Dzie\u0144 Liczby Pi, Mi\u0119dzynarodowy Dzie\u0144 Matematyki<\/title>\n<meta name=\"robots\" content=\"index, follow, max-snippet:-1, max-image-preview:large, max-video-preview:-1\" \/>\n<link rel=\"canonical\" href=\"https:\/\/wi.pb.edu.pl\/pi\/o-liczbie-pi\/\" \/>\n<meta property=\"og:locale\" content=\"pl_PL\" \/>\n<meta property=\"og:type\" content=\"article\" \/>\n<meta property=\"og:title\" content=\"O liczbie \u03c0 - Dzie\u0144 Liczby Pi, Mi\u0119dzynarodowy Dzie\u0144 Matematyki\" \/>\n<meta property=\"og:description\" content=\"&nbsp; Zbli\u017ca si\u0119 14 marca, wi\u0119c to czas na kilka interesuj\u0105cych fakt\u00f3w o liczbie \u03c0wi\u0119cej\" \/>\n<meta property=\"og:url\" content=\"https:\/\/wi.pb.edu.pl\/pi\/o-liczbie-pi\/\" \/>\n<meta property=\"og:site_name\" content=\"Dzie\u0144 Liczby Pi, Mi\u0119dzynarodowy Dzie\u0144 Matematyki\" \/>\n<meta property=\"article:modified_time\" content=\"2024-02-10T18:28:53+00:00\" \/>\n<meta name=\"twitter:card\" content=\"summary_large_image\" \/>\n<meta name=\"twitter:label1\" content=\"Szacowany czas czytania\" \/>\n\t<meta name=\"twitter:data1\" content=\"1 minuta\" \/>\n<script type=\"application\/ld+json\" class=\"yoast-schema-graph\">{\"@context\":\"https:\/\/schema.org\",\"@graph\":[{\"@type\":\"WebPage\",\"@id\":\"https:\/\/wi.pb.edu.pl\/pi\/o-liczbie-pi\/\",\"url\":\"https:\/\/wi.pb.edu.pl\/pi\/o-liczbie-pi\/\",\"name\":\"O liczbie \u03c0 - Dzie\u0144 Liczby Pi, Mi\u0119dzynarodowy Dzie\u0144 Matematyki\",\"isPartOf\":{\"@id\":\"https:\/\/wi.pb.edu.pl\/pi\/#website\"},\"datePublished\":\"2024-01-29T21:51:46+00:00\",\"dateModified\":\"2024-02-10T18:28:53+00:00\",\"breadcrumb\":{\"@id\":\"https:\/\/wi.pb.edu.pl\/pi\/o-liczbie-pi\/#breadcrumb\"},\"inLanguage\":\"pl-PL\",\"potentialAction\":[{\"@type\":\"ReadAction\",\"target\":[\"https:\/\/wi.pb.edu.pl\/pi\/o-liczbie-pi\/\"]}]},{\"@type\":\"BreadcrumbList\",\"@id\":\"https:\/\/wi.pb.edu.pl\/pi\/o-liczbie-pi\/#breadcrumb\",\"itemListElement\":[{\"@type\":\"ListItem\",\"position\":1,\"name\":\"Strona g\u0142\u00f3wna\",\"item\":\"https:\/\/wi.pb.edu.pl\/pi\/\"},{\"@type\":\"ListItem\",\"position\":2,\"name\":\"O liczbie \u03c0\"}]},{\"@type\":\"WebSite\",\"@id\":\"https:\/\/wi.pb.edu.pl\/pi\/#website\",\"url\":\"https:\/\/wi.pb.edu.pl\/pi\/\",\"name\":\"Dzie\u0144 Liczby Pi, Mi\u0119dzynarodowy Dzie\u0144 Matematyki\",\"description\":\"\",\"potentialAction\":[{\"@type\":\"SearchAction\",\"target\":{\"@type\":\"EntryPoint\",\"urlTemplate\":\"https:\/\/wi.pb.edu.pl\/pi\/?s={search_term_string}\"},\"query-input\":{\"@type\":\"PropertyValueSpecification\",\"valueRequired\":true,\"valueName\":\"search_term_string\"}}],\"inLanguage\":\"pl-PL\"}]}<\/script>\n<!-- \/ Yoast SEO plugin. -->","yoast_head_json":{"title":"O liczbie \u03c0 - Dzie\u0144 Liczby Pi, Mi\u0119dzynarodowy Dzie\u0144 Matematyki","robots":{"index":"index","follow":"follow","max-snippet":"max-snippet:-1","max-image-preview":"max-image-preview:large","max-video-preview":"max-video-preview:-1"},"canonical":"https:\/\/wi.pb.edu.pl\/pi\/o-liczbie-pi\/","og_locale":"pl_PL","og_type":"article","og_title":"O liczbie \u03c0 - Dzie\u0144 Liczby Pi, Mi\u0119dzynarodowy Dzie\u0144 Matematyki","og_description":"&nbsp; Zbli\u017ca si\u0119 14 marca, wi\u0119c to czas na kilka interesuj\u0105cych fakt\u00f3w o liczbie \u03c0wi\u0119cej","og_url":"https:\/\/wi.pb.edu.pl\/pi\/o-liczbie-pi\/","og_site_name":"Dzie\u0144 Liczby Pi, Mi\u0119dzynarodowy Dzie\u0144 Matematyki","article_modified_time":"2024-02-10T18:28:53+00:00","twitter_card":"summary_large_image","twitter_misc":{"Szacowany czas czytania":"1 minuta"},"schema":{"@context":"https:\/\/schema.org","@graph":[{"@type":"WebPage","@id":"https:\/\/wi.pb.edu.pl\/pi\/o-liczbie-pi\/","url":"https:\/\/wi.pb.edu.pl\/pi\/o-liczbie-pi\/","name":"O liczbie \u03c0 - Dzie\u0144 Liczby Pi, Mi\u0119dzynarodowy Dzie\u0144 Matematyki","isPartOf":{"@id":"https:\/\/wi.pb.edu.pl\/pi\/#website"},"datePublished":"2024-01-29T21:51:46+00:00","dateModified":"2024-02-10T18:28:53+00:00","breadcrumb":{"@id":"https:\/\/wi.pb.edu.pl\/pi\/o-liczbie-pi\/#breadcrumb"},"inLanguage":"pl-PL","potentialAction":[{"@type":"ReadAction","target":["https:\/\/wi.pb.edu.pl\/pi\/o-liczbie-pi\/"]}]},{"@type":"BreadcrumbList","@id":"https:\/\/wi.pb.edu.pl\/pi\/o-liczbie-pi\/#breadcrumb","itemListElement":[{"@type":"ListItem","position":1,"name":"Strona g\u0142\u00f3wna","item":"https:\/\/wi.pb.edu.pl\/pi\/"},{"@type":"ListItem","position":2,"name":"O liczbie \u03c0"}]},{"@type":"WebSite","@id":"https:\/\/wi.pb.edu.pl\/pi\/#website","url":"https:\/\/wi.pb.edu.pl\/pi\/","name":"Dzie\u0144 Liczby Pi, Mi\u0119dzynarodowy Dzie\u0144 Matematyki","description":"","potentialAction":[{"@type":"SearchAction","target":{"@type":"EntryPoint","urlTemplate":"https:\/\/wi.pb.edu.pl\/pi\/?s={search_term_string}"},"query-input":{"@type":"PropertyValueSpecification","valueRequired":true,"valueName":"search_term_string"}}],"inLanguage":"pl-PL"}]}},"_links":{"self":[{"href":"https:\/\/wi.pb.edu.pl\/pi\/wp-json\/wp\/v2\/pages\/41","targetHints":{"allow":["GET"]}}],"collection":[{"href":"https:\/\/wi.pb.edu.pl\/pi\/wp-json\/wp\/v2\/pages"}],"about":[{"href":"https:\/\/wi.pb.edu.pl\/pi\/wp-json\/wp\/v2\/types\/page"}],"author":[{"embeddable":true,"href":"https:\/\/wi.pb.edu.pl\/pi\/wp-json\/wp\/v2\/users\/2"}],"replies":[{"embeddable":true,"href":"https:\/\/wi.pb.edu.pl\/pi\/wp-json\/wp\/v2\/comments?post=41"}],"version-history":[{"count":11,"href":"https:\/\/wi.pb.edu.pl\/pi\/wp-json\/wp\/v2\/pages\/41\/revisions"}],"predecessor-version":[{"id":203,"href":"https:\/\/wi.pb.edu.pl\/pi\/wp-json\/wp\/v2\/pages\/41\/revisions\/203"}],"wp:attachment":[{"href":"https:\/\/wi.pb.edu.pl\/pi\/wp-json\/wp\/v2\/media?parent=41"}],"curies":[{"name":"wp","href":"https:\/\/api.w.org\/{rel}","templated":true}]}}