{"id":71,"date":"2024-02-09T00:16:28","date_gmt":"2024-02-08T23:16:28","guid":{"rendered":"https:\/\/wi.pb.edu.pl\/pi\/?page_id=71"},"modified":"2026-03-13T22:01:42","modified_gmt":"2026-03-13T21:01:42","slug":"rejestracja","status":"publish","type":"page","link":"https:\/\/wi.pb.edu.pl\/pi\/rejestracja\/","title":{"rendered":"Rejestracja"},"content":{"rendered":"<p>Rejestracja zako\u0144czona.<br \/>\nDzi\u0119kujemy za udzia\u0142 w wydarzeniu.<\/p>\n","protected":false},"excerpt":{"rendered":"<p>Rejestracja zako\u0144czona. Dzi\u0119kujemy za udzia\u0142 w wydarzeniu.<\/p>\n","protected":false},"author":2,"featured_media":0,"parent":0,"menu_order":3,"comment_status":"closed","ping_status":"closed","template":"","meta":{"inline_featured_image":false,"ngg_post_thumbnail":0,"footnotes":""},"class_list":["post-71","page","type-page","status-publish","hentry"],"acf":[],"yoast_head":"<!-- This site is optimized with the Yoast SEO plugin v26.4 - https:\/\/yoast.com\/wordpress\/plugins\/seo\/ -->\n<title>Rejestracja - Dzie\u0144 Liczby Pi, Mi\u0119dzynarodowy Dzie\u0144 Matematyki<\/title>\n<meta name=\"robots\" content=\"index, follow, max-snippet:-1, max-image-preview:large, max-video-preview:-1\" \/>\n<link rel=\"canonical\" href=\"https:\/\/wi.pb.edu.pl\/pi\/rejestracja\/\" \/>\n<meta property=\"og:locale\" content=\"pl_PL\" \/>\n<meta property=\"og:type\" content=\"article\" \/>\n<meta property=\"og:title\" content=\"Rejestracja - Dzie\u0144 Liczby Pi, Mi\u0119dzynarodowy Dzie\u0144 Matematyki\" \/>\n<meta property=\"og:description\" content=\"Rejestracja zako\u0144czona. Dzi\u0119kujemy za udzia\u0142 w wydarzeniu.\" \/>\n<meta property=\"og:url\" content=\"https:\/\/wi.pb.edu.pl\/pi\/rejestracja\/\" \/>\n<meta property=\"og:site_name\" content=\"Dzie\u0144 Liczby Pi, Mi\u0119dzynarodowy Dzie\u0144 Matematyki\" \/>\n<meta property=\"article:modified_time\" content=\"2026-03-13T21:01:42+00:00\" \/>\n<meta name=\"twitter:card\" content=\"summary_large_image\" \/>\n<meta name=\"twitter:label1\" content=\"Szacowany czas czytania\" \/>\n\t<meta name=\"twitter:data1\" content=\"1 minuta\" \/>\n<script type=\"application\/ld+json\" class=\"yoast-schema-graph\">{\"@context\":\"https:\/\/schema.org\",\"@graph\":[{\"@type\":\"WebPage\",\"@id\":\"https:\/\/wi.pb.edu.pl\/pi\/rejestracja\/\",\"url\":\"https:\/\/wi.pb.edu.pl\/pi\/rejestracja\/\",\"name\":\"Rejestracja - Dzie\u0144 Liczby Pi, Mi\u0119dzynarodowy Dzie\u0144 Matematyki\",\"isPartOf\":{\"@id\":\"https:\/\/wi.pb.edu.pl\/pi\/#website\"},\"datePublished\":\"2024-02-08T23:16:28+00:00\",\"dateModified\":\"2026-03-13T21:01:42+00:00\",\"breadcrumb\":{\"@id\":\"https:\/\/wi.pb.edu.pl\/pi\/rejestracja\/#breadcrumb\"},\"inLanguage\":\"pl-PL\",\"potentialAction\":[{\"@type\":\"ReadAction\",\"target\":[\"https:\/\/wi.pb.edu.pl\/pi\/rejestracja\/\"]}]},{\"@type\":\"BreadcrumbList\",\"@id\":\"https:\/\/wi.pb.edu.pl\/pi\/rejestracja\/#breadcrumb\",\"itemListElement\":[{\"@type\":\"ListItem\",\"position\":1,\"name\":\"Strona g\u0142\u00f3wna\",\"item\":\"https:\/\/wi.pb.edu.pl\/pi\/\"},{\"@type\":\"ListItem\",\"position\":2,\"name\":\"Rejestracja\"}]},{\"@type\":\"WebSite\",\"@id\":\"https:\/\/wi.pb.edu.pl\/pi\/#website\",\"url\":\"https:\/\/wi.pb.edu.pl\/pi\/\",\"name\":\"Dzie\u0144 Liczby Pi, Mi\u0119dzynarodowy Dzie\u0144 Matematyki\",\"description\":\"\",\"potentialAction\":[{\"@type\":\"SearchAction\",\"target\":{\"@type\":\"EntryPoint\",\"urlTemplate\":\"https:\/\/wi.pb.edu.pl\/pi\/?s={search_term_string}\"},\"query-input\":{\"@type\":\"PropertyValueSpecification\",\"valueRequired\":true,\"valueName\":\"search_term_string\"}}],\"inLanguage\":\"pl-PL\"}]}<\/script>\n<!-- \/ Yoast SEO plugin. -->","yoast_head_json":{"title":"Rejestracja - Dzie\u0144 Liczby Pi, Mi\u0119dzynarodowy Dzie\u0144 Matematyki","robots":{"index":"index","follow":"follow","max-snippet":"max-snippet:-1","max-image-preview":"max-image-preview:large","max-video-preview":"max-video-preview:-1"},"canonical":"https:\/\/wi.pb.edu.pl\/pi\/rejestracja\/","og_locale":"pl_PL","og_type":"article","og_title":"Rejestracja - Dzie\u0144 Liczby Pi, Mi\u0119dzynarodowy Dzie\u0144 Matematyki","og_description":"Rejestracja zako\u0144czona. Dzi\u0119kujemy za udzia\u0142 w wydarzeniu.","og_url":"https:\/\/wi.pb.edu.pl\/pi\/rejestracja\/","og_site_name":"Dzie\u0144 Liczby Pi, Mi\u0119dzynarodowy Dzie\u0144 Matematyki","article_modified_time":"2026-03-13T21:01:42+00:00","twitter_card":"summary_large_image","twitter_misc":{"Szacowany czas czytania":"1 minuta"},"schema":{"@context":"https:\/\/schema.org","@graph":[{"@type":"WebPage","@id":"https:\/\/wi.pb.edu.pl\/pi\/rejestracja\/","url":"https:\/\/wi.pb.edu.pl\/pi\/rejestracja\/","name":"Rejestracja - Dzie\u0144 Liczby Pi, Mi\u0119dzynarodowy Dzie\u0144 Matematyki","isPartOf":{"@id":"https:\/\/wi.pb.edu.pl\/pi\/#website"},"datePublished":"2024-02-08T23:16:28+00:00","dateModified":"2026-03-13T21:01:42+00:00","breadcrumb":{"@id":"https:\/\/wi.pb.edu.pl\/pi\/rejestracja\/#breadcrumb"},"inLanguage":"pl-PL","potentialAction":[{"@type":"ReadAction","target":["https:\/\/wi.pb.edu.pl\/pi\/rejestracja\/"]}]},{"@type":"BreadcrumbList","@id":"https:\/\/wi.pb.edu.pl\/pi\/rejestracja\/#breadcrumb","itemListElement":[{"@type":"ListItem","position":1,"name":"Strona g\u0142\u00f3wna","item":"https:\/\/wi.pb.edu.pl\/pi\/"},{"@type":"ListItem","position":2,"name":"Rejestracja"}]},{"@type":"WebSite","@id":"https:\/\/wi.pb.edu.pl\/pi\/#website","url":"https:\/\/wi.pb.edu.pl\/pi\/","name":"Dzie\u0144 Liczby Pi, Mi\u0119dzynarodowy Dzie\u0144 Matematyki","description":"","potentialAction":[{"@type":"SearchAction","target":{"@type":"EntryPoint","urlTemplate":"https:\/\/wi.pb.edu.pl\/pi\/?s={search_term_string}"},"query-input":{"@type":"PropertyValueSpecification","valueRequired":true,"valueName":"search_term_string"}}],"inLanguage":"pl-PL"}]}},"_links":{"self":[{"href":"https:\/\/wi.pb.edu.pl\/pi\/wp-json\/wp\/v2\/pages\/71","targetHints":{"allow":["GET"]}}],"collection":[{"href":"https:\/\/wi.pb.edu.pl\/pi\/wp-json\/wp\/v2\/pages"}],"about":[{"href":"https:\/\/wi.pb.edu.pl\/pi\/wp-json\/wp\/v2\/types\/page"}],"author":[{"embeddable":true,"href":"https:\/\/wi.pb.edu.pl\/pi\/wp-json\/wp\/v2\/users\/2"}],"replies":[{"embeddable":true,"href":"https:\/\/wi.pb.edu.pl\/pi\/wp-json\/wp\/v2\/comments?post=71"}],"version-history":[{"count":4,"href":"https:\/\/wi.pb.edu.pl\/pi\/wp-json\/wp\/v2\/pages\/71\/revisions"}],"predecessor-version":[{"id":493,"href":"https:\/\/wi.pb.edu.pl\/pi\/wp-json\/wp\/v2\/pages\/71\/revisions\/493"}],"wp:attachment":[{"href":"https:\/\/wi.pb.edu.pl\/pi\/wp-json\/wp\/v2\/media?parent=71"}],"curies":[{"name":"wp","href":"https:\/\/api.w.org\/{rel}","templated":true}]}}