{"id":74,"date":"2024-02-09T00:17:55","date_gmt":"2024-02-08T23:17:55","guid":{"rendered":"https:\/\/wi.pb.edu.pl\/pi\/?page_id=74"},"modified":"2024-02-24T00:02:59","modified_gmt":"2024-02-23T23:02:59","slug":"historia","status":"publish","type":"page","link":"https:\/\/wi.pb.edu.pl\/pi\/historia\/","title":{"rendered":"Historia"},"content":{"rendered":"<p><img loading=\"lazy\" decoding=\"async\" class=\"alignright wp-image-117\" src=\"https:\/\/wi.pb.edu.pl\/pi\/wp-content\/uploads\/sites\/5\/2024\/02\/box-historia.jpg\" alt=\"Pi number day, Celebrate\" width=\"365\" height=\"243\" srcset=\"https:\/\/wi.pb.edu.pl\/pi\/wp-content\/uploads\/sites\/5\/2024\/02\/box-historia.jpg 800w, https:\/\/wi.pb.edu.pl\/pi\/wp-content\/uploads\/sites\/5\/2024\/02\/box-historia-300x200.jpg 300w, https:\/\/wi.pb.edu.pl\/pi\/wp-content\/uploads\/sites\/5\/2024\/02\/box-historia-768x512.jpg 768w, https:\/\/wi.pb.edu.pl\/pi\/wp-content\/uploads\/sites\/5\/2024\/02\/box-historia-480x320.jpg 480w\" sizes=\"auto, (max-width: 365px) 100vw, 365px\" \/>W dniu 25 listopada 2019 roku <a href=\"https:\/\/www.unesco.org\/en\">UNESCO<\/a> podj\u0119\u0142o proklamacj\u0119 o ustanowieniu 14 marca Mi\u0119dzynarodowym Dniem Matematyki (<a href=\"https:\/\/www.idm314.org\/\">International Day of Mathematics &#8211; IDM<\/a>). Pierwsze obchody odby\u0142y si\u0119 w 2020 roku.<\/p>\n<p>Dat\u0119 14 marca w notacji ameryka\u0144skiej zapisuje si\u0119 jako 3.14, co kojarzy si\u0119 z przybli\u017ceniem liczby \u03c0. Wiele ameryka\u0144skich szk\u00f3\u0142 obchodzi wtedy \u015bwi\u0119to matematyki tzw. Pi Day. Od 1988 roku jest to oficjalne \u015bwi\u0119to w San Francisco, uznane zosta\u0142o (niewi\u0105\u017c\u0105c\u0105) uchwa\u0142\u0105 Izby Reprezentant\u00f3w ameryka\u0144skiego Kongresu. Warto przypomnie\u0107, \u017ce dzie\u0144 ten jest jednocze\u015bnie rocznic\u0105 urodzin <a href=\"https:\/\/encyklopedia.pwn.pl\/haslo\/Sierpinski-Waclaw-Franciszek;3975060.html\">Wac\u0142awa Sierpi\u0144skiego<\/a> i <a href=\"https:\/\/encyklopedia.pwn.pl\/szukaj\/Einstein%20Albert.html\">Alberta Einsteina<\/a>.<\/p>\n<p><a href=\"https:\/\/wi.pb.edu.pl\">Wydzia\u0142 Informatyki Politechniki Bia\u0142ostockiej<\/a> \u015bwi\u0119tuje Dzie\u0144 Liczby \u03c0 ju\u017c od 15 lat. Tego dnia pracownicy Wydzia\u0142u wyg\u0142aszaj\u0105 okazjonalne wyk\u0142ady, przeprowadzaj\u0105 warsztaty i konkursy dla uczni\u00f3w, student\u00f3w, nauczycieli i wszystkich zainteresowanych, za\u015b studenci z <a href=\"https:\/\/wi.pb.edu.pl\/studenci\/kola-naukowe\/\">k\u00f3\u0142 naukowych WI<\/a> organizuj\u0105 Piknik Matematyczny.<\/p>\n","protected":false},"excerpt":{"rendered":"<p>W dniu 25 listopada 2019 roku UNESCO podj\u0119\u0142o proklamacj\u0119 o ustanowieniu 14 marca Mi\u0119dzynarodowym Dniem<a class=\"read-more\" href=\"https:\/\/wi.pb.edu.pl\/pi\/historia\/\" title=\"Poka\u017c artyku\u0142 Historia\">wi\u0119cej<\/a><\/p>\n","protected":false},"author":2,"featured_media":0,"parent":0,"menu_order":4,"comment_status":"closed","ping_status":"closed","template":"","meta":{"inline_featured_image":false,"ngg_post_thumbnail":0,"footnotes":""},"class_list":["post-74","page","type-page","status-publish","hentry"],"acf":[],"yoast_head":"<!-- This site is optimized with the Yoast SEO plugin v26.4 - https:\/\/yoast.com\/wordpress\/plugins\/seo\/ -->\n<title>Historia - Dzie\u0144 Liczby Pi, Mi\u0119dzynarodowy Dzie\u0144 Matematyki<\/title>\n<meta name=\"robots\" content=\"index, follow, max-snippet:-1, max-image-preview:large, max-video-preview:-1\" \/>\n<link rel=\"canonical\" href=\"https:\/\/wi.pb.edu.pl\/pi\/historia\/\" \/>\n<meta property=\"og:locale\" content=\"pl_PL\" \/>\n<meta property=\"og:type\" content=\"article\" \/>\n<meta property=\"og:title\" content=\"Historia - Dzie\u0144 Liczby Pi, Mi\u0119dzynarodowy Dzie\u0144 Matematyki\" \/>\n<meta property=\"og:description\" content=\"W dniu 25 listopada 2019 roku UNESCO podj\u0119\u0142o proklamacj\u0119 o ustanowieniu 14 marca Mi\u0119dzynarodowym Dniemwi\u0119cej\" \/>\n<meta property=\"og:url\" content=\"https:\/\/wi.pb.edu.pl\/pi\/historia\/\" \/>\n<meta property=\"og:site_name\" content=\"Dzie\u0144 Liczby Pi, Mi\u0119dzynarodowy Dzie\u0144 Matematyki\" \/>\n<meta property=\"article:modified_time\" content=\"2024-02-23T23:02:59+00:00\" \/>\n<meta property=\"og:image\" content=\"https:\/\/wi.pb.edu.pl\/pi\/wp-content\/uploads\/sites\/5\/2024\/02\/box-historia.jpg\" \/>\n<meta name=\"twitter:card\" content=\"summary_large_image\" \/>\n<meta name=\"twitter:label1\" content=\"Szacowany czas czytania\" \/>\n\t<meta name=\"twitter:data1\" content=\"1 minuta\" \/>\n<script type=\"application\/ld+json\" class=\"yoast-schema-graph\">{\"@context\":\"https:\/\/schema.org\",\"@graph\":[{\"@type\":\"WebPage\",\"@id\":\"https:\/\/wi.pb.edu.pl\/pi\/historia\/\",\"url\":\"https:\/\/wi.pb.edu.pl\/pi\/historia\/\",\"name\":\"Historia - Dzie\u0144 Liczby Pi, Mi\u0119dzynarodowy Dzie\u0144 Matematyki\",\"isPartOf\":{\"@id\":\"https:\/\/wi.pb.edu.pl\/pi\/#website\"},\"primaryImageOfPage\":{\"@id\":\"https:\/\/wi.pb.edu.pl\/pi\/historia\/#primaryimage\"},\"image\":{\"@id\":\"https:\/\/wi.pb.edu.pl\/pi\/historia\/#primaryimage\"},\"thumbnailUrl\":\"https:\/\/wi.pb.edu.pl\/pi\/wp-content\/uploads\/sites\/5\/2024\/02\/box-historia.jpg\",\"datePublished\":\"2024-02-08T23:17:55+00:00\",\"dateModified\":\"2024-02-23T23:02:59+00:00\",\"breadcrumb\":{\"@id\":\"https:\/\/wi.pb.edu.pl\/pi\/historia\/#breadcrumb\"},\"inLanguage\":\"pl-PL\",\"potentialAction\":[{\"@type\":\"ReadAction\",\"target\":[\"https:\/\/wi.pb.edu.pl\/pi\/historia\/\"]}]},{\"@type\":\"ImageObject\",\"inLanguage\":\"pl-PL\",\"@id\":\"https:\/\/wi.pb.edu.pl\/pi\/historia\/#primaryimage\",\"url\":\"https:\/\/wi.pb.edu.pl\/pi\/wp-content\/uploads\/sites\/5\/2024\/02\/box-historia.jpg\",\"contentUrl\":\"https:\/\/wi.pb.edu.pl\/pi\/wp-content\/uploads\/sites\/5\/2024\/02\/box-historia.jpg\",\"width\":800,\"height\":533,\"caption\":\"Pi number day, Celebrate\"},{\"@type\":\"BreadcrumbList\",\"@id\":\"https:\/\/wi.pb.edu.pl\/pi\/historia\/#breadcrumb\",\"itemListElement\":[{\"@type\":\"ListItem\",\"position\":1,\"name\":\"Strona g\u0142\u00f3wna\",\"item\":\"https:\/\/wi.pb.edu.pl\/pi\/\"},{\"@type\":\"ListItem\",\"position\":2,\"name\":\"Historia\"}]},{\"@type\":\"WebSite\",\"@id\":\"https:\/\/wi.pb.edu.pl\/pi\/#website\",\"url\":\"https:\/\/wi.pb.edu.pl\/pi\/\",\"name\":\"Dzie\u0144 Liczby Pi, Mi\u0119dzynarodowy Dzie\u0144 Matematyki\",\"description\":\"\",\"potentialAction\":[{\"@type\":\"SearchAction\",\"target\":{\"@type\":\"EntryPoint\",\"urlTemplate\":\"https:\/\/wi.pb.edu.pl\/pi\/?s={search_term_string}\"},\"query-input\":{\"@type\":\"PropertyValueSpecification\",\"valueRequired\":true,\"valueName\":\"search_term_string\"}}],\"inLanguage\":\"pl-PL\"}]}<\/script>\n<!-- \/ Yoast SEO plugin. -->","yoast_head_json":{"title":"Historia - Dzie\u0144 Liczby Pi, Mi\u0119dzynarodowy Dzie\u0144 Matematyki","robots":{"index":"index","follow":"follow","max-snippet":"max-snippet:-1","max-image-preview":"max-image-preview:large","max-video-preview":"max-video-preview:-1"},"canonical":"https:\/\/wi.pb.edu.pl\/pi\/historia\/","og_locale":"pl_PL","og_type":"article","og_title":"Historia - Dzie\u0144 Liczby Pi, Mi\u0119dzynarodowy Dzie\u0144 Matematyki","og_description":"W dniu 25 listopada 2019 roku UNESCO podj\u0119\u0142o proklamacj\u0119 o ustanowieniu 14 marca Mi\u0119dzynarodowym Dniemwi\u0119cej","og_url":"https:\/\/wi.pb.edu.pl\/pi\/historia\/","og_site_name":"Dzie\u0144 Liczby Pi, Mi\u0119dzynarodowy Dzie\u0144 Matematyki","article_modified_time":"2024-02-23T23:02:59+00:00","og_image":[{"url":"https:\/\/wi.pb.edu.pl\/pi\/wp-content\/uploads\/sites\/5\/2024\/02\/box-historia.jpg","type":"","width":"","height":""}],"twitter_card":"summary_large_image","twitter_misc":{"Szacowany czas czytania":"1 minuta"},"schema":{"@context":"https:\/\/schema.org","@graph":[{"@type":"WebPage","@id":"https:\/\/wi.pb.edu.pl\/pi\/historia\/","url":"https:\/\/wi.pb.edu.pl\/pi\/historia\/","name":"Historia - Dzie\u0144 Liczby Pi, Mi\u0119dzynarodowy Dzie\u0144 Matematyki","isPartOf":{"@id":"https:\/\/wi.pb.edu.pl\/pi\/#website"},"primaryImageOfPage":{"@id":"https:\/\/wi.pb.edu.pl\/pi\/historia\/#primaryimage"},"image":{"@id":"https:\/\/wi.pb.edu.pl\/pi\/historia\/#primaryimage"},"thumbnailUrl":"https:\/\/wi.pb.edu.pl\/pi\/wp-content\/uploads\/sites\/5\/2024\/02\/box-historia.jpg","datePublished":"2024-02-08T23:17:55+00:00","dateModified":"2024-02-23T23:02:59+00:00","breadcrumb":{"@id":"https:\/\/wi.pb.edu.pl\/pi\/historia\/#breadcrumb"},"inLanguage":"pl-PL","potentialAction":[{"@type":"ReadAction","target":["https:\/\/wi.pb.edu.pl\/pi\/historia\/"]}]},{"@type":"ImageObject","inLanguage":"pl-PL","@id":"https:\/\/wi.pb.edu.pl\/pi\/historia\/#primaryimage","url":"https:\/\/wi.pb.edu.pl\/pi\/wp-content\/uploads\/sites\/5\/2024\/02\/box-historia.jpg","contentUrl":"https:\/\/wi.pb.edu.pl\/pi\/wp-content\/uploads\/sites\/5\/2024\/02\/box-historia.jpg","width":800,"height":533,"caption":"Pi number day, Celebrate"},{"@type":"BreadcrumbList","@id":"https:\/\/wi.pb.edu.pl\/pi\/historia\/#breadcrumb","itemListElement":[{"@type":"ListItem","position":1,"name":"Strona g\u0142\u00f3wna","item":"https:\/\/wi.pb.edu.pl\/pi\/"},{"@type":"ListItem","position":2,"name":"Historia"}]},{"@type":"WebSite","@id":"https:\/\/wi.pb.edu.pl\/pi\/#website","url":"https:\/\/wi.pb.edu.pl\/pi\/","name":"Dzie\u0144 Liczby Pi, Mi\u0119dzynarodowy Dzie\u0144 Matematyki","description":"","potentialAction":[{"@type":"SearchAction","target":{"@type":"EntryPoint","urlTemplate":"https:\/\/wi.pb.edu.pl\/pi\/?s={search_term_string}"},"query-input":{"@type":"PropertyValueSpecification","valueRequired":true,"valueName":"search_term_string"}}],"inLanguage":"pl-PL"}]}},"_links":{"self":[{"href":"https:\/\/wi.pb.edu.pl\/pi\/wp-json\/wp\/v2\/pages\/74","targetHints":{"allow":["GET"]}}],"collection":[{"href":"https:\/\/wi.pb.edu.pl\/pi\/wp-json\/wp\/v2\/pages"}],"about":[{"href":"https:\/\/wi.pb.edu.pl\/pi\/wp-json\/wp\/v2\/types\/page"}],"author":[{"embeddable":true,"href":"https:\/\/wi.pb.edu.pl\/pi\/wp-json\/wp\/v2\/users\/2"}],"replies":[{"embeddable":true,"href":"https:\/\/wi.pb.edu.pl\/pi\/wp-json\/wp\/v2\/comments?post=74"}],"version-history":[{"count":14,"href":"https:\/\/wi.pb.edu.pl\/pi\/wp-json\/wp\/v2\/pages\/74\/revisions"}],"predecessor-version":[{"id":286,"href":"https:\/\/wi.pb.edu.pl\/pi\/wp-json\/wp\/v2\/pages\/74\/revisions\/286"}],"wp:attachment":[{"href":"https:\/\/wi.pb.edu.pl\/pi\/wp-json\/wp\/v2\/media?parent=74"}],"curies":[{"name":"wp","href":"https:\/\/api.w.org\/{rel}","templated":true}]}}