{"id":89,"date":"2024-02-09T01:24:35","date_gmt":"2024-02-09T00:24:35","guid":{"rendered":"https:\/\/wi.pb.edu.pl\/pi\/?page_id=89"},"modified":"2025-02-06T15:08:09","modified_gmt":"2025-02-06T14:08:09","slug":"kontakt","status":"publish","type":"page","link":"https:\/\/wi.pb.edu.pl\/pi\/kontakt\/","title":{"rendered":"Kontakt"},"content":{"rendered":"<div class=\"h3\">dr hab Dorota Mozyrska, prof. PB<\/div>\n<p> <i class=\"fal fa-envelope\"><\/i> <a href=\"#\" rel=\"nofollow\"  onclick=\"this.href='mailto:' + 'd.mozyrska' + '@' + 'pb.edu.pl'\">d.mozyrska [at] pb.edu.pl<\/a>\n<p><i class=\"fal fa-mobile\"><\/i> 501 375 459<\/p>\n<div class=\"h3\">mgr Agnieszka Makarec<\/div>\n<p> <i class=\"fal fa-envelope\"><\/i> <a href=\"#\" rel=\"nofollow\"  onclick=\"this.href='mailto:' + 'a.makarec' + '@' + 'pb.edu.pl'\">a.makarec [at] pb.edu.pl<\/a>\n<p> <i class=\"fal fa-phone\"><\/i> 85 746 90 50<\/p>\n","protected":false},"excerpt":{"rendered":"<p>dr hab Dorota Mozyrska, prof. PB 501 375 459 mgr Agnieszka Makarec 85 746 90<a class=\"read-more\" href=\"https:\/\/wi.pb.edu.pl\/pi\/kontakt\/\" title=\"Poka\u017c artyku\u0142 Kontakt\">wi\u0119cej<\/a><\/p>\n","protected":false},"author":2,"featured_media":0,"parent":0,"menu_order":0,"comment_status":"closed","ping_status":"closed","template":"","meta":{"inline_featured_image":false,"ngg_post_thumbnail":0,"footnotes":""},"class_list":["post-89","page","type-page","status-publish","hentry"],"acf":[],"yoast_head":"<!-- This site is optimized with the Yoast SEO plugin v26.4 - https:\/\/yoast.com\/wordpress\/plugins\/seo\/ -->\n<title>Kontakt - Dzie\u0144 Liczby Pi, Mi\u0119dzynarodowy Dzie\u0144 Matematyki<\/title>\n<meta name=\"robots\" content=\"index, follow, max-snippet:-1, max-image-preview:large, max-video-preview:-1\" \/>\n<link rel=\"canonical\" href=\"https:\/\/wi.pb.edu.pl\/pi\/kontakt\/\" \/>\n<meta property=\"og:locale\" content=\"pl_PL\" \/>\n<meta property=\"og:type\" content=\"article\" \/>\n<meta property=\"og:title\" content=\"Kontakt - Dzie\u0144 Liczby Pi, Mi\u0119dzynarodowy Dzie\u0144 Matematyki\" \/>\n<meta property=\"og:description\" content=\"dr hab Dorota Mozyrska, prof. PB 501 375 459 mgr Agnieszka Makarec 85 746 90wi\u0119cej\" \/>\n<meta property=\"og:url\" content=\"https:\/\/wi.pb.edu.pl\/pi\/kontakt\/\" \/>\n<meta property=\"og:site_name\" content=\"Dzie\u0144 Liczby Pi, Mi\u0119dzynarodowy Dzie\u0144 Matematyki\" \/>\n<meta property=\"article:modified_time\" content=\"2025-02-06T14:08:09+00:00\" \/>\n<meta name=\"twitter:card\" content=\"summary_large_image\" \/>\n<meta name=\"twitter:label1\" content=\"Szacowany czas czytania\" \/>\n\t<meta name=\"twitter:data1\" content=\"1 minuta\" \/>\n<script type=\"application\/ld+json\" class=\"yoast-schema-graph\">{\"@context\":\"https:\/\/schema.org\",\"@graph\":[{\"@type\":\"WebPage\",\"@id\":\"https:\/\/wi.pb.edu.pl\/pi\/kontakt\/\",\"url\":\"https:\/\/wi.pb.edu.pl\/pi\/kontakt\/\",\"name\":\"Kontakt - Dzie\u0144 Liczby Pi, Mi\u0119dzynarodowy Dzie\u0144 Matematyki\",\"isPartOf\":{\"@id\":\"https:\/\/wi.pb.edu.pl\/pi\/#website\"},\"datePublished\":\"2024-02-09T00:24:35+00:00\",\"dateModified\":\"2025-02-06T14:08:09+00:00\",\"breadcrumb\":{\"@id\":\"https:\/\/wi.pb.edu.pl\/pi\/kontakt\/#breadcrumb\"},\"inLanguage\":\"pl-PL\",\"potentialAction\":[{\"@type\":\"ReadAction\",\"target\":[\"https:\/\/wi.pb.edu.pl\/pi\/kontakt\/\"]}]},{\"@type\":\"BreadcrumbList\",\"@id\":\"https:\/\/wi.pb.edu.pl\/pi\/kontakt\/#breadcrumb\",\"itemListElement\":[{\"@type\":\"ListItem\",\"position\":1,\"name\":\"Strona g\u0142\u00f3wna\",\"item\":\"https:\/\/wi.pb.edu.pl\/pi\/\"},{\"@type\":\"ListItem\",\"position\":2,\"name\":\"Kontakt\"}]},{\"@type\":\"WebSite\",\"@id\":\"https:\/\/wi.pb.edu.pl\/pi\/#website\",\"url\":\"https:\/\/wi.pb.edu.pl\/pi\/\",\"name\":\"Dzie\u0144 Liczby Pi, Mi\u0119dzynarodowy Dzie\u0144 Matematyki\",\"description\":\"\",\"potentialAction\":[{\"@type\":\"SearchAction\",\"target\":{\"@type\":\"EntryPoint\",\"urlTemplate\":\"https:\/\/wi.pb.edu.pl\/pi\/?s={search_term_string}\"},\"query-input\":{\"@type\":\"PropertyValueSpecification\",\"valueRequired\":true,\"valueName\":\"search_term_string\"}}],\"inLanguage\":\"pl-PL\"}]}<\/script>\n<!-- \/ Yoast SEO plugin. -->","yoast_head_json":{"title":"Kontakt - Dzie\u0144 Liczby Pi, Mi\u0119dzynarodowy Dzie\u0144 Matematyki","robots":{"index":"index","follow":"follow","max-snippet":"max-snippet:-1","max-image-preview":"max-image-preview:large","max-video-preview":"max-video-preview:-1"},"canonical":"https:\/\/wi.pb.edu.pl\/pi\/kontakt\/","og_locale":"pl_PL","og_type":"article","og_title":"Kontakt - Dzie\u0144 Liczby Pi, Mi\u0119dzynarodowy Dzie\u0144 Matematyki","og_description":"dr hab Dorota Mozyrska, prof. PB 501 375 459 mgr Agnieszka Makarec 85 746 90wi\u0119cej","og_url":"https:\/\/wi.pb.edu.pl\/pi\/kontakt\/","og_site_name":"Dzie\u0144 Liczby Pi, Mi\u0119dzynarodowy Dzie\u0144 Matematyki","article_modified_time":"2025-02-06T14:08:09+00:00","twitter_card":"summary_large_image","twitter_misc":{"Szacowany czas czytania":"1 minuta"},"schema":{"@context":"https:\/\/schema.org","@graph":[{"@type":"WebPage","@id":"https:\/\/wi.pb.edu.pl\/pi\/kontakt\/","url":"https:\/\/wi.pb.edu.pl\/pi\/kontakt\/","name":"Kontakt - Dzie\u0144 Liczby Pi, Mi\u0119dzynarodowy Dzie\u0144 Matematyki","isPartOf":{"@id":"https:\/\/wi.pb.edu.pl\/pi\/#website"},"datePublished":"2024-02-09T00:24:35+00:00","dateModified":"2025-02-06T14:08:09+00:00","breadcrumb":{"@id":"https:\/\/wi.pb.edu.pl\/pi\/kontakt\/#breadcrumb"},"inLanguage":"pl-PL","potentialAction":[{"@type":"ReadAction","target":["https:\/\/wi.pb.edu.pl\/pi\/kontakt\/"]}]},{"@type":"BreadcrumbList","@id":"https:\/\/wi.pb.edu.pl\/pi\/kontakt\/#breadcrumb","itemListElement":[{"@type":"ListItem","position":1,"name":"Strona g\u0142\u00f3wna","item":"https:\/\/wi.pb.edu.pl\/pi\/"},{"@type":"ListItem","position":2,"name":"Kontakt"}]},{"@type":"WebSite","@id":"https:\/\/wi.pb.edu.pl\/pi\/#website","url":"https:\/\/wi.pb.edu.pl\/pi\/","name":"Dzie\u0144 Liczby Pi, Mi\u0119dzynarodowy Dzie\u0144 Matematyki","description":"","potentialAction":[{"@type":"SearchAction","target":{"@type":"EntryPoint","urlTemplate":"https:\/\/wi.pb.edu.pl\/pi\/?s={search_term_string}"},"query-input":{"@type":"PropertyValueSpecification","valueRequired":true,"valueName":"search_term_string"}}],"inLanguage":"pl-PL"}]}},"_links":{"self":[{"href":"https:\/\/wi.pb.edu.pl\/pi\/wp-json\/wp\/v2\/pages\/89","targetHints":{"allow":["GET"]}}],"collection":[{"href":"https:\/\/wi.pb.edu.pl\/pi\/wp-json\/wp\/v2\/pages"}],"about":[{"href":"https:\/\/wi.pb.edu.pl\/pi\/wp-json\/wp\/v2\/types\/page"}],"author":[{"embeddable":true,"href":"https:\/\/wi.pb.edu.pl\/pi\/wp-json\/wp\/v2\/users\/2"}],"replies":[{"embeddable":true,"href":"https:\/\/wi.pb.edu.pl\/pi\/wp-json\/wp\/v2\/comments?post=89"}],"version-history":[{"count":6,"href":"https:\/\/wi.pb.edu.pl\/pi\/wp-json\/wp\/v2\/pages\/89\/revisions"}],"predecessor-version":[{"id":369,"href":"https:\/\/wi.pb.edu.pl\/pi\/wp-json\/wp\/v2\/pages\/89\/revisions\/369"}],"wp:attachment":[{"href":"https:\/\/wi.pb.edu.pl\/pi\/wp-json\/wp\/v2\/media?parent=89"}],"curies":[{"name":"wp","href":"https:\/\/api.w.org\/{rel}","templated":true}]}}