{"id":41,"date":"2024-01-28T21:14:51","date_gmt":"2024-01-28T20:14:51","guid":{"rendered":"https:\/\/wi.pb.edu.pl\/programowanie-zespolowe\/?page_id=41"},"modified":"2024-12-19T23:16:50","modified_gmt":"2024-12-19T22:16:50","slug":"o-nas","status":"publish","type":"page","link":"https:\/\/wi.pb.edu.pl\/programowanie-zespolowe\/o-nas\/","title":{"rendered":"Informacje o turnieju"},"content":{"rendered":"<p>Podlaski Turniej w Programowaniu Zespo\u0142owym to zawody sprawdzaj\u0105ce umiej\u0119tno\u015bci algorytmiczne i programistyczne.<\/p>\n<p>Uczestnicz\u0105ce dru\u017cyny 2- lub 3-osobowe (w kategoriach uczniowskiej i studenckiej) maj\u0105 do rozwi\u0105zania problemy obliczeniowe przedstawione w formie zada\u0144 z tre\u015bci\u0105. <\/p>\n<p>Celem jest w\u0142a\u015bciwe zidentyfikowanie problemu, zaprojektowanie wydajnego algorytmu i implementacja w wybranym j\u0119zyku programowania.<\/p>\n<p>Turniej to okazja do wsp\u00f3\u0142zawodnictwa, ale r\u00f3wnie\u017c dobrej zabawy przy rozwi\u0105zywaniu \u0142amig\u0142\u00f3wek algorytmicznych.<\/p>\n","protected":false},"excerpt":{"rendered":"<p>Podlaski Turniej w Programowaniu Zespo\u0142owym to zawody sprawdzaj\u0105ce umiej\u0119tno\u015bci algorytmiczne i programistyczne. Uczestnicz\u0105ce dru\u017cyny 2-<a class=\"read-more\" href=\"https:\/\/wi.pb.edu.pl\/programowanie-zespolowe\/o-nas\/\" title=\"Poka\u017c artyku\u0142 Informacje o turnieju\">wi\u0119cej<\/a><\/p>\n","protected":false},"author":2,"featured_media":0,"parent":0,"menu_order":1,"comment_status":"closed","ping_status":"closed","template":"","meta":{"inline_featured_image":false,"ngg_post_thumbnail":0,"footnotes":""},"class_list":["post-41","page","type-page","status-publish","hentry"],"acf":[],"yoast_head":"<!-- This site is optimized with the Yoast SEO plugin v26.4 - https:\/\/yoast.com\/wordpress\/plugins\/seo\/ -->\n<title>Informacje o turnieju - Podlaski Turniej w Programowaniu Zespo\u0142owym<\/title>\n<meta name=\"robots\" content=\"index, follow, max-snippet:-1, max-image-preview:large, max-video-preview:-1\" \/>\n<link rel=\"canonical\" href=\"https:\/\/wi.pb.edu.pl\/programowanie-zespolowe\/o-nas\/\" \/>\n<meta property=\"og:locale\" content=\"pl_PL\" \/>\n<meta property=\"og:type\" content=\"article\" \/>\n<meta property=\"og:title\" content=\"Informacje o turnieju - Podlaski Turniej w Programowaniu Zespo\u0142owym\" \/>\n<meta property=\"og:description\" content=\"Podlaski Turniej w Programowaniu Zespo\u0142owym to zawody sprawdzaj\u0105ce umiej\u0119tno\u015bci algorytmiczne i programistyczne. Uczestnicz\u0105ce dru\u017cyny 2-wi\u0119cej\" \/>\n<meta property=\"og:url\" content=\"https:\/\/wi.pb.edu.pl\/programowanie-zespolowe\/o-nas\/\" \/>\n<meta property=\"og:site_name\" content=\"Podlaski Turniej w Programowaniu Zespo\u0142owym\" \/>\n<meta property=\"article:modified_time\" content=\"2024-12-19T22:16:50+00:00\" \/>\n<meta name=\"twitter:card\" content=\"summary_large_image\" \/>\n<meta name=\"twitter:label1\" content=\"Szacowany czas czytania\" \/>\n\t<meta name=\"twitter:data1\" content=\"1 minuta\" \/>\n<script type=\"application\/ld+json\" class=\"yoast-schema-graph\">{\"@context\":\"https:\/\/schema.org\",\"@graph\":[{\"@type\":\"WebPage\",\"@id\":\"https:\/\/wi.pb.edu.pl\/programowanie-zespolowe\/o-nas\/\",\"url\":\"https:\/\/wi.pb.edu.pl\/programowanie-zespolowe\/o-nas\/\",\"name\":\"Informacje o turnieju - Podlaski Turniej w Programowaniu Zespo\u0142owym\",\"isPartOf\":{\"@id\":\"https:\/\/wi.pb.edu.pl\/programowanie-zespolowe\/#website\"},\"datePublished\":\"2024-01-28T20:14:51+00:00\",\"dateModified\":\"2024-12-19T22:16:50+00:00\",\"breadcrumb\":{\"@id\":\"https:\/\/wi.pb.edu.pl\/programowanie-zespolowe\/o-nas\/#breadcrumb\"},\"inLanguage\":\"pl-PL\",\"potentialAction\":[{\"@type\":\"ReadAction\",\"target\":[\"https:\/\/wi.pb.edu.pl\/programowanie-zespolowe\/o-nas\/\"]}]},{\"@type\":\"BreadcrumbList\",\"@id\":\"https:\/\/wi.pb.edu.pl\/programowanie-zespolowe\/o-nas\/#breadcrumb\",\"itemListElement\":[{\"@type\":\"ListItem\",\"position\":1,\"name\":\"Strona g\u0142\u00f3wna\",\"item\":\"https:\/\/wi.pb.edu.pl\/programowanie-zespolowe\/\"},{\"@type\":\"ListItem\",\"position\":2,\"name\":\"Informacje o turnieju\"}]},{\"@type\":\"WebSite\",\"@id\":\"https:\/\/wi.pb.edu.pl\/programowanie-zespolowe\/#website\",\"url\":\"https:\/\/wi.pb.edu.pl\/programowanie-zespolowe\/\",\"name\":\"Podlaski Turniej w Programowaniu Zespo\u0142owym\",\"description\":\"\",\"potentialAction\":[{\"@type\":\"SearchAction\",\"target\":{\"@type\":\"EntryPoint\",\"urlTemplate\":\"https:\/\/wi.pb.edu.pl\/programowanie-zespolowe\/?s={search_term_string}\"},\"query-input\":{\"@type\":\"PropertyValueSpecification\",\"valueRequired\":true,\"valueName\":\"search_term_string\"}}],\"inLanguage\":\"pl-PL\"}]}<\/script>\n<!-- \/ Yoast SEO plugin. -->","yoast_head_json":{"title":"Informacje o turnieju - Podlaski Turniej w Programowaniu Zespo\u0142owym","robots":{"index":"index","follow":"follow","max-snippet":"max-snippet:-1","max-image-preview":"max-image-preview:large","max-video-preview":"max-video-preview:-1"},"canonical":"https:\/\/wi.pb.edu.pl\/programowanie-zespolowe\/o-nas\/","og_locale":"pl_PL","og_type":"article","og_title":"Informacje o turnieju - Podlaski Turniej w Programowaniu Zespo\u0142owym","og_description":"Podlaski Turniej w Programowaniu Zespo\u0142owym to zawody sprawdzaj\u0105ce umiej\u0119tno\u015bci algorytmiczne i programistyczne. Uczestnicz\u0105ce dru\u017cyny 2-wi\u0119cej","og_url":"https:\/\/wi.pb.edu.pl\/programowanie-zespolowe\/o-nas\/","og_site_name":"Podlaski Turniej w Programowaniu Zespo\u0142owym","article_modified_time":"2024-12-19T22:16:50+00:00","twitter_card":"summary_large_image","twitter_misc":{"Szacowany czas czytania":"1 minuta"},"schema":{"@context":"https:\/\/schema.org","@graph":[{"@type":"WebPage","@id":"https:\/\/wi.pb.edu.pl\/programowanie-zespolowe\/o-nas\/","url":"https:\/\/wi.pb.edu.pl\/programowanie-zespolowe\/o-nas\/","name":"Informacje o turnieju - Podlaski Turniej w Programowaniu Zespo\u0142owym","isPartOf":{"@id":"https:\/\/wi.pb.edu.pl\/programowanie-zespolowe\/#website"},"datePublished":"2024-01-28T20:14:51+00:00","dateModified":"2024-12-19T22:16:50+00:00","breadcrumb":{"@id":"https:\/\/wi.pb.edu.pl\/programowanie-zespolowe\/o-nas\/#breadcrumb"},"inLanguage":"pl-PL","potentialAction":[{"@type":"ReadAction","target":["https:\/\/wi.pb.edu.pl\/programowanie-zespolowe\/o-nas\/"]}]},{"@type":"BreadcrumbList","@id":"https:\/\/wi.pb.edu.pl\/programowanie-zespolowe\/o-nas\/#breadcrumb","itemListElement":[{"@type":"ListItem","position":1,"name":"Strona g\u0142\u00f3wna","item":"https:\/\/wi.pb.edu.pl\/programowanie-zespolowe\/"},{"@type":"ListItem","position":2,"name":"Informacje o turnieju"}]},{"@type":"WebSite","@id":"https:\/\/wi.pb.edu.pl\/programowanie-zespolowe\/#website","url":"https:\/\/wi.pb.edu.pl\/programowanie-zespolowe\/","name":"Podlaski Turniej w Programowaniu Zespo\u0142owym","description":"","potentialAction":[{"@type":"SearchAction","target":{"@type":"EntryPoint","urlTemplate":"https:\/\/wi.pb.edu.pl\/programowanie-zespolowe\/?s={search_term_string}"},"query-input":{"@type":"PropertyValueSpecification","valueRequired":true,"valueName":"search_term_string"}}],"inLanguage":"pl-PL"}]}},"_links":{"self":[{"href":"https:\/\/wi.pb.edu.pl\/programowanie-zespolowe\/wp-json\/wp\/v2\/pages\/41","targetHints":{"allow":["GET"]}}],"collection":[{"href":"https:\/\/wi.pb.edu.pl\/programowanie-zespolowe\/wp-json\/wp\/v2\/pages"}],"about":[{"href":"https:\/\/wi.pb.edu.pl\/programowanie-zespolowe\/wp-json\/wp\/v2\/types\/page"}],"author":[{"embeddable":true,"href":"https:\/\/wi.pb.edu.pl\/programowanie-zespolowe\/wp-json\/wp\/v2\/users\/2"}],"replies":[{"embeddable":true,"href":"https:\/\/wi.pb.edu.pl\/programowanie-zespolowe\/wp-json\/wp\/v2\/comments?post=41"}],"version-history":[{"count":6,"href":"https:\/\/wi.pb.edu.pl\/programowanie-zespolowe\/wp-json\/wp\/v2\/pages\/41\/revisions"}],"predecessor-version":[{"id":118,"href":"https:\/\/wi.pb.edu.pl\/programowanie-zespolowe\/wp-json\/wp\/v2\/pages\/41\/revisions\/118"}],"wp:attachment":[{"href":"https:\/\/wi.pb.edu.pl\/programowanie-zespolowe\/wp-json\/wp\/v2\/media?parent=41"}],"curies":[{"name":"wp","href":"https:\/\/api.w.org\/{rel}","templated":true}]}}